{"id":36354,"date":"2025-05-27T12:00:05","date_gmt":"2025-05-27T11:00:05","guid":{"rendered":"https:\/\/comarbois.com\/?post_type=product&#038;p=36354"},"modified":"2025-10-16T14:59:04","modified_gmt":"2025-10-16T13:59:04","slug":"carreaux-de-platre","status":"publish","type":"product","link":"https:\/\/comarbois.com\/en\/produit\/carreaux-de-platre\/","title":{"rendered":"(Fran\u00e7ais) CARREAUX DE PL\u00c2TRE"},"content":{"rendered":"<p>[vc_row][vc_column width=&#8221;1\/4&#8243; woodmart_css_id=&#8221;68650c1087ca2&#8243; parallax_scroll=&#8221;no&#8221; woodmart_sticky_column=&#8221;false&#8221; wd_collapsible_content_switcher=&#8221;no&#8221; wd_column_role_offcanvas_desktop=&#8221;no&#8221; wd_column_role_offcanvas_tablet=&#8221;no&#8221; wd_column_role_offcanvas_mobile=&#8221;no&#8221; wd_column_role_content_desktop=&#8221;no&#8221; wd_column_role_content_tablet=&#8221;no&#8221; wd_column_role_content_mobile=&#8221;no&#8221; mobile_bg_img_hidden=&#8221;no&#8221; tablet_bg_img_hidden=&#8221;no&#8221; woodmart_parallax=&#8221;0&#8243; woodmart_box_shadow=&#8221;no&#8221; responsive_spacing=&#8221;eyJwYXJhbV90eXBlIjoid29vZG1hcnRfcmVzcG9uc2l2ZV9zcGFjaW5nIiwic2VsZWN0b3JfaWQiOiI2ODY1MGMxMDg3Y2EyIiwic2hvcnRjb2RlIjoidmNfY29sdW1uIiwiZGF0YSI6eyJ0YWJsZXQiOnt9LCJtb2JpbGUiOnt9fX0=&#8221; mobile_reset_margin=&#8221;no&#8221; tablet_reset_margin=&#8221;no&#8221; wd_z_index=&#8221;no&#8221;][vc_column_text woodmart_inline=&#8221;no&#8221; text_larger=&#8221;no&#8221;]<strong>DESCRIPTION<\/strong><br \/>\nPlaster blocks are an ideal solution for building strong, durable, and quick-to-install interior partitions. Made from solid plaster, they offer excellent mechanical strength, fire resistance, and thermal comfort. A practical, fast, and efficient choice for all your interior design projects.<br data-start=\"389\" data-end=\"392\" \/>We offer two available ranges: <strong data-start=\"423\" data-end=\"434\">Isoblok<\/strong> and <strong data-start=\"439\" data-end=\"452\">Hydroblok<\/strong>.[\/vc_column_text][\/vc_column][vc_column width=&#8221;1\/4&#8243;][vc_column_text woodmart_inline=&#8221;no&#8221; text_larger=&#8221;no&#8221;]<strong data-start=\"83\" data-end=\"95\">FEATURES<\/strong><br data-start=\"95\" data-end=\"98\" \/>\u2192 Thermal and hygrometric comfort (ambient humidity regulation)<br data-start=\"161\" data-end=\"164\" \/>\u2192 Quick and easy installation<br data-start=\"193\" data-end=\"196\" \/>\u2192 Excellent mechanical strength<br data-start=\"227\" data-end=\"230\" \/>\u2192 Non-combustible material (M0 classification)<br data-start=\"276\" data-end=\"279\" \/>\u2192 Perfectly smooth surface[\/vc_column_text][vc_column_text woodmart_inline=&#8221;no&#8221; text_larger=&#8221;no&#8221;]<b>SIZE &amp; THICKNESS\u00a0<\/b><br \/>\n600 x 500 x 70[\/vc_column_text][\/vc_column][vc_column width=&#8221;1\/4&#8243;][vc_column_text woodmart_inline=&#8221;no&#8221; text_larger=&#8221;no&#8221;]<strong>LAYOUT DIAGRAM<\/strong>[\/vc_column_text][vc_column_text woodmart_inline=&#8221;no&#8221; text_larger=&#8221;no&#8221;]<img loading=\"lazy\" decoding=\"async\" class=\"alignnone wp-image-36368\" src=\"https:\/\/comarbois.com\/wp-content\/uploads\/2025\/05\/schema-cloison-400x294.jpg\" alt=\"\" width=\"192\" height=\"134\" \/>[\/vc_column_text][\/vc_column][vc_column width=&#8221;1\/4&#8243;][vc_column_text woodmart_inline=&#8221;no&#8221; text_larger=&#8221;no&#8221;]<\/p>\n<p data-start=\"77\" data-end=\"387\"><strong data-start=\"77\" data-end=\"93\">APPLICATIONS<\/strong><br data-start=\"93\" data-end=\"96\" \/>\u2192 Partition walls for various types of buildings: residential apartments or houses, offices, hotels, and healthcare facilities.<br data-start=\"223\" data-end=\"226\" \/>\u2192 New construction and renovation projects<br data-start=\"268\" data-end=\"271\" \/>\u2192 Technical walls and service shafts<br data-start=\"307\" data-end=\"310\" \/>\u2192 Wet areas such as bathrooms, kitchens, or sanitary rooms (Hydroblok range).<\/p>\n<p>[\/vc_column_text][vc_btn title=&#8221;DOWNLOAD FACT SHEET&#8221; link=&#8221;url:https%3A%2F%2Fcomarbois.com%2Fwp-content%2Fuploads%2F2022%2F06%2Ffiche-carreaux-de-platre.pdf&#8221;][\/vc_column][\/vc_row]<\/p>","protected":false},"excerpt":{"rendered":"<p>[vc_row][vc_column width=&#8221;1\/4&#8243; woodmart_css_id=&#8221;68650c1087ca2&#8243; parallax_scroll=&#8221;no&#8221; woodmart_sticky_column=&#8221;false&#8221; wd_collapsible_content_switcher=&#8221;no&#8221; wd_column_role_offcanvas_desktop=&#8221;no&#8221; wd_column_role_offcanvas_tablet=&#8221;no&#8221; wd_column_role_offcanvas_mobile=&#8221;no&#8221; wd_column_role_content_desktop=&#8221;no&#8221; wd_column_role_content_tablet=&#8221;no&#8221; wd_column_role_content_mobile=&#8221;no&#8221; mobile_bg_img_hidden=&#8221;no&#8221; tablet_bg_img_hidden=&#8221;no&#8221; woodmart_parallax=&#8221;0&#8243; woodmart_box_shadow=&#8221;no&#8221; responsive_spacing=&#8221;eyJwYXJhbV90eXBlIjoid29vZG1hcnRfcmVzcG9uc2l2ZV9zcGFjaW5nIiwic2VsZWN0b3JfaWQiOiI2ODY1MGMxMDg3Y2EyIiwic2hvcnRjb2RlIjoidmNfY29sdW1uIiwiZGF0YSI6eyJ0YWJsZXQiOnt9LCJtb2JpbGUiOnt9fX0=&#8221; mobile_reset_margin=&#8221;no&#8221; tablet_reset_margin=&#8221;no&#8221; wd_z_index=&#8221;no&#8221;][vc_column_text<\/p>\n","protected":false},"featured_media":36363,"template":"","meta":[],"product_brand":[],"product_cat":[410,309],"product_tag":[],"class_list":{"0":"post-36354","1":"product","2":"type-product","3":"status-publish","4":"has-post-thumbnail","6":"product_cat-amenagement-interieur","7":"product_cat-isolation-etancheite","9":"first","10":"instock","11":"shipping-taxable","12":"product-type-simple"},"yoast_head":"<!-- This site is optimized with the Yoast SEO plugin v27.4 - https:\/\/yoast.com\/product\/yoast-seo-wordpress\/ -->\n<title>(Fran\u00e7ais) CARREAUX DE PL\u00c2TRE &#8211; Comarbois<\/title>\n<meta name=\"description\" content=\"Importateur de bois et mat\u00e9riaux de construction au Maroc depuis 1967\" \/>\n<meta name=\"robots\" content=\"index, follow, max-snippet:-1, max-image-preview:large, max-video-preview:-1\" \/>\n<link rel=\"canonical\" href=\"https:\/\/comarbois.com\/en\/produit\/carreaux-de-platre\/\" \/>\n<meta property=\"og:locale\" content=\"en_US\" \/>\n<meta property=\"og:type\" content=\"article\" \/>\n<meta property=\"og:title\" content=\"(Fran\u00e7ais) CARREAUX DE PL\u00c2TRE &#8211; Comarbois\" \/>\n<meta property=\"og:description\" content=\"Importateur de bois et mat\u00e9riaux de construction au Maroc depuis 1967\" \/>\n<meta property=\"og:url\" content=\"https:\/\/comarbois.com\/en\/produit\/carreaux-de-platre\/\" \/>\n<meta property=\"og:site_name\" content=\"Comarbois\" \/>\n<meta property=\"article:publisher\" content=\"https:\/\/www.facebook.com\/comarbois\/\" \/>\n<meta property=\"article:modified_time\" content=\"2025-10-16T13:59:04+00:00\" \/>\n<meta property=\"og:image\" content=\"https:\/\/comarbois.com\/wp-content\/uploads\/2025\/05\/carreaux-de-platre.png\" \/>\n\t<meta property=\"og:image:width\" content=\"600\" \/>\n\t<meta property=\"og:image:height\" content=\"600\" \/>\n\t<meta property=\"og:image:type\" content=\"image\/png\" \/>\n<meta name=\"twitter:card\" content=\"summary_large_image\" \/>\n<meta name=\"twitter:label1\" content=\"Est. reading time\" \/>\n\t<meta name=\"twitter:data1\" content=\"5 minutes\" \/>\n<script type=\"application\/ld+json\" class=\"yoast-schema-graph\">{\"@context\":\"https:\\\/\\\/schema.org\",\"@graph\":[{\"@type\":\"WebPage\",\"@id\":\"https:\\\/\\\/comarbois.com\\\/en\\\/produit\\\/carreaux-de-platre\\\/\",\"url\":\"https:\\\/\\\/comarbois.com\\\/en\\\/produit\\\/carreaux-de-platre\\\/\",\"name\":\"(Fran\u00e7ais) CARREAUX DE PL\u00c2TRE &#8211; Comarbois\",\"isPartOf\":{\"@id\":\"https:\\\/\\\/comarbois.com\\\/en\\\/#website\"},\"primaryImageOfPage\":{\"@id\":\"https:\\\/\\\/comarbois.com\\\/en\\\/produit\\\/carreaux-de-platre\\\/#primaryimage\"},\"image\":{\"@id\":\"https:\\\/\\\/comarbois.com\\\/produit\\\/carreaux-de-platre\\\/#primaryimage\"},\"thumbnailUrl\":\"https:\\\/\\\/comarbois.com\\\/wp-content\\\/uploads\\\/2025\\\/05\\\/carreaux-de-platre.png\",\"datePublished\":\"2025-05-27T11:00:05+00:00\",\"dateModified\":\"2025-10-16T13:59:04+00:00\",\"description\":\"Importateur de bois et mat\u00e9riaux de construction au Maroc depuis 1967\",\"breadcrumb\":{\"@id\":\"https:\\\/\\\/comarbois.com\\\/en\\\/produit\\\/carreaux-de-platre\\\/#breadcrumb\"},\"inLanguage\":\"en-US\",\"potentialAction\":[{\"@type\":\"ReadAction\",\"target\":[[\"https:\\\/\\\/comarbois.com\\\/en\\\/produit\\\/carreaux-de-platre\\\/\"]]}]},{\"@type\":\"ImageObject\",\"inLanguage\":\"en-US\",\"@id\":\"https:\\\/\\\/comarbois.com\\\/en\\\/produit\\\/carreaux-de-platre\\\/#primaryimage\",\"url\":\"https:\\\/\\\/comarbois.com\\\/wp-content\\\/uploads\\\/2025\\\/05\\\/carreaux-de-platre.png\",\"contentUrl\":\"https:\\\/\\\/comarbois.com\\\/wp-content\\\/uploads\\\/2025\\\/05\\\/carreaux-de-platre.png\",\"width\":600,\"height\":600},{\"@type\":\"BreadcrumbList\",\"@id\":\"https:\\\/\\\/comarbois.com\\\/en\\\/produit\\\/carreaux-de-platre\\\/#breadcrumb\",\"itemListElement\":[{\"@type\":\"ListItem\",\"position\":1,\"name\":\"Accueil\",\"item\":\"https:\\\/\\\/comarbois.com\\\/en\\\/\"},{\"@type\":\"ListItem\",\"position\":2,\"name\":\"Produits\",\"item\":\"https:\\\/\\\/comarbois.com\\\/en\\\/boutique\\\/\"},{\"@type\":\"ListItem\",\"position\":3,\"name\":\"CARREAUX DE PL\u00c2TRE\"}]},{\"@type\":\"WebSite\",\"@id\":\"https:\\\/\\\/comarbois.com\\\/en\\\/#website\",\"url\":\"https:\\\/\\\/comarbois.com\\\/en\\\/\",\"name\":\"Comarbois\",\"description\":\"\",\"publisher\":{\"@id\":\"https:\\\/\\\/comarbois.com\\\/en\\\/#organization\"},\"potentialAction\":[{\"@type\":\"SearchAction\",\"target\":{\"@type\":\"EntryPoint\",\"urlTemplate\":\"https:\\\/\\\/comarbois.com\\\/en\\\/?s={search_term_string}\"},\"query-input\":{\"@type\":\"PropertyValueSpecification\",\"valueRequired\":true,\"valueName\":\"search_term_string\"}}],\"inLanguage\":\"en-US\"},{\"@type\":\"Organization\",\"@id\":\"https:\\\/\\\/comarbois.com\\\/en\\\/#organization\",\"name\":\"Comarbois\",\"url\":\"https:\\\/\\\/comarbois.com\\\/en\\\/\",\"logo\":{\"@type\":\"ImageObject\",\"inLanguage\":\"en-US\",\"@id\":\"https:\\\/\\\/comarbois.com\\\/en\\\/#\\\/schema\\\/logo\\\/image\\\/\",\"url\":\"https:\\\/\\\/comarbois.com\\\/wp-content\\\/uploads\\\/2021\\\/03\\\/LOGO-COMARBOIS-H-RVB.png\",\"contentUrl\":\"https:\\\/\\\/comarbois.com\\\/wp-content\\\/uploads\\\/2021\\\/03\\\/LOGO-COMARBOIS-H-RVB.png\",\"width\":3543,\"height\":1210,\"caption\":\"Comarbois\"},\"image\":{\"@id\":\"https:\\\/\\\/comarbois.com\\\/en\\\/#\\\/schema\\\/logo\\\/image\\\/\"},\"sameAs\":[\"https:\\\/\\\/www.facebook.com\\\/comarbois\\\/\",\"https:\\\/\\\/www.linkedin.com\\\/company\\\/3057658\\\/\",\"https:\\\/\\\/www.instagram.com\\\/comarbois\\\/\"]}]}<\/script>\n<!-- \/ Yoast SEO plugin. -->","yoast_head_json":{"title":"(Fran\u00e7ais) CARREAUX DE PL\u00c2TRE &#8211; Comarbois","description":"Importateur de bois et mat\u00e9riaux de construction au Maroc depuis 1967","robots":{"index":"index","follow":"follow","max-snippet":"max-snippet:-1","max-image-preview":"max-image-preview:large","max-video-preview":"max-video-preview:-1"},"canonical":"https:\/\/comarbois.com\/en\/produit\/carreaux-de-platre\/","og_locale":"en_US","og_type":"article","og_title":"(Fran\u00e7ais) CARREAUX DE PL\u00c2TRE &#8211; Comarbois","og_description":"Importateur de bois et mat\u00e9riaux de construction au Maroc depuis 1967","og_url":"https:\/\/comarbois.com\/en\/produit\/carreaux-de-platre\/","og_site_name":"Comarbois","article_publisher":"https:\/\/www.facebook.com\/comarbois\/","article_modified_time":"2025-10-16T13:59:04+00:00","og_image":[{"width":600,"height":600,"url":"https:\/\/comarbois.com\/wp-content\/uploads\/2025\/05\/carreaux-de-platre.png","type":"image\/png"}],"twitter_card":"summary_large_image","twitter_misc":{"Est. reading time":"5 minutes"},"schema":{"@context":"https:\/\/schema.org","@graph":[{"@type":"WebPage","@id":"https:\/\/comarbois.com\/en\/produit\/carreaux-de-platre\/","url":"https:\/\/comarbois.com\/en\/produit\/carreaux-de-platre\/","name":"(Fran\u00e7ais) CARREAUX DE PL\u00c2TRE &#8211; Comarbois","isPartOf":{"@id":"https:\/\/comarbois.com\/en\/#website"},"primaryImageOfPage":{"@id":"https:\/\/comarbois.com\/en\/produit\/carreaux-de-platre\/#primaryimage"},"image":{"@id":"https:\/\/comarbois.com\/produit\/carreaux-de-platre\/#primaryimage"},"thumbnailUrl":"https:\/\/comarbois.com\/wp-content\/uploads\/2025\/05\/carreaux-de-platre.png","datePublished":"2025-05-27T11:00:05+00:00","dateModified":"2025-10-16T13:59:04+00:00","description":"Importateur de bois et mat\u00e9riaux de construction au Maroc depuis 1967","breadcrumb":{"@id":"https:\/\/comarbois.com\/en\/produit\/carreaux-de-platre\/#breadcrumb"},"inLanguage":"en-US","potentialAction":[{"@type":"ReadAction","target":[["https:\/\/comarbois.com\/en\/produit\/carreaux-de-platre\/"]]}]},{"@type":"ImageObject","inLanguage":"en-US","@id":"https:\/\/comarbois.com\/en\/produit\/carreaux-de-platre\/#primaryimage","url":"https:\/\/comarbois.com\/wp-content\/uploads\/2025\/05\/carreaux-de-platre.png","contentUrl":"https:\/\/comarbois.com\/wp-content\/uploads\/2025\/05\/carreaux-de-platre.png","width":600,"height":600},{"@type":"BreadcrumbList","@id":"https:\/\/comarbois.com\/en\/produit\/carreaux-de-platre\/#breadcrumb","itemListElement":[{"@type":"ListItem","position":1,"name":"Accueil","item":"https:\/\/comarbois.com\/en\/"},{"@type":"ListItem","position":2,"name":"Produits","item":"https:\/\/comarbois.com\/en\/boutique\/"},{"@type":"ListItem","position":3,"name":"CARREAUX DE PL\u00c2TRE"}]},{"@type":"WebSite","@id":"https:\/\/comarbois.com\/en\/#website","url":"https:\/\/comarbois.com\/en\/","name":"Comarbois","description":"","publisher":{"@id":"https:\/\/comarbois.com\/en\/#organization"},"potentialAction":[{"@type":"SearchAction","target":{"@type":"EntryPoint","urlTemplate":"https:\/\/comarbois.com\/en\/?s={search_term_string}"},"query-input":{"@type":"PropertyValueSpecification","valueRequired":true,"valueName":"search_term_string"}}],"inLanguage":"en-US"},{"@type":"Organization","@id":"https:\/\/comarbois.com\/en\/#organization","name":"Comarbois","url":"https:\/\/comarbois.com\/en\/","logo":{"@type":"ImageObject","inLanguage":"en-US","@id":"https:\/\/comarbois.com\/en\/#\/schema\/logo\/image\/","url":"https:\/\/comarbois.com\/wp-content\/uploads\/2021\/03\/LOGO-COMARBOIS-H-RVB.png","contentUrl":"https:\/\/comarbois.com\/wp-content\/uploads\/2021\/03\/LOGO-COMARBOIS-H-RVB.png","width":3543,"height":1210,"caption":"Comarbois"},"image":{"@id":"https:\/\/comarbois.com\/en\/#\/schema\/logo\/image\/"},"sameAs":["https:\/\/www.facebook.com\/comarbois\/","https:\/\/www.linkedin.com\/company\/3057658\/","https:\/\/www.instagram.com\/comarbois\/"]}]}},"_links":{"self":[{"href":"https:\/\/comarbois.com\/en\/wp-json\/wp\/v2\/product\/36354","targetHints":{"allow":["GET"]}}],"collection":[{"href":"https:\/\/comarbois.com\/en\/wp-json\/wp\/v2\/product"}],"about":[{"href":"https:\/\/comarbois.com\/en\/wp-json\/wp\/v2\/types\/product"}],"wp:featuredmedia":[{"embeddable":true,"href":"https:\/\/comarbois.com\/en\/wp-json\/wp\/v2\/media\/36363"}],"wp:attachment":[{"href":"https:\/\/comarbois.com\/en\/wp-json\/wp\/v2\/media?parent=36354"}],"wp:term":[{"taxonomy":"product_brand","embeddable":true,"href":"https:\/\/comarbois.com\/en\/wp-json\/wp\/v2\/product_brand?post=36354"},{"taxonomy":"product_cat","embeddable":true,"href":"https:\/\/comarbois.com\/en\/wp-json\/wp\/v2\/product_cat?post=36354"},{"taxonomy":"product_tag","embeddable":true,"href":"https:\/\/comarbois.com\/en\/wp-json\/wp\/v2\/product_tag?post=36354"}],"curies":[{"name":"wp","href":"https:\/\/api.w.org\/{rel}","templated":true}]}}