{"id":36046,"date":"2025-03-28T11:15:41","date_gmt":"2025-03-28T11:15:41","guid":{"rendered":"https:\/\/comarbois.com\/?post_type=product&#038;p=36046"},"modified":"2025-07-25T12:19:20","modified_gmt":"2025-07-25T11:19:20","slug":"panneaux-compacts-pour-laboratoires-copie","status":"publish","type":"product","link":"https:\/\/comarbois.com\/en\/produit\/panneaux-compacts-pour-laboratoires-copie\/","title":{"rendered":"INTEGRATED HANDLE PANELS"},"content":{"rendered":"<p>[vc_row gap=&#8221;35&#8243; woodmart_css_id=&#8221;628fe95d184eb&#8221; responsive_spacing=&#8221;eyJwYXJhbV90eXBlIjoid29vZG1hcnRfcmVzcG9uc2l2ZV9zcGFjaW5nIiwic2VsZWN0b3JfaWQiOiI2MjhmZTk1ZDE4NGViIiwic2hvcnRjb2RlIjoidmNfcm93IiwiZGF0YSI6eyJ0YWJsZXQiOnt9LCJtb2JpbGUiOnt9fX0=&#8221; mobile_bg_img_hidden=&#8221;no&#8221; tablet_bg_img_hidden=&#8221;no&#8221; woodmart_parallax=&#8221;0&#8243; woodmart_gradient_switch=&#8221;no&#8221; woodmart_box_shadow=&#8221;no&#8221; wd_z_index=&#8221;no&#8221; woodmart_disable_overflow=&#8221;0&#8243; row_reverse_mobile=&#8221;0&#8243; row_reverse_tablet=&#8221;0&#8243;][vc_column width=&#8221;1\/4&#8243;][vc_column_text woodmart_inline=&#8221;no&#8221; text_larger=&#8221;no&#8221;]<strong>DESCRIPTION<\/strong><br \/>\nOpt for a modern and unique design with panels with integrated handles. Designed for optimal comfort, they offer an ergonomic grip while ensuring a high-quality finish. Perfect for kitchens, they guarantee a neat aesthetic, high durability, and easy daily use.[\/vc_column_text][\/vc_column][vc_column width=&#8221;1\/4&#8243;][vc_column_text woodmart_inline=&#8221;no&#8221; text_larger=&#8221;no&#8221;]<strong>FEATURES<\/strong><br \/>\n\u2192 Ergonomic design<br \/>\n\u2192 Durability<br \/>\n\u2192 Easy installation[\/vc_column_text][vc_column_text woodmart_inline=&#8221;no&#8221; text_larger=&#8221;no&#8221;]<strong>THICKNESSES (mm)<\/strong><br \/>\n18\/22[\/vc_column_text][vc_column_text woodmart_inline=&#8221;no&#8221; text_larger=&#8221;no&#8221;]<strong>SIZE (mm)<\/strong><br \/>\n2750 x 0451<br \/>\n2750 x 0701<br \/>\n2750 x 1201<br \/>\n2800 x 1220<br \/>\n2800 x 2100[\/vc_column_text][\/vc_column][vc_column width=&#8221;1\/4&#8243;][vc_column_text woodmart_inline=&#8221;no&#8221; text_larger=&#8221;no&#8221;]<b>DIAGRAM<\/b>[\/vc_column_text][vc_single_image image=&#8221;36050&#8243; parallax_scroll=&#8221;no&#8221; woodmart_inline=&#8221;no&#8221;][\/vc_column][vc_column width=&#8221;1\/4&#8243;][vc_column_text woodmart_inline=&#8221;no&#8221; text_larger=&#8221;no&#8221;]<b>USES<\/b><br \/>\nKitchens[\/vc_column_text][vc_btn title=&#8221;DOWNLOAD FACT SHEET&#8221; link=&#8221;url:https%3A%2F%2Fcomarbois.com%2Fwp-content%2Fuploads%2F2022%2F06%2FPANNEAUX-POIGNEES-INTEGREES.pdf&#8221;][\/vc_column][\/vc_row]<\/p>","protected":false},"excerpt":{"rendered":"<p>[vc_row gap=&#8221;35&#8243; woodmart_css_id=&#8221;628fe95d184eb&#8221; responsive_spacing=&#8221;eyJwYXJhbV90eXBlIjoid29vZG1hcnRfcmVzcG9uc2l2ZV9zcGFjaW5nIiwic2VsZWN0b3JfaWQiOiI2MjhmZTk1ZDE4NGViIiwic2hvcnRjb2RlIjoidmNfcm93IiwiZGF0YSI6eyJ0YWJsZXQiOnt9LCJtb2JpbGUiOnt9fX0=&#8221; mobile_bg_img_hidden=&#8221;no&#8221; tablet_bg_img_hidden=&#8221;no&#8221; woodmart_parallax=&#8221;0&#8243; woodmart_gradient_switch=&#8221;no&#8221; woodmart_box_shadow=&#8221;no&#8221; wd_z_index=&#8221;no&#8221; woodmart_disable_overflow=&#8221;0&#8243; row_reverse_mobile=&#8221;0&#8243; row_reverse_tablet=&#8221;0&#8243;][vc_column width=&#8221;1\/4&#8243;][vc_column_text woodmart_inline=&#8221;no&#8221; text_larger=&#8221;no&#8221;]DESCRIPTION Opt for a modern<\/p>\n","protected":false},"featured_media":36044,"template":"","meta":[],"product_cat":[310,312],"product_tag":[],"class_list":{"0":"post-36046","1":"product","2":"type-product","3":"status-publish","4":"has-post-thumbnail","6":"product_cat-panneaux-decoratifs-industriels","7":"product_cat-tout-afficher","9":"first","10":"instock","11":"shipping-taxable","12":"purchasable","13":"product-type-simple"},"yoast_head":"<!-- This site is optimized with the Yoast SEO plugin v23.5 - https:\/\/yoast.com\/wordpress\/plugins\/seo\/ -->\n<title>INTEGRATED HANDLE PANELS &#8211; Comarbois<\/title>\n<meta name=\"description\" content=\"Le panneau HPL compact est utilis\u00e9 dans les travaux d\u2019am\u00e9nagement int\u00e9rieur et dans la fabrication des meubles de grande qualit\u00e9.\" \/>\n<meta name=\"robots\" content=\"index, follow, max-snippet:-1, max-image-preview:large, max-video-preview:-1\" \/>\n<link rel=\"canonical\" href=\"https:\/\/comarbois.com\/en\/produit\/panneaux-compacts-pour-laboratoires-copie\/\" \/>\n<meta property=\"og:locale\" content=\"en_US\" \/>\n<meta property=\"og:type\" content=\"article\" \/>\n<meta property=\"og:title\" content=\"INTEGRATED HANDLE PANELS &#8211; Comarbois\" \/>\n<meta property=\"og:description\" content=\"Le panneau HPL compact est utilis\u00e9 dans les travaux d\u2019am\u00e9nagement int\u00e9rieur et dans la fabrication des meubles de grande qualit\u00e9.\" \/>\n<meta property=\"og:url\" content=\"https:\/\/comarbois.com\/en\/produit\/panneaux-compacts-pour-laboratoires-copie\/\" \/>\n<meta property=\"og:site_name\" content=\"Comarbois\" \/>\n<meta property=\"article:publisher\" content=\"https:\/\/www.facebook.com\/comarbois\/\" \/>\n<meta property=\"article:modified_time\" content=\"2025-07-25T11:19:20+00:00\" \/>\n<meta property=\"og:image\" content=\"https:\/\/comarbois.com\/wp-content\/uploads\/2022\/06\/panneaux-a-poignees-integrees.png\" \/>\n\t<meta property=\"og:image:width\" content=\"600\" \/>\n\t<meta property=\"og:image:height\" content=\"600\" \/>\n\t<meta property=\"og:image:type\" content=\"image\/png\" \/>\n<meta name=\"twitter:card\" content=\"summary_large_image\" \/>\n<meta name=\"twitter:label1\" content=\"Est. reading time\" \/>\n\t<meta name=\"twitter:data1\" content=\"3 minutes\" \/>\n<script type=\"application\/ld+json\" class=\"yoast-schema-graph\">{\"@context\":\"https:\/\/schema.org\",\"@graph\":[{\"@type\":\"WebPage\",\"@id\":\"https:\/\/comarbois.com\/en\/produit\/panneaux-compacts-pour-laboratoires-copie\/\",\"url\":\"https:\/\/comarbois.com\/en\/produit\/panneaux-compacts-pour-laboratoires-copie\/\",\"name\":\"INTEGRATED HANDLE PANELS &#8211; Comarbois\",\"isPartOf\":{\"@id\":\"https:\/\/comarbois.com\/en\/#website\"},\"primaryImageOfPage\":{\"@id\":\"https:\/\/comarbois.com\/en\/produit\/panneaux-compacts-pour-laboratoires-copie\/#primaryimage\"},\"image\":{\"@id\":\"https:\/\/comarbois.com\/produit\/panneaux-compacts-pour-laboratoires-copie\/#primaryimage\"},\"thumbnailUrl\":\"https:\/\/comarbois.com\/wp-content\/uploads\/2022\/06\/panneaux-a-poignees-integrees.png\",\"datePublished\":\"2025-03-28T11:15:41+00:00\",\"dateModified\":\"2025-07-25T11:19:20+00:00\",\"description\":\"Le panneau HPL compact est utilis\u00e9 dans les travaux d\u2019am\u00e9nagement int\u00e9rieur et dans la fabrication des meubles de grande qualit\u00e9.\",\"breadcrumb\":{\"@id\":\"https:\/\/comarbois.com\/en\/produit\/panneaux-compacts-pour-laboratoires-copie\/#breadcrumb\"},\"inLanguage\":\"en-US\",\"potentialAction\":[{\"@type\":\"ReadAction\",\"target\":[[\"https:\/\/comarbois.com\/en\/produit\/panneaux-compacts-pour-laboratoires-copie\/\"]]}]},{\"@type\":\"ImageObject\",\"inLanguage\":\"en-US\",\"@id\":\"https:\/\/comarbois.com\/en\/produit\/panneaux-compacts-pour-laboratoires-copie\/#primaryimage\",\"url\":\"https:\/\/comarbois.com\/wp-content\/uploads\/2022\/06\/panneaux-a-poignees-integrees.png\",\"contentUrl\":\"https:\/\/comarbois.com\/wp-content\/uploads\/2022\/06\/panneaux-a-poignees-integrees.png\",\"width\":600,\"height\":600},{\"@type\":\"BreadcrumbList\",\"@id\":\"https:\/\/comarbois.com\/en\/produit\/panneaux-compacts-pour-laboratoires-copie\/#breadcrumb\",\"itemListElement\":[{\"@type\":\"ListItem\",\"position\":1,\"name\":\"Accueil\",\"item\":\"https:\/\/comarbois.com\/en\/\"},{\"@type\":\"ListItem\",\"position\":2,\"name\":\"Produits\",\"item\":\"https:\/\/comarbois.com\/en\/boutique\/\"},{\"@type\":\"ListItem\",\"position\":3,\"name\":\"PANNEAUX POIGN\u00c9ES INT\u00c9GR\u00c9ES\"}]},{\"@type\":\"WebSite\",\"@id\":\"https:\/\/comarbois.com\/en\/#website\",\"url\":\"https:\/\/comarbois.com\/en\/\",\"name\":\"Comarbois\",\"description\":\"\",\"publisher\":{\"@id\":\"https:\/\/comarbois.com\/en\/#organization\"},\"potentialAction\":[{\"@type\":\"SearchAction\",\"target\":{\"@type\":\"EntryPoint\",\"urlTemplate\":\"https:\/\/comarbois.com\/en\/?s={search_term_string}\"},\"query-input\":{\"@type\":\"PropertyValueSpecification\",\"valueRequired\":true,\"valueName\":\"search_term_string\"}}],\"inLanguage\":\"en-US\"},{\"@type\":\"Organization\",\"@id\":\"https:\/\/comarbois.com\/en\/#organization\",\"name\":\"Comarbois\",\"url\":\"https:\/\/comarbois.com\/en\/\",\"logo\":{\"@type\":\"ImageObject\",\"inLanguage\":\"en-US\",\"@id\":\"https:\/\/comarbois.com\/en\/#\/schema\/logo\/image\/\",\"url\":\"https:\/\/comarbois.com\/wp-content\/uploads\/2021\/03\/LOGO-COMARBOIS-H-RVB.png\",\"contentUrl\":\"https:\/\/comarbois.com\/wp-content\/uploads\/2021\/03\/LOGO-COMARBOIS-H-RVB.png\",\"width\":3543,\"height\":1210,\"caption\":\"Comarbois\"},\"image\":{\"@id\":\"https:\/\/comarbois.com\/en\/#\/schema\/logo\/image\/\"},\"sameAs\":[\"https:\/\/www.facebook.com\/comarbois\/\",\"https:\/\/www.linkedin.com\/company\/3057658\/\",\"https:\/\/www.instagram.com\/comarbois\/\"]}]}<\/script>\n<!-- \/ Yoast SEO plugin. -->","yoast_head_json":{"title":"INTEGRATED HANDLE PANELS &#8211; Comarbois","description":"Le panneau HPL compact est utilis\u00e9 dans les travaux d\u2019am\u00e9nagement int\u00e9rieur et dans la fabrication des meubles de grande qualit\u00e9.","robots":{"index":"index","follow":"follow","max-snippet":"max-snippet:-1","max-image-preview":"max-image-preview:large","max-video-preview":"max-video-preview:-1"},"canonical":"https:\/\/comarbois.com\/en\/produit\/panneaux-compacts-pour-laboratoires-copie\/","og_locale":"en_US","og_type":"article","og_title":"INTEGRATED HANDLE PANELS &#8211; Comarbois","og_description":"Le panneau HPL compact est utilis\u00e9 dans les travaux d\u2019am\u00e9nagement int\u00e9rieur et dans la fabrication des meubles de grande qualit\u00e9.","og_url":"https:\/\/comarbois.com\/en\/produit\/panneaux-compacts-pour-laboratoires-copie\/","og_site_name":"Comarbois","article_publisher":"https:\/\/www.facebook.com\/comarbois\/","article_modified_time":"2025-07-25T11:19:20+00:00","og_image":[{"width":600,"height":600,"url":"https:\/\/comarbois.com\/wp-content\/uploads\/2022\/06\/panneaux-a-poignees-integrees.png","type":"image\/png"}],"twitter_card":"summary_large_image","twitter_misc":{"Est. reading time":"3 minutes"},"schema":{"@context":"https:\/\/schema.org","@graph":[{"@type":"WebPage","@id":"https:\/\/comarbois.com\/en\/produit\/panneaux-compacts-pour-laboratoires-copie\/","url":"https:\/\/comarbois.com\/en\/produit\/panneaux-compacts-pour-laboratoires-copie\/","name":"INTEGRATED HANDLE PANELS &#8211; Comarbois","isPartOf":{"@id":"https:\/\/comarbois.com\/en\/#website"},"primaryImageOfPage":{"@id":"https:\/\/comarbois.com\/en\/produit\/panneaux-compacts-pour-laboratoires-copie\/#primaryimage"},"image":{"@id":"https:\/\/comarbois.com\/produit\/panneaux-compacts-pour-laboratoires-copie\/#primaryimage"},"thumbnailUrl":"https:\/\/comarbois.com\/wp-content\/uploads\/2022\/06\/panneaux-a-poignees-integrees.png","datePublished":"2025-03-28T11:15:41+00:00","dateModified":"2025-07-25T11:19:20+00:00","description":"Le panneau HPL compact est utilis\u00e9 dans les travaux d\u2019am\u00e9nagement int\u00e9rieur et dans la fabrication des meubles de grande qualit\u00e9.","breadcrumb":{"@id":"https:\/\/comarbois.com\/en\/produit\/panneaux-compacts-pour-laboratoires-copie\/#breadcrumb"},"inLanguage":"en-US","potentialAction":[{"@type":"ReadAction","target":[["https:\/\/comarbois.com\/en\/produit\/panneaux-compacts-pour-laboratoires-copie\/"]]}]},{"@type":"ImageObject","inLanguage":"en-US","@id":"https:\/\/comarbois.com\/en\/produit\/panneaux-compacts-pour-laboratoires-copie\/#primaryimage","url":"https:\/\/comarbois.com\/wp-content\/uploads\/2022\/06\/panneaux-a-poignees-integrees.png","contentUrl":"https:\/\/comarbois.com\/wp-content\/uploads\/2022\/06\/panneaux-a-poignees-integrees.png","width":600,"height":600},{"@type":"BreadcrumbList","@id":"https:\/\/comarbois.com\/en\/produit\/panneaux-compacts-pour-laboratoires-copie\/#breadcrumb","itemListElement":[{"@type":"ListItem","position":1,"name":"Accueil","item":"https:\/\/comarbois.com\/en\/"},{"@type":"ListItem","position":2,"name":"Produits","item":"https:\/\/comarbois.com\/en\/boutique\/"},{"@type":"ListItem","position":3,"name":"PANNEAUX POIGN\u00c9ES INT\u00c9GR\u00c9ES"}]},{"@type":"WebSite","@id":"https:\/\/comarbois.com\/en\/#website","url":"https:\/\/comarbois.com\/en\/","name":"Comarbois","description":"","publisher":{"@id":"https:\/\/comarbois.com\/en\/#organization"},"potentialAction":[{"@type":"SearchAction","target":{"@type":"EntryPoint","urlTemplate":"https:\/\/comarbois.com\/en\/?s={search_term_string}"},"query-input":{"@type":"PropertyValueSpecification","valueRequired":true,"valueName":"search_term_string"}}],"inLanguage":"en-US"},{"@type":"Organization","@id":"https:\/\/comarbois.com\/en\/#organization","name":"Comarbois","url":"https:\/\/comarbois.com\/en\/","logo":{"@type":"ImageObject","inLanguage":"en-US","@id":"https:\/\/comarbois.com\/en\/#\/schema\/logo\/image\/","url":"https:\/\/comarbois.com\/wp-content\/uploads\/2021\/03\/LOGO-COMARBOIS-H-RVB.png","contentUrl":"https:\/\/comarbois.com\/wp-content\/uploads\/2021\/03\/LOGO-COMARBOIS-H-RVB.png","width":3543,"height":1210,"caption":"Comarbois"},"image":{"@id":"https:\/\/comarbois.com\/en\/#\/schema\/logo\/image\/"},"sameAs":["https:\/\/www.facebook.com\/comarbois\/","https:\/\/www.linkedin.com\/company\/3057658\/","https:\/\/www.instagram.com\/comarbois\/"]}]}},"_links":{"self":[{"href":"https:\/\/comarbois.com\/en\/wp-json\/wp\/v2\/product\/36046","targetHints":{"allow":["GET"]}}],"collection":[{"href":"https:\/\/comarbois.com\/en\/wp-json\/wp\/v2\/product"}],"about":[{"href":"https:\/\/comarbois.com\/en\/wp-json\/wp\/v2\/types\/product"}],"wp:featuredmedia":[{"embeddable":true,"href":"https:\/\/comarbois.com\/en\/wp-json\/wp\/v2\/media\/36044"}],"wp:attachment":[{"href":"https:\/\/comarbois.com\/en\/wp-json\/wp\/v2\/media?parent=36046"}],"wp:term":[{"taxonomy":"product_cat","embeddable":true,"href":"https:\/\/comarbois.com\/en\/wp-json\/wp\/v2\/product_cat?post=36046"},{"taxonomy":"product_tag","embeddable":true,"href":"https:\/\/comarbois.com\/en\/wp-json\/wp\/v2\/product_tag?post=36046"}],"curies":[{"name":"wp","href":"https:\/\/api.w.org\/{rel}","templated":true}]}}