{"id":36029,"date":"2025-03-27T09:54:45","date_gmt":"2025-03-27T09:54:45","guid":{"rendered":"https:\/\/comarbois.com\/?post_type=product&#038;p=36029"},"modified":"2025-07-25T12:15:54","modified_gmt":"2025-07-25T11:15:54","slug":"panneaux-compacts-pour-laboratoires","status":"publish","type":"product","link":"https:\/\/comarbois.com\/en\/produit\/panneaux-compacts-pour-laboratoires\/","title":{"rendered":"COMPACT PANELS FOR LABORATORIES"},"content":{"rendered":"<p>[vc_row gap=&#8221;35&#8243; woodmart_css_id=&#8221;628fe95d184eb&#8221; responsive_spacing=&#8221;eyJwYXJhbV90eXBlIjoid29vZG1hcnRfcmVzcG9uc2l2ZV9zcGFjaW5nIiwic2VsZWN0b3JfaWQiOiI2MjhmZTk1ZDE4NGViIiwic2hvcnRjb2RlIjoidmNfcm93IiwiZGF0YSI6eyJ0YWJsZXQiOnt9LCJtb2JpbGUiOnt9fX0=&#8221; mobile_bg_img_hidden=&#8221;no&#8221; tablet_bg_img_hidden=&#8221;no&#8221; woodmart_parallax=&#8221;0&#8243; woodmart_gradient_switch=&#8221;no&#8221; woodmart_box_shadow=&#8221;no&#8221; wd_z_index=&#8221;no&#8221; woodmart_disable_overflow=&#8221;0&#8243; row_reverse_mobile=&#8221;0&#8243; row_reverse_tablet=&#8221;0&#8243;][vc_column width=&#8221;1\/3&#8243;][vc_column_text woodmart_inline=&#8221;no&#8221; text_larger=&#8221;no&#8221;]<strong>DESCRIPTION<\/strong><\/p>\n<p class=\"p1\">Designed to protect surfaces from chemical aggression, compact laboratory panels offer exceptional resistance to chemicals and solvents while effectively repelling germs thanks to their antibacterial and antifungal properties. These compact panels provide a more durable and cost-effective alternative to epoxy, slate, and stainless steel.<\/p>\n<p>[\/vc_column_text][\/vc_column][vc_column width=&#8221;1\/3&#8243;][vc_column_text woodmart_inline=&#8221;no&#8221; text_larger=&#8221;no&#8221;]<strong>FEATURES<\/strong><br \/>\n\u2192 Chemical resistant<br \/>\n\u2192 Stain resistant<br \/>\n\u2192 Abrasion resistant<br \/>\n\u2192 Non-porous<br \/>\n\u2192 Antibacterial[\/vc_column_text][vc_column_text woodmart_inline=&#8221;no&#8221; text_larger=&#8221;no&#8221;]<strong>THICKNESSES (mm)<\/strong><br \/>\n16 \/ 20[\/vc_column_text][vc_column_text woodmart_inline=&#8221;no&#8221; text_larger=&#8221;no&#8221;]<strong>SIZE (mm)<\/strong><br \/>\n1525 x 3660[\/vc_column_text][\/vc_column][vc_column width=&#8221;1\/3&#8243;][vc_column_text woodmart_inline=&#8221;no&#8221; text_larger=&#8221;no&#8221;]<strong>USES<\/strong><br \/>\nLaboratories, examination rooms for doctors and dentists, beauty salons, etc.[\/vc_column_text][vc_btn title=&#8221;DOWNLOAD FACT SHEET&#8221; shape=&#8221;square&#8221; i_icon_fontawesome=&#8221;fas fa-paperclip&#8221; css_animation=&#8221;bounceIn&#8221; add_icon=&#8221;true&#8221; link=&#8221;url:https%3A%2F%2Fcomarbois.com%2Fwp-content%2Fuploads%2F2022%2F06%2Fpanneaux-compacts-pour-laboratoires.pdf|target:_blank&#8221;][\/vc_column][\/vc_row]<\/p>","protected":false},"excerpt":{"rendered":"<p>[vc_row gap=&#8221;35&#8243; woodmart_css_id=&#8221;628fe95d184eb&#8221; responsive_spacing=&#8221;eyJwYXJhbV90eXBlIjoid29vZG1hcnRfcmVzcG9uc2l2ZV9zcGFjaW5nIiwic2VsZWN0b3JfaWQiOiI2MjhmZTk1ZDE4NGViIiwic2hvcnRjb2RlIjoidmNfcm93IiwiZGF0YSI6eyJ0YWJsZXQiOnt9LCJtb2JpbGUiOnt9fX0=&#8221; mobile_bg_img_hidden=&#8221;no&#8221; tablet_bg_img_hidden=&#8221;no&#8221; woodmart_parallax=&#8221;0&#8243; woodmart_gradient_switch=&#8221;no&#8221; woodmart_box_shadow=&#8221;no&#8221; wd_z_index=&#8221;no&#8221; woodmart_disable_overflow=&#8221;0&#8243; row_reverse_mobile=&#8221;0&#8243; row_reverse_tablet=&#8221;0&#8243;][vc_column width=&#8221;1\/3&#8243;][vc_column_text woodmart_inline=&#8221;no&#8221; text_larger=&#8221;no&#8221;]DESCRIPTION Designed to protect surfaces<\/p>\n","protected":false},"featured_media":36032,"template":"","meta":[],"product_cat":[310,312],"product_tag":[],"class_list":{"0":"post-36029","1":"product","2":"type-product","3":"status-publish","4":"has-post-thumbnail","6":"product_cat-panneaux-decoratifs-industriels","7":"product_cat-tout-afficher","9":"first","10":"instock","11":"shipping-taxable","12":"purchasable","13":"product-type-simple"},"yoast_head":"<!-- This site is optimized with the Yoast SEO plugin v23.5 - https:\/\/yoast.com\/wordpress\/plugins\/seo\/ -->\n<title>COMPACT PANELS FOR LABORATORIES &#8211; Comarbois<\/title>\n<meta name=\"description\" content=\"Les panneaux compacts de laboratoire sont con\u00e7us pour r\u00e9sister aux produits chimiques et offrent des propri\u00e9t\u00e9s antibact\u00e9riennes et antifongiques durables.\" \/>\n<meta name=\"robots\" content=\"index, follow, max-snippet:-1, max-image-preview:large, max-video-preview:-1\" \/>\n<link rel=\"canonical\" href=\"https:\/\/comarbois.com\/en\/produit\/panneaux-compacts-pour-laboratoires\/\" \/>\n<meta property=\"og:locale\" content=\"en_US\" \/>\n<meta property=\"og:type\" content=\"article\" \/>\n<meta property=\"og:title\" content=\"COMPACT PANELS FOR LABORATORIES &#8211; Comarbois\" \/>\n<meta property=\"og:description\" content=\"Les panneaux compacts de laboratoire sont con\u00e7us pour r\u00e9sister aux produits chimiques et offrent des propri\u00e9t\u00e9s antibact\u00e9riennes et antifongiques durables.\" \/>\n<meta property=\"og:url\" content=\"https:\/\/comarbois.com\/en\/produit\/panneaux-compacts-pour-laboratoires\/\" \/>\n<meta property=\"og:site_name\" content=\"Comarbois\" \/>\n<meta property=\"article:publisher\" content=\"https:\/\/www.facebook.com\/comarbois\/\" \/>\n<meta property=\"article:modified_time\" content=\"2025-07-25T11:15:54+00:00\" \/>\n<meta property=\"og:image\" content=\"https:\/\/comarbois.com\/wp-content\/uploads\/2022\/06\/11.png\" \/>\n\t<meta property=\"og:image:width\" content=\"600\" \/>\n\t<meta property=\"og:image:height\" content=\"600\" \/>\n\t<meta property=\"og:image:type\" content=\"image\/png\" \/>\n<meta name=\"twitter:card\" content=\"summary_large_image\" \/>\n<meta name=\"twitter:label1\" content=\"Est. reading time\" \/>\n\t<meta name=\"twitter:data1\" content=\"3 minutes\" \/>\n<script type=\"application\/ld+json\" class=\"yoast-schema-graph\">{\"@context\":\"https:\/\/schema.org\",\"@graph\":[{\"@type\":\"WebPage\",\"@id\":\"https:\/\/comarbois.com\/en\/produit\/panneaux-compacts-pour-laboratoires\/\",\"url\":\"https:\/\/comarbois.com\/en\/produit\/panneaux-compacts-pour-laboratoires\/\",\"name\":\"COMPACT PANELS FOR LABORATORIES &#8211; Comarbois\",\"isPartOf\":{\"@id\":\"https:\/\/comarbois.com\/en\/#website\"},\"primaryImageOfPage\":{\"@id\":\"https:\/\/comarbois.com\/en\/produit\/panneaux-compacts-pour-laboratoires\/#primaryimage\"},\"image\":{\"@id\":\"https:\/\/comarbois.com\/produit\/panneaux-compacts-pour-laboratoires\/#primaryimage\"},\"thumbnailUrl\":\"https:\/\/comarbois.com\/wp-content\/uploads\/2022\/06\/11.png\",\"datePublished\":\"2025-03-27T09:54:45+00:00\",\"dateModified\":\"2025-07-25T11:15:54+00:00\",\"description\":\"Les panneaux compacts de laboratoire sont con\u00e7us pour r\u00e9sister aux produits chimiques et offrent des propri\u00e9t\u00e9s antibact\u00e9riennes et antifongiques durables.\",\"breadcrumb\":{\"@id\":\"https:\/\/comarbois.com\/en\/produit\/panneaux-compacts-pour-laboratoires\/#breadcrumb\"},\"inLanguage\":\"en-US\",\"potentialAction\":[{\"@type\":\"ReadAction\",\"target\":[[\"https:\/\/comarbois.com\/en\/produit\/panneaux-compacts-pour-laboratoires\/\"]]}]},{\"@type\":\"ImageObject\",\"inLanguage\":\"en-US\",\"@id\":\"https:\/\/comarbois.com\/en\/produit\/panneaux-compacts-pour-laboratoires\/#primaryimage\",\"url\":\"https:\/\/comarbois.com\/wp-content\/uploads\/2022\/06\/11.png\",\"contentUrl\":\"https:\/\/comarbois.com\/wp-content\/uploads\/2022\/06\/11.png\",\"width\":600,\"height\":600},{\"@type\":\"BreadcrumbList\",\"@id\":\"https:\/\/comarbois.com\/en\/produit\/panneaux-compacts-pour-laboratoires\/#breadcrumb\",\"itemListElement\":[{\"@type\":\"ListItem\",\"position\":1,\"name\":\"Accueil\",\"item\":\"https:\/\/comarbois.com\/en\/\"},{\"@type\":\"ListItem\",\"position\":2,\"name\":\"Produits\",\"item\":\"https:\/\/comarbois.com\/en\/boutique\/\"},{\"@type\":\"ListItem\",\"position\":3,\"name\":\"PANNEAUX COMPACTS POUR LABORATOIRES\"}]},{\"@type\":\"WebSite\",\"@id\":\"https:\/\/comarbois.com\/en\/#website\",\"url\":\"https:\/\/comarbois.com\/en\/\",\"name\":\"Comarbois\",\"description\":\"\",\"publisher\":{\"@id\":\"https:\/\/comarbois.com\/en\/#organization\"},\"potentialAction\":[{\"@type\":\"SearchAction\",\"target\":{\"@type\":\"EntryPoint\",\"urlTemplate\":\"https:\/\/comarbois.com\/en\/?s={search_term_string}\"},\"query-input\":{\"@type\":\"PropertyValueSpecification\",\"valueRequired\":true,\"valueName\":\"search_term_string\"}}],\"inLanguage\":\"en-US\"},{\"@type\":\"Organization\",\"@id\":\"https:\/\/comarbois.com\/en\/#organization\",\"name\":\"Comarbois\",\"url\":\"https:\/\/comarbois.com\/en\/\",\"logo\":{\"@type\":\"ImageObject\",\"inLanguage\":\"en-US\",\"@id\":\"https:\/\/comarbois.com\/en\/#\/schema\/logo\/image\/\",\"url\":\"https:\/\/comarbois.com\/wp-content\/uploads\/2021\/03\/LOGO-COMARBOIS-H-RVB.png\",\"contentUrl\":\"https:\/\/comarbois.com\/wp-content\/uploads\/2021\/03\/LOGO-COMARBOIS-H-RVB.png\",\"width\":3543,\"height\":1210,\"caption\":\"Comarbois\"},\"image\":{\"@id\":\"https:\/\/comarbois.com\/en\/#\/schema\/logo\/image\/\"},\"sameAs\":[\"https:\/\/www.facebook.com\/comarbois\/\",\"https:\/\/www.linkedin.com\/company\/3057658\/\",\"https:\/\/www.instagram.com\/comarbois\/\"]}]}<\/script>\n<!-- \/ Yoast SEO plugin. -->","yoast_head_json":{"title":"COMPACT PANELS FOR LABORATORIES &#8211; Comarbois","description":"Les panneaux compacts de laboratoire sont con\u00e7us pour r\u00e9sister aux produits chimiques et offrent des propri\u00e9t\u00e9s antibact\u00e9riennes et antifongiques durables.","robots":{"index":"index","follow":"follow","max-snippet":"max-snippet:-1","max-image-preview":"max-image-preview:large","max-video-preview":"max-video-preview:-1"},"canonical":"https:\/\/comarbois.com\/en\/produit\/panneaux-compacts-pour-laboratoires\/","og_locale":"en_US","og_type":"article","og_title":"COMPACT PANELS FOR LABORATORIES &#8211; Comarbois","og_description":"Les panneaux compacts de laboratoire sont con\u00e7us pour r\u00e9sister aux produits chimiques et offrent des propri\u00e9t\u00e9s antibact\u00e9riennes et antifongiques durables.","og_url":"https:\/\/comarbois.com\/en\/produit\/panneaux-compacts-pour-laboratoires\/","og_site_name":"Comarbois","article_publisher":"https:\/\/www.facebook.com\/comarbois\/","article_modified_time":"2025-07-25T11:15:54+00:00","og_image":[{"width":600,"height":600,"url":"https:\/\/comarbois.com\/wp-content\/uploads\/2022\/06\/11.png","type":"image\/png"}],"twitter_card":"summary_large_image","twitter_misc":{"Est. reading time":"3 minutes"},"schema":{"@context":"https:\/\/schema.org","@graph":[{"@type":"WebPage","@id":"https:\/\/comarbois.com\/en\/produit\/panneaux-compacts-pour-laboratoires\/","url":"https:\/\/comarbois.com\/en\/produit\/panneaux-compacts-pour-laboratoires\/","name":"COMPACT PANELS FOR LABORATORIES &#8211; Comarbois","isPartOf":{"@id":"https:\/\/comarbois.com\/en\/#website"},"primaryImageOfPage":{"@id":"https:\/\/comarbois.com\/en\/produit\/panneaux-compacts-pour-laboratoires\/#primaryimage"},"image":{"@id":"https:\/\/comarbois.com\/produit\/panneaux-compacts-pour-laboratoires\/#primaryimage"},"thumbnailUrl":"https:\/\/comarbois.com\/wp-content\/uploads\/2022\/06\/11.png","datePublished":"2025-03-27T09:54:45+00:00","dateModified":"2025-07-25T11:15:54+00:00","description":"Les panneaux compacts de laboratoire sont con\u00e7us pour r\u00e9sister aux produits chimiques et offrent des propri\u00e9t\u00e9s antibact\u00e9riennes et antifongiques durables.","breadcrumb":{"@id":"https:\/\/comarbois.com\/en\/produit\/panneaux-compacts-pour-laboratoires\/#breadcrumb"},"inLanguage":"en-US","potentialAction":[{"@type":"ReadAction","target":[["https:\/\/comarbois.com\/en\/produit\/panneaux-compacts-pour-laboratoires\/"]]}]},{"@type":"ImageObject","inLanguage":"en-US","@id":"https:\/\/comarbois.com\/en\/produit\/panneaux-compacts-pour-laboratoires\/#primaryimage","url":"https:\/\/comarbois.com\/wp-content\/uploads\/2022\/06\/11.png","contentUrl":"https:\/\/comarbois.com\/wp-content\/uploads\/2022\/06\/11.png","width":600,"height":600},{"@type":"BreadcrumbList","@id":"https:\/\/comarbois.com\/en\/produit\/panneaux-compacts-pour-laboratoires\/#breadcrumb","itemListElement":[{"@type":"ListItem","position":1,"name":"Accueil","item":"https:\/\/comarbois.com\/en\/"},{"@type":"ListItem","position":2,"name":"Produits","item":"https:\/\/comarbois.com\/en\/boutique\/"},{"@type":"ListItem","position":3,"name":"PANNEAUX COMPACTS POUR LABORATOIRES"}]},{"@type":"WebSite","@id":"https:\/\/comarbois.com\/en\/#website","url":"https:\/\/comarbois.com\/en\/","name":"Comarbois","description":"","publisher":{"@id":"https:\/\/comarbois.com\/en\/#organization"},"potentialAction":[{"@type":"SearchAction","target":{"@type":"EntryPoint","urlTemplate":"https:\/\/comarbois.com\/en\/?s={search_term_string}"},"query-input":{"@type":"PropertyValueSpecification","valueRequired":true,"valueName":"search_term_string"}}],"inLanguage":"en-US"},{"@type":"Organization","@id":"https:\/\/comarbois.com\/en\/#organization","name":"Comarbois","url":"https:\/\/comarbois.com\/en\/","logo":{"@type":"ImageObject","inLanguage":"en-US","@id":"https:\/\/comarbois.com\/en\/#\/schema\/logo\/image\/","url":"https:\/\/comarbois.com\/wp-content\/uploads\/2021\/03\/LOGO-COMARBOIS-H-RVB.png","contentUrl":"https:\/\/comarbois.com\/wp-content\/uploads\/2021\/03\/LOGO-COMARBOIS-H-RVB.png","width":3543,"height":1210,"caption":"Comarbois"},"image":{"@id":"https:\/\/comarbois.com\/en\/#\/schema\/logo\/image\/"},"sameAs":["https:\/\/www.facebook.com\/comarbois\/","https:\/\/www.linkedin.com\/company\/3057658\/","https:\/\/www.instagram.com\/comarbois\/"]}]}},"_links":{"self":[{"href":"https:\/\/comarbois.com\/en\/wp-json\/wp\/v2\/product\/36029","targetHints":{"allow":["GET"]}}],"collection":[{"href":"https:\/\/comarbois.com\/en\/wp-json\/wp\/v2\/product"}],"about":[{"href":"https:\/\/comarbois.com\/en\/wp-json\/wp\/v2\/types\/product"}],"wp:featuredmedia":[{"embeddable":true,"href":"https:\/\/comarbois.com\/en\/wp-json\/wp\/v2\/media\/36032"}],"wp:attachment":[{"href":"https:\/\/comarbois.com\/en\/wp-json\/wp\/v2\/media?parent=36029"}],"wp:term":[{"taxonomy":"product_cat","embeddable":true,"href":"https:\/\/comarbois.com\/en\/wp-json\/wp\/v2\/product_cat?post=36029"},{"taxonomy":"product_tag","embeddable":true,"href":"https:\/\/comarbois.com\/en\/wp-json\/wp\/v2\/product_tag?post=36029"}],"curies":[{"name":"wp","href":"https:\/\/api.w.org\/{rel}","templated":true}]}}