{"id":27458,"date":"2024-01-23T15:11:04","date_gmt":"2024-01-23T14:11:04","guid":{"rendered":"https:\/\/comarbois.com\/?post_type=product&#038;p=27458"},"modified":"2025-10-16T15:30:33","modified_gmt":"2025-10-16T14:30:33","slug":"noyer","status":"publish","type":"product","link":"https:\/\/comarbois.com\/en\/produit\/noyer\/","title":{"rendered":"WALNUT"},"content":{"rendered":"<p>[vc_row gap=&#8221;35&#8243; woodmart_css_id=&#8221;6284e8f53395c&#8221; responsive_spacing=&#8221;eyJwYXJhbV90eXBlIjoid29vZG1hcnRfcmVzcG9uc2l2ZV9zcGFjaW5nIiwic2VsZWN0b3JfaWQiOiI2Mjg0ZThmNTMzOTVjIiwic2hvcnRjb2RlIjoidmNfcm93IiwiZGF0YSI6eyJ0YWJsZXQiOnt9LCJtb2JpbGUiOnt9fX0=&#8221; mobile_bg_img_hidden=&#8221;no&#8221; tablet_bg_img_hidden=&#8221;no&#8221; woodmart_parallax=&#8221;0&#8243; woodmart_gradient_switch=&#8221;no&#8221; woodmart_box_shadow=&#8221;no&#8221; wd_z_index=&#8221;no&#8221; woodmart_disable_overflow=&#8221;0&#8243; row_reverse_mobile=&#8221;0&#8243; row_reverse_tablet=&#8221;0&#8243;][vc_column width=&#8221;1\/3&#8243;][vc_column_text woodmart_inline=&#8221;no&#8221; text_larger=&#8221;no&#8221;]<\/p>\n<div class=\"portfolio_detail\">\n<div class=\"info portfolio_custom_field\">\n<p style=\"text-align: left;\"><strong>DESCRIPTION<br \/>\n<\/strong>Very trendy, the walnut is a very recognized species in carpentry and cabinetmaking. It is a wood that is a little less dense than oak, which allows for easy cutting and assembly. The fineness of its grain and its brown color will give a refined style to all your solid wood products.<\/p>\n<\/div>\n<\/div>\n<p>[\/vc_column_text][vc_column_text woodmart_inline=&#8221;no&#8221; text_larger=&#8221;no&#8221;]<\/p>\n<div class=\"portfolio_detail\">\n<div class=\"info portfolio_custom_field\">\n<p style=\"text-align: left;\"><strong>ORIGINS<\/strong><br \/>\nItaly &amp; USA<\/p>\n<\/div>\n<\/div>\n<p>[\/vc_column_text][vc_column_text woodmart_inline=&#8221;no&#8221; text_larger=&#8221;no&#8221;]<\/p>\n<div class=\"portfolio_detail\">\n<div class=\"info portfolio_custom_field\">\n<p style=\"text-align: left;\"><strong>SAWING<br \/>\n<\/strong>Raw<\/p>\n<\/div>\n<\/div>\n<p>[\/vc_column_text][vc_column_text woodmart_inline=&#8221;no&#8221; text_larger=&#8221;no&#8221;]<\/p>\n<div class=\"portfolio_detail\">\n<div class=\"info portfolio_custom_field\">\n<p><strong>THICKNESSES<br \/>\n<\/strong>50 mm &amp; 80 mm<\/p>\n<\/div>\n<\/div>\n<p>[\/vc_column_text][vc_column_text woodmart_inline=&#8221;no&#8221; text_larger=&#8221;no&#8221;]<\/p>\n<div class=\"portfolio_detail\">\n<div class=\"info portfolio_custom_field\">\n<p style=\"text-align: left;\"><strong>QUALITIES<\/strong><br \/>\nFAS &amp; FAS\/1 F<\/p>\n<\/div>\n<\/div>\n<p>[\/vc_column_text][\/vc_column][vc_column width=&#8221;1\/3&#8243;][vc_column_text woodmart_inline=&#8221;no&#8221; text_larger=&#8221;no&#8221;]<\/p>\n<div class=\"portfolio_detail\">\n<div class=\"info portfolio_custom_field\">\n<p style=\"text-align: left;\"><strong>COLORS<br \/>\n<\/strong>Brown tending to yellow or pinkish brown, with dark veins<\/p>\n<\/div>\n<\/div>\n<p>[\/vc_column_text][vc_column_text woodmart_inline=&#8221;no&#8221; text_larger=&#8221;no&#8221;]<\/p>\n<div class=\"portfolio_detail\">\n<div class=\"info portfolio_custom_field\">\n<p style=\"text-align: left;\"><strong>HUMIDITY<br \/>\n<\/strong>Fresh cut (30-35%) &amp; AD (20\/25%) (class 2 natural)<\/p>\n<\/div>\n<\/div>\n<p>[\/vc_column_text][vc_column_text woodmart_inline=&#8221;no&#8221; text_larger=&#8221;no&#8221;]<\/p>\n<div class=\"portfolio_detail\">\n<div class=\"info portfolio_custom_field\">\n<p style=\"text-align: left;\"><strong>SPECIFITIES<br \/>\n<\/strong>Edged, Boules<\/p>\n<\/div>\n<\/div>\n<p>[\/vc_column_text][vc_column_text woodmart_inline=&#8221;no&#8221; text_larger=&#8221;no&#8221;]<\/p>\n<div class=\"portfolio_detail\">\n<div class=\"info portfolio_custom_field\">\n<p><strong>TRACEABILITY &amp; ADVICE<\/strong><br \/>\nWe attach great importance to the quality control that we carry out with seriousness on these hardwoods coming mainly from Europe. Our team can guide you on the species of wood to choose for your project, do not hesitate to benefit from professional advice.<\/p>\n<\/div>\n<\/div>\n<p>[\/vc_column_text][\/vc_column][vc_column width=&#8221;1\/3&#8243;][vc_single_image image=&#8221;27494&#8243; img_size=&#8221;large&#8221; alignment=&#8221;center&#8221; onclick=&#8221;custom_link&#8221; img_link_target=&#8221;_blank&#8221; css_animation=&#8221;fadeInDown&#8221; link=&#8221;https:\/\/comarbois.com\/wp-content\/uploads\/2024\/01\/INSPIRATIONS-NOYER.pdf&#8221; parallax_scroll=&#8221;no&#8221; woodmart_inline=&#8221;no&#8221;][vc_btn title=&#8221;GET INSPIRED !&#8221; shape=&#8221;square&#8221; i_icon_fontawesome=&#8221;fas fa-paperclip&#8221; css_animation=&#8221;bounceIn&#8221; add_icon=&#8221;true&#8221; link=&#8221;url:https%3A%2F%2Fcomarbois.com%2Fwp-content%2Fuploads%2F2024%2F01%2FINSPIRATIONS-NOYER.pdf|target:_blank&#8221;][\/vc_column][\/vc_row]<\/p>","protected":false},"excerpt":{"rendered":"<p>[vc_row gap=&#8221;35&#8243; woodmart_css_id=&#8221;6284e8f53395c&#8221; responsive_spacing=&#8221;eyJwYXJhbV90eXBlIjoid29vZG1hcnRfcmVzcG9uc2l2ZV9zcGFjaW5nIiwic2VsZWN0b3JfaWQiOiI2Mjg0ZThmNTMzOTVjIiwic2hvcnRjb2RlIjoidmNfcm93IiwiZGF0YSI6eyJ0YWJsZXQiOnt9LCJtb2JpbGUiOnt9fX0=&#8221; mobile_bg_img_hidden=&#8221;no&#8221; tablet_bg_img_hidden=&#8221;no&#8221; woodmart_parallax=&#8221;0&#8243; woodmart_gradient_switch=&#8221;no&#8221; woodmart_box_shadow=&#8221;no&#8221; wd_z_index=&#8221;no&#8221; woodmart_disable_overflow=&#8221;0&#8243; row_reverse_mobile=&#8221;0&#8243; row_reverse_tablet=&#8221;0&#8243;][vc_column width=&#8221;1\/3&#8243;][vc_column_text woodmart_inline=&#8221;no&#8221; text_larger=&#8221;no&#8221;] DESCRIPTION Very trendy, the<\/p>\n","protected":false},"featured_media":27462,"template":"","meta":[],"product_cat":[242,312],"product_tag":[],"class_list":{"0":"post-27458","1":"product","2":"type-product","3":"status-publish","4":"has-post-thumbnail","6":"product_cat-bois-de-menuiserie-industriels","7":"product_cat-tout-afficher","9":"first","10":"instock","11":"shipping-taxable","12":"purchasable","13":"product-type-simple"},"yoast_head":"<!-- This site is optimized with the Yoast SEO plugin v23.5 - https:\/\/yoast.com\/wordpress\/plugins\/seo\/ -->\n<title>WALNUT &#8211; Comarbois<\/title>\n<meta name=\"description\" content=\"H\u00eatre, ch\u00eane, fr\u00eane, noyer, tulipier, merisier : indispensables pour la menuiserie int\u00e9rieure\/ext\u00e9rieure, le parquet ou l\u2019agencement.\" \/>\n<meta name=\"robots\" content=\"index, follow, max-snippet:-1, max-image-preview:large, max-video-preview:-1\" \/>\n<link rel=\"canonical\" href=\"https:\/\/comarbois.com\/en\/produit\/noyer\/\" \/>\n<meta property=\"og:locale\" content=\"en_US\" \/>\n<meta property=\"og:type\" content=\"article\" \/>\n<meta property=\"og:title\" content=\"WALNUT &#8211; Comarbois\" \/>\n<meta property=\"og:description\" content=\"H\u00eatre, ch\u00eane, fr\u00eane, noyer, tulipier, merisier : indispensables pour la menuiserie int\u00e9rieure\/ext\u00e9rieure, le parquet ou l\u2019agencement.\" \/>\n<meta property=\"og:url\" content=\"https:\/\/comarbois.com\/en\/produit\/noyer\/\" \/>\n<meta property=\"og:site_name\" content=\"Comarbois\" \/>\n<meta property=\"article:publisher\" content=\"https:\/\/www.facebook.com\/comarbois\/\" \/>\n<meta property=\"article:modified_time\" content=\"2025-10-16T14:30:33+00:00\" \/>\n<meta property=\"og:image\" content=\"https:\/\/comarbois.com\/wp-content\/uploads\/2024\/01\/NOYER-COMARBOIS-scaled.jpg\" \/>\n\t<meta property=\"og:image:width\" content=\"2560\" \/>\n\t<meta property=\"og:image:height\" content=\"2560\" \/>\n\t<meta property=\"og:image:type\" content=\"image\/jpeg\" \/>\n<meta name=\"twitter:card\" content=\"summary_large_image\" \/>\n<meta name=\"twitter:label1\" content=\"Est. reading time\" \/>\n\t<meta name=\"twitter:data1\" content=\"4 minutes\" \/>\n<script type=\"application\/ld+json\" class=\"yoast-schema-graph\">{\"@context\":\"https:\/\/schema.org\",\"@graph\":[{\"@type\":\"WebPage\",\"@id\":\"https:\/\/comarbois.com\/en\/produit\/noyer\/\",\"url\":\"https:\/\/comarbois.com\/en\/produit\/noyer\/\",\"name\":\"WALNUT &#8211; Comarbois\",\"isPartOf\":{\"@id\":\"https:\/\/comarbois.com\/en\/#website\"},\"primaryImageOfPage\":{\"@id\":\"https:\/\/comarbois.com\/en\/produit\/noyer\/#primaryimage\"},\"image\":{\"@id\":\"https:\/\/comarbois.com\/produit\/noyer\/#primaryimage\"},\"thumbnailUrl\":\"https:\/\/comarbois.com\/wp-content\/uploads\/2024\/01\/NOYER-COMARBOIS-scaled.jpg\",\"datePublished\":\"2024-01-23T14:11:04+00:00\",\"dateModified\":\"2025-10-16T14:30:33+00:00\",\"description\":\"H\u00eatre, ch\u00eane, fr\u00eane, noyer, tulipier, merisier : indispensables pour la menuiserie int\u00e9rieure\/ext\u00e9rieure, le parquet ou l\u2019agencement.\",\"breadcrumb\":{\"@id\":\"https:\/\/comarbois.com\/en\/produit\/noyer\/#breadcrumb\"},\"inLanguage\":\"en-US\",\"potentialAction\":[{\"@type\":\"ReadAction\",\"target\":[[\"https:\/\/comarbois.com\/en\/produit\/noyer\/\"]]}]},{\"@type\":\"ImageObject\",\"inLanguage\":\"en-US\",\"@id\":\"https:\/\/comarbois.com\/en\/produit\/noyer\/#primaryimage\",\"url\":\"https:\/\/comarbois.com\/wp-content\/uploads\/2024\/01\/NOYER-COMARBOIS-scaled.jpg\",\"contentUrl\":\"https:\/\/comarbois.com\/wp-content\/uploads\/2024\/01\/NOYER-COMARBOIS-scaled.jpg\",\"width\":2560,\"height\":2560},{\"@type\":\"BreadcrumbList\",\"@id\":\"https:\/\/comarbois.com\/en\/produit\/noyer\/#breadcrumb\",\"itemListElement\":[{\"@type\":\"ListItem\",\"position\":1,\"name\":\"Accueil\",\"item\":\"https:\/\/comarbois.com\/en\/\"},{\"@type\":\"ListItem\",\"position\":2,\"name\":\"Produits\",\"item\":\"https:\/\/comarbois.com\/en\/boutique\/\"},{\"@type\":\"ListItem\",\"position\":3,\"name\":\"NOYER\"}]},{\"@type\":\"WebSite\",\"@id\":\"https:\/\/comarbois.com\/en\/#website\",\"url\":\"https:\/\/comarbois.com\/en\/\",\"name\":\"Comarbois\",\"description\":\"\",\"publisher\":{\"@id\":\"https:\/\/comarbois.com\/en\/#organization\"},\"potentialAction\":[{\"@type\":\"SearchAction\",\"target\":{\"@type\":\"EntryPoint\",\"urlTemplate\":\"https:\/\/comarbois.com\/en\/?s={search_term_string}\"},\"query-input\":{\"@type\":\"PropertyValueSpecification\",\"valueRequired\":true,\"valueName\":\"search_term_string\"}}],\"inLanguage\":\"en-US\"},{\"@type\":\"Organization\",\"@id\":\"https:\/\/comarbois.com\/en\/#organization\",\"name\":\"Comarbois\",\"url\":\"https:\/\/comarbois.com\/en\/\",\"logo\":{\"@type\":\"ImageObject\",\"inLanguage\":\"en-US\",\"@id\":\"https:\/\/comarbois.com\/en\/#\/schema\/logo\/image\/\",\"url\":\"https:\/\/comarbois.com\/wp-content\/uploads\/2021\/03\/LOGO-COMARBOIS-H-RVB.png\",\"contentUrl\":\"https:\/\/comarbois.com\/wp-content\/uploads\/2021\/03\/LOGO-COMARBOIS-H-RVB.png\",\"width\":3543,\"height\":1210,\"caption\":\"Comarbois\"},\"image\":{\"@id\":\"https:\/\/comarbois.com\/en\/#\/schema\/logo\/image\/\"},\"sameAs\":[\"https:\/\/www.facebook.com\/comarbois\/\",\"https:\/\/www.linkedin.com\/company\/3057658\/\",\"https:\/\/www.instagram.com\/comarbois\/\"]}]}<\/script>\n<!-- \/ Yoast SEO plugin. -->","yoast_head_json":{"title":"WALNUT &#8211; Comarbois","description":"H\u00eatre, ch\u00eane, fr\u00eane, noyer, tulipier, merisier : indispensables pour la menuiserie int\u00e9rieure\/ext\u00e9rieure, le parquet ou l\u2019agencement.","robots":{"index":"index","follow":"follow","max-snippet":"max-snippet:-1","max-image-preview":"max-image-preview:large","max-video-preview":"max-video-preview:-1"},"canonical":"https:\/\/comarbois.com\/en\/produit\/noyer\/","og_locale":"en_US","og_type":"article","og_title":"WALNUT &#8211; Comarbois","og_description":"H\u00eatre, ch\u00eane, fr\u00eane, noyer, tulipier, merisier : indispensables pour la menuiserie int\u00e9rieure\/ext\u00e9rieure, le parquet ou l\u2019agencement.","og_url":"https:\/\/comarbois.com\/en\/produit\/noyer\/","og_site_name":"Comarbois","article_publisher":"https:\/\/www.facebook.com\/comarbois\/","article_modified_time":"2025-10-16T14:30:33+00:00","og_image":[{"width":2560,"height":2560,"url":"https:\/\/comarbois.com\/wp-content\/uploads\/2024\/01\/NOYER-COMARBOIS-scaled.jpg","type":"image\/jpeg"}],"twitter_card":"summary_large_image","twitter_misc":{"Est. reading time":"4 minutes"},"schema":{"@context":"https:\/\/schema.org","@graph":[{"@type":"WebPage","@id":"https:\/\/comarbois.com\/en\/produit\/noyer\/","url":"https:\/\/comarbois.com\/en\/produit\/noyer\/","name":"WALNUT &#8211; Comarbois","isPartOf":{"@id":"https:\/\/comarbois.com\/en\/#website"},"primaryImageOfPage":{"@id":"https:\/\/comarbois.com\/en\/produit\/noyer\/#primaryimage"},"image":{"@id":"https:\/\/comarbois.com\/produit\/noyer\/#primaryimage"},"thumbnailUrl":"https:\/\/comarbois.com\/wp-content\/uploads\/2024\/01\/NOYER-COMARBOIS-scaled.jpg","datePublished":"2024-01-23T14:11:04+00:00","dateModified":"2025-10-16T14:30:33+00:00","description":"H\u00eatre, ch\u00eane, fr\u00eane, noyer, tulipier, merisier : indispensables pour la menuiserie int\u00e9rieure\/ext\u00e9rieure, le parquet ou l\u2019agencement.","breadcrumb":{"@id":"https:\/\/comarbois.com\/en\/produit\/noyer\/#breadcrumb"},"inLanguage":"en-US","potentialAction":[{"@type":"ReadAction","target":[["https:\/\/comarbois.com\/en\/produit\/noyer\/"]]}]},{"@type":"ImageObject","inLanguage":"en-US","@id":"https:\/\/comarbois.com\/en\/produit\/noyer\/#primaryimage","url":"https:\/\/comarbois.com\/wp-content\/uploads\/2024\/01\/NOYER-COMARBOIS-scaled.jpg","contentUrl":"https:\/\/comarbois.com\/wp-content\/uploads\/2024\/01\/NOYER-COMARBOIS-scaled.jpg","width":2560,"height":2560},{"@type":"BreadcrumbList","@id":"https:\/\/comarbois.com\/en\/produit\/noyer\/#breadcrumb","itemListElement":[{"@type":"ListItem","position":1,"name":"Accueil","item":"https:\/\/comarbois.com\/en\/"},{"@type":"ListItem","position":2,"name":"Produits","item":"https:\/\/comarbois.com\/en\/boutique\/"},{"@type":"ListItem","position":3,"name":"NOYER"}]},{"@type":"WebSite","@id":"https:\/\/comarbois.com\/en\/#website","url":"https:\/\/comarbois.com\/en\/","name":"Comarbois","description":"","publisher":{"@id":"https:\/\/comarbois.com\/en\/#organization"},"potentialAction":[{"@type":"SearchAction","target":{"@type":"EntryPoint","urlTemplate":"https:\/\/comarbois.com\/en\/?s={search_term_string}"},"query-input":{"@type":"PropertyValueSpecification","valueRequired":true,"valueName":"search_term_string"}}],"inLanguage":"en-US"},{"@type":"Organization","@id":"https:\/\/comarbois.com\/en\/#organization","name":"Comarbois","url":"https:\/\/comarbois.com\/en\/","logo":{"@type":"ImageObject","inLanguage":"en-US","@id":"https:\/\/comarbois.com\/en\/#\/schema\/logo\/image\/","url":"https:\/\/comarbois.com\/wp-content\/uploads\/2021\/03\/LOGO-COMARBOIS-H-RVB.png","contentUrl":"https:\/\/comarbois.com\/wp-content\/uploads\/2021\/03\/LOGO-COMARBOIS-H-RVB.png","width":3543,"height":1210,"caption":"Comarbois"},"image":{"@id":"https:\/\/comarbois.com\/en\/#\/schema\/logo\/image\/"},"sameAs":["https:\/\/www.facebook.com\/comarbois\/","https:\/\/www.linkedin.com\/company\/3057658\/","https:\/\/www.instagram.com\/comarbois\/"]}]}},"_links":{"self":[{"href":"https:\/\/comarbois.com\/en\/wp-json\/wp\/v2\/product\/27458","targetHints":{"allow":["GET"]}}],"collection":[{"href":"https:\/\/comarbois.com\/en\/wp-json\/wp\/v2\/product"}],"about":[{"href":"https:\/\/comarbois.com\/en\/wp-json\/wp\/v2\/types\/product"}],"wp:featuredmedia":[{"embeddable":true,"href":"https:\/\/comarbois.com\/en\/wp-json\/wp\/v2\/media\/27462"}],"wp:attachment":[{"href":"https:\/\/comarbois.com\/en\/wp-json\/wp\/v2\/media?parent=27458"}],"wp:term":[{"taxonomy":"product_cat","embeddable":true,"href":"https:\/\/comarbois.com\/en\/wp-json\/wp\/v2\/product_cat?post=27458"},{"taxonomy":"product_tag","embeddable":true,"href":"https:\/\/comarbois.com\/en\/wp-json\/wp\/v2\/product_tag?post=27458"}],"curies":[{"name":"wp","href":"https:\/\/api.w.org\/{rel}","templated":true}]}}