{"id":23057,"date":"2023-09-06T15:02:33","date_gmt":"2023-09-06T14:02:33","guid":{"rendered":"https:\/\/comarbois.com\/?post_type=product&#038;p=23057"},"modified":"2023-09-07T13:28:44","modified_gmt":"2023-09-07T12:28:44","slug":"alvic-made-in-spain","status":"publish","type":"product","link":"https:\/\/comarbois.com\/en\/produit\/alvic-made-in-spain\/","title":{"rendered":"ALVIC\u00ae \u2013 Made in Spain"},"content":{"rendered":"<p>[vc_row gap=&#8221;35&#8243; woodmart_css_id=&#8221;6293e0ba45409&#8243; responsive_spacing=&#8221;eyJwYXJhbV90eXBlIjoid29vZG1hcnRfcmVzcG9uc2l2ZV9zcGFjaW5nIiwic2VsZWN0b3JfaWQiOiI2MjkzZTBiYTQ1NDA5Iiwic2hvcnRjb2RlIjoidmNfcm93IiwiZGF0YSI6eyJ0YWJsZXQiOnt9LCJtb2JpbGUiOnt9fX0=&#8221; mobile_bg_img_hidden=&#8221;no&#8221; tablet_bg_img_hidden=&#8221;no&#8221; woodmart_parallax=&#8221;0&#8243; woodmart_gradient_switch=&#8221;no&#8221; woodmart_box_shadow=&#8221;no&#8221; wd_z_index=&#8221;no&#8221; woodmart_disable_overflow=&#8221;0&#8243; row_reverse_mobile=&#8221;0&#8243; row_reverse_tablet=&#8221;0&#8243;][vc_column width=&#8221;1\/3&#8243;][vc_column_text woodmart_inline=&#8221;no&#8221; text_larger=&#8221;no&#8221;]<strong>DESCRIPTION<\/strong><br \/>\n<span class=\"HwtZe\" lang=\"en\"><span class=\"jCAhz ChMk0b\"><span class=\"ryNqvb\">ALVIC is a Spanish company present throughout the world, leader in the manufacturing and distribution of high quality panels and components for the furniture and decoration sector.<\/span><\/span> <span class=\"jCAhz ChMk0b\"><span class=\"ryNqvb\">With a presence in more than 100 countries on 5 continents and technologies such as LUXE, Z\u00c9NIT and SYNCRON which are benchmarks on the market.<\/span><\/span><\/span>[\/vc_column_text][vc_column_text woodmart_inline=&#8221;no&#8221; text_larger=&#8221;no&#8221;]<\/p>\n<div class=\"info-card\" data-parallax=\"0,50\">\n<div>\n<p><strong>SIZES<br \/>\n<\/strong><strong>Luxe &amp; Z\u00e9nit<\/strong> : 2750 x 1220<br \/>\n<strong>Syncron<\/strong> : 2750 x 1240<br \/>\n<span style=\"text-decoration: underline;\"><strong>Thicknesses :<\/strong><\/span> 10 mm , 18 mm et 22 mm<\/p>\n<\/div>\n<\/div>\n<p>[\/vc_column_text][vc_column_text woodmart_inline=&#8221;no&#8221; text_larger=&#8221;no&#8221;]<\/p>\n<div class=\"info-card\" data-parallax=\"0,50\">\n<div>\n<p><span class=\"HwtZe\" lang=\"en\"><span class=\"jCAhz ChMk0b\"><span class=\"ryNqvb\">Post-formed panel dimensions (integrated handles) 22 mm Z\u00e9nit, Luxe &amp; Syncron ranges:<\/span><\/span><\/span><\/p>\n<p>2750 x 1200 x 22 mm<br \/>\n2750 x 707 x 22 mm<br \/>\n2750 x 451 x 22 mm<\/p>\n<\/div>\n<\/div>\n<p>[\/vc_column_text][\/vc_column][vc_column width=&#8221;1\/3&#8243;][vc_column_text woodmart_inline=&#8221;no&#8221; text_larger=&#8221;no&#8221;]<span class=\"HwtZe\" lang=\"en\"><strong><span class=\"jCAhz ChMk0b\"><span class=\"ryNqvb\">PRODUCTS THAT INSPIRE<\/span><\/span> <\/strong><br \/>\n<span class=\"jCAhz ChMk0b\"><span class=\"ryNqvb\">ALVIC panels combine all the experience and 50 years of innovation of their factory.<\/span><\/span> <span class=\"jCAhz ChMk0b\"><span class=\"ryNqvb\">Decorative surfaces derived from wood which, through the application of their pioneering technologies, achieve excellent physico-mechanical properties.<\/span><\/span> <span class=\"jCAhz ChMk0b\"><span class=\"ryNqvb\">The panels can be used for interior decoration and for making furniture.<\/span><\/span> <span class=\"jCAhz ChMk0b\"><span class=\"ryNqvb\">Over 150 designs and finishes created to inspire and provide solutions to any decorating project.<\/span><\/span><\/span>[\/vc_column_text][vc_single_image image=&#8221;23063&#8243; img_size=&#8221;full&#8221; alignment=&#8221;center&#8221; css_animation=&#8221;fadeInLeft&#8221; parallax_scroll=&#8221;no&#8221; woodmart_inline=&#8221;no&#8221;][vc_btn title=&#8221;DOWNLOAD MOODBOARDS&#8221; shape=&#8221;square&#8221; i_icon_fontawesome=&#8221;fas fa-paperclip&#8221; css_animation=&#8221;bounceIn&#8221; add_icon=&#8221;true&#8221; link=&#8221;url:https%3A%2F%2Fcomarbois.com%2Fwp-content%2Fuploads%2F2023%2F09%2F10_ALVIC-Moodboards_SHD-avec-compression.pdf|target:_blank&#8221;][vc_empty_space woodmart_hide_large=&#8221;0&#8243; woodmart_hide_medium=&#8221;0&#8243; woodmart_hide_small=&#8221;0&#8243;][\/vc_column][vc_column width=&#8221;1\/3&#8243;][vc_column_text woodmart_inline=&#8221;no&#8221; text_larger=&#8221;no&#8221;]<span class=\"HwtZe\" lang=\"en\"><strong><span class=\"jCAhz ChMk0b\"><span class=\"ryNqvb\">TECHNICAL CHARACTERISTICS<\/span><\/span> <\/strong><br \/>\n<span class=\"jCAhz ChMk0b\"><span class=\"ryNqvb\">QUALITY<\/span><\/span><br \/>\n<span class=\"jCAhz ChMk0b\"><span class=\"ryNqvb\">The base of the boards is essential to achieve the best results with ALVIC technologies.<\/span><\/span> <span class=\"jCAhz ChMk0b\"><span class=\"ryNqvb\">Are used: MDF panels and particle boards, as well as waterproof and fireproof panels, in order to adapt to market needs and seek the best combination with surface technologies.<\/span><\/span><\/span><\/p>\n<p><span class=\"jCAhz ChMk0b\"><span class=\"ryNqvb\">TECHNOLOGIES<\/span><\/span><br \/>\n<span class=\"jCAhz ChMk0b\"><span class=\"ryNqvb\">There are different technologies which, applied to the panels, allow to obtain high quality and aesthetic panels: glossy lacquered surfaces such as Luxe, matt lacquered surfaces such as Z\u00e9nit, and textured surfaces such as Syncron.<\/span><\/span><\/p>\n<p><span class=\"jCAhz ChMk0b\"><span class=\"ryNqvb\">MATCHING EDGES &amp; LAMINATES<\/span><\/span><br \/>\n<span class=\"jCAhz ChMk0b\"><span class=\"ryNqvb\">In order to offer the most complete offer, it is possible to order matching angles, angles in ABS, acrylic and HPL.<\/span><\/span> <span class=\"jCAhz ChMk0b\"><span class=\"ryNqvb\">As well as laminates on request.<\/span><\/span>[\/vc_column_text][\/vc_column][\/vc_row][vc_row][vc_column width=&#8221;1\/3&#8243;][vc_single_image image=&#8221;23070&#8243; img_size=&#8221;800&#215;709&#8243; alignment=&#8221;center&#8221; css_animation=&#8221;fadeInRight&#8221; parallax_scroll=&#8221;no&#8221; woodmart_inline=&#8221;no&#8221;][vc_column_text woodmart_inline=&#8221;no&#8221; text_larger=&#8221;no&#8221;]<\/p>\n<div class=\"info-card\" data-parallax=\"0,50\">\n<div><strong>LUXE<\/strong><\/div>\n<p><span class=\"HwtZe\" lang=\"en\"><span class=\"jCAhz ChMk0b\"><span class=\"ryNqvb\">High gloss lacquered surface, mirror effect, with excellent physico-mechanical properties.<\/span><\/span><\/span><\/p>\n<\/div>\n<p>[\/vc_column_text][\/vc_column][vc_column width=&#8221;1\/3&#8243;][vc_single_image image=&#8221;23071&#8243; img_size=&#8221;800&#215;709&#8243; alignment=&#8221;center&#8221; css_animation=&#8221;fadeInRight&#8221; parallax_scroll=&#8221;no&#8221; woodmart_inline=&#8221;no&#8221;][vc_column_text woodmart_inline=&#8221;no&#8221; text_larger=&#8221;no&#8221;]<\/p>\n<div class=\"info-card\" data-parallax=\"0,50\">\n<div><strong>Z\u00c9NIT<\/strong><\/div>\n<p><span class=\"HwtZe\" lang=\"en\"><span class=\"jCAhz ChMk0b\"><span class=\"ryNqvb\">Lacquered surface with Supermatt finish with a silky touch and great resistance.<\/span><\/span><\/span><\/p>\n<\/div>\n<p>[\/vc_column_text][\/vc_column][vc_column width=&#8221;1\/3&#8243;][vc_single_image image=&#8221;23072&#8243; img_size=&#8221;800&#215;709&#8243; alignment=&#8221;center&#8221; css_animation=&#8221;fadeInRight&#8221; parallax_scroll=&#8221;no&#8221; woodmart_inline=&#8221;no&#8221;][vc_column_text woodmart_inline=&#8221;no&#8221; text_larger=&#8221;no&#8221;]<\/p>\n<div class=\"info-card\" data-parallax=\"0,50\">\n<div><strong>SYNCRON<\/strong><\/div>\n<p><span class=\"HwtZe\" lang=\"en\"><span class=\"jCAhz ChMk0b\"><span class=\"ryNqvb\">Textured surface in which the design and finish complement each other to obtain highly natural surfaces with a high decorative level.<\/span><\/span><\/span><\/p>\n<\/div>\n<p>[\/vc_column_text][\/vc_column][\/vc_row]<\/p>","protected":false},"excerpt":{"rendered":"<p>[vc_row gap=&#8221;35&#8243; woodmart_css_id=&#8221;6293e0ba45409&#8243; responsive_spacing=&#8221;eyJwYXJhbV90eXBlIjoid29vZG1hcnRfcmVzcG9uc2l2ZV9zcGFjaW5nIiwic2VsZWN0b3JfaWQiOiI2MjkzZTBiYTQ1NDA5Iiwic2hvcnRjb2RlIjoidmNfcm93IiwiZGF0YSI6eyJ0YWJsZXQiOnt9LCJtb2JpbGUiOnt9fX0=&#8221; mobile_bg_img_hidden=&#8221;no&#8221; tablet_bg_img_hidden=&#8221;no&#8221; woodmart_parallax=&#8221;0&#8243; woodmart_gradient_switch=&#8221;no&#8221; woodmart_box_shadow=&#8221;no&#8221; wd_z_index=&#8221;no&#8221; woodmart_disable_overflow=&#8221;0&#8243; row_reverse_mobile=&#8221;0&#8243; row_reverse_tablet=&#8221;0&#8243;][vc_column width=&#8221;1\/3&#8243;][vc_column_text woodmart_inline=&#8221;no&#8221; text_larger=&#8221;no&#8221;]DESCRIPTION ALVIC is a Spanish<\/p>\n","protected":false},"featured_media":23058,"template":"","meta":[],"product_cat":[310,312],"product_tag":[],"yoast_head":"<!-- This site is optimized with the Yoast SEO plugin v23.5 - https:\/\/yoast.com\/wordpress\/plugins\/seo\/ -->\n<title>ALVIC\u00ae \u2013 Made in Spain &#8211; Comarbois<\/title>\n<meta name=\"description\" content=\"Exclusivit\u00e9 Comarbois: le Valchromat est un panneau en fibres de bois color\u00e9 dans son \u00e9paisseur. Un favoris des architectes.\" \/>\n<meta name=\"robots\" content=\"index, follow, max-snippet:-1, max-image-preview:large, max-video-preview:-1\" \/>\n<link rel=\"canonical\" href=\"https:\/\/comarbois.com\/en\/produit\/alvic-made-in-spain\/\" \/>\n<meta property=\"og:locale\" content=\"en_US\" \/>\n<meta property=\"og:type\" content=\"article\" \/>\n<meta property=\"og:title\" content=\"ALVIC\u00ae \u2013 Made in Spain &#8211; Comarbois\" \/>\n<meta property=\"og:description\" content=\"Exclusivit\u00e9 Comarbois: le Valchromat est un panneau en fibres de bois color\u00e9 dans son \u00e9paisseur. Un favoris des architectes.\" \/>\n<meta property=\"og:url\" content=\"https:\/\/comarbois.com\/en\/produit\/alvic-made-in-spain\/\" \/>\n<meta property=\"og:site_name\" content=\"Comarbois\" \/>\n<meta property=\"article:publisher\" content=\"https:\/\/www.facebook.com\/comarbois\/\" \/>\n<meta property=\"article:modified_time\" content=\"2023-09-07T12:28:44+00:00\" \/>\n<meta property=\"og:image\" content=\"https:\/\/comarbois.com\/wp-content\/uploads\/2023\/09\/image-alvic-1088x800.png\" \/>\n\t<meta property=\"og:image:width\" content=\"1088\" \/>\n\t<meta property=\"og:image:height\" content=\"800\" \/>\n\t<meta property=\"og:image:type\" content=\"image\/png\" \/>\n<meta name=\"twitter:card\" content=\"summary_large_image\" \/>\n<meta name=\"twitter:label1\" content=\"Est. reading time\" \/>\n\t<meta name=\"twitter:data1\" content=\"7 minutes\" \/>\n<script type=\"application\/ld+json\" class=\"yoast-schema-graph\">{\"@context\":\"https:\/\/schema.org\",\"@graph\":[{\"@type\":\"WebPage\",\"@id\":\"https:\/\/comarbois.com\/en\/produit\/alvic-made-in-spain\/\",\"url\":\"https:\/\/comarbois.com\/en\/produit\/alvic-made-in-spain\/\",\"name\":\"ALVIC\u00ae \u2013 Made in Spain &#8211; Comarbois\",\"isPartOf\":{\"@id\":\"https:\/\/comarbois.com\/en\/#website\"},\"primaryImageOfPage\":{\"@id\":\"https:\/\/comarbois.com\/en\/produit\/alvic-made-in-spain\/#primaryimage\"},\"image\":{\"@id\":\"https:\/\/comarbois.com\/produit\/alvic-made-in-spain\/#primaryimage\"},\"thumbnailUrl\":\"https:\/\/comarbois.com\/wp-content\/uploads\/2023\/09\/image-alvic.png\",\"datePublished\":\"2023-09-06T14:02:33+00:00\",\"dateModified\":\"2023-09-07T12:28:44+00:00\",\"description\":\"Exclusivit\u00e9 Comarbois: le Valchromat est un panneau en fibres de bois color\u00e9 dans son \u00e9paisseur. Un favoris des architectes.\",\"breadcrumb\":{\"@id\":\"https:\/\/comarbois.com\/en\/produit\/alvic-made-in-spain\/#breadcrumb\"},\"inLanguage\":\"en-US\",\"potentialAction\":[{\"@type\":\"ReadAction\",\"target\":[[\"https:\/\/comarbois.com\/en\/produit\/alvic-made-in-spain\/\"]]}]},{\"@type\":\"ImageObject\",\"inLanguage\":\"en-US\",\"@id\":\"https:\/\/comarbois.com\/en\/produit\/alvic-made-in-spain\/#primaryimage\",\"url\":\"https:\/\/comarbois.com\/wp-content\/uploads\/2023\/09\/image-alvic.png\",\"contentUrl\":\"https:\/\/comarbois.com\/wp-content\/uploads\/2023\/09\/image-alvic.png\",\"width\":2606,\"height\":1916},{\"@type\":\"BreadcrumbList\",\"@id\":\"https:\/\/comarbois.com\/en\/produit\/alvic-made-in-spain\/#breadcrumb\",\"itemListElement\":[{\"@type\":\"ListItem\",\"position\":1,\"name\":\"Accueil\",\"item\":\"https:\/\/comarbois.com\/en\/\"},{\"@type\":\"ListItem\",\"position\":2,\"name\":\"Produits\",\"item\":\"https:\/\/comarbois.com\/en\/boutique\/\"},{\"@type\":\"ListItem\",\"position\":3,\"name\":\"ALVIC\u00ae \u2013 Made in Spain\"}]},{\"@type\":\"WebSite\",\"@id\":\"https:\/\/comarbois.com\/en\/#website\",\"url\":\"https:\/\/comarbois.com\/en\/\",\"name\":\"Comarbois\",\"description\":\"\",\"publisher\":{\"@id\":\"https:\/\/comarbois.com\/en\/#organization\"},\"potentialAction\":[{\"@type\":\"SearchAction\",\"target\":{\"@type\":\"EntryPoint\",\"urlTemplate\":\"https:\/\/comarbois.com\/en\/?s={search_term_string}\"},\"query-input\":{\"@type\":\"PropertyValueSpecification\",\"valueRequired\":true,\"valueName\":\"search_term_string\"}}],\"inLanguage\":\"en-US\"},{\"@type\":\"Organization\",\"@id\":\"https:\/\/comarbois.com\/en\/#organization\",\"name\":\"Comarbois\",\"url\":\"https:\/\/comarbois.com\/en\/\",\"logo\":{\"@type\":\"ImageObject\",\"inLanguage\":\"en-US\",\"@id\":\"https:\/\/comarbois.com\/en\/#\/schema\/logo\/image\/\",\"url\":\"https:\/\/comarbois.com\/wp-content\/uploads\/2021\/03\/LOGO-COMARBOIS-H-RVB.png\",\"contentUrl\":\"https:\/\/comarbois.com\/wp-content\/uploads\/2021\/03\/LOGO-COMARBOIS-H-RVB.png\",\"width\":3543,\"height\":1210,\"caption\":\"Comarbois\"},\"image\":{\"@id\":\"https:\/\/comarbois.com\/en\/#\/schema\/logo\/image\/\"},\"sameAs\":[\"https:\/\/www.facebook.com\/comarbois\/\",\"https:\/\/www.linkedin.com\/company\/3057658\/\",\"https:\/\/www.instagram.com\/comarbois\/\"]}]}<\/script>\n<!-- \/ Yoast SEO plugin. -->","yoast_head_json":{"title":"ALVIC\u00ae \u2013 Made in Spain &#8211; Comarbois","description":"Exclusivit\u00e9 Comarbois: le Valchromat est un panneau en fibres de bois color\u00e9 dans son \u00e9paisseur. Un favoris des architectes.","robots":{"index":"index","follow":"follow","max-snippet":"max-snippet:-1","max-image-preview":"max-image-preview:large","max-video-preview":"max-video-preview:-1"},"canonical":"https:\/\/comarbois.com\/en\/produit\/alvic-made-in-spain\/","og_locale":"en_US","og_type":"article","og_title":"ALVIC\u00ae \u2013 Made in Spain &#8211; Comarbois","og_description":"Exclusivit\u00e9 Comarbois: le Valchromat est un panneau en fibres de bois color\u00e9 dans son \u00e9paisseur. Un favoris des architectes.","og_url":"https:\/\/comarbois.com\/en\/produit\/alvic-made-in-spain\/","og_site_name":"Comarbois","article_publisher":"https:\/\/www.facebook.com\/comarbois\/","article_modified_time":"2023-09-07T12:28:44+00:00","og_image":[{"width":1088,"height":800,"url":"https:\/\/comarbois.com\/wp-content\/uploads\/2023\/09\/image-alvic-1088x800.png","type":"image\/png"}],"twitter_card":"summary_large_image","twitter_misc":{"Est. reading time":"7 minutes"},"schema":{"@context":"https:\/\/schema.org","@graph":[{"@type":"WebPage","@id":"https:\/\/comarbois.com\/en\/produit\/alvic-made-in-spain\/","url":"https:\/\/comarbois.com\/en\/produit\/alvic-made-in-spain\/","name":"ALVIC\u00ae \u2013 Made in Spain &#8211; Comarbois","isPartOf":{"@id":"https:\/\/comarbois.com\/en\/#website"},"primaryImageOfPage":{"@id":"https:\/\/comarbois.com\/en\/produit\/alvic-made-in-spain\/#primaryimage"},"image":{"@id":"https:\/\/comarbois.com\/produit\/alvic-made-in-spain\/#primaryimage"},"thumbnailUrl":"https:\/\/comarbois.com\/wp-content\/uploads\/2023\/09\/image-alvic.png","datePublished":"2023-09-06T14:02:33+00:00","dateModified":"2023-09-07T12:28:44+00:00","description":"Exclusivit\u00e9 Comarbois: le Valchromat est un panneau en fibres de bois color\u00e9 dans son \u00e9paisseur. Un favoris des architectes.","breadcrumb":{"@id":"https:\/\/comarbois.com\/en\/produit\/alvic-made-in-spain\/#breadcrumb"},"inLanguage":"en-US","potentialAction":[{"@type":"ReadAction","target":[["https:\/\/comarbois.com\/en\/produit\/alvic-made-in-spain\/"]]}]},{"@type":"ImageObject","inLanguage":"en-US","@id":"https:\/\/comarbois.com\/en\/produit\/alvic-made-in-spain\/#primaryimage","url":"https:\/\/comarbois.com\/wp-content\/uploads\/2023\/09\/image-alvic.png","contentUrl":"https:\/\/comarbois.com\/wp-content\/uploads\/2023\/09\/image-alvic.png","width":2606,"height":1916},{"@type":"BreadcrumbList","@id":"https:\/\/comarbois.com\/en\/produit\/alvic-made-in-spain\/#breadcrumb","itemListElement":[{"@type":"ListItem","position":1,"name":"Accueil","item":"https:\/\/comarbois.com\/en\/"},{"@type":"ListItem","position":2,"name":"Produits","item":"https:\/\/comarbois.com\/en\/boutique\/"},{"@type":"ListItem","position":3,"name":"ALVIC\u00ae \u2013 Made in Spain"}]},{"@type":"WebSite","@id":"https:\/\/comarbois.com\/en\/#website","url":"https:\/\/comarbois.com\/en\/","name":"Comarbois","description":"","publisher":{"@id":"https:\/\/comarbois.com\/en\/#organization"},"potentialAction":[{"@type":"SearchAction","target":{"@type":"EntryPoint","urlTemplate":"https:\/\/comarbois.com\/en\/?s={search_term_string}"},"query-input":{"@type":"PropertyValueSpecification","valueRequired":true,"valueName":"search_term_string"}}],"inLanguage":"en-US"},{"@type":"Organization","@id":"https:\/\/comarbois.com\/en\/#organization","name":"Comarbois","url":"https:\/\/comarbois.com\/en\/","logo":{"@type":"ImageObject","inLanguage":"en-US","@id":"https:\/\/comarbois.com\/en\/#\/schema\/logo\/image\/","url":"https:\/\/comarbois.com\/wp-content\/uploads\/2021\/03\/LOGO-COMARBOIS-H-RVB.png","contentUrl":"https:\/\/comarbois.com\/wp-content\/uploads\/2021\/03\/LOGO-COMARBOIS-H-RVB.png","width":3543,"height":1210,"caption":"Comarbois"},"image":{"@id":"https:\/\/comarbois.com\/en\/#\/schema\/logo\/image\/"},"sameAs":["https:\/\/www.facebook.com\/comarbois\/","https:\/\/www.linkedin.com\/company\/3057658\/","https:\/\/www.instagram.com\/comarbois\/"]}]}},"_links":{"self":[{"href":"https:\/\/comarbois.com\/en\/wp-json\/wp\/v2\/product\/23057"}],"collection":[{"href":"https:\/\/comarbois.com\/en\/wp-json\/wp\/v2\/product"}],"about":[{"href":"https:\/\/comarbois.com\/en\/wp-json\/wp\/v2\/types\/product"}],"wp:featuredmedia":[{"embeddable":true,"href":"https:\/\/comarbois.com\/en\/wp-json\/wp\/v2\/media\/23058"}],"wp:attachment":[{"href":"https:\/\/comarbois.com\/en\/wp-json\/wp\/v2\/media?parent=23057"}],"wp:term":[{"taxonomy":"product_cat","embeddable":true,"href":"https:\/\/comarbois.com\/en\/wp-json\/wp\/v2\/product_cat?post=23057"},{"taxonomy":"product_tag","embeddable":true,"href":"https:\/\/comarbois.com\/en\/wp-json\/wp\/v2\/product_tag?post=23057"}],"curies":[{"name":"wp","href":"https:\/\/api.w.org\/{rel}","templated":true}]}}