{"id":20759,"date":"2022-04-21T15:04:25","date_gmt":"2022-04-21T15:04:25","guid":{"rendered":"https:\/\/comarbois.com\/?post_type=product&#038;p=20759"},"modified":"2025-05-13T14:00:54","modified_gmt":"2025-05-13T13:00:54","slug":"plaques-de-platre-accessoires","status":"publish","type":"product","link":"https:\/\/comarbois.com\/en\/produit\/plaques-de-platre-accessoires\/","title":{"rendered":"PLASTERBOARDS &#038; ACCESSORIES"},"content":{"rendered":"<p>[vc_row gap=&#8221;35&#8243; equal_height=&#8221;yes&#8221; woodmart_css_id=&#8221;627b91f3dcca2&#8243; responsive_spacing=&#8221;eyJwYXJhbV90eXBlIjoid29vZG1hcnRfcmVzcG9uc2l2ZV9zcGFjaW5nIiwic2VsZWN0b3JfaWQiOiI2MjdiOTFmM2RjY2EyIiwic2hvcnRjb2RlIjoidmNfcm93IiwiZGF0YSI6eyJ0YWJsZXQiOnt9LCJtb2JpbGUiOnt9fX0=&#8221; mobile_bg_img_hidden=&#8221;no&#8221; tablet_bg_img_hidden=&#8221;no&#8221; woodmart_parallax=&#8221;0&#8243; woodmart_gradient_switch=&#8221;no&#8221; woodmart_box_shadow=&#8221;no&#8221; wd_z_index=&#8221;no&#8221; woodmart_disable_overflow=&#8221;0&#8243; row_reverse_mobile=&#8221;0&#8243; row_reverse_tablet=&#8221;0&#8243;][vc_column width=&#8221;1\/3&#8243; woodmart_text_align=&#8221;left&#8221; woodmart_css_id=&#8221;627b90f0cc6a9&#8243; parallax_scroll=&#8221;no&#8221; woodmart_sticky_column=&#8221;false&#8221; wd_collapsible_content_switcher=&#8221;no&#8221; wd_column_role_offcanvas_desktop=&#8221;no&#8221; wd_column_role_offcanvas_tablet=&#8221;no&#8221; wd_column_role_offcanvas_mobile=&#8221;no&#8221; wd_column_role_content_desktop=&#8221;no&#8221; wd_column_role_content_tablet=&#8221;no&#8221; wd_column_role_content_mobile=&#8221;no&#8221; mobile_bg_img_hidden=&#8221;no&#8221; tablet_bg_img_hidden=&#8221;no&#8221; woodmart_parallax=&#8221;0&#8243; woodmart_box_shadow=&#8221;no&#8221; responsive_spacing=&#8221;eyJwYXJhbV90eXBlIjoid29vZG1hcnRfcmVzcG9uc2l2ZV9zcGFjaW5nIiwic2VsZWN0b3JfaWQiOiI2MjdiOTBmMGNjNmE5Iiwic2hvcnRjb2RlIjoidmNfY29sdW1uIiwiZGF0YSI6eyJ0YWJsZXQiOnt9LCJtb2JpbGUiOnt9fX0=&#8221; mobile_reset_margin=&#8221;no&#8221; tablet_reset_margin=&#8221;no&#8221; wd_z_index=&#8221;no&#8221;][vc_column_text woodmart_inline=&#8221;no&#8221; text_larger=&#8221;no&#8221;]<\/p>\n<div class=\"info portfolio_custom_field\">\n<p><strong>DESCRIPTION<br \/>\n<\/strong>Comarbois offers several types of plasterboards for your interior design projects. Known for their resistance to moisture, flame, shocks and their ability to improve the quality of ambient air, these plasterboards can be used to build partitions, counter walls, standard ceilings, acoustic walls and ceilings.<\/p>\n<\/div>\n<p>[\/vc_column_text][vc_column_text woodmart_inline=&#8221;no&#8221; text_larger=&#8221;no&#8221;]<strong>PLASTERBOARD TYPES<br \/>\n<\/strong>\u2192 Standard plasterboards: BA13, BA15, BA18<br \/>\n\u2192 Water-repellent plasterboard<br \/>\n\u2192 Acoustic plasterboard<br \/>\n\u2192 Fireproof plasterboard<br \/>\n\u2192 High-strength plasterboard[\/vc_column_text][\/vc_column][vc_column width=&#8221;1\/3&#8243;][vc_column_text woodmart_inline=&#8221;no&#8221; text_larger=&#8221;no&#8221;]<\/p>\n<div class=\"info portfolio_custom_field\">\n<p><strong>ACCESSORIES<\/strong><br \/>\nAll plasterboard accessories are also available for a perfect installation : sealing tapes, reinforced tapes, screws (9.5, 25, 35 and 45mm), sleeves, etc.<\/p>\n<\/div>\n<p>[\/vc_column_text][vc_column_text woodmart_inline=&#8221;no&#8221; text_larger=&#8221;no&#8221;]<\/p>\n<div class=\"info portfolio_custom_field\">\n<p><strong>APPLICATION<br \/>\n<\/strong>\u2192 New constructions or renovation<br \/>\n\u2192 Various premises: houses, hotels, commercial and industrial establishments, schools, high-rise buildings, hospitals, clinics, medical laboratories, food environments, etc.<\/p>\n<\/div>\n<p>[\/vc_column_text][\/vc_column][vc_column width=&#8221;1\/3&#8243;][vc_column_text woodmart_inline=&#8221;no&#8221; text_larger=&#8221;no&#8221;]<\/p>\n<div class=\"info portfolio_custom_field\"><strong>DIMENSIONS &amp; THICKNESSES<\/strong><br \/>\nSeveral dimensions and thicknesses available<\/div>\n<p>[\/vc_column_text][vc_btn title=&#8221;DOWNLOAD FACT SHEET&#8221; shape=&#8221;square&#8221; i_icon_fontawesome=&#8221;fas fa-paperclip&#8221; css_animation=&#8221;bounceIn&#8221; add_icon=&#8221;true&#8221; link=&#8221;url:http%3A%2F%2Fcomarbois.com%2Fwp-content%2Fuploads%2F2022%2F05%2FFICHE_PLAQUES-DE-PLATRE.pdf|target:_blank&#8221;][\/vc_column][\/vc_row]<\/p>","protected":false},"excerpt":{"rendered":"<p>Highly aesthetic and insulating, the false ceiling is a highly requested solution in interior design projects&#8230;<\/p>\n","protected":false},"featured_media":21144,"template":"","meta":[],"product_cat":[410,309,312],"product_tag":[],"class_list":{"0":"post-20759","1":"product","2":"type-product","3":"status-publish","4":"has-post-thumbnail","6":"product_cat-amenagement-interieur","7":"product_cat-isolation-etancheite","8":"product_cat-tout-afficher","10":"first","11":"instock","12":"shipping-taxable","13":"purchasable","14":"product-type-simple"},"yoast_head":"<!-- This site is optimized with the Yoast SEO plugin v23.5 - https:\/\/yoast.com\/wordpress\/plugins\/seo\/ -->\n<title>PLASTERBOARDS &amp; ACCESSORIES &#8211; Comarbois<\/title>\n<meta name=\"description\" content=\"Comarbois vous propose plusieurs types de plaques de pl\u00e2tre pour vos projets d\u2019am\u00e9nagement d\u2019int\u00e9rieur.\" \/>\n<meta name=\"robots\" content=\"index, follow, max-snippet:-1, max-image-preview:large, max-video-preview:-1\" \/>\n<link rel=\"canonical\" href=\"https:\/\/comarbois.com\/en\/produit\/plaques-de-platre-accessoires\/\" \/>\n<meta property=\"og:locale\" content=\"en_US\" \/>\n<meta property=\"og:type\" content=\"article\" \/>\n<meta property=\"og:title\" content=\"PLASTERBOARDS &amp; ACCESSORIES &#8211; Comarbois\" \/>\n<meta property=\"og:description\" content=\"Comarbois vous propose plusieurs types de plaques de pl\u00e2tre pour vos projets d\u2019am\u00e9nagement d\u2019int\u00e9rieur.\" \/>\n<meta property=\"og:url\" content=\"https:\/\/comarbois.com\/en\/produit\/plaques-de-platre-accessoires\/\" \/>\n<meta property=\"og:site_name\" content=\"Comarbois\" \/>\n<meta property=\"article:publisher\" content=\"https:\/\/www.facebook.com\/comarbois\/\" \/>\n<meta property=\"article:modified_time\" content=\"2025-05-13T13:00:54+00:00\" \/>\n<meta property=\"og:image\" content=\"https:\/\/comarbois.com\/wp-content\/uploads\/2022\/04\/plaque-de-platre-hydrofuge-HRK-12-5mm-260x120-cm_156843_000_1920x1440.jpg\" \/>\n\t<meta property=\"og:image:width\" content=\"1440\" \/>\n\t<meta property=\"og:image:height\" content=\"1440\" \/>\n\t<meta property=\"og:image:type\" content=\"image\/jpeg\" \/>\n<meta name=\"twitter:card\" content=\"summary_large_image\" \/>\n<meta name=\"twitter:label1\" content=\"Est. reading time\" \/>\n\t<meta name=\"twitter:data1\" content=\"4 minutes\" \/>\n<script type=\"application\/ld+json\" class=\"yoast-schema-graph\">{\"@context\":\"https:\/\/schema.org\",\"@graph\":[{\"@type\":\"WebPage\",\"@id\":\"https:\/\/comarbois.com\/en\/produit\/plaques-de-platre-accessoires\/\",\"url\":\"https:\/\/comarbois.com\/en\/produit\/plaques-de-platre-accessoires\/\",\"name\":\"PLASTERBOARDS & ACCESSORIES &#8211; Comarbois\",\"isPartOf\":{\"@id\":\"https:\/\/comarbois.com\/en\/#website\"},\"primaryImageOfPage\":{\"@id\":\"https:\/\/comarbois.com\/en\/produit\/plaques-de-platre-accessoires\/#primaryimage\"},\"image\":{\"@id\":\"https:\/\/comarbois.com\/produit\/plaques-de-platre-accessoires\/#primaryimage\"},\"thumbnailUrl\":\"https:\/\/comarbois.com\/wp-content\/uploads\/2022\/04\/plaque-de-platre-hydrofuge-HRK-12-5mm-260x120-cm_156843_000_1920x1440.jpg\",\"datePublished\":\"2022-04-21T15:04:25+00:00\",\"dateModified\":\"2025-05-13T13:00:54+00:00\",\"description\":\"Comarbois vous propose plusieurs types de plaques de pl\u00e2tre pour vos projets d\u2019am\u00e9nagement d\u2019int\u00e9rieur.\",\"breadcrumb\":{\"@id\":\"https:\/\/comarbois.com\/en\/produit\/plaques-de-platre-accessoires\/#breadcrumb\"},\"inLanguage\":\"en-US\",\"potentialAction\":[{\"@type\":\"ReadAction\",\"target\":[[\"https:\/\/comarbois.com\/en\/produit\/plaques-de-platre-accessoires\/\"]]}]},{\"@type\":\"ImageObject\",\"inLanguage\":\"en-US\",\"@id\":\"https:\/\/comarbois.com\/en\/produit\/plaques-de-platre-accessoires\/#primaryimage\",\"url\":\"https:\/\/comarbois.com\/wp-content\/uploads\/2022\/04\/plaque-de-platre-hydrofuge-HRK-12-5mm-260x120-cm_156843_000_1920x1440.jpg\",\"contentUrl\":\"https:\/\/comarbois.com\/wp-content\/uploads\/2022\/04\/plaque-de-platre-hydrofuge-HRK-12-5mm-260x120-cm_156843_000_1920x1440.jpg\",\"width\":1440,\"height\":1440,\"caption\":\"(Fran\u00e7ais) Pour vos constructions neuves ou r\u00e9habilitation des locaux, plusieurs types de plaques de pl\u00e2tre vous ont \u00e9t\u00e9 offertes par Comarbois. Plaques de pl\u00e2tre standard : BA13, BA15, BA18, plaque de pl\u00e2tre hydrofuge, plaque de pl\u00e2tre phonique, plaque de pl\u00e2tre ignifuge ou anti-feu, plaque de pl\u00e2tre haute duret\u00e9\"},{\"@type\":\"BreadcrumbList\",\"@id\":\"https:\/\/comarbois.com\/en\/produit\/plaques-de-platre-accessoires\/#breadcrumb\",\"itemListElement\":[{\"@type\":\"ListItem\",\"position\":1,\"name\":\"Accueil\",\"item\":\"https:\/\/comarbois.com\/en\/\"},{\"@type\":\"ListItem\",\"position\":2,\"name\":\"Produits\",\"item\":\"https:\/\/comarbois.com\/en\/boutique\/\"},{\"@type\":\"ListItem\",\"position\":3,\"name\":\"PLAQUES DE PL\u00c2TRE &#038; ACCESSOIRES\"}]},{\"@type\":\"WebSite\",\"@id\":\"https:\/\/comarbois.com\/en\/#website\",\"url\":\"https:\/\/comarbois.com\/en\/\",\"name\":\"Comarbois\",\"description\":\"\",\"publisher\":{\"@id\":\"https:\/\/comarbois.com\/en\/#organization\"},\"potentialAction\":[{\"@type\":\"SearchAction\",\"target\":{\"@type\":\"EntryPoint\",\"urlTemplate\":\"https:\/\/comarbois.com\/en\/?s={search_term_string}\"},\"query-input\":{\"@type\":\"PropertyValueSpecification\",\"valueRequired\":true,\"valueName\":\"search_term_string\"}}],\"inLanguage\":\"en-US\"},{\"@type\":\"Organization\",\"@id\":\"https:\/\/comarbois.com\/en\/#organization\",\"name\":\"Comarbois\",\"url\":\"https:\/\/comarbois.com\/en\/\",\"logo\":{\"@type\":\"ImageObject\",\"inLanguage\":\"en-US\",\"@id\":\"https:\/\/comarbois.com\/en\/#\/schema\/logo\/image\/\",\"url\":\"https:\/\/comarbois.com\/wp-content\/uploads\/2021\/03\/LOGO-COMARBOIS-H-RVB.png\",\"contentUrl\":\"https:\/\/comarbois.com\/wp-content\/uploads\/2021\/03\/LOGO-COMARBOIS-H-RVB.png\",\"width\":3543,\"height\":1210,\"caption\":\"Comarbois\"},\"image\":{\"@id\":\"https:\/\/comarbois.com\/en\/#\/schema\/logo\/image\/\"},\"sameAs\":[\"https:\/\/www.facebook.com\/comarbois\/\",\"https:\/\/www.linkedin.com\/company\/3057658\/\",\"https:\/\/www.instagram.com\/comarbois\/\"]}]}<\/script>\n<!-- \/ Yoast SEO plugin. -->","yoast_head_json":{"title":"PLASTERBOARDS & ACCESSORIES &#8211; Comarbois","description":"Comarbois vous propose plusieurs types de plaques de pl\u00e2tre pour vos projets d\u2019am\u00e9nagement d\u2019int\u00e9rieur.","robots":{"index":"index","follow":"follow","max-snippet":"max-snippet:-1","max-image-preview":"max-image-preview:large","max-video-preview":"max-video-preview:-1"},"canonical":"https:\/\/comarbois.com\/en\/produit\/plaques-de-platre-accessoires\/","og_locale":"en_US","og_type":"article","og_title":"PLASTERBOARDS & ACCESSORIES &#8211; Comarbois","og_description":"Comarbois vous propose plusieurs types de plaques de pl\u00e2tre pour vos projets d\u2019am\u00e9nagement d\u2019int\u00e9rieur.","og_url":"https:\/\/comarbois.com\/en\/produit\/plaques-de-platre-accessoires\/","og_site_name":"Comarbois","article_publisher":"https:\/\/www.facebook.com\/comarbois\/","article_modified_time":"2025-05-13T13:00:54+00:00","og_image":[{"width":1440,"height":1440,"url":"https:\/\/comarbois.com\/wp-content\/uploads\/2022\/04\/plaque-de-platre-hydrofuge-HRK-12-5mm-260x120-cm_156843_000_1920x1440.jpg","type":"image\/jpeg"}],"twitter_card":"summary_large_image","twitter_misc":{"Est. reading time":"4 minutes"},"schema":{"@context":"https:\/\/schema.org","@graph":[{"@type":"WebPage","@id":"https:\/\/comarbois.com\/en\/produit\/plaques-de-platre-accessoires\/","url":"https:\/\/comarbois.com\/en\/produit\/plaques-de-platre-accessoires\/","name":"PLASTERBOARDS & ACCESSORIES &#8211; Comarbois","isPartOf":{"@id":"https:\/\/comarbois.com\/en\/#website"},"primaryImageOfPage":{"@id":"https:\/\/comarbois.com\/en\/produit\/plaques-de-platre-accessoires\/#primaryimage"},"image":{"@id":"https:\/\/comarbois.com\/produit\/plaques-de-platre-accessoires\/#primaryimage"},"thumbnailUrl":"https:\/\/comarbois.com\/wp-content\/uploads\/2022\/04\/plaque-de-platre-hydrofuge-HRK-12-5mm-260x120-cm_156843_000_1920x1440.jpg","datePublished":"2022-04-21T15:04:25+00:00","dateModified":"2025-05-13T13:00:54+00:00","description":"Comarbois vous propose plusieurs types de plaques de pl\u00e2tre pour vos projets d\u2019am\u00e9nagement d\u2019int\u00e9rieur.","breadcrumb":{"@id":"https:\/\/comarbois.com\/en\/produit\/plaques-de-platre-accessoires\/#breadcrumb"},"inLanguage":"en-US","potentialAction":[{"@type":"ReadAction","target":[["https:\/\/comarbois.com\/en\/produit\/plaques-de-platre-accessoires\/"]]}]},{"@type":"ImageObject","inLanguage":"en-US","@id":"https:\/\/comarbois.com\/en\/produit\/plaques-de-platre-accessoires\/#primaryimage","url":"https:\/\/comarbois.com\/wp-content\/uploads\/2022\/04\/plaque-de-platre-hydrofuge-HRK-12-5mm-260x120-cm_156843_000_1920x1440.jpg","contentUrl":"https:\/\/comarbois.com\/wp-content\/uploads\/2022\/04\/plaque-de-platre-hydrofuge-HRK-12-5mm-260x120-cm_156843_000_1920x1440.jpg","width":1440,"height":1440,"caption":"(Fran\u00e7ais) Pour vos constructions neuves ou r\u00e9habilitation des locaux, plusieurs types de plaques de pl\u00e2tre vous ont \u00e9t\u00e9 offertes par Comarbois. Plaques de pl\u00e2tre standard : BA13, BA15, BA18, plaque de pl\u00e2tre hydrofuge, plaque de pl\u00e2tre phonique, plaque de pl\u00e2tre ignifuge ou anti-feu, plaque de pl\u00e2tre haute duret\u00e9"},{"@type":"BreadcrumbList","@id":"https:\/\/comarbois.com\/en\/produit\/plaques-de-platre-accessoires\/#breadcrumb","itemListElement":[{"@type":"ListItem","position":1,"name":"Accueil","item":"https:\/\/comarbois.com\/en\/"},{"@type":"ListItem","position":2,"name":"Produits","item":"https:\/\/comarbois.com\/en\/boutique\/"},{"@type":"ListItem","position":3,"name":"PLAQUES DE PL\u00c2TRE &#038; ACCESSOIRES"}]},{"@type":"WebSite","@id":"https:\/\/comarbois.com\/en\/#website","url":"https:\/\/comarbois.com\/en\/","name":"Comarbois","description":"","publisher":{"@id":"https:\/\/comarbois.com\/en\/#organization"},"potentialAction":[{"@type":"SearchAction","target":{"@type":"EntryPoint","urlTemplate":"https:\/\/comarbois.com\/en\/?s={search_term_string}"},"query-input":{"@type":"PropertyValueSpecification","valueRequired":true,"valueName":"search_term_string"}}],"inLanguage":"en-US"},{"@type":"Organization","@id":"https:\/\/comarbois.com\/en\/#organization","name":"Comarbois","url":"https:\/\/comarbois.com\/en\/","logo":{"@type":"ImageObject","inLanguage":"en-US","@id":"https:\/\/comarbois.com\/en\/#\/schema\/logo\/image\/","url":"https:\/\/comarbois.com\/wp-content\/uploads\/2021\/03\/LOGO-COMARBOIS-H-RVB.png","contentUrl":"https:\/\/comarbois.com\/wp-content\/uploads\/2021\/03\/LOGO-COMARBOIS-H-RVB.png","width":3543,"height":1210,"caption":"Comarbois"},"image":{"@id":"https:\/\/comarbois.com\/en\/#\/schema\/logo\/image\/"},"sameAs":["https:\/\/www.facebook.com\/comarbois\/","https:\/\/www.linkedin.com\/company\/3057658\/","https:\/\/www.instagram.com\/comarbois\/"]}]}},"_links":{"self":[{"href":"https:\/\/comarbois.com\/en\/wp-json\/wp\/v2\/product\/20759","targetHints":{"allow":["GET"]}}],"collection":[{"href":"https:\/\/comarbois.com\/en\/wp-json\/wp\/v2\/product"}],"about":[{"href":"https:\/\/comarbois.com\/en\/wp-json\/wp\/v2\/types\/product"}],"wp:featuredmedia":[{"embeddable":true,"href":"https:\/\/comarbois.com\/en\/wp-json\/wp\/v2\/media\/21144"}],"wp:attachment":[{"href":"https:\/\/comarbois.com\/en\/wp-json\/wp\/v2\/media?parent=20759"}],"wp:term":[{"taxonomy":"product_cat","embeddable":true,"href":"https:\/\/comarbois.com\/en\/wp-json\/wp\/v2\/product_cat?post=20759"},{"taxonomy":"product_tag","embeddable":true,"href":"https:\/\/comarbois.com\/en\/wp-json\/wp\/v2\/product_tag?post=20759"}],"curies":[{"name":"wp","href":"https:\/\/api.w.org\/{rel}","templated":true}]}}