{"id":20014,"date":"2022-03-23T16:41:54","date_gmt":"2022-03-23T15:41:54","guid":{"rendered":"https:\/\/comarbois.com\/?post_type=product&#038;p=20014"},"modified":"2022-09-14T14:01:18","modified_gmt":"2022-09-14T13:01:18","slug":"bois-blanc","status":"publish","type":"product","link":"https:\/\/comarbois.com\/en\/produit\/bois-blanc\/","title":{"rendered":"WHITE WOOD"},"content":{"rendered":"<p>[vc_row gap=&#8221;35&#8243; woodmart_css_id=&#8221;6284e9674b8f4&#8243; responsive_spacing=&#8221;eyJwYXJhbV90eXBlIjoid29vZG1hcnRfcmVzcG9uc2l2ZV9zcGFjaW5nIiwic2VsZWN0b3JfaWQiOiI2Mjg0ZTk2NzRiOGY0Iiwic2hvcnRjb2RlIjoidmNfcm93IiwiZGF0YSI6eyJ0YWJsZXQiOnt9LCJtb2JpbGUiOnt9fX0=&#8221; mobile_bg_img_hidden=&#8221;no&#8221; tablet_bg_img_hidden=&#8221;no&#8221; woodmart_parallax=&#8221;0&#8243; woodmart_gradient_switch=&#8221;no&#8221; woodmart_box_shadow=&#8221;no&#8221; wd_z_index=&#8221;no&#8221; woodmart_disable_overflow=&#8221;0&#8243; row_reverse_mobile=&#8221;0&#8243; row_reverse_tablet=&#8221;0&#8243;][vc_column width=&#8221;1\/3&#8243;][vc_column_text woodmart_inline=&#8221;no&#8221; text_larger=&#8221;no&#8221;]<strong>DESCRIPTION<br \/>\n<\/strong><span class=\"VIiyi\" lang=\"en\"><span class=\"JLqJ4b ChMk0b\" data-language-for-alternatives=\"en\" data-language-to-translate-into=\"fr\" data-phrase-index=\"0\" data-number-of-phrases=\"2\"><span class=\"Q4iAWc\">Comarbois has a large stock of white wood, also called fir or spruce, imported from Sweden and Finland.<\/span><\/span> <span class=\"JLqJ4b ChMk0b\" data-language-for-alternatives=\"en\" data-language-to-translate-into=\"fr\" data-phrase-index=\"1\" data-number-of-phrases=\"2\"><span class=\"Q4iAWc\">It is a light and resistant species, used for interior and exterior carpentry, the manufacture of carpentry, frames, doors and windows as well as for formwork.<\/span><\/span><\/span>[\/vc_column_text][vc_column_text woodmart_inline=&#8221;no&#8221; text_larger=&#8221;no&#8221;]<strong>SPECIES<\/strong><br \/>\nSpruce[\/vc_column_text][vc_column_text woodmart_inline=&#8221;no&#8221; text_larger=&#8221;no&#8221;]<strong>ORIGINS<\/strong><br \/>\nSweden, Finland[\/vc_column_text][\/vc_column][vc_column width=&#8221;1\/3&#8243;][vc_column_text woodmart_inline=&#8221;no&#8221; text_larger=&#8221;no&#8221;]<strong>MOISTURE CONTENT &amp; DURABILITY<\/strong><br \/>\n18% moisture content or 12% depending on use<br \/>\nClass 1 (natural) to Class 4 (autoclave treatment)[\/vc_column_text][vc_column_text woodmart_inline=&#8221;no&#8221; text_larger=&#8221;no&#8221;]<\/p>\n<div class=\"portfolio_detail\">\n<div class=\"info portfolio_custom_field\">\n<div class=\"info portfolio_custom_field\">\n<div class=\"info portfolio_custom_field\"><strong>DENSITY<br \/>\n<\/strong>440 kg\/m3 (at 12% moisture content)<\/div>\n<\/div>\n<\/div>\n<\/div>\n<p>[\/vc_column_text][vc_column_text woodmart_inline=&#8221;no&#8221; text_larger=&#8221;no&#8221;]<\/p>\n<div class=\"portfolio_detail\">\n<div class=\"info portfolio_custom_field\">\n<div class=\"info portfolio_custom_field\">\n<div class=\"info portfolio_custom_field\"><strong><strong>ELASTICITY<br \/>\n<\/strong><\/strong>11 000 Mpa<\/div>\n<\/div>\n<\/div>\n<\/div>\n<p>[\/vc_column_text][vc_column_text woodmart_inline=&#8221;no&#8221; text_larger=&#8221;no&#8221;]<\/p>\n<div class=\"portfolio_detail\">\n<div class=\"info portfolio_custom_field\">\n<div class=\"info portfolio_custom_field\">\n<p><strong>RESISTANCE<\/strong><br \/>\nFlexion : 75 Mpa<br \/>\nTraction : 90 Mpa<br \/>\nCompression : 40 Mpa<\/p>\n<\/div>\n<\/div>\n<\/div>\n<p>[\/vc_column_text][\/vc_column][vc_column width=&#8221;1\/3&#8243;][vc_column_text woodmart_inline=&#8221;no&#8221; text_larger=&#8221;no&#8221;]<\/p>\n<div class=\"portfolio_detail\">\n<div class=\"info portfolio_custom_field\">\n<div class=\"info portfolio_custom_field\">\n<p><strong>USES<\/strong><br \/>\nInterior and exterior joinery, door\/window frames, glulam, drums, containers, pallets, framings and wooden framework home construction, etc.<\/p>\n<\/div>\n<div class=\"info portfolio_custom_field\">\n<p>&nbsp;<\/p>\n<p><strong>QUALITIES &#8211; PDF<\/strong><br \/>\n<a href=\"http:\/\/comarbois.com\/wp-content\/uploads\/2022\/05\/Qualite\u0301s-BOIS-BLANC.pdf\">More details about different qualities.<\/a><\/p>\n<p><strong>SIZES &#8211; PDF<\/strong><br \/>\n<a href=\"http:\/\/comarbois.com\/wp-content\/uploads\/2022\/05\/Dimensions-BOIS-BLANC.pdf\">More details about sizes.<\/a><\/p>\n<\/div>\n<\/div>\n<\/div>\n<p>[\/vc_column_text][vc_btn title=&#8221;DOWNLOAD FACT SHEET&#8221; shape=&#8221;square&#8221; i_icon_fontawesome=&#8221;fas fa-paperclip&#8221; css_animation=&#8221;bounceIn&#8221; add_icon=&#8221;true&#8221; link=&#8221;url:http%3A%2F%2Fcomarbois.com%2Fwp-content%2Fuploads%2F2022%2F05%2FFICHE_BOIS-BLANC.pdf&#8221;][\/vc_column][\/vc_row]<\/p>","protected":false},"excerpt":{"rendered":"<p>[vc_row gap=&#8221;35&#8243; woodmart_css_id=&#8221;6284e9674b8f4&#8243; responsive_spacing=&#8221;eyJwYXJhbV90eXBlIjoid29vZG1hcnRfcmVzcG9uc2l2ZV9zcGFjaW5nIiwic2VsZWN0b3JfaWQiOiI2Mjg0ZTk2NzRiOGY0Iiwic2hvcnRjb2RlIjoidmNfcm93IiwiZGF0YSI6eyJ0YWJsZXQiOnt9LCJtb2JpbGUiOnt9fX0=&#8221; mobile_bg_img_hidden=&#8221;no&#8221; tablet_bg_img_hidden=&#8221;no&#8221; woodmart_parallax=&#8221;0&#8243; woodmart_gradient_switch=&#8221;no&#8221; woodmart_box_shadow=&#8221;no&#8221; wd_z_index=&#8221;no&#8221; woodmart_disable_overflow=&#8221;0&#8243; row_reverse_mobile=&#8221;0&#8243; row_reverse_tablet=&#8221;0&#8243;][vc_column width=&#8221;1\/3&#8243;][vc_column_text woodmart_inline=&#8221;no&#8221; text_larger=&#8221;no&#8221;]DESCRIPTION Comarbois has a large<\/p>\n","protected":false},"featured_media":17537,"template":"","meta":[],"product_cat":[242,312],"product_tag":[],"class_list":{"0":"post-20014","1":"product","2":"type-product","3":"status-publish","4":"has-post-thumbnail","6":"product_cat-bois-de-menuiserie-industriels","7":"product_cat-tout-afficher","9":"first","10":"instock","11":"shipping-taxable","12":"purchasable","13":"product-type-simple"},"yoast_head":"<!-- This site is optimized with the Yoast SEO plugin v23.5 - https:\/\/yoast.com\/wordpress\/plugins\/seo\/ -->\n<title>WHITE WOOD &#8211; Comarbois<\/title>\n<meta name=\"description\" content=\"Le\u0301ger et re\u0301sistant, id\u00e9al pour la menuiserie inte\u0301rieure\/exte\u0301rieure, la fabrication de charpentes, cadres, portes et fene\u0302tres et le coffrage.\" \/>\n<meta name=\"robots\" content=\"index, follow, max-snippet:-1, max-image-preview:large, max-video-preview:-1\" \/>\n<link rel=\"canonical\" href=\"https:\/\/comarbois.com\/en\/produit\/bois-blanc\/\" \/>\n<meta property=\"og:locale\" content=\"en_US\" \/>\n<meta property=\"og:type\" content=\"article\" \/>\n<meta property=\"og:title\" content=\"WHITE WOOD &#8211; Comarbois\" \/>\n<meta property=\"og:description\" content=\"Le\u0301ger et re\u0301sistant, id\u00e9al pour la menuiserie inte\u0301rieure\/exte\u0301rieure, la fabrication de charpentes, cadres, portes et fene\u0302tres et le coffrage.\" \/>\n<meta property=\"og:url\" content=\"https:\/\/comarbois.com\/en\/produit\/bois-blanc\/\" \/>\n<meta property=\"og:site_name\" content=\"Comarbois\" \/>\n<meta property=\"article:publisher\" content=\"https:\/\/www.facebook.com\/comarbois\/\" \/>\n<meta property=\"article:modified_time\" content=\"2022-09-14T13:01:18+00:00\" \/>\n<meta property=\"og:image\" content=\"https:\/\/comarbois.com\/wp-content\/uploads\/2013\/10\/bois_blanc1_resized.jpeg\" \/>\n\t<meta property=\"og:image:width\" content=\"1200\" \/>\n\t<meta property=\"og:image:height\" content=\"1203\" \/>\n\t<meta property=\"og:image:type\" content=\"image\/jpeg\" \/>\n<meta name=\"twitter:card\" content=\"summary_large_image\" \/>\n<meta name=\"twitter:label1\" content=\"Est. reading time\" \/>\n\t<meta name=\"twitter:data1\" content=\"3 minutes\" \/>\n<script type=\"application\/ld+json\" class=\"yoast-schema-graph\">{\"@context\":\"https:\/\/schema.org\",\"@graph\":[{\"@type\":\"WebPage\",\"@id\":\"https:\/\/comarbois.com\/en\/produit\/bois-blanc\/\",\"url\":\"https:\/\/comarbois.com\/en\/produit\/bois-blanc\/\",\"name\":\"WHITE WOOD &#8211; Comarbois\",\"isPartOf\":{\"@id\":\"https:\/\/comarbois.com\/en\/#website\"},\"primaryImageOfPage\":{\"@id\":\"https:\/\/comarbois.com\/en\/produit\/bois-blanc\/#primaryimage\"},\"image\":{\"@id\":\"https:\/\/comarbois.com\/produit\/bois-blanc\/#primaryimage\"},\"thumbnailUrl\":\"https:\/\/comarbois.com\/wp-content\/uploads\/2013\/10\/bois_blanc1_resized.jpeg\",\"datePublished\":\"2022-03-23T15:41:54+00:00\",\"dateModified\":\"2022-09-14T13:01:18+00:00\",\"description\":\"Le\u0301ger et re\u0301sistant, id\u00e9al pour la menuiserie inte\u0301rieure\/exte\u0301rieure, la fabrication de charpentes, cadres, portes et fene\u0302tres et le coffrage.\",\"breadcrumb\":{\"@id\":\"https:\/\/comarbois.com\/en\/produit\/bois-blanc\/#breadcrumb\"},\"inLanguage\":\"en-US\",\"potentialAction\":[{\"@type\":\"ReadAction\",\"target\":[[\"https:\/\/comarbois.com\/en\/produit\/bois-blanc\/\"]]}]},{\"@type\":\"ImageObject\",\"inLanguage\":\"en-US\",\"@id\":\"https:\/\/comarbois.com\/en\/produit\/bois-blanc\/#primaryimage\",\"url\":\"https:\/\/comarbois.com\/wp-content\/uploads\/2013\/10\/bois_blanc1_resized.jpeg\",\"contentUrl\":\"https:\/\/comarbois.com\/wp-content\/uploads\/2013\/10\/bois_blanc1_resized.jpeg\",\"width\":1200,\"height\":1203,\"caption\":\"(Fran\u00e7ais) Comarbois vous propose le bois blanc ou e\u0301pice\u0301a pour vos utilisations diverses : Menuiserie int\u00e9rieure et ext\u00e9rieure, cadres de portes et fen\u00eatres, lamell\u00e9s coll\u00e9s, tourets, emballages, palettes, agencement, construction de maison \u00e0 ossature bois\"},{\"@type\":\"BreadcrumbList\",\"@id\":\"https:\/\/comarbois.com\/en\/produit\/bois-blanc\/#breadcrumb\",\"itemListElement\":[{\"@type\":\"ListItem\",\"position\":1,\"name\":\"Accueil\",\"item\":\"https:\/\/comarbois.com\/en\/\"},{\"@type\":\"ListItem\",\"position\":2,\"name\":\"Produits\",\"item\":\"https:\/\/comarbois.com\/en\/boutique\/\"},{\"@type\":\"ListItem\",\"position\":3,\"name\":\"BOIS BLANC\"}]},{\"@type\":\"WebSite\",\"@id\":\"https:\/\/comarbois.com\/en\/#website\",\"url\":\"https:\/\/comarbois.com\/en\/\",\"name\":\"Comarbois\",\"description\":\"\",\"publisher\":{\"@id\":\"https:\/\/comarbois.com\/en\/#organization\"},\"potentialAction\":[{\"@type\":\"SearchAction\",\"target\":{\"@type\":\"EntryPoint\",\"urlTemplate\":\"https:\/\/comarbois.com\/en\/?s={search_term_string}\"},\"query-input\":{\"@type\":\"PropertyValueSpecification\",\"valueRequired\":true,\"valueName\":\"search_term_string\"}}],\"inLanguage\":\"en-US\"},{\"@type\":\"Organization\",\"@id\":\"https:\/\/comarbois.com\/en\/#organization\",\"name\":\"Comarbois\",\"url\":\"https:\/\/comarbois.com\/en\/\",\"logo\":{\"@type\":\"ImageObject\",\"inLanguage\":\"en-US\",\"@id\":\"https:\/\/comarbois.com\/en\/#\/schema\/logo\/image\/\",\"url\":\"https:\/\/comarbois.com\/wp-content\/uploads\/2021\/03\/LOGO-COMARBOIS-H-RVB.png\",\"contentUrl\":\"https:\/\/comarbois.com\/wp-content\/uploads\/2021\/03\/LOGO-COMARBOIS-H-RVB.png\",\"width\":3543,\"height\":1210,\"caption\":\"Comarbois\"},\"image\":{\"@id\":\"https:\/\/comarbois.com\/en\/#\/schema\/logo\/image\/\"},\"sameAs\":[\"https:\/\/www.facebook.com\/comarbois\/\",\"https:\/\/www.linkedin.com\/company\/3057658\/\",\"https:\/\/www.instagram.com\/comarbois\/\"]}]}<\/script>\n<!-- \/ Yoast SEO plugin. -->","yoast_head_json":{"title":"WHITE WOOD &#8211; Comarbois","description":"Le\u0301ger et re\u0301sistant, id\u00e9al pour la menuiserie inte\u0301rieure\/exte\u0301rieure, la fabrication de charpentes, cadres, portes et fene\u0302tres et le coffrage.","robots":{"index":"index","follow":"follow","max-snippet":"max-snippet:-1","max-image-preview":"max-image-preview:large","max-video-preview":"max-video-preview:-1"},"canonical":"https:\/\/comarbois.com\/en\/produit\/bois-blanc\/","og_locale":"en_US","og_type":"article","og_title":"WHITE WOOD &#8211; Comarbois","og_description":"Le\u0301ger et re\u0301sistant, id\u00e9al pour la menuiserie inte\u0301rieure\/exte\u0301rieure, la fabrication de charpentes, cadres, portes et fene\u0302tres et le coffrage.","og_url":"https:\/\/comarbois.com\/en\/produit\/bois-blanc\/","og_site_name":"Comarbois","article_publisher":"https:\/\/www.facebook.com\/comarbois\/","article_modified_time":"2022-09-14T13:01:18+00:00","og_image":[{"width":1200,"height":1203,"url":"https:\/\/comarbois.com\/wp-content\/uploads\/2013\/10\/bois_blanc1_resized.jpeg","type":"image\/jpeg"}],"twitter_card":"summary_large_image","twitter_misc":{"Est. reading time":"3 minutes"},"schema":{"@context":"https:\/\/schema.org","@graph":[{"@type":"WebPage","@id":"https:\/\/comarbois.com\/en\/produit\/bois-blanc\/","url":"https:\/\/comarbois.com\/en\/produit\/bois-blanc\/","name":"WHITE WOOD &#8211; Comarbois","isPartOf":{"@id":"https:\/\/comarbois.com\/en\/#website"},"primaryImageOfPage":{"@id":"https:\/\/comarbois.com\/en\/produit\/bois-blanc\/#primaryimage"},"image":{"@id":"https:\/\/comarbois.com\/produit\/bois-blanc\/#primaryimage"},"thumbnailUrl":"https:\/\/comarbois.com\/wp-content\/uploads\/2013\/10\/bois_blanc1_resized.jpeg","datePublished":"2022-03-23T15:41:54+00:00","dateModified":"2022-09-14T13:01:18+00:00","description":"Le\u0301ger et re\u0301sistant, id\u00e9al pour la menuiserie inte\u0301rieure\/exte\u0301rieure, la fabrication de charpentes, cadres, portes et fene\u0302tres et le coffrage.","breadcrumb":{"@id":"https:\/\/comarbois.com\/en\/produit\/bois-blanc\/#breadcrumb"},"inLanguage":"en-US","potentialAction":[{"@type":"ReadAction","target":[["https:\/\/comarbois.com\/en\/produit\/bois-blanc\/"]]}]},{"@type":"ImageObject","inLanguage":"en-US","@id":"https:\/\/comarbois.com\/en\/produit\/bois-blanc\/#primaryimage","url":"https:\/\/comarbois.com\/wp-content\/uploads\/2013\/10\/bois_blanc1_resized.jpeg","contentUrl":"https:\/\/comarbois.com\/wp-content\/uploads\/2013\/10\/bois_blanc1_resized.jpeg","width":1200,"height":1203,"caption":"(Fran\u00e7ais) Comarbois vous propose le bois blanc ou e\u0301pice\u0301a pour vos utilisations diverses : Menuiserie int\u00e9rieure et ext\u00e9rieure, cadres de portes et fen\u00eatres, lamell\u00e9s coll\u00e9s, tourets, emballages, palettes, agencement, construction de maison \u00e0 ossature bois"},{"@type":"BreadcrumbList","@id":"https:\/\/comarbois.com\/en\/produit\/bois-blanc\/#breadcrumb","itemListElement":[{"@type":"ListItem","position":1,"name":"Accueil","item":"https:\/\/comarbois.com\/en\/"},{"@type":"ListItem","position":2,"name":"Produits","item":"https:\/\/comarbois.com\/en\/boutique\/"},{"@type":"ListItem","position":3,"name":"BOIS BLANC"}]},{"@type":"WebSite","@id":"https:\/\/comarbois.com\/en\/#website","url":"https:\/\/comarbois.com\/en\/","name":"Comarbois","description":"","publisher":{"@id":"https:\/\/comarbois.com\/en\/#organization"},"potentialAction":[{"@type":"SearchAction","target":{"@type":"EntryPoint","urlTemplate":"https:\/\/comarbois.com\/en\/?s={search_term_string}"},"query-input":{"@type":"PropertyValueSpecification","valueRequired":true,"valueName":"search_term_string"}}],"inLanguage":"en-US"},{"@type":"Organization","@id":"https:\/\/comarbois.com\/en\/#organization","name":"Comarbois","url":"https:\/\/comarbois.com\/en\/","logo":{"@type":"ImageObject","inLanguage":"en-US","@id":"https:\/\/comarbois.com\/en\/#\/schema\/logo\/image\/","url":"https:\/\/comarbois.com\/wp-content\/uploads\/2021\/03\/LOGO-COMARBOIS-H-RVB.png","contentUrl":"https:\/\/comarbois.com\/wp-content\/uploads\/2021\/03\/LOGO-COMARBOIS-H-RVB.png","width":3543,"height":1210,"caption":"Comarbois"},"image":{"@id":"https:\/\/comarbois.com\/en\/#\/schema\/logo\/image\/"},"sameAs":["https:\/\/www.facebook.com\/comarbois\/","https:\/\/www.linkedin.com\/company\/3057658\/","https:\/\/www.instagram.com\/comarbois\/"]}]}},"_links":{"self":[{"href":"https:\/\/comarbois.com\/en\/wp-json\/wp\/v2\/product\/20014","targetHints":{"allow":["GET"]}}],"collection":[{"href":"https:\/\/comarbois.com\/en\/wp-json\/wp\/v2\/product"}],"about":[{"href":"https:\/\/comarbois.com\/en\/wp-json\/wp\/v2\/types\/product"}],"wp:featuredmedia":[{"embeddable":true,"href":"https:\/\/comarbois.com\/en\/wp-json\/wp\/v2\/media\/17537"}],"wp:attachment":[{"href":"https:\/\/comarbois.com\/en\/wp-json\/wp\/v2\/media?parent=20014"}],"wp:term":[{"taxonomy":"product_cat","embeddable":true,"href":"https:\/\/comarbois.com\/en\/wp-json\/wp\/v2\/product_cat?post=20014"},{"taxonomy":"product_tag","embeddable":true,"href":"https:\/\/comarbois.com\/en\/wp-json\/wp\/v2\/product_tag?post=20014"}],"curies":[{"name":"wp","href":"https:\/\/api.w.org\/{rel}","templated":true}]}}