{"id":20011,"date":"2022-03-23T16:07:56","date_gmt":"2022-03-23T15:07:56","guid":{"rendered":"https:\/\/comarbois.com\/?post_type=product&#038;p=20011"},"modified":"2022-09-14T14:01:19","modified_gmt":"2022-09-14T13:01:19","slug":"red-wood","status":"publish","type":"product","link":"https:\/\/comarbois.com\/en\/produit\/red-wood\/","title":{"rendered":"RED WOOD"},"content":{"rendered":"<p>[vc_row gap=&#8221;35&#8243; woodmart_css_id=&#8221;6284e883c28ae&#8221; responsive_spacing=&#8221;eyJwYXJhbV90eXBlIjoid29vZG1hcnRfcmVzcG9uc2l2ZV9zcGFjaW5nIiwic2VsZWN0b3JfaWQiOiI2Mjg0ZTg4M2MyOGFlIiwic2hvcnRjb2RlIjoidmNfcm93IiwiZGF0YSI6eyJ0YWJsZXQiOnt9LCJtb2JpbGUiOnt9fX0=&#8221; mobile_bg_img_hidden=&#8221;no&#8221; tablet_bg_img_hidden=&#8221;no&#8221; woodmart_parallax=&#8221;0&#8243; woodmart_gradient_switch=&#8221;no&#8221; woodmart_box_shadow=&#8221;no&#8221; wd_z_index=&#8221;no&#8221; woodmart_disable_overflow=&#8221;0&#8243; row_reverse_mobile=&#8221;0&#8243; row_reverse_tablet=&#8221;0&#8243;][vc_column width=&#8221;1\/3&#8243;][vc_column_text woodmart_inline=&#8221;no&#8221; text_larger=&#8221;no&#8221;]<strong>DESCRIPTION<br \/>\n<\/strong><span class=\"VIiyi\" lang=\"en\"><span class=\"JLqJ4b ChMk0b\" data-language-for-alternatives=\"en\" data-language-to-translate-into=\"fr\" data-phrase-index=\"0\" data-number-of-phrases=\"2\"><span class=\"Q4iAWc\">Comarbois receives large volumes of red wood which are stored in its depots after meticulous quality control.<\/span><\/span> <span class=\"JLqJ4b ChMk0b\" data-language-for-alternatives=\"en\" data-language-to-translate-into=\"fr\" data-phrase-index=\"1\" data-number-of-phrases=\"2\"><span class=\"Q4iAWc\">Thanks to its different mechanical characteristics and its beautiful reddish color, red wood is ideal for interior and exterior carpentry as well as for the construction of frames, formwork or cabinetwork.<\/span><\/span><\/span><\/p>\n<p><strong>SPECIES<\/strong><br \/>\nSylvester Pine<\/p>\n<p><strong>ORIGINS<\/strong><br \/>\nSweden, Finland<\/p>\n<p><strong>FINISH<\/strong><br \/>\nRough sawn wood[\/vc_column_text][\/vc_column][vc_column width=&#8221;1\/3&#8243;][vc_column_text woodmart_inline=&#8221;no&#8221; text_larger=&#8221;no&#8221;]<strong>MOISTURE CONTENT &amp; DURABILITY<\/strong><br \/>\n18% moisture content Class 1 (natural) to Class 4 (autoclave treatment)<\/p>\n<p><strong>COLOR<\/strong><br \/>\nReddish<\/p>\n<p><strong>DENSITY<\/strong><br \/>\n470 kg\/m3 (at 12% moisture content)<\/p>\n<p><strong>ELASTICITY<\/strong><br \/>\n12 000 Mpa<\/p>\n<p><strong>RESISTANCE<\/strong><br \/>\nFlexion : 90 Mpa<br \/>\nTraction : 104 Mpa<br \/>\nCompression : 46 Mpa[\/vc_column_text][\/vc_column][vc_column width=&#8221;1\/3&#8243;][vc_column_text woodmart_inline=&#8221;no&#8221; text_larger=&#8221;no&#8221;]<strong>USES<\/strong><br \/>\nInterior and exterior carpentry, framing, timber formwork, cabinetry<\/p>\n<p><strong>QUALITIES &#8211; PDF<\/strong><br \/>\n<a href=\"http:\/\/comarbois.com\/wp-content\/uploads\/2022\/05\/Qualite\u0301s-BOIS-ROUGE.pdf\">More about qualities.<\/a><\/p>\n<p><strong>SIZES &#8211; PDF<\/strong><br \/>\n<a href=\"http:\/\/comarbois.com\/wp-content\/uploads\/2022\/05\/Dimensions-BOIS-ROUGE.pdf\">More about sizes.<\/a>[\/vc_column_text][vc_btn title=&#8221;DOWNLOAD FACT SHEET&#8221; i_icon_fontawesome=&#8221;fas fa-paperclip&#8221; css_animation=&#8221;bounceIn&#8221; add_icon=&#8221;true&#8221; link=&#8221;url:http%3A%2F%2Fcomarbois.com%2Fwp-content%2Fuploads%2F2022%2F05%2FFICHE_BOIS-ROUGE.pdf|target:_blank&#8221;][\/vc_column][\/vc_row]<\/p>","protected":false},"excerpt":{"rendered":"<p>[vc_row gap=&#8221;35&#8243; woodmart_css_id=&#8221;6284e883c28ae&#8221; responsive_spacing=&#8221;eyJwYXJhbV90eXBlIjoid29vZG1hcnRfcmVzcG9uc2l2ZV9zcGFjaW5nIiwic2VsZWN0b3JfaWQiOiI2Mjg0ZTg4M2MyOGFlIiwic2hvcnRjb2RlIjoidmNfcm93IiwiZGF0YSI6eyJ0YWJsZXQiOnt9LCJtb2JpbGUiOnt9fX0=&#8221; mobile_bg_img_hidden=&#8221;no&#8221; tablet_bg_img_hidden=&#8221;no&#8221; woodmart_parallax=&#8221;0&#8243; woodmart_gradient_switch=&#8221;no&#8221; woodmart_box_shadow=&#8221;no&#8221; wd_z_index=&#8221;no&#8221; woodmart_disable_overflow=&#8221;0&#8243; row_reverse_mobile=&#8221;0&#8243; row_reverse_tablet=&#8221;0&#8243;][vc_column width=&#8221;1\/3&#8243;][vc_column_text woodmart_inline=&#8221;no&#8221; text_larger=&#8221;no&#8221;]DESCRIPTION Comarbois receives large volumes<\/p>\n","protected":false},"featured_media":19799,"template":"","meta":[],"product_cat":[242,312],"product_tag":[],"class_list":{"0":"post-20011","1":"product","2":"type-product","3":"status-publish","4":"has-post-thumbnail","6":"product_cat-bois-de-menuiserie-industriels","7":"product_cat-tout-afficher","9":"first","10":"instock","11":"shipping-taxable","12":"purchasable","13":"product-type-simple"},"yoast_head":"<!-- This site is optimized with the Yoast SEO plugin v23.5 - https:\/\/yoast.com\/wordpress\/plugins\/seo\/ -->\n<title>RED WOOD &#8211; Comarbois<\/title>\n<meta name=\"description\" content=\"Ide\u0301al pour la menuiserie inte\u0301rieure et exte\u0301rieure ainsi que pour la construction de charpentes, le coffrage ou l\u2019e\u0301be\u0301nisterie.\" \/>\n<meta name=\"robots\" content=\"index, follow, max-snippet:-1, max-image-preview:large, max-video-preview:-1\" \/>\n<link rel=\"canonical\" href=\"https:\/\/comarbois.com\/en\/produit\/red-wood\/\" \/>\n<meta property=\"og:locale\" content=\"en_US\" \/>\n<meta property=\"og:type\" content=\"article\" \/>\n<meta property=\"og:title\" content=\"RED WOOD &#8211; Comarbois\" \/>\n<meta property=\"og:description\" content=\"Ide\u0301al pour la menuiserie inte\u0301rieure et exte\u0301rieure ainsi que pour la construction de charpentes, le coffrage ou l\u2019e\u0301be\u0301nisterie.\" \/>\n<meta property=\"og:url\" content=\"https:\/\/comarbois.com\/en\/produit\/red-wood\/\" \/>\n<meta property=\"og:site_name\" content=\"Comarbois\" \/>\n<meta property=\"article:publisher\" content=\"https:\/\/www.facebook.com\/comarbois\/\" \/>\n<meta property=\"article:modified_time\" content=\"2022-09-14T13:01:19+00:00\" \/>\n<meta property=\"og:image\" content=\"https:\/\/comarbois.com\/wp-content\/uploads\/2022\/03\/com_boisrouge-570x570-1.jpeg\" \/>\n\t<meta property=\"og:image:width\" content=\"570\" \/>\n\t<meta property=\"og:image:height\" content=\"570\" \/>\n\t<meta property=\"og:image:type\" content=\"image\/jpeg\" \/>\n<meta name=\"twitter:card\" content=\"summary_large_image\" \/>\n<meta name=\"twitter:label1\" content=\"Est. reading time\" \/>\n\t<meta name=\"twitter:data1\" content=\"3 minutes\" \/>\n<script type=\"application\/ld+json\" class=\"yoast-schema-graph\">{\"@context\":\"https:\/\/schema.org\",\"@graph\":[{\"@type\":\"WebPage\",\"@id\":\"https:\/\/comarbois.com\/en\/produit\/red-wood\/\",\"url\":\"https:\/\/comarbois.com\/en\/produit\/red-wood\/\",\"name\":\"RED WOOD &#8211; Comarbois\",\"isPartOf\":{\"@id\":\"https:\/\/comarbois.com\/en\/#website\"},\"primaryImageOfPage\":{\"@id\":\"https:\/\/comarbois.com\/en\/produit\/red-wood\/#primaryimage\"},\"image\":{\"@id\":\"https:\/\/comarbois.com\/produit\/red-wood\/#primaryimage\"},\"thumbnailUrl\":\"https:\/\/comarbois.com\/wp-content\/uploads\/2022\/03\/com_boisrouge-570x570-1.jpeg\",\"datePublished\":\"2022-03-23T15:07:56+00:00\",\"dateModified\":\"2022-09-14T13:01:19+00:00\",\"description\":\"Ide\u0301al pour la menuiserie inte\u0301rieure et exte\u0301rieure ainsi que pour la construction de charpentes, le coffrage ou l\u2019e\u0301be\u0301nisterie.\",\"breadcrumb\":{\"@id\":\"https:\/\/comarbois.com\/en\/produit\/red-wood\/#breadcrumb\"},\"inLanguage\":\"en-US\",\"potentialAction\":[{\"@type\":\"ReadAction\",\"target\":[[\"https:\/\/comarbois.com\/en\/produit\/red-wood\/\"]]}]},{\"@type\":\"ImageObject\",\"inLanguage\":\"en-US\",\"@id\":\"https:\/\/comarbois.com\/en\/produit\/red-wood\/#primaryimage\",\"url\":\"https:\/\/comarbois.com\/wp-content\/uploads\/2022\/03\/com_boisrouge-570x570-1.jpeg\",\"contentUrl\":\"https:\/\/comarbois.com\/wp-content\/uploads\/2022\/03\/com_boisrouge-570x570-1.jpeg\",\"width\":570,\"height\":570,\"caption\":\"(Fran\u00e7ais) Le bois rouge est propos\u00e9 par Comarbois afin de satisfaire vos diff\u00e9rents besoins, pour un large choix d\u2019application la menuiserie int\u00e9rieure et ext\u00e9rieure, la construction de charpentes, le coffrage ou l\u2019\u00e9b\u00e9nisterie\"},{\"@type\":\"BreadcrumbList\",\"@id\":\"https:\/\/comarbois.com\/en\/produit\/red-wood\/#breadcrumb\",\"itemListElement\":[{\"@type\":\"ListItem\",\"position\":1,\"name\":\"Accueil\",\"item\":\"https:\/\/comarbois.com\/en\/\"},{\"@type\":\"ListItem\",\"position\":2,\"name\":\"Produits\",\"item\":\"https:\/\/comarbois.com\/en\/boutique\/\"},{\"@type\":\"ListItem\",\"position\":3,\"name\":\"BOIS ROUGE\"}]},{\"@type\":\"WebSite\",\"@id\":\"https:\/\/comarbois.com\/en\/#website\",\"url\":\"https:\/\/comarbois.com\/en\/\",\"name\":\"Comarbois\",\"description\":\"\",\"publisher\":{\"@id\":\"https:\/\/comarbois.com\/en\/#organization\"},\"potentialAction\":[{\"@type\":\"SearchAction\",\"target\":{\"@type\":\"EntryPoint\",\"urlTemplate\":\"https:\/\/comarbois.com\/en\/?s={search_term_string}\"},\"query-input\":{\"@type\":\"PropertyValueSpecification\",\"valueRequired\":true,\"valueName\":\"search_term_string\"}}],\"inLanguage\":\"en-US\"},{\"@type\":\"Organization\",\"@id\":\"https:\/\/comarbois.com\/en\/#organization\",\"name\":\"Comarbois\",\"url\":\"https:\/\/comarbois.com\/en\/\",\"logo\":{\"@type\":\"ImageObject\",\"inLanguage\":\"en-US\",\"@id\":\"https:\/\/comarbois.com\/en\/#\/schema\/logo\/image\/\",\"url\":\"https:\/\/comarbois.com\/wp-content\/uploads\/2021\/03\/LOGO-COMARBOIS-H-RVB.png\",\"contentUrl\":\"https:\/\/comarbois.com\/wp-content\/uploads\/2021\/03\/LOGO-COMARBOIS-H-RVB.png\",\"width\":3543,\"height\":1210,\"caption\":\"Comarbois\"},\"image\":{\"@id\":\"https:\/\/comarbois.com\/en\/#\/schema\/logo\/image\/\"},\"sameAs\":[\"https:\/\/www.facebook.com\/comarbois\/\",\"https:\/\/www.linkedin.com\/company\/3057658\/\",\"https:\/\/www.instagram.com\/comarbois\/\"]}]}<\/script>\n<!-- \/ Yoast SEO plugin. -->","yoast_head_json":{"title":"RED WOOD &#8211; Comarbois","description":"Ide\u0301al pour la menuiserie inte\u0301rieure et exte\u0301rieure ainsi que pour la construction de charpentes, le coffrage ou l\u2019e\u0301be\u0301nisterie.","robots":{"index":"index","follow":"follow","max-snippet":"max-snippet:-1","max-image-preview":"max-image-preview:large","max-video-preview":"max-video-preview:-1"},"canonical":"https:\/\/comarbois.com\/en\/produit\/red-wood\/","og_locale":"en_US","og_type":"article","og_title":"RED WOOD &#8211; Comarbois","og_description":"Ide\u0301al pour la menuiserie inte\u0301rieure et exte\u0301rieure ainsi que pour la construction de charpentes, le coffrage ou l\u2019e\u0301be\u0301nisterie.","og_url":"https:\/\/comarbois.com\/en\/produit\/red-wood\/","og_site_name":"Comarbois","article_publisher":"https:\/\/www.facebook.com\/comarbois\/","article_modified_time":"2022-09-14T13:01:19+00:00","og_image":[{"width":570,"height":570,"url":"https:\/\/comarbois.com\/wp-content\/uploads\/2022\/03\/com_boisrouge-570x570-1.jpeg","type":"image\/jpeg"}],"twitter_card":"summary_large_image","twitter_misc":{"Est. reading time":"3 minutes"},"schema":{"@context":"https:\/\/schema.org","@graph":[{"@type":"WebPage","@id":"https:\/\/comarbois.com\/en\/produit\/red-wood\/","url":"https:\/\/comarbois.com\/en\/produit\/red-wood\/","name":"RED WOOD &#8211; Comarbois","isPartOf":{"@id":"https:\/\/comarbois.com\/en\/#website"},"primaryImageOfPage":{"@id":"https:\/\/comarbois.com\/en\/produit\/red-wood\/#primaryimage"},"image":{"@id":"https:\/\/comarbois.com\/produit\/red-wood\/#primaryimage"},"thumbnailUrl":"https:\/\/comarbois.com\/wp-content\/uploads\/2022\/03\/com_boisrouge-570x570-1.jpeg","datePublished":"2022-03-23T15:07:56+00:00","dateModified":"2022-09-14T13:01:19+00:00","description":"Ide\u0301al pour la menuiserie inte\u0301rieure et exte\u0301rieure ainsi que pour la construction de charpentes, le coffrage ou l\u2019e\u0301be\u0301nisterie.","breadcrumb":{"@id":"https:\/\/comarbois.com\/en\/produit\/red-wood\/#breadcrumb"},"inLanguage":"en-US","potentialAction":[{"@type":"ReadAction","target":[["https:\/\/comarbois.com\/en\/produit\/red-wood\/"]]}]},{"@type":"ImageObject","inLanguage":"en-US","@id":"https:\/\/comarbois.com\/en\/produit\/red-wood\/#primaryimage","url":"https:\/\/comarbois.com\/wp-content\/uploads\/2022\/03\/com_boisrouge-570x570-1.jpeg","contentUrl":"https:\/\/comarbois.com\/wp-content\/uploads\/2022\/03\/com_boisrouge-570x570-1.jpeg","width":570,"height":570,"caption":"(Fran\u00e7ais) Le bois rouge est propos\u00e9 par Comarbois afin de satisfaire vos diff\u00e9rents besoins, pour un large choix d\u2019application la menuiserie int\u00e9rieure et ext\u00e9rieure, la construction de charpentes, le coffrage ou l\u2019\u00e9b\u00e9nisterie"},{"@type":"BreadcrumbList","@id":"https:\/\/comarbois.com\/en\/produit\/red-wood\/#breadcrumb","itemListElement":[{"@type":"ListItem","position":1,"name":"Accueil","item":"https:\/\/comarbois.com\/en\/"},{"@type":"ListItem","position":2,"name":"Produits","item":"https:\/\/comarbois.com\/en\/boutique\/"},{"@type":"ListItem","position":3,"name":"BOIS ROUGE"}]},{"@type":"WebSite","@id":"https:\/\/comarbois.com\/en\/#website","url":"https:\/\/comarbois.com\/en\/","name":"Comarbois","description":"","publisher":{"@id":"https:\/\/comarbois.com\/en\/#organization"},"potentialAction":[{"@type":"SearchAction","target":{"@type":"EntryPoint","urlTemplate":"https:\/\/comarbois.com\/en\/?s={search_term_string}"},"query-input":{"@type":"PropertyValueSpecification","valueRequired":true,"valueName":"search_term_string"}}],"inLanguage":"en-US"},{"@type":"Organization","@id":"https:\/\/comarbois.com\/en\/#organization","name":"Comarbois","url":"https:\/\/comarbois.com\/en\/","logo":{"@type":"ImageObject","inLanguage":"en-US","@id":"https:\/\/comarbois.com\/en\/#\/schema\/logo\/image\/","url":"https:\/\/comarbois.com\/wp-content\/uploads\/2021\/03\/LOGO-COMARBOIS-H-RVB.png","contentUrl":"https:\/\/comarbois.com\/wp-content\/uploads\/2021\/03\/LOGO-COMARBOIS-H-RVB.png","width":3543,"height":1210,"caption":"Comarbois"},"image":{"@id":"https:\/\/comarbois.com\/en\/#\/schema\/logo\/image\/"},"sameAs":["https:\/\/www.facebook.com\/comarbois\/","https:\/\/www.linkedin.com\/company\/3057658\/","https:\/\/www.instagram.com\/comarbois\/"]}]}},"_links":{"self":[{"href":"https:\/\/comarbois.com\/en\/wp-json\/wp\/v2\/product\/20011","targetHints":{"allow":["GET"]}}],"collection":[{"href":"https:\/\/comarbois.com\/en\/wp-json\/wp\/v2\/product"}],"about":[{"href":"https:\/\/comarbois.com\/en\/wp-json\/wp\/v2\/types\/product"}],"wp:featuredmedia":[{"embeddable":true,"href":"https:\/\/comarbois.com\/en\/wp-json\/wp\/v2\/media\/19799"}],"wp:attachment":[{"href":"https:\/\/comarbois.com\/en\/wp-json\/wp\/v2\/media?parent=20011"}],"wp:term":[{"taxonomy":"product_cat","embeddable":true,"href":"https:\/\/comarbois.com\/en\/wp-json\/wp\/v2\/product_cat?post=20011"},{"taxonomy":"product_tag","embeddable":true,"href":"https:\/\/comarbois.com\/en\/wp-json\/wp\/v2\/product_tag?post=20011"}],"curies":[{"name":"wp","href":"https:\/\/api.w.org\/{rel}","templated":true}]}}