{"id":20010,"date":"2022-03-23T15:20:03","date_gmt":"2022-03-23T14:20:03","guid":{"rendered":"https:\/\/comarbois.com\/?post_type=product&#038;p=20010"},"modified":"2025-05-15T09:38:41","modified_gmt":"2025-05-15T08:38:41","slug":"caissons-de-cuisine","status":"publish","type":"product","link":"https:\/\/comarbois.com\/en\/produit\/caissons-de-cuisine\/","title":{"rendered":"KITCHEN CABINETS"},"content":{"rendered":"<p>[vc_row gap=&#8221;35&#8243; woodmart_css_id=&#8221;6284e7db4665d&#8221; responsive_spacing=&#8221;eyJwYXJhbV90eXBlIjoid29vZG1hcnRfcmVzcG9uc2l2ZV9zcGFjaW5nIiwic2VsZWN0b3JfaWQiOiI2Mjg0ZTdkYjQ2NjVkIiwic2hvcnRjb2RlIjoidmNfcm93IiwiZGF0YSI6eyJ0YWJsZXQiOnt9LCJtb2JpbGUiOnt9fX0=&#8221; mobile_bg_img_hidden=&#8221;no&#8221; tablet_bg_img_hidden=&#8221;no&#8221; woodmart_parallax=&#8221;0&#8243; woodmart_gradient_switch=&#8221;no&#8221; woodmart_box_shadow=&#8221;no&#8221; wd_z_index=&#8221;no&#8221; woodmart_disable_overflow=&#8221;0&#8243; row_reverse_mobile=&#8221;0&#8243; row_reverse_tablet=&#8221;0&#8243;][vc_column width=&#8221;1\/2&#8243;][vc_column_text woodmart_inline=&#8221;no&#8221; text_larger=&#8221;no&#8221;]<strong>DESCRIPTION<\/strong><br \/>\nTwo ranges of kitchen cabinets are proposed in order to meet all your requirements: CLASSIC and AVANTGARDE combining ergonomics, aesthetics &amp; functionality and having antibacterial properties to ensure a proper hygienic conditions.<\/p>\n<p><strong>COLORS AND DESIGNS<\/strong><br \/>\nCLASSIC, available in White and Aluminium Grey.<br \/>\nAVANTGARDE, available in Microline, Oak and Anthracite finishes.[\/vc_column_text][\/vc_column][vc_column width=&#8221;1\/2&#8243;][vc_column_text woodmart_inline=&#8221;no&#8221; text_larger=&#8221;no&#8221;]<strong>CHARACTERISTICS<\/strong><br \/>\nErgonomics, aesthetics, warehousing capacity, functionality, versatility, antibacterial properties.[\/vc_column_text][vc_btn title=&#8221;DOWNLOAD FACT SHEET&#8221; i_icon_fontawesome=&#8221;fas fa-paperclip&#8221; css_animation=&#8221;bounceIn&#8221; add_icon=&#8221;true&#8221; link=&#8221;url:http%3A%2F%2Fcomarbois.com%2Fwp-content%2Fuploads%2F2022%2F05%2FFICHE_CAISSONS-DE-CUISINE.pdf|target:_blank&#8221;][\/vc_column][\/vc_row]<\/p>","protected":false},"excerpt":{"rendered":"<p>Two ranges of kitchen cabinets are proposed in order to meet all your requirements: CLASSIC and AVANTGARDE combining &#8230;<\/p>\n","protected":false},"featured_media":19798,"template":"","meta":[],"product_cat":[410,310,312],"product_tag":[],"class_list":{"0":"post-20010","1":"product","2":"type-product","3":"status-publish","4":"has-post-thumbnail","6":"product_cat-amenagement-interieur","7":"product_cat-panneaux-decoratifs-industriels","8":"product_cat-tout-afficher","10":"first","11":"instock","12":"shipping-taxable","13":"purchasable","14":"product-type-simple"},"yoast_head":"<!-- This site is optimized with the Yoast SEO plugin v23.5 - https:\/\/yoast.com\/wordpress\/plugins\/seo\/ -->\n<title>KITCHEN CABINETS &#8211; Comarbois<\/title>\n<meta name=\"description\" content=\"D\u00e9couvrez nos collections de caissons de cuisine alliant \u00e0 la fois ergonomie, esth\u00e9tique &amp; fonctionnalit\u00e9.\" \/>\n<meta name=\"robots\" content=\"index, follow, max-snippet:-1, max-image-preview:large, max-video-preview:-1\" \/>\n<link rel=\"canonical\" href=\"https:\/\/comarbois.com\/en\/produit\/caissons-de-cuisine\/\" \/>\n<meta property=\"og:locale\" content=\"en_US\" \/>\n<meta property=\"og:type\" content=\"article\" \/>\n<meta property=\"og:title\" content=\"KITCHEN CABINETS &#8211; Comarbois\" \/>\n<meta property=\"og:description\" content=\"D\u00e9couvrez nos collections de caissons de cuisine alliant \u00e0 la fois ergonomie, esth\u00e9tique &amp; fonctionnalit\u00e9.\" \/>\n<meta property=\"og:url\" content=\"https:\/\/comarbois.com\/en\/produit\/caissons-de-cuisine\/\" \/>\n<meta property=\"og:site_name\" content=\"Comarbois\" \/>\n<meta property=\"article:publisher\" content=\"https:\/\/www.facebook.com\/comarbois\/\" \/>\n<meta property=\"article:modified_time\" content=\"2025-05-15T08:38:41+00:00\" \/>\n<meta property=\"og:image\" content=\"https:\/\/comarbois.com\/wp-content\/uploads\/2022\/03\/meuble-bas-mobalpa-portes-battantes-ambianceloft-570x570-1.jpeg\" \/>\n\t<meta property=\"og:image:width\" content=\"570\" \/>\n\t<meta property=\"og:image:height\" content=\"570\" \/>\n\t<meta property=\"og:image:type\" content=\"image\/jpeg\" \/>\n<meta name=\"twitter:card\" content=\"summary_large_image\" \/>\n<meta name=\"twitter:label1\" content=\"Est. reading time\" \/>\n\t<meta name=\"twitter:data1\" content=\"2 minutes\" \/>\n<script type=\"application\/ld+json\" class=\"yoast-schema-graph\">{\"@context\":\"https:\/\/schema.org\",\"@graph\":[{\"@type\":\"WebPage\",\"@id\":\"https:\/\/comarbois.com\/en\/produit\/caissons-de-cuisine\/\",\"url\":\"https:\/\/comarbois.com\/en\/produit\/caissons-de-cuisine\/\",\"name\":\"KITCHEN CABINETS &#8211; Comarbois\",\"isPartOf\":{\"@id\":\"https:\/\/comarbois.com\/en\/#website\"},\"primaryImageOfPage\":{\"@id\":\"https:\/\/comarbois.com\/en\/produit\/caissons-de-cuisine\/#primaryimage\"},\"image\":{\"@id\":\"https:\/\/comarbois.com\/produit\/caissons-de-cuisine\/#primaryimage\"},\"thumbnailUrl\":\"https:\/\/comarbois.com\/wp-content\/uploads\/2022\/03\/meuble-bas-mobalpa-portes-battantes-ambianceloft-570x570-1.jpeg\",\"datePublished\":\"2022-03-23T14:20:03+00:00\",\"dateModified\":\"2025-05-15T08:38:41+00:00\",\"description\":\"D\u00e9couvrez nos collections de caissons de cuisine alliant \u00e0 la fois ergonomie, esth\u00e9tique & fonctionnalit\u00e9.\",\"breadcrumb\":{\"@id\":\"https:\/\/comarbois.com\/en\/produit\/caissons-de-cuisine\/#breadcrumb\"},\"inLanguage\":\"en-US\",\"potentialAction\":[{\"@type\":\"ReadAction\",\"target\":[[\"https:\/\/comarbois.com\/en\/produit\/caissons-de-cuisine\/\"]]}]},{\"@type\":\"ImageObject\",\"inLanguage\":\"en-US\",\"@id\":\"https:\/\/comarbois.com\/en\/produit\/caissons-de-cuisine\/#primaryimage\",\"url\":\"https:\/\/comarbois.com\/wp-content\/uploads\/2022\/03\/meuble-bas-mobalpa-portes-battantes-ambianceloft-570x570-1.jpeg\",\"contentUrl\":\"https:\/\/comarbois.com\/wp-content\/uploads\/2022\/03\/meuble-bas-mobalpa-portes-battantes-ambianceloft-570x570-1.jpeg\",\"width\":570,\"height\":570,\"caption\":\"(Fran\u00e7ais) Vous retrouvez chez Comarbois les caissons pour vos cuisines en 2 gammes : classique et avantgarde\"},{\"@type\":\"BreadcrumbList\",\"@id\":\"https:\/\/comarbois.com\/en\/produit\/caissons-de-cuisine\/#breadcrumb\",\"itemListElement\":[{\"@type\":\"ListItem\",\"position\":1,\"name\":\"Accueil\",\"item\":\"https:\/\/comarbois.com\/en\/\"},{\"@type\":\"ListItem\",\"position\":2,\"name\":\"Produits\",\"item\":\"https:\/\/comarbois.com\/en\/boutique\/\"},{\"@type\":\"ListItem\",\"position\":3,\"name\":\"CAISSONS DE CUISINE\"}]},{\"@type\":\"WebSite\",\"@id\":\"https:\/\/comarbois.com\/en\/#website\",\"url\":\"https:\/\/comarbois.com\/en\/\",\"name\":\"Comarbois\",\"description\":\"\",\"publisher\":{\"@id\":\"https:\/\/comarbois.com\/en\/#organization\"},\"potentialAction\":[{\"@type\":\"SearchAction\",\"target\":{\"@type\":\"EntryPoint\",\"urlTemplate\":\"https:\/\/comarbois.com\/en\/?s={search_term_string}\"},\"query-input\":{\"@type\":\"PropertyValueSpecification\",\"valueRequired\":true,\"valueName\":\"search_term_string\"}}],\"inLanguage\":\"en-US\"},{\"@type\":\"Organization\",\"@id\":\"https:\/\/comarbois.com\/en\/#organization\",\"name\":\"Comarbois\",\"url\":\"https:\/\/comarbois.com\/en\/\",\"logo\":{\"@type\":\"ImageObject\",\"inLanguage\":\"en-US\",\"@id\":\"https:\/\/comarbois.com\/en\/#\/schema\/logo\/image\/\",\"url\":\"https:\/\/comarbois.com\/wp-content\/uploads\/2021\/03\/LOGO-COMARBOIS-H-RVB.png\",\"contentUrl\":\"https:\/\/comarbois.com\/wp-content\/uploads\/2021\/03\/LOGO-COMARBOIS-H-RVB.png\",\"width\":3543,\"height\":1210,\"caption\":\"Comarbois\"},\"image\":{\"@id\":\"https:\/\/comarbois.com\/en\/#\/schema\/logo\/image\/\"},\"sameAs\":[\"https:\/\/www.facebook.com\/comarbois\/\",\"https:\/\/www.linkedin.com\/company\/3057658\/\",\"https:\/\/www.instagram.com\/comarbois\/\"]}]}<\/script>\n<!-- \/ Yoast SEO plugin. -->","yoast_head_json":{"title":"KITCHEN CABINETS &#8211; Comarbois","description":"D\u00e9couvrez nos collections de caissons de cuisine alliant \u00e0 la fois ergonomie, esth\u00e9tique & fonctionnalit\u00e9.","robots":{"index":"index","follow":"follow","max-snippet":"max-snippet:-1","max-image-preview":"max-image-preview:large","max-video-preview":"max-video-preview:-1"},"canonical":"https:\/\/comarbois.com\/en\/produit\/caissons-de-cuisine\/","og_locale":"en_US","og_type":"article","og_title":"KITCHEN CABINETS &#8211; Comarbois","og_description":"D\u00e9couvrez nos collections de caissons de cuisine alliant \u00e0 la fois ergonomie, esth\u00e9tique & fonctionnalit\u00e9.","og_url":"https:\/\/comarbois.com\/en\/produit\/caissons-de-cuisine\/","og_site_name":"Comarbois","article_publisher":"https:\/\/www.facebook.com\/comarbois\/","article_modified_time":"2025-05-15T08:38:41+00:00","og_image":[{"width":570,"height":570,"url":"https:\/\/comarbois.com\/wp-content\/uploads\/2022\/03\/meuble-bas-mobalpa-portes-battantes-ambianceloft-570x570-1.jpeg","type":"image\/jpeg"}],"twitter_card":"summary_large_image","twitter_misc":{"Est. reading time":"2 minutes"},"schema":{"@context":"https:\/\/schema.org","@graph":[{"@type":"WebPage","@id":"https:\/\/comarbois.com\/en\/produit\/caissons-de-cuisine\/","url":"https:\/\/comarbois.com\/en\/produit\/caissons-de-cuisine\/","name":"KITCHEN CABINETS &#8211; Comarbois","isPartOf":{"@id":"https:\/\/comarbois.com\/en\/#website"},"primaryImageOfPage":{"@id":"https:\/\/comarbois.com\/en\/produit\/caissons-de-cuisine\/#primaryimage"},"image":{"@id":"https:\/\/comarbois.com\/produit\/caissons-de-cuisine\/#primaryimage"},"thumbnailUrl":"https:\/\/comarbois.com\/wp-content\/uploads\/2022\/03\/meuble-bas-mobalpa-portes-battantes-ambianceloft-570x570-1.jpeg","datePublished":"2022-03-23T14:20:03+00:00","dateModified":"2025-05-15T08:38:41+00:00","description":"D\u00e9couvrez nos collections de caissons de cuisine alliant \u00e0 la fois ergonomie, esth\u00e9tique & fonctionnalit\u00e9.","breadcrumb":{"@id":"https:\/\/comarbois.com\/en\/produit\/caissons-de-cuisine\/#breadcrumb"},"inLanguage":"en-US","potentialAction":[{"@type":"ReadAction","target":[["https:\/\/comarbois.com\/en\/produit\/caissons-de-cuisine\/"]]}]},{"@type":"ImageObject","inLanguage":"en-US","@id":"https:\/\/comarbois.com\/en\/produit\/caissons-de-cuisine\/#primaryimage","url":"https:\/\/comarbois.com\/wp-content\/uploads\/2022\/03\/meuble-bas-mobalpa-portes-battantes-ambianceloft-570x570-1.jpeg","contentUrl":"https:\/\/comarbois.com\/wp-content\/uploads\/2022\/03\/meuble-bas-mobalpa-portes-battantes-ambianceloft-570x570-1.jpeg","width":570,"height":570,"caption":"(Fran\u00e7ais) Vous retrouvez chez Comarbois les caissons pour vos cuisines en 2 gammes : classique et avantgarde"},{"@type":"BreadcrumbList","@id":"https:\/\/comarbois.com\/en\/produit\/caissons-de-cuisine\/#breadcrumb","itemListElement":[{"@type":"ListItem","position":1,"name":"Accueil","item":"https:\/\/comarbois.com\/en\/"},{"@type":"ListItem","position":2,"name":"Produits","item":"https:\/\/comarbois.com\/en\/boutique\/"},{"@type":"ListItem","position":3,"name":"CAISSONS DE CUISINE"}]},{"@type":"WebSite","@id":"https:\/\/comarbois.com\/en\/#website","url":"https:\/\/comarbois.com\/en\/","name":"Comarbois","description":"","publisher":{"@id":"https:\/\/comarbois.com\/en\/#organization"},"potentialAction":[{"@type":"SearchAction","target":{"@type":"EntryPoint","urlTemplate":"https:\/\/comarbois.com\/en\/?s={search_term_string}"},"query-input":{"@type":"PropertyValueSpecification","valueRequired":true,"valueName":"search_term_string"}}],"inLanguage":"en-US"},{"@type":"Organization","@id":"https:\/\/comarbois.com\/en\/#organization","name":"Comarbois","url":"https:\/\/comarbois.com\/en\/","logo":{"@type":"ImageObject","inLanguage":"en-US","@id":"https:\/\/comarbois.com\/en\/#\/schema\/logo\/image\/","url":"https:\/\/comarbois.com\/wp-content\/uploads\/2021\/03\/LOGO-COMARBOIS-H-RVB.png","contentUrl":"https:\/\/comarbois.com\/wp-content\/uploads\/2021\/03\/LOGO-COMARBOIS-H-RVB.png","width":3543,"height":1210,"caption":"Comarbois"},"image":{"@id":"https:\/\/comarbois.com\/en\/#\/schema\/logo\/image\/"},"sameAs":["https:\/\/www.facebook.com\/comarbois\/","https:\/\/www.linkedin.com\/company\/3057658\/","https:\/\/www.instagram.com\/comarbois\/"]}]}},"_links":{"self":[{"href":"https:\/\/comarbois.com\/en\/wp-json\/wp\/v2\/product\/20010","targetHints":{"allow":["GET"]}}],"collection":[{"href":"https:\/\/comarbois.com\/en\/wp-json\/wp\/v2\/product"}],"about":[{"href":"https:\/\/comarbois.com\/en\/wp-json\/wp\/v2\/types\/product"}],"wp:featuredmedia":[{"embeddable":true,"href":"https:\/\/comarbois.com\/en\/wp-json\/wp\/v2\/media\/19798"}],"wp:attachment":[{"href":"https:\/\/comarbois.com\/en\/wp-json\/wp\/v2\/media?parent=20010"}],"wp:term":[{"taxonomy":"product_cat","embeddable":true,"href":"https:\/\/comarbois.com\/en\/wp-json\/wp\/v2\/product_cat?post=20010"},{"taxonomy":"product_tag","embeddable":true,"href":"https:\/\/comarbois.com\/en\/wp-json\/wp\/v2\/product_tag?post=20010"}],"curies":[{"name":"wp","href":"https:\/\/api.w.org\/{rel}","templated":true}]}}