{"id":20009,"date":"2022-03-23T15:15:06","date_gmt":"2022-03-23T14:15:06","guid":{"rendered":"https:\/\/comarbois.com\/?post_type=product&#038;p=20009"},"modified":"2023-09-19T12:41:16","modified_gmt":"2023-09-19T11:41:16","slug":"fancy-plywood","status":"publish","type":"product","link":"https:\/\/comarbois.com\/en\/produit\/fancy-plywood\/","title":{"rendered":"FANCY PLYWOOD"},"content":{"rendered":"<p>[vc_row gap=&#8221;35&#8243; woodmart_css_id=&#8221;62861d0bc3249&#8243; responsive_spacing=&#8221;eyJwYXJhbV90eXBlIjoid29vZG1hcnRfcmVzcG9uc2l2ZV9zcGFjaW5nIiwic2VsZWN0b3JfaWQiOiI2Mjg2MWQwYmMzMjQ5Iiwic2hvcnRjb2RlIjoidmNfcm93IiwiZGF0YSI6eyJ0YWJsZXQiOnt9LCJtb2JpbGUiOnt9fX0=&#8221; mobile_bg_img_hidden=&#8221;no&#8221; tablet_bg_img_hidden=&#8221;no&#8221; woodmart_parallax=&#8221;0&#8243; woodmart_gradient_switch=&#8221;no&#8221; woodmart_box_shadow=&#8221;no&#8221; wd_z_index=&#8221;no&#8221; woodmart_disable_overflow=&#8221;0&#8243; row_reverse_mobile=&#8221;0&#8243; row_reverse_tablet=&#8221;0&#8243;][vc_column width=&#8221;1\/3&#8243;][vc_column_text woodmart_inline=&#8221;no&#8221; text_larger=&#8221;no&#8221;]<\/p>\n<div class=\"info portfolio_custom_field\">\n<p><strong>DESCRIPTION<\/strong><br \/>\n<span class=\"VIiyi\" lang=\"en\"><span class=\"JLqJ4b ChMk0b\" data-language-for-alternatives=\"en\" data-language-to-translate-into=\"fr\" data-phrase-index=\"0\" data-number-of-phrases=\"4\"><span class=\"Q4iAWc\">The fine species plywood panel is the wood solution that combines both aesthetics and mechanical performance.<\/span><\/span> <span class=\"JLqJ4b ChMk0b\" data-language-for-alternatives=\"en\" data-language-to-translate-into=\"fr\" data-phrase-index=\"2\" data-number-of-phrases=\"4\"><span class=\"Q4iAWc\">With a face veneered with noble wood, it perfectly meets the needs of carpenters, cabinetmakers and interior design professionals who want a &#8220;raw wood&#8221; finish at an advantageous price.<\/span><\/span> <span class=\"JLqJ4b ChMk0b\" data-language-for-alternatives=\"en\" data-language-to-translate-into=\"fr\" data-phrase-index=\"3\" data-number-of-phrases=\"4\"><span class=\"Q4iAWc\">Comarbois has a constant stock and offers a wide variety of species and sizes.<\/span><\/span><\/span><\/p>\n<\/div>\n<p>[\/vc_column_text][vc_column_text woodmart_inline=&#8221;no&#8221; text_larger=&#8221;no&#8221;]<\/p>\n<div class=\"info portfolio_custom_field\">\n<p><strong>SPECIES<\/strong><br \/>\nOak, Ceiba, Beech, Mahogany, Eyoung, Ash, Falkata, Cedar, Ilomba, Zebrano, Dibetou, Iroko, Wengue, Padouk, Frak\u00e9, Onzabili<\/p>\n<\/div>\n<p>[\/vc_column_text][vc_column_text woodmart_inline=&#8221;no&#8221; text_larger=&#8221;no&#8221;]<\/p>\n<div class=\"info portfolio_custom_field\">\n<p><strong>ORIGIN<\/strong><br \/>\nSpain<\/p>\n<\/div>\n<p>[\/vc_column_text][\/vc_column][vc_column width=&#8221;1\/3&#8243;][vc_column_text woodmart_inline=&#8221;no&#8221; text_larger=&#8221;no&#8221;]<\/p>\n<div class=\"info portfolio_custom_field\">\n<p><strong><strong>SIZES (mm)*<br \/>\n<\/strong><\/strong><\/p>\n<table style=\"border-collapse: collapse; width: 370px; height: 238px;\" border=\"0\" width=\"261\" cellspacing=\"0\" cellpadding=\"0\">\n<tbody>\n<tr style=\"height: 13.0pt;\">\n<td class=\"xl63\" style=\"height: 16.0pt; width: 65pt;\" width=\"87\" height=\"21\">2050 X 7000<\/td>\n<td class=\"xl63\" style=\"border-left: none; width: 65pt;\" width=\"87\">2200 X 7500<\/td>\n<td class=\"xl63\" style=\"border-left: none; width: 65pt;\" width=\"87\">2500 X 1220<\/td>\n<\/tr>\n<tr style=\"height: 16.0pt;\">\n<td class=\"xl63\" style=\"height: 16.0pt; border-top: none;\" height=\"21\">2050 X 7500<\/td>\n<td class=\"xl63\" style=\"border-top: none; border-left: none;\">2200 X 8500<\/td>\n<td class=\"xl63\" style=\"border-top: none; border-left: none;\">2500 X 1530<\/td>\n<\/tr>\n<tr style=\"height: 16.0pt;\">\n<td class=\"xl63\" style=\"height: 16.0pt; border-top: none;\" height=\"21\">2050 X 8500<\/td>\n<td class=\"xl63\" style=\"border-top: none; border-left: none;\">2200 X 1000<\/td>\n<td class=\"xl63\" style=\"border-top: none; border-left: none;\"><\/td>\n<\/tr>\n<tr style=\"height: 16.0pt;\">\n<td class=\"xl63\" style=\"height: 16.0pt; border-top: none;\" height=\"21\">2050 X 1000<\/td>\n<td class=\"xl63\" style=\"border-top: none; border-left: none;\">2200 X 1220<\/td>\n<td class=\"xl63\" style=\"border-top: none; border-left: none;\"><\/td>\n<\/tr>\n<tr style=\"height: 16.0pt;\">\n<td class=\"xl63\" style=\"height: 16.0pt; border-top: none;\" height=\"21\">2050 X 1220<\/td>\n<td class=\"xl63\" style=\"border-top: none; border-left: none;\"><\/td>\n<td class=\"xl63\" style=\"border-top: none; border-left: none;\"><\/td>\n<\/tr>\n<\/tbody>\n<\/table>\n<\/div>\n<p>[\/vc_column_text][vc_column_text woodmart_inline=&#8221;no&#8221; text_larger=&#8221;no&#8221;]<\/p>\n<div class=\"info portfolio_custom_field\">\n<p><strong>THICKNESSES (mm)*<\/strong><br \/>\n4 \/ 5 \/ 7 \/ 10 \/ 12 \/ 15 \/ 18 \/ 20 \/ 22 \/ 25 \/ 30<\/p>\n<\/div>\n<div class=\"info portfolio_custom_field\">\n<p>*More sizes and thicknesses available on demand.<\/p>\n<\/div>\n<p>[\/vc_column_text][\/vc_column][vc_column width=&#8221;1\/3&#8243;][vc_column_text woodmart_inline=&#8221;no&#8221; text_larger=&#8221;no&#8221;]<\/p>\n<div class=\"info portfolio_custom_field\"><strong>QUALITIES<\/strong><\/div>\n<div class=\"info portfolio_custom_field\">\n<p>B \/ BB<br \/>\nB \/ CC<\/p>\n<\/div>\n<p>[\/vc_column_text][vc_column_text woodmart_inline=&#8221;no&#8221; text_larger=&#8221;no&#8221;]<\/p>\n<div class=\"info portfolio_custom_field\">\n<p><strong>USES<\/strong><br \/>\nCarpentry, framing, wooden coverings<\/p>\n<\/div>\n<p>[\/vc_column_text][vc_btn title=&#8221;DOWNLOAD FACT SHEET&#8221; shape=&#8221;square&#8221; i_icon_fontawesome=&#8221;fas fa-paperclip&#8221; css_animation=&#8221;bounceIn&#8221; add_icon=&#8221;true&#8221; link=&#8221;url:http%3A%2F%2Fcomarbois.com%2Fwp-content%2Fuploads%2F2022%2F05%2FFICHE_CP-ESSENCES-FINES.pdf|target:_blank&#8221;][\/vc_column][\/vc_row]<\/p>","protected":false},"excerpt":{"rendered":"<p>[vc_row gap=&#8221;35&#8243; woodmart_css_id=&#8221;62861d0bc3249&#8243; responsive_spacing=&#8221;eyJwYXJhbV90eXBlIjoid29vZG1hcnRfcmVzcG9uc2l2ZV9zcGFjaW5nIiwic2VsZWN0b3JfaWQiOiI2Mjg2MWQwYmMzMjQ5Iiwic2hvcnRjb2RlIjoidmNfcm93IiwiZGF0YSI6eyJ0YWJsZXQiOnt9LCJtb2JpbGUiOnt9fX0=&#8221; mobile_bg_img_hidden=&#8221;no&#8221; tablet_bg_img_hidden=&#8221;no&#8221; woodmart_parallax=&#8221;0&#8243; woodmart_gradient_switch=&#8221;no&#8221; woodmart_box_shadow=&#8221;no&#8221; wd_z_index=&#8221;no&#8221; woodmart_disable_overflow=&#8221;0&#8243; row_reverse_mobile=&#8221;0&#8243; row_reverse_tablet=&#8221;0&#8243;][vc_column width=&#8221;1\/3&#8243;][vc_column_text woodmart_inline=&#8221;no&#8221; text_larger=&#8221;no&#8221;] DESCRIPTION The fine species<\/p>\n","protected":false},"featured_media":16463,"template":"","meta":[],"product_cat":[310,312],"product_tag":[],"class_list":{"0":"post-20009","1":"product","2":"type-product","3":"status-publish","4":"has-post-thumbnail","6":"product_cat-panneaux-decoratifs-industriels","7":"product_cat-tout-afficher","9":"first","10":"instock","11":"shipping-taxable","12":"purchasable","13":"product-type-simple"},"yoast_head":"<!-- This site is optimized with the Yoast SEO plugin v23.5 - https:\/\/yoast.com\/wordpress\/plugins\/seo\/ -->\n<title>FANCY PLYWOOD &#8211; Comarbois<\/title>\n<meta name=\"description\" content=\"Il allie esth\u00e9tique et performances m\u00e9caniques : dot\u00e9 d\u2019une face plaqu\u00e9e de bois noble, il permet d&#039;obtenir un rendu bois brut \u00e0 un prix avantageux.\" \/>\n<meta name=\"robots\" content=\"index, follow, max-snippet:-1, max-image-preview:large, max-video-preview:-1\" \/>\n<link rel=\"canonical\" href=\"https:\/\/comarbois.com\/en\/produit\/fancy-plywood\/\" \/>\n<meta property=\"og:locale\" content=\"en_US\" \/>\n<meta property=\"og:type\" content=\"article\" \/>\n<meta property=\"og:title\" content=\"FANCY PLYWOOD &#8211; Comarbois\" \/>\n<meta property=\"og:description\" content=\"Il allie esth\u00e9tique et performances m\u00e9caniques : dot\u00e9 d\u2019une face plaqu\u00e9e de bois noble, il permet d&#039;obtenir un rendu bois brut \u00e0 un prix avantageux.\" \/>\n<meta property=\"og:url\" content=\"https:\/\/comarbois.com\/en\/produit\/fancy-plywood\/\" \/>\n<meta property=\"og:site_name\" content=\"Comarbois\" \/>\n<meta property=\"article:publisher\" content=\"https:\/\/www.facebook.com\/comarbois\/\" \/>\n<meta property=\"article:modified_time\" content=\"2023-09-19T11:41:16+00:00\" \/>\n<meta property=\"og:image\" content=\"https:\/\/comarbois.com\/wp-content\/uploads\/2013\/10\/60def7e5-a86d-4770-90b5-d663959017ed_1000.jpg\" \/>\n\t<meta property=\"og:image:width\" content=\"1000\" \/>\n\t<meta property=\"og:image:height\" content=\"1000\" \/>\n\t<meta property=\"og:image:type\" content=\"image\/jpeg\" \/>\n<meta name=\"twitter:card\" content=\"summary_large_image\" \/>\n<meta name=\"twitter:label1\" content=\"Est. reading time\" \/>\n\t<meta name=\"twitter:data1\" content=\"3 minutes\" \/>\n<script type=\"application\/ld+json\" class=\"yoast-schema-graph\">{\"@context\":\"https:\/\/schema.org\",\"@graph\":[{\"@type\":\"WebPage\",\"@id\":\"https:\/\/comarbois.com\/en\/produit\/fancy-plywood\/\",\"url\":\"https:\/\/comarbois.com\/en\/produit\/fancy-plywood\/\",\"name\":\"FANCY PLYWOOD &#8211; Comarbois\",\"isPartOf\":{\"@id\":\"https:\/\/comarbois.com\/en\/#website\"},\"primaryImageOfPage\":{\"@id\":\"https:\/\/comarbois.com\/en\/produit\/fancy-plywood\/#primaryimage\"},\"image\":{\"@id\":\"https:\/\/comarbois.com\/produit\/fancy-plywood\/#primaryimage\"},\"thumbnailUrl\":\"https:\/\/comarbois.com\/wp-content\/uploads\/2013\/10\/60def7e5-a86d-4770-90b5-d663959017ed_1000.jpg\",\"datePublished\":\"2022-03-23T14:15:06+00:00\",\"dateModified\":\"2023-09-19T11:41:16+00:00\",\"description\":\"Il allie esth\u00e9tique et performances m\u00e9caniques : dot\u00e9 d\u2019une face plaqu\u00e9e de bois noble, il permet d'obtenir un rendu bois brut \u00e0 un prix avantageux.\",\"breadcrumb\":{\"@id\":\"https:\/\/comarbois.com\/en\/produit\/fancy-plywood\/#breadcrumb\"},\"inLanguage\":\"en-US\",\"potentialAction\":[{\"@type\":\"ReadAction\",\"target\":[[\"https:\/\/comarbois.com\/en\/produit\/fancy-plywood\/\"]]}]},{\"@type\":\"ImageObject\",\"inLanguage\":\"en-US\",\"@id\":\"https:\/\/comarbois.com\/en\/produit\/fancy-plywood\/#primaryimage\",\"url\":\"https:\/\/comarbois.com\/wp-content\/uploads\/2013\/10\/60def7e5-a86d-4770-90b5-d663959017ed_1000.jpg\",\"contentUrl\":\"https:\/\/comarbois.com\/wp-content\/uploads\/2013\/10\/60def7e5-a86d-4770-90b5-d663959017ed_1000.jpg\",\"width\":1000,\"height\":1000,\"caption\":\"(Fran\u00e7ais) Comarbois vous offre le panneau contreplaqu\u00e9 en plusieurs essences Ch\u00eane, Fromager, H\u00eatre, Acajou, Eyoung, Fr\u00eane, Falkata, C\u00e8dre, Ilomba, Zebrano, Dibetou, Iroko, Wengue, Padouk, Frak\u00e9, Onzabili\"},{\"@type\":\"BreadcrumbList\",\"@id\":\"https:\/\/comarbois.com\/en\/produit\/fancy-plywood\/#breadcrumb\",\"itemListElement\":[{\"@type\":\"ListItem\",\"position\":1,\"name\":\"Accueil\",\"item\":\"https:\/\/comarbois.com\/en\/\"},{\"@type\":\"ListItem\",\"position\":2,\"name\":\"Produits\",\"item\":\"https:\/\/comarbois.com\/en\/boutique\/\"},{\"@type\":\"ListItem\",\"position\":3,\"name\":\"CONTREPLAQU\u00c9 ESSENCES FINES\"}]},{\"@type\":\"WebSite\",\"@id\":\"https:\/\/comarbois.com\/en\/#website\",\"url\":\"https:\/\/comarbois.com\/en\/\",\"name\":\"Comarbois\",\"description\":\"\",\"publisher\":{\"@id\":\"https:\/\/comarbois.com\/en\/#organization\"},\"potentialAction\":[{\"@type\":\"SearchAction\",\"target\":{\"@type\":\"EntryPoint\",\"urlTemplate\":\"https:\/\/comarbois.com\/en\/?s={search_term_string}\"},\"query-input\":{\"@type\":\"PropertyValueSpecification\",\"valueRequired\":true,\"valueName\":\"search_term_string\"}}],\"inLanguage\":\"en-US\"},{\"@type\":\"Organization\",\"@id\":\"https:\/\/comarbois.com\/en\/#organization\",\"name\":\"Comarbois\",\"url\":\"https:\/\/comarbois.com\/en\/\",\"logo\":{\"@type\":\"ImageObject\",\"inLanguage\":\"en-US\",\"@id\":\"https:\/\/comarbois.com\/en\/#\/schema\/logo\/image\/\",\"url\":\"https:\/\/comarbois.com\/wp-content\/uploads\/2021\/03\/LOGO-COMARBOIS-H-RVB.png\",\"contentUrl\":\"https:\/\/comarbois.com\/wp-content\/uploads\/2021\/03\/LOGO-COMARBOIS-H-RVB.png\",\"width\":3543,\"height\":1210,\"caption\":\"Comarbois\"},\"image\":{\"@id\":\"https:\/\/comarbois.com\/en\/#\/schema\/logo\/image\/\"},\"sameAs\":[\"https:\/\/www.facebook.com\/comarbois\/\",\"https:\/\/www.linkedin.com\/company\/3057658\/\",\"https:\/\/www.instagram.com\/comarbois\/\"]}]}<\/script>\n<!-- \/ Yoast SEO plugin. -->","yoast_head_json":{"title":"FANCY PLYWOOD &#8211; Comarbois","description":"Il allie esth\u00e9tique et performances m\u00e9caniques : dot\u00e9 d\u2019une face plaqu\u00e9e de bois noble, il permet d'obtenir un rendu bois brut \u00e0 un prix avantageux.","robots":{"index":"index","follow":"follow","max-snippet":"max-snippet:-1","max-image-preview":"max-image-preview:large","max-video-preview":"max-video-preview:-1"},"canonical":"https:\/\/comarbois.com\/en\/produit\/fancy-plywood\/","og_locale":"en_US","og_type":"article","og_title":"FANCY PLYWOOD &#8211; Comarbois","og_description":"Il allie esth\u00e9tique et performances m\u00e9caniques : dot\u00e9 d\u2019une face plaqu\u00e9e de bois noble, il permet d'obtenir un rendu bois brut \u00e0 un prix avantageux.","og_url":"https:\/\/comarbois.com\/en\/produit\/fancy-plywood\/","og_site_name":"Comarbois","article_publisher":"https:\/\/www.facebook.com\/comarbois\/","article_modified_time":"2023-09-19T11:41:16+00:00","og_image":[{"width":1000,"height":1000,"url":"https:\/\/comarbois.com\/wp-content\/uploads\/2013\/10\/60def7e5-a86d-4770-90b5-d663959017ed_1000.jpg","type":"image\/jpeg"}],"twitter_card":"summary_large_image","twitter_misc":{"Est. reading time":"3 minutes"},"schema":{"@context":"https:\/\/schema.org","@graph":[{"@type":"WebPage","@id":"https:\/\/comarbois.com\/en\/produit\/fancy-plywood\/","url":"https:\/\/comarbois.com\/en\/produit\/fancy-plywood\/","name":"FANCY PLYWOOD &#8211; Comarbois","isPartOf":{"@id":"https:\/\/comarbois.com\/en\/#website"},"primaryImageOfPage":{"@id":"https:\/\/comarbois.com\/en\/produit\/fancy-plywood\/#primaryimage"},"image":{"@id":"https:\/\/comarbois.com\/produit\/fancy-plywood\/#primaryimage"},"thumbnailUrl":"https:\/\/comarbois.com\/wp-content\/uploads\/2013\/10\/60def7e5-a86d-4770-90b5-d663959017ed_1000.jpg","datePublished":"2022-03-23T14:15:06+00:00","dateModified":"2023-09-19T11:41:16+00:00","description":"Il allie esth\u00e9tique et performances m\u00e9caniques : dot\u00e9 d\u2019une face plaqu\u00e9e de bois noble, il permet d'obtenir un rendu bois brut \u00e0 un prix avantageux.","breadcrumb":{"@id":"https:\/\/comarbois.com\/en\/produit\/fancy-plywood\/#breadcrumb"},"inLanguage":"en-US","potentialAction":[{"@type":"ReadAction","target":[["https:\/\/comarbois.com\/en\/produit\/fancy-plywood\/"]]}]},{"@type":"ImageObject","inLanguage":"en-US","@id":"https:\/\/comarbois.com\/en\/produit\/fancy-plywood\/#primaryimage","url":"https:\/\/comarbois.com\/wp-content\/uploads\/2013\/10\/60def7e5-a86d-4770-90b5-d663959017ed_1000.jpg","contentUrl":"https:\/\/comarbois.com\/wp-content\/uploads\/2013\/10\/60def7e5-a86d-4770-90b5-d663959017ed_1000.jpg","width":1000,"height":1000,"caption":"(Fran\u00e7ais) Comarbois vous offre le panneau contreplaqu\u00e9 en plusieurs essences Ch\u00eane, Fromager, H\u00eatre, Acajou, Eyoung, Fr\u00eane, Falkata, C\u00e8dre, Ilomba, Zebrano, Dibetou, Iroko, Wengue, Padouk, Frak\u00e9, Onzabili"},{"@type":"BreadcrumbList","@id":"https:\/\/comarbois.com\/en\/produit\/fancy-plywood\/#breadcrumb","itemListElement":[{"@type":"ListItem","position":1,"name":"Accueil","item":"https:\/\/comarbois.com\/en\/"},{"@type":"ListItem","position":2,"name":"Produits","item":"https:\/\/comarbois.com\/en\/boutique\/"},{"@type":"ListItem","position":3,"name":"CONTREPLAQU\u00c9 ESSENCES FINES"}]},{"@type":"WebSite","@id":"https:\/\/comarbois.com\/en\/#website","url":"https:\/\/comarbois.com\/en\/","name":"Comarbois","description":"","publisher":{"@id":"https:\/\/comarbois.com\/en\/#organization"},"potentialAction":[{"@type":"SearchAction","target":{"@type":"EntryPoint","urlTemplate":"https:\/\/comarbois.com\/en\/?s={search_term_string}"},"query-input":{"@type":"PropertyValueSpecification","valueRequired":true,"valueName":"search_term_string"}}],"inLanguage":"en-US"},{"@type":"Organization","@id":"https:\/\/comarbois.com\/en\/#organization","name":"Comarbois","url":"https:\/\/comarbois.com\/en\/","logo":{"@type":"ImageObject","inLanguage":"en-US","@id":"https:\/\/comarbois.com\/en\/#\/schema\/logo\/image\/","url":"https:\/\/comarbois.com\/wp-content\/uploads\/2021\/03\/LOGO-COMARBOIS-H-RVB.png","contentUrl":"https:\/\/comarbois.com\/wp-content\/uploads\/2021\/03\/LOGO-COMARBOIS-H-RVB.png","width":3543,"height":1210,"caption":"Comarbois"},"image":{"@id":"https:\/\/comarbois.com\/en\/#\/schema\/logo\/image\/"},"sameAs":["https:\/\/www.facebook.com\/comarbois\/","https:\/\/www.linkedin.com\/company\/3057658\/","https:\/\/www.instagram.com\/comarbois\/"]}]}},"_links":{"self":[{"href":"https:\/\/comarbois.com\/en\/wp-json\/wp\/v2\/product\/20009","targetHints":{"allow":["GET"]}}],"collection":[{"href":"https:\/\/comarbois.com\/en\/wp-json\/wp\/v2\/product"}],"about":[{"href":"https:\/\/comarbois.com\/en\/wp-json\/wp\/v2\/types\/product"}],"wp:featuredmedia":[{"embeddable":true,"href":"https:\/\/comarbois.com\/en\/wp-json\/wp\/v2\/media\/16463"}],"wp:attachment":[{"href":"https:\/\/comarbois.com\/en\/wp-json\/wp\/v2\/media?parent=20009"}],"wp:term":[{"taxonomy":"product_cat","embeddable":true,"href":"https:\/\/comarbois.com\/en\/wp-json\/wp\/v2\/product_cat?post=20009"},{"taxonomy":"product_tag","embeddable":true,"href":"https:\/\/comarbois.com\/en\/wp-json\/wp\/v2\/product_tag?post=20009"}],"curies":[{"name":"wp","href":"https:\/\/api.w.org\/{rel}","templated":true}]}}