{"id":20008,"date":"2022-03-23T15:11:06","date_gmt":"2022-03-23T14:11:06","guid":{"rendered":"https:\/\/comarbois.com\/?post_type=product&#038;p=20008"},"modified":"2022-09-14T14:01:20","modified_gmt":"2022-09-14T13:01:20","slug":"contreplaque-filme-bakelise","status":"publish","type":"product","link":"https:\/\/comarbois.com\/en\/produit\/contreplaque-filme-bakelise\/","title":{"rendered":"FILM FACED PLYWOOD"},"content":{"rendered":"<p>[vc_row gap=&#8221;35&#8243; woodmart_css_id=&#8221;6286281d2e058&#8243; responsive_spacing=&#8221;eyJwYXJhbV90eXBlIjoid29vZG1hcnRfcmVzcG9uc2l2ZV9zcGFjaW5nIiwic2VsZWN0b3JfaWQiOiI2Mjg2MjgxZDJlMDU4Iiwic2hvcnRjb2RlIjoidmNfcm93IiwiZGF0YSI6eyJ0YWJsZXQiOnt9LCJtb2JpbGUiOnt9fX0=&#8221; mobile_bg_img_hidden=&#8221;no&#8221; tablet_bg_img_hidden=&#8221;no&#8221; woodmart_parallax=&#8221;0&#8243; woodmart_gradient_switch=&#8221;no&#8221; woodmart_box_shadow=&#8221;no&#8221; wd_z_index=&#8221;no&#8221; woodmart_disable_overflow=&#8221;0&#8243; row_reverse_mobile=&#8221;0&#8243; row_reverse_tablet=&#8221;0&#8243;][vc_column width=&#8221;1\/3&#8243;][vc_column_text woodmart_inline=&#8221;no&#8221; text_larger=&#8221;no&#8221;]<strong>DESCRIPTION<br \/>\n<\/strong><span class=\"VIiyi\" lang=\"en\"><span class=\"JLqJ4b ChMk0b\" data-language-for-alternatives=\"en\" data-language-to-translate-into=\"fr\" data-phrase-index=\"0\" data-number-of-phrases=\"4\"><span class=\"Q4iAWc\">The film faced plywood is particularly used in the field of construction for the realization of concrete formwork because it allows to obtain very good quality finishes.<\/span><\/span> <span class=\"JLqJ4b ChMk0b\" data-language-for-alternatives=\"en\" data-language-to-translate-into=\"fr\" data-phrase-index=\"1\" data-number-of-phrases=\"4\"><span class=\"Q4iAWc\">But it can also be used in other areas such as bodywork and events.<\/span><\/span> <span class=\"JLqJ4b ChMk0b\" data-language-for-alternatives=\"en\" data-language-to-translate-into=\"fr\" data-phrase-index=\"2\" data-number-of-phrases=\"4\"><span class=\"Q4iAWc\">It is a popular material because it is easy to use, multi-purpose and reusable, which optimizes costs.<\/span><\/span> <span class=\"JLqJ4b ChMk0b\" data-language-for-alternatives=\"en\" data-language-to-translate-into=\"fr\" data-phrase-index=\"3\" data-number-of-phrases=\"4\"><span class=\"Q4iAWc\">Several species and sizes available and up to 13 plies.<\/span><\/span><\/span><\/p>\n<p><strong>SPECIES<\/strong><br \/>\nPine, Birch, Poplar, Eucalyptus<\/p>\n<p><strong>ORIGINS<\/strong><br \/>\nFinland, Spain, Brazil, Russia[\/vc_column_text][\/vc_column][vc_column width=&#8221;1\/3&#8243;][vc_column_text woodmart_inline=&#8221;no&#8221; text_larger=&#8221;no&#8221;]<strong>COATING<\/strong><br \/>\n2 sides coated with a phenol film of 170g\/m2<\/p>\n<p><strong>USES<\/strong><br \/>\nFormwork, coachwork, floor panels, framing[\/vc_column_text][vc_column_text woodmart_inline=&#8221;no&#8221; text_larger=&#8221;no&#8221;]<strong>SIZES (mm)<\/strong><br \/>\n2500 X 1250<\/p>\n<p><strong>THICKNESSES (mm)<\/strong><br \/>\n15 \/ 18 \/ 21<\/p>\n<p><strong>FEATURES<\/strong><br \/>\nNormal or slip resistant[\/vc_column_text][vc_btn title=&#8221;DOWNLOAD FACT SHEET&#8221; shape=&#8221;square&#8221; i_icon_fontawesome=&#8221;fas fa-paperclip&#8221; css_animation=&#8221;bounceIn&#8221; add_icon=&#8221;true&#8221; link=&#8221;url:http%3A%2F%2Fcomarbois.com%2Fwp-content%2Fuploads%2F2022%2F05%2FFICHE_CP-BAKELISE.pdf|target:_blank&#8221;][\/vc_column][vc_column width=&#8221;1\/3&#8243;][vc_column_text woodmart_inline=&#8221;no&#8221; text_larger=&#8221;no&#8221;]<strong>MORE INFO ABOUT SVEZA<br \/>\n<\/strong>\u2192 Deck 350 SVEZA[\/vc_column_text]<div id=\"wd-62863bbfc02cb\" class=\" wd-rs-62863bbfc02cb  wd-button-wrapper text-center inline-element\"><a href=\"http:\/\/comarbois.com\/wp-content\/uploads\/2014\/03\/Sveza_booklet_a4_DECK_350_fr.pdf\" title=\"\" target=\"_blank\" class=\"btn btn-color-primary btn-style-link btn-style-rectangle btn-size-default\">TECHNICAL SHEET SVEZA<\/a><\/div>[vc_empty_space height=&#8221;60px&#8221; woodmart_hide_large=&#8221;0&#8243; woodmart_hide_medium=&#8221;0&#8243; woodmart_hide_small=&#8221;0&#8243; woodmart_hide_extra_small=&#8221;0&#8243;][vc_column_text woodmart_inline=&#8221;no&#8221; text_larger=&#8221;no&#8221;]<strong>MORE INFO ABOUT MADERAS DE LLODIO<br \/>\n<\/strong>\u2192 Film-coated technical veneer plywood for shuttering[\/vc_column_text]<div id=\"wd-62863bd006b70\" class=\" wd-rs-62863bd006b70  wd-button-wrapper text-center inline-element\"><a href=\"http:\/\/comarbois.com\/wp-content\/uploads\/2022\/05\/Laudio-form.pdf\" title=\"\" target=\"_blank\" class=\"btn btn-color-primary btn-style-link btn-style-rectangle btn-size-default\">TECHNICAL SHEET MADERAS DE LLODIO<\/a><\/div>[vc_empty_space][\/vc_column][\/vc_row]<\/p>","protected":false},"excerpt":{"rendered":"<p>SPECIES Pine, Birch, Poplar, Eucalyptus COATING 2 sides coated with a phenol film of 170g\/m2 ORIGINS Finland, Spain, Brazil, Russia&#8230;<\/p>\n","protected":false},"featured_media":19801,"template":"","meta":[],"product_cat":[310,241,312],"product_tag":[],"class_list":{"0":"post-20008","1":"product","2":"type-product","3":"status-publish","4":"has-post-thumbnail","6":"product_cat-panneaux-decoratifs-industriels","7":"product_cat-produits-de-coffrage","8":"product_cat-tout-afficher","10":"first","11":"instock","12":"shipping-taxable","13":"purchasable","14":"product-type-simple"},"yoast_head":"<!-- This site is optimized with the Yoast SEO plugin v23.5 - https:\/\/yoast.com\/wordpress\/plugins\/seo\/ -->\n<title>FILM FACED PLYWOOD &#8211; Comarbois<\/title>\n<meta name=\"description\" content=\"Largement employ\u00e9 dans la construction pour la r\u00e9alisation du coffrage b\u00e9ton car il permet d\u2019obtenir des finitions de tr\u00e8s bonne qualit\u00e9.\" \/>\n<meta name=\"robots\" content=\"index, follow, max-snippet:-1, max-image-preview:large, max-video-preview:-1\" \/>\n<link rel=\"canonical\" href=\"https:\/\/comarbois.com\/en\/produit\/contreplaque-filme-bakelise\/\" \/>\n<meta property=\"og:locale\" content=\"en_US\" \/>\n<meta property=\"og:type\" content=\"article\" \/>\n<meta property=\"og:title\" content=\"FILM FACED PLYWOOD &#8211; Comarbois\" \/>\n<meta property=\"og:description\" content=\"Largement employ\u00e9 dans la construction pour la r\u00e9alisation du coffrage b\u00e9ton car il permet d\u2019obtenir des finitions de tr\u00e8s bonne qualit\u00e9.\" \/>\n<meta property=\"og:url\" content=\"https:\/\/comarbois.com\/en\/produit\/contreplaque-filme-bakelise\/\" \/>\n<meta property=\"og:site_name\" content=\"Comarbois\" \/>\n<meta property=\"article:publisher\" content=\"https:\/\/www.facebook.com\/comarbois\/\" \/>\n<meta property=\"article:modified_time\" content=\"2022-09-14T13:01:20+00:00\" \/>\n<meta property=\"og:image\" content=\"https:\/\/comarbois.com\/wp-content\/uploads\/2022\/03\/sveza-bak-2-570x570-1.jpeg\" \/>\n\t<meta property=\"og:image:width\" content=\"570\" \/>\n\t<meta property=\"og:image:height\" content=\"570\" \/>\n\t<meta property=\"og:image:type\" content=\"image\/jpeg\" \/>\n<meta name=\"twitter:card\" content=\"summary_large_image\" \/>\n<meta name=\"twitter:label1\" content=\"Est. reading time\" \/>\n\t<meta name=\"twitter:data1\" content=\"5 minutes\" \/>\n<script type=\"application\/ld+json\" class=\"yoast-schema-graph\">{\"@context\":\"https:\/\/schema.org\",\"@graph\":[{\"@type\":\"WebPage\",\"@id\":\"https:\/\/comarbois.com\/en\/produit\/contreplaque-filme-bakelise\/\",\"url\":\"https:\/\/comarbois.com\/en\/produit\/contreplaque-filme-bakelise\/\",\"name\":\"FILM FACED PLYWOOD &#8211; Comarbois\",\"isPartOf\":{\"@id\":\"https:\/\/comarbois.com\/en\/#website\"},\"primaryImageOfPage\":{\"@id\":\"https:\/\/comarbois.com\/en\/produit\/contreplaque-filme-bakelise\/#primaryimage\"},\"image\":{\"@id\":\"https:\/\/comarbois.com\/produit\/contreplaque-filme-bakelise\/#primaryimage\"},\"thumbnailUrl\":\"https:\/\/comarbois.com\/wp-content\/uploads\/2022\/03\/sveza-bak-2-570x570-1.jpeg\",\"datePublished\":\"2022-03-23T14:11:06+00:00\",\"dateModified\":\"2022-09-14T13:01:20+00:00\",\"description\":\"Largement employ\u00e9 dans la construction pour la r\u00e9alisation du coffrage b\u00e9ton car il permet d\u2019obtenir des finitions de tr\u00e8s bonne qualit\u00e9.\",\"breadcrumb\":{\"@id\":\"https:\/\/comarbois.com\/en\/produit\/contreplaque-filme-bakelise\/#breadcrumb\"},\"inLanguage\":\"en-US\",\"potentialAction\":[{\"@type\":\"ReadAction\",\"target\":[[\"https:\/\/comarbois.com\/en\/produit\/contreplaque-filme-bakelise\/\"]]}]},{\"@type\":\"ImageObject\",\"inLanguage\":\"en-US\",\"@id\":\"https:\/\/comarbois.com\/en\/produit\/contreplaque-filme-bakelise\/#primaryimage\",\"url\":\"https:\/\/comarbois.com\/wp-content\/uploads\/2022\/03\/sveza-bak-2-570x570-1.jpeg\",\"contentUrl\":\"https:\/\/comarbois.com\/wp-content\/uploads\/2022\/03\/sveza-bak-2-570x570-1.jpeg\",\"width\":570,\"height\":570,\"caption\":\"(Fran\u00e7ais) Comarbois vous propose le contreplaqu\u00e9 film\u00e9 bak\u00e9lis\u00e9 normal ou bien antid\u00e9rapant en plusieurs essences : Pin, Bouleau, Peuplier, Eucalyptus\"},{\"@type\":\"BreadcrumbList\",\"@id\":\"https:\/\/comarbois.com\/en\/produit\/contreplaque-filme-bakelise\/#breadcrumb\",\"itemListElement\":[{\"@type\":\"ListItem\",\"position\":1,\"name\":\"Accueil\",\"item\":\"https:\/\/comarbois.com\/en\/\"},{\"@type\":\"ListItem\",\"position\":2,\"name\":\"Produits\",\"item\":\"https:\/\/comarbois.com\/en\/boutique\/\"},{\"@type\":\"ListItem\",\"position\":3,\"name\":\"CONTREPLAQU\u00c9 FILM\u00c9 (BAK\u00c9LIS\u00c9)\"}]},{\"@type\":\"WebSite\",\"@id\":\"https:\/\/comarbois.com\/en\/#website\",\"url\":\"https:\/\/comarbois.com\/en\/\",\"name\":\"Comarbois\",\"description\":\"\",\"publisher\":{\"@id\":\"https:\/\/comarbois.com\/en\/#organization\"},\"potentialAction\":[{\"@type\":\"SearchAction\",\"target\":{\"@type\":\"EntryPoint\",\"urlTemplate\":\"https:\/\/comarbois.com\/en\/?s={search_term_string}\"},\"query-input\":{\"@type\":\"PropertyValueSpecification\",\"valueRequired\":true,\"valueName\":\"search_term_string\"}}],\"inLanguage\":\"en-US\"},{\"@type\":\"Organization\",\"@id\":\"https:\/\/comarbois.com\/en\/#organization\",\"name\":\"Comarbois\",\"url\":\"https:\/\/comarbois.com\/en\/\",\"logo\":{\"@type\":\"ImageObject\",\"inLanguage\":\"en-US\",\"@id\":\"https:\/\/comarbois.com\/en\/#\/schema\/logo\/image\/\",\"url\":\"https:\/\/comarbois.com\/wp-content\/uploads\/2021\/03\/LOGO-COMARBOIS-H-RVB.png\",\"contentUrl\":\"https:\/\/comarbois.com\/wp-content\/uploads\/2021\/03\/LOGO-COMARBOIS-H-RVB.png\",\"width\":3543,\"height\":1210,\"caption\":\"Comarbois\"},\"image\":{\"@id\":\"https:\/\/comarbois.com\/en\/#\/schema\/logo\/image\/\"},\"sameAs\":[\"https:\/\/www.facebook.com\/comarbois\/\",\"https:\/\/www.linkedin.com\/company\/3057658\/\",\"https:\/\/www.instagram.com\/comarbois\/\"]}]}<\/script>\n<!-- \/ Yoast SEO plugin. -->","yoast_head_json":{"title":"FILM FACED PLYWOOD &#8211; Comarbois","description":"Largement employ\u00e9 dans la construction pour la r\u00e9alisation du coffrage b\u00e9ton car il permet d\u2019obtenir des finitions de tr\u00e8s bonne qualit\u00e9.","robots":{"index":"index","follow":"follow","max-snippet":"max-snippet:-1","max-image-preview":"max-image-preview:large","max-video-preview":"max-video-preview:-1"},"canonical":"https:\/\/comarbois.com\/en\/produit\/contreplaque-filme-bakelise\/","og_locale":"en_US","og_type":"article","og_title":"FILM FACED PLYWOOD &#8211; Comarbois","og_description":"Largement employ\u00e9 dans la construction pour la r\u00e9alisation du coffrage b\u00e9ton car il permet d\u2019obtenir des finitions de tr\u00e8s bonne qualit\u00e9.","og_url":"https:\/\/comarbois.com\/en\/produit\/contreplaque-filme-bakelise\/","og_site_name":"Comarbois","article_publisher":"https:\/\/www.facebook.com\/comarbois\/","article_modified_time":"2022-09-14T13:01:20+00:00","og_image":[{"width":570,"height":570,"url":"https:\/\/comarbois.com\/wp-content\/uploads\/2022\/03\/sveza-bak-2-570x570-1.jpeg","type":"image\/jpeg"}],"twitter_card":"summary_large_image","twitter_misc":{"Est. reading time":"5 minutes"},"schema":{"@context":"https:\/\/schema.org","@graph":[{"@type":"WebPage","@id":"https:\/\/comarbois.com\/en\/produit\/contreplaque-filme-bakelise\/","url":"https:\/\/comarbois.com\/en\/produit\/contreplaque-filme-bakelise\/","name":"FILM FACED PLYWOOD &#8211; Comarbois","isPartOf":{"@id":"https:\/\/comarbois.com\/en\/#website"},"primaryImageOfPage":{"@id":"https:\/\/comarbois.com\/en\/produit\/contreplaque-filme-bakelise\/#primaryimage"},"image":{"@id":"https:\/\/comarbois.com\/produit\/contreplaque-filme-bakelise\/#primaryimage"},"thumbnailUrl":"https:\/\/comarbois.com\/wp-content\/uploads\/2022\/03\/sveza-bak-2-570x570-1.jpeg","datePublished":"2022-03-23T14:11:06+00:00","dateModified":"2022-09-14T13:01:20+00:00","description":"Largement employ\u00e9 dans la construction pour la r\u00e9alisation du coffrage b\u00e9ton car il permet d\u2019obtenir des finitions de tr\u00e8s bonne qualit\u00e9.","breadcrumb":{"@id":"https:\/\/comarbois.com\/en\/produit\/contreplaque-filme-bakelise\/#breadcrumb"},"inLanguage":"en-US","potentialAction":[{"@type":"ReadAction","target":[["https:\/\/comarbois.com\/en\/produit\/contreplaque-filme-bakelise\/"]]}]},{"@type":"ImageObject","inLanguage":"en-US","@id":"https:\/\/comarbois.com\/en\/produit\/contreplaque-filme-bakelise\/#primaryimage","url":"https:\/\/comarbois.com\/wp-content\/uploads\/2022\/03\/sveza-bak-2-570x570-1.jpeg","contentUrl":"https:\/\/comarbois.com\/wp-content\/uploads\/2022\/03\/sveza-bak-2-570x570-1.jpeg","width":570,"height":570,"caption":"(Fran\u00e7ais) Comarbois vous propose le contreplaqu\u00e9 film\u00e9 bak\u00e9lis\u00e9 normal ou bien antid\u00e9rapant en plusieurs essences : Pin, Bouleau, Peuplier, Eucalyptus"},{"@type":"BreadcrumbList","@id":"https:\/\/comarbois.com\/en\/produit\/contreplaque-filme-bakelise\/#breadcrumb","itemListElement":[{"@type":"ListItem","position":1,"name":"Accueil","item":"https:\/\/comarbois.com\/en\/"},{"@type":"ListItem","position":2,"name":"Produits","item":"https:\/\/comarbois.com\/en\/boutique\/"},{"@type":"ListItem","position":3,"name":"CONTREPLAQU\u00c9 FILM\u00c9 (BAK\u00c9LIS\u00c9)"}]},{"@type":"WebSite","@id":"https:\/\/comarbois.com\/en\/#website","url":"https:\/\/comarbois.com\/en\/","name":"Comarbois","description":"","publisher":{"@id":"https:\/\/comarbois.com\/en\/#organization"},"potentialAction":[{"@type":"SearchAction","target":{"@type":"EntryPoint","urlTemplate":"https:\/\/comarbois.com\/en\/?s={search_term_string}"},"query-input":{"@type":"PropertyValueSpecification","valueRequired":true,"valueName":"search_term_string"}}],"inLanguage":"en-US"},{"@type":"Organization","@id":"https:\/\/comarbois.com\/en\/#organization","name":"Comarbois","url":"https:\/\/comarbois.com\/en\/","logo":{"@type":"ImageObject","inLanguage":"en-US","@id":"https:\/\/comarbois.com\/en\/#\/schema\/logo\/image\/","url":"https:\/\/comarbois.com\/wp-content\/uploads\/2021\/03\/LOGO-COMARBOIS-H-RVB.png","contentUrl":"https:\/\/comarbois.com\/wp-content\/uploads\/2021\/03\/LOGO-COMARBOIS-H-RVB.png","width":3543,"height":1210,"caption":"Comarbois"},"image":{"@id":"https:\/\/comarbois.com\/en\/#\/schema\/logo\/image\/"},"sameAs":["https:\/\/www.facebook.com\/comarbois\/","https:\/\/www.linkedin.com\/company\/3057658\/","https:\/\/www.instagram.com\/comarbois\/"]}]}},"_links":{"self":[{"href":"https:\/\/comarbois.com\/en\/wp-json\/wp\/v2\/product\/20008","targetHints":{"allow":["GET"]}}],"collection":[{"href":"https:\/\/comarbois.com\/en\/wp-json\/wp\/v2\/product"}],"about":[{"href":"https:\/\/comarbois.com\/en\/wp-json\/wp\/v2\/types\/product"}],"wp:featuredmedia":[{"embeddable":true,"href":"https:\/\/comarbois.com\/en\/wp-json\/wp\/v2\/media\/19801"}],"wp:attachment":[{"href":"https:\/\/comarbois.com\/en\/wp-json\/wp\/v2\/media?parent=20008"}],"wp:term":[{"taxonomy":"product_cat","embeddable":true,"href":"https:\/\/comarbois.com\/en\/wp-json\/wp\/v2\/product_cat?post=20008"},{"taxonomy":"product_tag","embeddable":true,"href":"https:\/\/comarbois.com\/en\/wp-json\/wp\/v2\/product_tag?post=20008"}],"curies":[{"name":"wp","href":"https:\/\/api.w.org\/{rel}","templated":true}]}}