{"id":20006,"date":"2022-03-23T12:58:09","date_gmt":"2022-03-23T11:58:09","guid":{"rendered":"https:\/\/comarbois.com\/?post_type=product&#038;p=20006"},"modified":"2022-09-14T14:01:20","modified_gmt":"2022-09-14T13:01:20","slug":"contreplaque-okoume","status":"publish","type":"product","link":"https:\/\/comarbois.com\/en\/produit\/contreplaque-okoume\/","title":{"rendered":"OKOUME PLYWOOD"},"content":{"rendered":"<p>[vc_row gap=&#8221;35&#8243; woodmart_css_id=&#8221;628e10b53e670&#8243; responsive_spacing=&#8221;eyJwYXJhbV90eXBlIjoid29vZG1hcnRfcmVzcG9uc2l2ZV9zcGFjaW5nIiwic2VsZWN0b3JfaWQiOiI2MjhlMTBiNTNlNjcwIiwic2hvcnRjb2RlIjoidmNfcm93IiwiZGF0YSI6eyJ0YWJsZXQiOnt9LCJtb2JpbGUiOnt9fX0=&#8221; mobile_bg_img_hidden=&#8221;no&#8221; tablet_bg_img_hidden=&#8221;no&#8221; woodmart_parallax=&#8221;0&#8243; woodmart_gradient_switch=&#8221;no&#8221; woodmart_box_shadow=&#8221;no&#8221; wd_z_index=&#8221;no&#8221; woodmart_disable_overflow=&#8221;0&#8243; row_reverse_mobile=&#8221;0&#8243; row_reverse_tablet=&#8221;0&#8243;][vc_column width=&#8221;1\/3&#8243;][vc_column_text woodmart_inline=&#8221;no&#8221; text_larger=&#8221;no&#8221;]<strong>DESCRIPTION<\/strong><br \/>\n<span class=\"VIiyi\" lang=\"en\"><span class=\"JLqJ4b ChMk0b\" data-language-for-alternatives=\"en\" data-language-to-translate-into=\"fr\" data-phrase-index=\"0\" data-number-of-phrases=\"4\"><span class=\"Q4iAWc\">Okoume plywood is a multi-ply panel whose face, core and counterface are made of okoum\u00e9.<\/span><\/span> <span class=\"JLqJ4b ChMk0b\" data-language-for-alternatives=\"en\" data-language-to-translate-into=\"fr\" data-phrase-index=\"1\" data-number-of-phrases=\"4\"><span class=\"Q4iAWc\">Light, resistant and with a beautiful light red color, it can be used for all types of outdoor work or in damp environments under shelter such as bathrooms, kitchens, etc&#8230; It is easy to paint<\/span><\/span> <span class=\"JLqJ4b ChMk0b\" data-language-for-alternatives=\"en\" data-language-to-translate-into=\"fr\" data-phrase-index=\"2\" data-number-of-phrases=\"4\"><span class=\"Q4iAWc\">, tint or varnish.<\/span><\/span> <span class=\"JLqJ4b ChMk0b\" data-language-for-alternatives=\"en\" data-language-to-translate-into=\"fr\" data-phrase-index=\"3\" data-number-of-phrases=\"4\"><span class=\"Q4iAWc\">Available in several formats, thicknesses and qualities depending on the use you want to make of it.<\/span><\/span><\/span><\/p>\n<p><strong>SPECIES<\/strong><br \/>\nOkoume<\/p>\n<p><strong>ORIGINS<\/strong><br \/>\nMorocco, Spain, China, Indonesia, Portugal, France[\/vc_column_text][\/vc_column][vc_column width=&#8221;1\/3&#8243;][vc_column_text woodmart_inline=&#8221;no&#8221; text_larger=&#8221;no&#8221;]<strong>SIZES (mm)<\/strong><\/p>\n<table style=\"border-collapse: collapse; width: 313px; height: 107px;\" border=\"0\" width=\"261\" cellspacing=\"0\" cellpadding=\"0\">\n<tbody>\n<tr style=\"height: 16.0pt;\">\n<td class=\"xl63\" style=\"height: 16.0pt; width: 65pt;\" width=\"87\" height=\"21\">2050 X 700<\/td>\n<td class=\"xl63\" style=\"border-left: none; width: 65pt;\" width=\"87\">2200 X 750<\/td>\n<td class=\"xl63\" style=\"border-left: none; width: 65pt;\" width=\"87\">2500 X 1220<\/td>\n<\/tr>\n<tr style=\"height: 16.0pt;\">\n<td class=\"xl63\" style=\"height: 16.0pt; border-top: none;\" height=\"21\">2050 X 750<\/td>\n<td class=\"xl63\" style=\"border-top: none; border-left: none;\">2200 X 850<\/td>\n<td class=\"xl63\" style=\"border-top: none; border-left: none;\">2500 X 1530<\/td>\n<\/tr>\n<tr style=\"height: 16.0pt;\">\n<td class=\"xl63\" style=\"height: 16.0pt; border-top: none;\" height=\"21\">2050 X 850<\/td>\n<td class=\"xl63\" style=\"border-top: none; border-left: none;\">2200 X 1000<\/td>\n<td class=\"xl63\" style=\"border-top: none; border-left: none;\"><\/td>\n<\/tr>\n<tr style=\"height: 16.0pt;\">\n<td class=\"xl63\" style=\"height: 16.0pt; border-top: none;\" height=\"21\">2050 X 1000<\/td>\n<td class=\"xl63\" style=\"border-top: none; border-left: none;\">2200 X 1220<\/td>\n<td class=\"xl63\" style=\"border-top: none; border-left: none;\"><\/td>\n<\/tr>\n<tr style=\"height: 16.0pt;\">\n<td class=\"xl63\" style=\"height: 16.0pt; border-top: none;\" height=\"21\">2050 X 1220<\/td>\n<td class=\"xl63\" style=\"border-top: none; border-left: none;\"><\/td>\n<td class=\"xl63\" style=\"border-top: none; border-left: none;\"><\/td>\n<\/tr>\n<\/tbody>\n<\/table>\n<p><strong>THICKNESSES (mm)<\/strong><br \/>\n4 \/ 5 \/ 7 \/ 10 \/ 12 \/ 15 \/ 18 \/ 20 \/ 22 \/ 25 \/ 30[\/vc_column_text][\/vc_column][vc_column width=&#8221;1\/3&#8243;][vc_column_text woodmart_inline=&#8221;no&#8221; text_larger=&#8221;no&#8221;]<strong>QUALITIES<\/strong><br \/>\n\u2192 1st choice (Prima)<br \/>\n\u2192 2nd choice (Media)<br \/>\n\u2192 3rd choice (Tetra)<br \/>\n\u2192 Marine BB\/CC B\/BB<\/p>\n<p><strong>USES<\/strong><br \/>\nJoinery, fittings, siding, furniture, packaging[\/vc_column_text][vc_btn title=&#8221;DOWNLOAD FACT SHEET&#8221; shape=&#8221;square&#8221; i_icon_fontawesome=&#8221;fas fa-paperclip&#8221; css_animation=&#8221;bounceIn&#8221; add_icon=&#8221;true&#8221; link=&#8221;url:http%3A%2F%2Fcomarbois.com%2Fwp-content%2Fuploads%2F2022%2F05%2FFICHE_CP-OKOUME.pdf|target:_blank&#8221;][\/vc_column][\/vc_row]<\/p>","protected":false},"excerpt":{"rendered":"<p>SPECIES<br \/>\nOkoume<\/p>\n<p>ORIGINS<br \/>\nMorocco, Spain, China, Indonesia, Portugal, France&#8230;<\/p>\n","protected":false},"featured_media":19762,"template":"","meta":[],"product_brand":[],"product_cat":[310,312],"product_tag":[],"class_list":{"0":"post-20006","1":"product","2":"type-product","3":"status-publish","4":"has-post-thumbnail","6":"product_cat-panneaux-decoratifs-industriels","7":"product_cat-tout-afficher","9":"first","10":"instock","11":"shipping-taxable","12":"purchasable","13":"product-type-simple"},"yoast_head":"<!-- This site is optimized with the Yoast SEO plugin v27.4 - https:\/\/yoast.com\/product\/yoast-seo-wordpress\/ -->\n<title>OKOUME PLYWOOD &#8211; Comarbois<\/title>\n<meta name=\"description\" content=\"L\u00e9ger, r\u00e9sistant et d\u2019une belle couleur rouge claire, il peut \u00eatre utilis\u00e9 pour tous types de travaux d\u2019am\u00e9nagement ext\u00e9rieur.\" \/>\n<meta name=\"robots\" content=\"index, follow, max-snippet:-1, max-image-preview:large, max-video-preview:-1\" \/>\n<link rel=\"canonical\" href=\"https:\/\/comarbois.com\/en\/produit\/contreplaque-okoume\/\" \/>\n<meta property=\"og:locale\" content=\"en_US\" \/>\n<meta property=\"og:type\" content=\"article\" \/>\n<meta property=\"og:title\" content=\"OKOUME PLYWOOD &#8211; Comarbois\" \/>\n<meta property=\"og:description\" content=\"L\u00e9ger, r\u00e9sistant et d\u2019une belle couleur rouge claire, il peut \u00eatre utilis\u00e9 pour tous types de travaux d\u2019am\u00e9nagement ext\u00e9rieur.\" \/>\n<meta property=\"og:url\" content=\"https:\/\/comarbois.com\/en\/produit\/contreplaque-okoume\/\" \/>\n<meta property=\"og:site_name\" content=\"Comarbois\" \/>\n<meta property=\"article:publisher\" content=\"https:\/\/www.facebook.com\/comarbois\/\" \/>\n<meta property=\"article:modified_time\" content=\"2022-09-14T13:01:20+00:00\" \/>\n<meta property=\"og:image\" content=\"https:\/\/comarbois.com\/wp-content\/uploads\/2022\/03\/rob_oukoume.jpeg\" \/>\n\t<meta property=\"og:image:width\" content=\"400\" \/>\n\t<meta property=\"og:image:height\" content=\"400\" \/>\n\t<meta property=\"og:image:type\" content=\"image\/jpeg\" \/>\n<meta name=\"twitter:card\" content=\"summary_large_image\" \/>\n<meta name=\"twitter:label1\" content=\"Est. reading time\" \/>\n\t<meta name=\"twitter:data1\" content=\"3 minutes\" \/>\n<script type=\"application\/ld+json\" class=\"yoast-schema-graph\">{\"@context\":\"https:\\\/\\\/schema.org\",\"@graph\":[{\"@type\":\"WebPage\",\"@id\":\"https:\\\/\\\/comarbois.com\\\/en\\\/produit\\\/contreplaque-okoume\\\/\",\"url\":\"https:\\\/\\\/comarbois.com\\\/en\\\/produit\\\/contreplaque-okoume\\\/\",\"name\":\"OKOUME PLYWOOD &#8211; Comarbois\",\"isPartOf\":{\"@id\":\"https:\\\/\\\/comarbois.com\\\/en\\\/#website\"},\"primaryImageOfPage\":{\"@id\":\"https:\\\/\\\/comarbois.com\\\/en\\\/produit\\\/contreplaque-okoume\\\/#primaryimage\"},\"image\":{\"@id\":\"https:\\\/\\\/comarbois.com\\\/produit\\\/contreplaque-okoume\\\/#primaryimage\"},\"thumbnailUrl\":\"https:\\\/\\\/comarbois.com\\\/wp-content\\\/uploads\\\/2022\\\/03\\\/rob_oukoume.jpeg\",\"datePublished\":\"2022-03-23T11:58:09+00:00\",\"dateModified\":\"2022-09-14T13:01:20+00:00\",\"description\":\"L\u00e9ger, r\u00e9sistant et d\u2019une belle couleur rouge claire, il peut \u00eatre utilis\u00e9 pour tous types de travaux d\u2019am\u00e9nagement ext\u00e9rieur.\",\"breadcrumb\":{\"@id\":\"https:\\\/\\\/comarbois.com\\\/en\\\/produit\\\/contreplaque-okoume\\\/#breadcrumb\"},\"inLanguage\":\"en-US\",\"potentialAction\":[{\"@type\":\"ReadAction\",\"target\":[[\"https:\\\/\\\/comarbois.com\\\/en\\\/produit\\\/contreplaque-okoume\\\/\"]]}]},{\"@type\":\"ImageObject\",\"inLanguage\":\"en-US\",\"@id\":\"https:\\\/\\\/comarbois.com\\\/en\\\/produit\\\/contreplaque-okoume\\\/#primaryimage\",\"url\":\"https:\\\/\\\/comarbois.com\\\/wp-content\\\/uploads\\\/2022\\\/03\\\/rob_oukoume.jpeg\",\"contentUrl\":\"https:\\\/\\\/comarbois.com\\\/wp-content\\\/uploads\\\/2022\\\/03\\\/rob_oukoume.jpeg\",\"width\":400,\"height\":400,\"caption\":\"(Fran\u00e7ais) Le Contreplaqu\u00e9 Okoum\u00e9 est disponible chez Comarbois en plusieurs formats et en plusieurs qualit\u00e9s : prima, media, tetra, marine BB\\\/CC B\\\/BB\"},{\"@type\":\"BreadcrumbList\",\"@id\":\"https:\\\/\\\/comarbois.com\\\/en\\\/produit\\\/contreplaque-okoume\\\/#breadcrumb\",\"itemListElement\":[{\"@type\":\"ListItem\",\"position\":1,\"name\":\"Accueil\",\"item\":\"https:\\\/\\\/comarbois.com\\\/en\\\/\"},{\"@type\":\"ListItem\",\"position\":2,\"name\":\"Produits\",\"item\":\"https:\\\/\\\/comarbois.com\\\/en\\\/boutique\\\/\"},{\"@type\":\"ListItem\",\"position\":3,\"name\":\"CONTREPLAQU\u00c9 OKOUM\u00c9\"}]},{\"@type\":\"WebSite\",\"@id\":\"https:\\\/\\\/comarbois.com\\\/en\\\/#website\",\"url\":\"https:\\\/\\\/comarbois.com\\\/en\\\/\",\"name\":\"Comarbois\",\"description\":\"\",\"publisher\":{\"@id\":\"https:\\\/\\\/comarbois.com\\\/en\\\/#organization\"},\"potentialAction\":[{\"@type\":\"SearchAction\",\"target\":{\"@type\":\"EntryPoint\",\"urlTemplate\":\"https:\\\/\\\/comarbois.com\\\/en\\\/?s={search_term_string}\"},\"query-input\":{\"@type\":\"PropertyValueSpecification\",\"valueRequired\":true,\"valueName\":\"search_term_string\"}}],\"inLanguage\":\"en-US\"},{\"@type\":\"Organization\",\"@id\":\"https:\\\/\\\/comarbois.com\\\/en\\\/#organization\",\"name\":\"Comarbois\",\"url\":\"https:\\\/\\\/comarbois.com\\\/en\\\/\",\"logo\":{\"@type\":\"ImageObject\",\"inLanguage\":\"en-US\",\"@id\":\"https:\\\/\\\/comarbois.com\\\/en\\\/#\\\/schema\\\/logo\\\/image\\\/\",\"url\":\"https:\\\/\\\/comarbois.com\\\/wp-content\\\/uploads\\\/2021\\\/03\\\/LOGO-COMARBOIS-H-RVB.png\",\"contentUrl\":\"https:\\\/\\\/comarbois.com\\\/wp-content\\\/uploads\\\/2021\\\/03\\\/LOGO-COMARBOIS-H-RVB.png\",\"width\":3543,\"height\":1210,\"caption\":\"Comarbois\"},\"image\":{\"@id\":\"https:\\\/\\\/comarbois.com\\\/en\\\/#\\\/schema\\\/logo\\\/image\\\/\"},\"sameAs\":[\"https:\\\/\\\/www.facebook.com\\\/comarbois\\\/\",\"https:\\\/\\\/www.linkedin.com\\\/company\\\/3057658\\\/\",\"https:\\\/\\\/www.instagram.com\\\/comarbois\\\/\"]}]}<\/script>\n<!-- \/ Yoast SEO plugin. -->","yoast_head_json":{"title":"OKOUME PLYWOOD &#8211; Comarbois","description":"L\u00e9ger, r\u00e9sistant et d\u2019une belle couleur rouge claire, il peut \u00eatre utilis\u00e9 pour tous types de travaux d\u2019am\u00e9nagement ext\u00e9rieur.","robots":{"index":"index","follow":"follow","max-snippet":"max-snippet:-1","max-image-preview":"max-image-preview:large","max-video-preview":"max-video-preview:-1"},"canonical":"https:\/\/comarbois.com\/en\/produit\/contreplaque-okoume\/","og_locale":"en_US","og_type":"article","og_title":"OKOUME PLYWOOD &#8211; Comarbois","og_description":"L\u00e9ger, r\u00e9sistant et d\u2019une belle couleur rouge claire, il peut \u00eatre utilis\u00e9 pour tous types de travaux d\u2019am\u00e9nagement ext\u00e9rieur.","og_url":"https:\/\/comarbois.com\/en\/produit\/contreplaque-okoume\/","og_site_name":"Comarbois","article_publisher":"https:\/\/www.facebook.com\/comarbois\/","article_modified_time":"2022-09-14T13:01:20+00:00","og_image":[{"width":400,"height":400,"url":"https:\/\/comarbois.com\/wp-content\/uploads\/2022\/03\/rob_oukoume.jpeg","type":"image\/jpeg"}],"twitter_card":"summary_large_image","twitter_misc":{"Est. reading time":"3 minutes"},"schema":{"@context":"https:\/\/schema.org","@graph":[{"@type":"WebPage","@id":"https:\/\/comarbois.com\/en\/produit\/contreplaque-okoume\/","url":"https:\/\/comarbois.com\/en\/produit\/contreplaque-okoume\/","name":"OKOUME PLYWOOD &#8211; Comarbois","isPartOf":{"@id":"https:\/\/comarbois.com\/en\/#website"},"primaryImageOfPage":{"@id":"https:\/\/comarbois.com\/en\/produit\/contreplaque-okoume\/#primaryimage"},"image":{"@id":"https:\/\/comarbois.com\/produit\/contreplaque-okoume\/#primaryimage"},"thumbnailUrl":"https:\/\/comarbois.com\/wp-content\/uploads\/2022\/03\/rob_oukoume.jpeg","datePublished":"2022-03-23T11:58:09+00:00","dateModified":"2022-09-14T13:01:20+00:00","description":"L\u00e9ger, r\u00e9sistant et d\u2019une belle couleur rouge claire, il peut \u00eatre utilis\u00e9 pour tous types de travaux d\u2019am\u00e9nagement ext\u00e9rieur.","breadcrumb":{"@id":"https:\/\/comarbois.com\/en\/produit\/contreplaque-okoume\/#breadcrumb"},"inLanguage":"en-US","potentialAction":[{"@type":"ReadAction","target":[["https:\/\/comarbois.com\/en\/produit\/contreplaque-okoume\/"]]}]},{"@type":"ImageObject","inLanguage":"en-US","@id":"https:\/\/comarbois.com\/en\/produit\/contreplaque-okoume\/#primaryimage","url":"https:\/\/comarbois.com\/wp-content\/uploads\/2022\/03\/rob_oukoume.jpeg","contentUrl":"https:\/\/comarbois.com\/wp-content\/uploads\/2022\/03\/rob_oukoume.jpeg","width":400,"height":400,"caption":"(Fran\u00e7ais) Le Contreplaqu\u00e9 Okoum\u00e9 est disponible chez Comarbois en plusieurs formats et en plusieurs qualit\u00e9s : prima, media, tetra, marine BB\/CC B\/BB"},{"@type":"BreadcrumbList","@id":"https:\/\/comarbois.com\/en\/produit\/contreplaque-okoume\/#breadcrumb","itemListElement":[{"@type":"ListItem","position":1,"name":"Accueil","item":"https:\/\/comarbois.com\/en\/"},{"@type":"ListItem","position":2,"name":"Produits","item":"https:\/\/comarbois.com\/en\/boutique\/"},{"@type":"ListItem","position":3,"name":"CONTREPLAQU\u00c9 OKOUM\u00c9"}]},{"@type":"WebSite","@id":"https:\/\/comarbois.com\/en\/#website","url":"https:\/\/comarbois.com\/en\/","name":"Comarbois","description":"","publisher":{"@id":"https:\/\/comarbois.com\/en\/#organization"},"potentialAction":[{"@type":"SearchAction","target":{"@type":"EntryPoint","urlTemplate":"https:\/\/comarbois.com\/en\/?s={search_term_string}"},"query-input":{"@type":"PropertyValueSpecification","valueRequired":true,"valueName":"search_term_string"}}],"inLanguage":"en-US"},{"@type":"Organization","@id":"https:\/\/comarbois.com\/en\/#organization","name":"Comarbois","url":"https:\/\/comarbois.com\/en\/","logo":{"@type":"ImageObject","inLanguage":"en-US","@id":"https:\/\/comarbois.com\/en\/#\/schema\/logo\/image\/","url":"https:\/\/comarbois.com\/wp-content\/uploads\/2021\/03\/LOGO-COMARBOIS-H-RVB.png","contentUrl":"https:\/\/comarbois.com\/wp-content\/uploads\/2021\/03\/LOGO-COMARBOIS-H-RVB.png","width":3543,"height":1210,"caption":"Comarbois"},"image":{"@id":"https:\/\/comarbois.com\/en\/#\/schema\/logo\/image\/"},"sameAs":["https:\/\/www.facebook.com\/comarbois\/","https:\/\/www.linkedin.com\/company\/3057658\/","https:\/\/www.instagram.com\/comarbois\/"]}]}},"_links":{"self":[{"href":"https:\/\/comarbois.com\/en\/wp-json\/wp\/v2\/product\/20006","targetHints":{"allow":["GET"]}}],"collection":[{"href":"https:\/\/comarbois.com\/en\/wp-json\/wp\/v2\/product"}],"about":[{"href":"https:\/\/comarbois.com\/en\/wp-json\/wp\/v2\/types\/product"}],"wp:featuredmedia":[{"embeddable":true,"href":"https:\/\/comarbois.com\/en\/wp-json\/wp\/v2\/media\/19762"}],"wp:attachment":[{"href":"https:\/\/comarbois.com\/en\/wp-json\/wp\/v2\/media?parent=20006"}],"wp:term":[{"taxonomy":"product_brand","embeddable":true,"href":"https:\/\/comarbois.com\/en\/wp-json\/wp\/v2\/product_brand?post=20006"},{"taxonomy":"product_cat","embeddable":true,"href":"https:\/\/comarbois.com\/en\/wp-json\/wp\/v2\/product_cat?post=20006"},{"taxonomy":"product_tag","embeddable":true,"href":"https:\/\/comarbois.com\/en\/wp-json\/wp\/v2\/product_tag?post=20006"}],"curies":[{"name":"wp","href":"https:\/\/api.w.org\/{rel}","templated":true}]}}