{"id":20005,"date":"2022-03-23T12:51:15","date_gmt":"2022-03-23T11:51:15","guid":{"rendered":"https:\/\/comarbois.com\/?post_type=product&#038;p=20005"},"modified":"2022-09-14T14:01:21","modified_gmt":"2022-09-14T13:01:21","slug":"decking-bardage","status":"publish","type":"product","link":"https:\/\/comarbois.com\/en\/produit\/decking-bardage\/","title":{"rendered":"WOODEN EXTERIOR DESIGN"},"content":{"rendered":"<p>[vc_row gap=&#8221;35&#8243; woodmart_css_id=&#8221;628767469a2b3&#8243; responsive_spacing=&#8221;eyJwYXJhbV90eXBlIjoid29vZG1hcnRfcmVzcG9uc2l2ZV9zcGFjaW5nIiwic2VsZWN0b3JfaWQiOiI2Mjg3Njc0NjlhMmIzIiwic2hvcnRjb2RlIjoidmNfcm93IiwiZGF0YSI6eyJ0YWJsZXQiOnt9LCJtb2JpbGUiOnt9fX0=&#8221; mobile_bg_img_hidden=&#8221;no&#8221; tablet_bg_img_hidden=&#8221;no&#8221; woodmart_parallax=&#8221;0&#8243; woodmart_gradient_switch=&#8221;no&#8221; woodmart_box_shadow=&#8221;no&#8221; wd_z_index=&#8221;no&#8221; woodmart_disable_overflow=&#8221;0&#8243; row_reverse_mobile=&#8221;0&#8243; row_reverse_tablet=&#8221;0&#8243;][vc_column width=&#8221;1\/3&#8243;][vc_column_text woodmart_inline=&#8221;no&#8221; text_larger=&#8221;no&#8221;]<strong>AN EXTRA ROOM IN YOUR HOME<br \/>\n<\/strong>Comarbois has introduced a range of deck and siding planks to beautify your outdoors. Naturally durable or autoclave treated (different colors available), make your terraces pleasant &amp; modern and transform them into an extra room for your home.[\/vc_column_text][\/vc_column][vc_column width=&#8221;1\/3&#8243;][vc_column_text woodmart_inline=&#8221;no&#8221; text_larger=&#8221;no&#8221;]<\/p>\n<div class=\"q_icon_list\">\n<p><strong>AVANTAGES<\/strong><br \/>\n\u2192 Highly resistant<br \/>\n\u2192 Color magnifies over time<br \/>\n\u2192 No need for anti fungus chemical treatments<\/p>\n<\/div>\n<p>[\/vc_column_text][vc_column_text woodmart_inline=&#8221;no&#8221; text_larger=&#8221;no&#8221;]<\/p>\n<div class=\"q_icon_list\"><strong>VARIOUS CHOICE<br \/>\n<\/strong>Several sizes, thicknesses and finishes available.<\/div>\n<p>[\/vc_column_text][\/vc_column][vc_column width=&#8221;1\/3&#8243;]<div id=\"wd-62876da8976fd\" class=\" wd-rs-62876da8976fd  wd-button-wrapper text-left\"><a href=\"https:\/\/comarbois.com\/wp-content\/uploads\/2019\/06\/Lames-Terrasse-SCA-COMARBOIS_Mai-2019.png\" title=\"\" target=\"_blank\" class=\"btn btn-color-primary btn-style-link btn-style-rectangle btn-size-default\">SCA BROCHURE<\/a><\/div>[vc_empty_space height=&#8221;10px&#8221; woodmart_hide_large=&#8221;0&#8243; woodmart_hide_medium=&#8221;0&#8243; woodmart_hide_small=&#8221;0&#8243; woodmart_hide_extra_small=&#8221;0&#8243;]<div id=\"wd-62876db35bc3b\" class=\" wd-rs-62876db35bc3b  wd-button-wrapper text-left\"><a href=\"https:\/\/comarbois.com\/wp-content\/uploads\/2018\/10\/Fiche-technique-lame-terrasse-en-douglas.pdf\" title=\"\" target=\"_blank\" class=\"btn btn-color-primary btn-style-link btn-style-rectangle btn-size-default\">MOULIN BROCHURE<\/a><\/div>[vc_empty_space height=&#8221;10px&#8221; woodmart_hide_large=&#8221;0&#8243; woodmart_hide_medium=&#8221;0&#8243; woodmart_hide_small=&#8221;0&#8243; woodmart_hide_extra_small=&#8221;0&#8243;]<div id=\"wd-62876dbe46597\" class=\" wd-rs-62876dbe46597  wd-button-wrapper text-left\"><a href=\"https:\/\/comarbois.com\/wp-content\/uploads\/2016\/10\/Brochure-Lames-Terrasse.pdf\" title=\"\" target=\"_blank\" class=\"btn btn-color-primary btn-style-link btn-style-rectangle btn-size-default\">MONNET-SEVE BROCHURE<\/a><\/div>[vc_empty_space height=&#8221;10px&#8221; woodmart_hide_large=&#8221;0&#8243; woodmart_hide_medium=&#8221;0&#8243; woodmart_hide_small=&#8221;0&#8243; woodmart_hide_extra_small=&#8221;0&#8243;]<div id=\"wd-62876dc8859f1\" class=\" wd-rs-62876dc8859f1  wd-button-wrapper text-left\"><a href=\"http:\/\/comarbois.com\/wp-content\/uploads\/2022\/05\/Flayer-Compeco.pdf\" title=\"\" target=\"_blank\" class=\"btn btn-color-primary btn-style-link btn-style-rectangle btn-size-default\">COMPECO BROCHURE<\/a><\/div>[vc_empty_space][vc_btn title=&#8221;DOWNLOAD FACT SHEET&#8221; i_icon_fontawesome=&#8221;fas fa-paperclip&#8221; css_animation=&#8221;bounceIn&#8221; add_icon=&#8221;true&#8221; link=&#8221;url:http%3A%2F%2Fcomarbois.com%2Fwp-content%2Fuploads%2F2022%2F05%2FFICHE_DECKING-BARDAGE.pdf|target:_blank&#8221;][\/vc_column][\/vc_row]<\/p>","protected":false},"excerpt":{"rendered":"<p>[vc_row gap=&#8221;35&#8243; woodmart_css_id=&#8221;628767469a2b3&#8243; responsive_spacing=&#8221;eyJwYXJhbV90eXBlIjoid29vZG1hcnRfcmVzcG9uc2l2ZV9zcGFjaW5nIiwic2VsZWN0b3JfaWQiOiI2Mjg3Njc0NjlhMmIzIiwic2hvcnRjb2RlIjoidmNfcm93IiwiZGF0YSI6eyJ0YWJsZXQiOnt9LCJtb2JpbGUiOnt9fX0=&#8221; mobile_bg_img_hidden=&#8221;no&#8221; tablet_bg_img_hidden=&#8221;no&#8221; woodmart_parallax=&#8221;0&#8243; woodmart_gradient_switch=&#8221;no&#8221; woodmart_box_shadow=&#8221;no&#8221; wd_z_index=&#8221;no&#8221; woodmart_disable_overflow=&#8221;0&#8243; row_reverse_mobile=&#8221;0&#8243; row_reverse_tablet=&#8221;0&#8243;][vc_column width=&#8221;1\/3&#8243;][vc_column_text woodmart_inline=&#8221;no&#8221; text_larger=&#8221;no&#8221;]AN EXTRA ROOM IN YOUR<\/p>\n","protected":false},"featured_media":21059,"template":"","meta":[],"product_cat":[311,242,312],"product_tag":[],"class_list":{"0":"post-20005","1":"product","2":"type-product","3":"status-publish","4":"has-post-thumbnail","6":"product_cat-amenagement-exterieur","7":"product_cat-bois-de-menuiserie-industriels","8":"product_cat-tout-afficher","10":"first","11":"instock","12":"shipping-taxable","13":"purchasable","14":"product-type-simple"},"yoast_head":"<!-- This site is optimized with the Yoast SEO plugin v23.5 - https:\/\/yoast.com\/wordpress\/plugins\/seo\/ -->\n<title>WOODEN EXTERIOR DESIGN &#8211; Comarbois<\/title>\n<meta name=\"description\" content=\"De\u0301couvrez notre collection de lames de terrasse en IPE, Cumaru, Pin Sylvestre, Douglas ou Bois Composite pour embellir vos exte\u0301rieurs.\" \/>\n<meta name=\"robots\" content=\"index, follow, max-snippet:-1, max-image-preview:large, max-video-preview:-1\" \/>\n<link rel=\"canonical\" href=\"https:\/\/comarbois.com\/en\/produit\/decking-bardage\/\" \/>\n<meta property=\"og:locale\" content=\"en_US\" \/>\n<meta property=\"og:type\" content=\"article\" \/>\n<meta property=\"og:title\" content=\"WOODEN EXTERIOR DESIGN &#8211; Comarbois\" \/>\n<meta property=\"og:description\" content=\"De\u0301couvrez notre collection de lames de terrasse en IPE, Cumaru, Pin Sylvestre, Douglas ou Bois Composite pour embellir vos exte\u0301rieurs.\" \/>\n<meta property=\"og:url\" content=\"https:\/\/comarbois.com\/en\/produit\/decking-bardage\/\" \/>\n<meta property=\"og:site_name\" content=\"Comarbois\" \/>\n<meta property=\"article:publisher\" content=\"https:\/\/www.facebook.com\/comarbois\/\" \/>\n<meta property=\"article:modified_time\" content=\"2022-09-14T13:01:21+00:00\" \/>\n<meta property=\"og:image\" content=\"https:\/\/comarbois.com\/wp-content\/uploads\/2022\/03\/decking5.jpg\" \/>\n\t<meta property=\"og:image:width\" content=\"1080\" \/>\n\t<meta property=\"og:image:height\" content=\"1080\" \/>\n\t<meta property=\"og:image:type\" content=\"image\/jpeg\" \/>\n<meta name=\"twitter:card\" content=\"summary_large_image\" \/>\n<meta name=\"twitter:label1\" content=\"Est. reading time\" \/>\n\t<meta name=\"twitter:data1\" content=\"6 minutes\" \/>\n<script type=\"application\/ld+json\" class=\"yoast-schema-graph\">{\"@context\":\"https:\/\/schema.org\",\"@graph\":[{\"@type\":\"WebPage\",\"@id\":\"https:\/\/comarbois.com\/en\/produit\/decking-bardage\/\",\"url\":\"https:\/\/comarbois.com\/en\/produit\/decking-bardage\/\",\"name\":\"WOODEN EXTERIOR DESIGN &#8211; Comarbois\",\"isPartOf\":{\"@id\":\"https:\/\/comarbois.com\/en\/#website\"},\"primaryImageOfPage\":{\"@id\":\"https:\/\/comarbois.com\/en\/produit\/decking-bardage\/#primaryimage\"},\"image\":{\"@id\":\"https:\/\/comarbois.com\/produit\/decking-bardage\/#primaryimage\"},\"thumbnailUrl\":\"https:\/\/comarbois.com\/wp-content\/uploads\/2022\/03\/decking5.jpg\",\"datePublished\":\"2022-03-23T11:51:15+00:00\",\"dateModified\":\"2022-09-14T13:01:21+00:00\",\"description\":\"De\u0301couvrez notre collection de lames de terrasse en IPE, Cumaru, Pin Sylvestre, Douglas ou Bois Composite pour embellir vos exte\u0301rieurs.\",\"breadcrumb\":{\"@id\":\"https:\/\/comarbois.com\/en\/produit\/decking-bardage\/#breadcrumb\"},\"inLanguage\":\"en-US\",\"potentialAction\":[{\"@type\":\"ReadAction\",\"target\":[[\"https:\/\/comarbois.com\/en\/produit\/decking-bardage\/\"]]}]},{\"@type\":\"ImageObject\",\"inLanguage\":\"en-US\",\"@id\":\"https:\/\/comarbois.com\/en\/produit\/decking-bardage\/#primaryimage\",\"url\":\"https:\/\/comarbois.com\/wp-content\/uploads\/2022\/03\/decking5.jpg\",\"contentUrl\":\"https:\/\/comarbois.com\/wp-content\/uploads\/2022\/03\/decking5.jpg\",\"width\":1080,\"height\":1080,\"caption\":\"(Fran\u00e7ais) D\u00e9couvrez chez Comarbois nos lames de terrasses : lame trait\u00e9e autoclave, lame naturelle et lambourde en diff\u00e9rentes dimensions\"},{\"@type\":\"BreadcrumbList\",\"@id\":\"https:\/\/comarbois.com\/en\/produit\/decking-bardage\/#breadcrumb\",\"itemListElement\":[{\"@type\":\"ListItem\",\"position\":1,\"name\":\"Accueil\",\"item\":\"https:\/\/comarbois.com\/en\/\"},{\"@type\":\"ListItem\",\"position\":2,\"name\":\"Produits\",\"item\":\"https:\/\/comarbois.com\/en\/boutique\/\"},{\"@type\":\"ListItem\",\"position\":3,\"name\":\"DECKING &#038; BARDAGE\"}]},{\"@type\":\"WebSite\",\"@id\":\"https:\/\/comarbois.com\/en\/#website\",\"url\":\"https:\/\/comarbois.com\/en\/\",\"name\":\"Comarbois\",\"description\":\"\",\"publisher\":{\"@id\":\"https:\/\/comarbois.com\/en\/#organization\"},\"potentialAction\":[{\"@type\":\"SearchAction\",\"target\":{\"@type\":\"EntryPoint\",\"urlTemplate\":\"https:\/\/comarbois.com\/en\/?s={search_term_string}\"},\"query-input\":{\"@type\":\"PropertyValueSpecification\",\"valueRequired\":true,\"valueName\":\"search_term_string\"}}],\"inLanguage\":\"en-US\"},{\"@type\":\"Organization\",\"@id\":\"https:\/\/comarbois.com\/en\/#organization\",\"name\":\"Comarbois\",\"url\":\"https:\/\/comarbois.com\/en\/\",\"logo\":{\"@type\":\"ImageObject\",\"inLanguage\":\"en-US\",\"@id\":\"https:\/\/comarbois.com\/en\/#\/schema\/logo\/image\/\",\"url\":\"https:\/\/comarbois.com\/wp-content\/uploads\/2021\/03\/LOGO-COMARBOIS-H-RVB.png\",\"contentUrl\":\"https:\/\/comarbois.com\/wp-content\/uploads\/2021\/03\/LOGO-COMARBOIS-H-RVB.png\",\"width\":3543,\"height\":1210,\"caption\":\"Comarbois\"},\"image\":{\"@id\":\"https:\/\/comarbois.com\/en\/#\/schema\/logo\/image\/\"},\"sameAs\":[\"https:\/\/www.facebook.com\/comarbois\/\",\"https:\/\/www.linkedin.com\/company\/3057658\/\",\"https:\/\/www.instagram.com\/comarbois\/\"]}]}<\/script>\n<!-- \/ Yoast SEO plugin. -->","yoast_head_json":{"title":"WOODEN EXTERIOR DESIGN &#8211; Comarbois","description":"De\u0301couvrez notre collection de lames de terrasse en IPE, Cumaru, Pin Sylvestre, Douglas ou Bois Composite pour embellir vos exte\u0301rieurs.","robots":{"index":"index","follow":"follow","max-snippet":"max-snippet:-1","max-image-preview":"max-image-preview:large","max-video-preview":"max-video-preview:-1"},"canonical":"https:\/\/comarbois.com\/en\/produit\/decking-bardage\/","og_locale":"en_US","og_type":"article","og_title":"WOODEN EXTERIOR DESIGN &#8211; Comarbois","og_description":"De\u0301couvrez notre collection de lames de terrasse en IPE, Cumaru, Pin Sylvestre, Douglas ou Bois Composite pour embellir vos exte\u0301rieurs.","og_url":"https:\/\/comarbois.com\/en\/produit\/decking-bardage\/","og_site_name":"Comarbois","article_publisher":"https:\/\/www.facebook.com\/comarbois\/","article_modified_time":"2022-09-14T13:01:21+00:00","og_image":[{"width":1080,"height":1080,"url":"https:\/\/comarbois.com\/wp-content\/uploads\/2022\/03\/decking5.jpg","type":"image\/jpeg"}],"twitter_card":"summary_large_image","twitter_misc":{"Est. reading time":"6 minutes"},"schema":{"@context":"https:\/\/schema.org","@graph":[{"@type":"WebPage","@id":"https:\/\/comarbois.com\/en\/produit\/decking-bardage\/","url":"https:\/\/comarbois.com\/en\/produit\/decking-bardage\/","name":"WOODEN EXTERIOR DESIGN &#8211; Comarbois","isPartOf":{"@id":"https:\/\/comarbois.com\/en\/#website"},"primaryImageOfPage":{"@id":"https:\/\/comarbois.com\/en\/produit\/decking-bardage\/#primaryimage"},"image":{"@id":"https:\/\/comarbois.com\/produit\/decking-bardage\/#primaryimage"},"thumbnailUrl":"https:\/\/comarbois.com\/wp-content\/uploads\/2022\/03\/decking5.jpg","datePublished":"2022-03-23T11:51:15+00:00","dateModified":"2022-09-14T13:01:21+00:00","description":"De\u0301couvrez notre collection de lames de terrasse en IPE, Cumaru, Pin Sylvestre, Douglas ou Bois Composite pour embellir vos exte\u0301rieurs.","breadcrumb":{"@id":"https:\/\/comarbois.com\/en\/produit\/decking-bardage\/#breadcrumb"},"inLanguage":"en-US","potentialAction":[{"@type":"ReadAction","target":[["https:\/\/comarbois.com\/en\/produit\/decking-bardage\/"]]}]},{"@type":"ImageObject","inLanguage":"en-US","@id":"https:\/\/comarbois.com\/en\/produit\/decking-bardage\/#primaryimage","url":"https:\/\/comarbois.com\/wp-content\/uploads\/2022\/03\/decking5.jpg","contentUrl":"https:\/\/comarbois.com\/wp-content\/uploads\/2022\/03\/decking5.jpg","width":1080,"height":1080,"caption":"(Fran\u00e7ais) D\u00e9couvrez chez Comarbois nos lames de terrasses : lame trait\u00e9e autoclave, lame naturelle et lambourde en diff\u00e9rentes dimensions"},{"@type":"BreadcrumbList","@id":"https:\/\/comarbois.com\/en\/produit\/decking-bardage\/#breadcrumb","itemListElement":[{"@type":"ListItem","position":1,"name":"Accueil","item":"https:\/\/comarbois.com\/en\/"},{"@type":"ListItem","position":2,"name":"Produits","item":"https:\/\/comarbois.com\/en\/boutique\/"},{"@type":"ListItem","position":3,"name":"DECKING &#038; BARDAGE"}]},{"@type":"WebSite","@id":"https:\/\/comarbois.com\/en\/#website","url":"https:\/\/comarbois.com\/en\/","name":"Comarbois","description":"","publisher":{"@id":"https:\/\/comarbois.com\/en\/#organization"},"potentialAction":[{"@type":"SearchAction","target":{"@type":"EntryPoint","urlTemplate":"https:\/\/comarbois.com\/en\/?s={search_term_string}"},"query-input":{"@type":"PropertyValueSpecification","valueRequired":true,"valueName":"search_term_string"}}],"inLanguage":"en-US"},{"@type":"Organization","@id":"https:\/\/comarbois.com\/en\/#organization","name":"Comarbois","url":"https:\/\/comarbois.com\/en\/","logo":{"@type":"ImageObject","inLanguage":"en-US","@id":"https:\/\/comarbois.com\/en\/#\/schema\/logo\/image\/","url":"https:\/\/comarbois.com\/wp-content\/uploads\/2021\/03\/LOGO-COMARBOIS-H-RVB.png","contentUrl":"https:\/\/comarbois.com\/wp-content\/uploads\/2021\/03\/LOGO-COMARBOIS-H-RVB.png","width":3543,"height":1210,"caption":"Comarbois"},"image":{"@id":"https:\/\/comarbois.com\/en\/#\/schema\/logo\/image\/"},"sameAs":["https:\/\/www.facebook.com\/comarbois\/","https:\/\/www.linkedin.com\/company\/3057658\/","https:\/\/www.instagram.com\/comarbois\/"]}]}},"_links":{"self":[{"href":"https:\/\/comarbois.com\/en\/wp-json\/wp\/v2\/product\/20005","targetHints":{"allow":["GET"]}}],"collection":[{"href":"https:\/\/comarbois.com\/en\/wp-json\/wp\/v2\/product"}],"about":[{"href":"https:\/\/comarbois.com\/en\/wp-json\/wp\/v2\/types\/product"}],"wp:featuredmedia":[{"embeddable":true,"href":"https:\/\/comarbois.com\/en\/wp-json\/wp\/v2\/media\/21059"}],"wp:attachment":[{"href":"https:\/\/comarbois.com\/en\/wp-json\/wp\/v2\/media?parent=20005"}],"wp:term":[{"taxonomy":"product_cat","embeddable":true,"href":"https:\/\/comarbois.com\/en\/wp-json\/wp\/v2\/product_cat?post=20005"},{"taxonomy":"product_tag","embeddable":true,"href":"https:\/\/comarbois.com\/en\/wp-json\/wp\/v2\/product_tag?post=20005"}],"curies":[{"name":"wp","href":"https:\/\/api.w.org\/{rel}","templated":true}]}}