{"id":20003,"date":"2022-03-23T12:46:03","date_gmt":"2022-03-23T11:46:03","guid":{"rendered":"https:\/\/comarbois.com\/?post_type=product&#038;p=20003"},"modified":"2025-07-01T17:08:55","modified_gmt":"2025-07-01T16:08:55","slug":"faux-plafonds-accessoires","status":"publish","type":"product","link":"https:\/\/comarbois.com\/en\/produit\/faux-plafonds-accessoires\/","title":{"rendered":"MODULAR SUSPENDED CEILINGS AND ACCESSORIES"},"content":{"rendered":"<p>[vc_row gap=&#8221;35&#8243; woodmart_css_id=&#8221;628791075d63c&#8221; responsive_spacing=&#8221;eyJwYXJhbV90eXBlIjoid29vZG1hcnRfcmVzcG9uc2l2ZV9zcGFjaW5nIiwic2VsZWN0b3JfaWQiOiI2Mjg3OTEwNzVkNjNjIiwic2hvcnRjb2RlIjoidmNfcm93IiwiZGF0YSI6eyJ0YWJsZXQiOnt9LCJtb2JpbGUiOnt9fX0=&#8221; mobile_bg_img_hidden=&#8221;no&#8221; tablet_bg_img_hidden=&#8221;no&#8221; woodmart_parallax=&#8221;0&#8243; woodmart_gradient_switch=&#8221;no&#8221; woodmart_box_shadow=&#8221;no&#8221; wd_z_index=&#8221;no&#8221; woodmart_disable_overflow=&#8221;0&#8243; row_reverse_mobile=&#8221;0&#8243; row_reverse_tablet=&#8221;0&#8243;][vc_column width=&#8221;1\/3&#8243;][vc_column_text woodmart_inline=&#8221;no&#8221; text_larger=&#8221;no&#8221;]<strong>DESCRIPTION<\/strong><br \/>\nSuspended ceilings are a highly sought-after solution in interior design projects.<br data-start=\"187\" data-end=\"190\" \/>They allow you to conceal damaged, high, or poorly insulated ceilings while adding a decorative touch. At Comarbois, we offer a complete range of technical and decorative ceiling tiles that combine acoustic performance, insulation, durability, and design.Our solutions enhance user comfort while adding value to the interior architecture.[\/vc_column_text][vc_column_text woodmart_inline=&#8221;no&#8221; text_larger=&#8221;no&#8221;]<b>TYPES OF TILES<\/b><br \/>\nMineral fiber \/ Perforated acoustic \/ Rock wool tile \/ Glass wool tile \/ Wood wool tile<br \/>\n\/ Vinyl tile \/ Metal tile \/ Wooden tile \/ Gypsum tile[\/vc_column_text][\/vc_column][vc_column width=&#8221;1\/3&#8243;][vc_column_text woodmart_inline=&#8221;no&#8221; text_larger=&#8221;no&#8221;]<strong data-start=\"68\" data-end=\"93\">FRAMING &amp; ACCESSORIES<\/strong><br data-start=\"93\" data-end=\"96\" \/>Our ceiling tiles come with a complete installation system, including T24\/T15 grid profiles and T-D\u00c9COR T24\/T15 frameworks. Additional accessories such as brass anchors, hourdis anchors, M6 clips, half clamps, nuts, threaded rods, adjustable hangers, hammer-in anchors, and rod connectors (sleeves) complete the setup to ensure optimal results.[\/vc_column_text][vc_column_text woodmart_inline=&#8221;no&#8221; text_larger=&#8221;no&#8221;]<\/p>\n<p data-start=\"67\" data-end=\"193\"><strong data-start=\"67\" data-end=\"83\">APPLICATIONS<\/strong><br data-start=\"83\" data-end=\"86\" \/>Various spaces : offices, shopping centers, hotels, hospitals, schools, restaurants, universities, and more.<\/p>\n<p>[\/vc_column_text][vc_column_text woodmart_inline=&#8221;no&#8221; text_larger=&#8221;no&#8221;]<\/p>\n<p data-start=\"67\" data-end=\"193\"><strong>DIMENSIONS &amp; THICKNESSES<\/strong><br \/>\nSeveral sizes and thicknesses available<\/p>\n<p>[\/vc_column_text][\/vc_column][vc_column width=&#8221;1\/3&#8243;][vc_column_text woodmart_inline=&#8221;no&#8221; text_larger=&#8221;no&#8221;]<img loading=\"lazy\" decoding=\"async\" class=\"alignnone wp-image-36339\" src=\"https:\/\/comarbois.com\/wp-content\/uploads\/2025\/05\/ossatures-et-accessoires-dalles-300x300.png\" alt=\"\" width=\"256\" height=\"252\" \/>[\/vc_column_text][vc_btn title=&#8221;DOWNLOAD FACT SHEET&#8221; shape=&#8221;square&#8221; i_icon_fontawesome=&#8221;fas fa-paperclip&#8221; css_animation=&#8221;bounceIn&#8221; add_icon=&#8221;true&#8221; link=&#8221;url:http%3A%2F%2Fcomarbois.com%2Fwp-content%2Fuploads%2F2022%2F05%2FFICHE_FAUX-PLAFONDS.pdf|target:_blank&#8221;][\/vc_column][\/vc_row]<\/p>","protected":false},"excerpt":{"rendered":"<p>Highly aesthetic and insulating, the false ceiling is a highly requested solution in interior design projects&#8230;<\/p>\n","protected":false},"featured_media":36325,"template":"","meta":[],"product_cat":[410,309,312],"product_tag":[],"class_list":{"0":"post-20003","1":"product","2":"type-product","3":"status-publish","4":"has-post-thumbnail","6":"product_cat-amenagement-interieur","7":"product_cat-isolation-etancheite","8":"product_cat-tout-afficher","10":"first","11":"instock","12":"shipping-taxable","13":"purchasable","14":"product-type-simple"},"yoast_head":"<!-- This site is optimized with the Yoast SEO plugin v23.5 - https:\/\/yoast.com\/wordpress\/plugins\/seo\/ -->\n<title>MODULAR SUSPENDED CEILINGS AND ACCESSORIES &#8211; Comarbois<\/title>\n<meta name=\"description\" content=\"Tr\u00e8s esth\u00e9tique et isolant, le faux plafond est une solution extr\u00eamement sollicit\u00e9e dans les projets d\u2019am\u00e9nagement int\u00e9rieur.\" \/>\n<meta name=\"robots\" content=\"index, follow, max-snippet:-1, max-image-preview:large, max-video-preview:-1\" \/>\n<link rel=\"canonical\" href=\"https:\/\/comarbois.com\/en\/produit\/faux-plafonds-accessoires\/\" \/>\n<meta property=\"og:locale\" content=\"en_US\" \/>\n<meta property=\"og:type\" content=\"article\" \/>\n<meta property=\"og:title\" content=\"MODULAR SUSPENDED CEILINGS AND ACCESSORIES &#8211; Comarbois\" \/>\n<meta property=\"og:description\" content=\"Tr\u00e8s esth\u00e9tique et isolant, le faux plafond est une solution extr\u00eamement sollicit\u00e9e dans les projets d\u2019am\u00e9nagement int\u00e9rieur.\" \/>\n<meta property=\"og:url\" content=\"https:\/\/comarbois.com\/en\/produit\/faux-plafonds-accessoires\/\" \/>\n<meta property=\"og:site_name\" content=\"Comarbois\" \/>\n<meta property=\"article:publisher\" content=\"https:\/\/www.facebook.com\/comarbois\/\" \/>\n<meta property=\"article:modified_time\" content=\"2025-07-01T16:08:55+00:00\" \/>\n<meta property=\"og:image\" content=\"https:\/\/comarbois.com\/wp-content\/uploads\/2025\/05\/dalle-en-fibre-minerale.png\" \/>\n\t<meta property=\"og:image:width\" content=\"600\" \/>\n\t<meta property=\"og:image:height\" content=\"600\" \/>\n\t<meta property=\"og:image:type\" content=\"image\/png\" \/>\n<meta name=\"twitter:card\" content=\"summary_large_image\" \/>\n<meta name=\"twitter:label1\" content=\"Est. reading time\" \/>\n\t<meta name=\"twitter:data1\" content=\"5 minutes\" \/>\n<script type=\"application\/ld+json\" class=\"yoast-schema-graph\">{\"@context\":\"https:\/\/schema.org\",\"@graph\":[{\"@type\":\"WebPage\",\"@id\":\"https:\/\/comarbois.com\/en\/produit\/faux-plafonds-accessoires\/\",\"url\":\"https:\/\/comarbois.com\/en\/produit\/faux-plafonds-accessoires\/\",\"name\":\"MODULAR SUSPENDED CEILINGS AND ACCESSORIES &#8211; Comarbois\",\"isPartOf\":{\"@id\":\"https:\/\/comarbois.com\/en\/#website\"},\"primaryImageOfPage\":{\"@id\":\"https:\/\/comarbois.com\/en\/produit\/faux-plafonds-accessoires\/#primaryimage\"},\"image\":{\"@id\":\"https:\/\/comarbois.com\/produit\/faux-plafonds-accessoires\/#primaryimage\"},\"thumbnailUrl\":\"https:\/\/comarbois.com\/wp-content\/uploads\/2025\/05\/dalle-en-fibre-minerale.png\",\"datePublished\":\"2022-03-23T11:46:03+00:00\",\"dateModified\":\"2025-07-01T16:08:55+00:00\",\"description\":\"Tr\u00e8s esth\u00e9tique et isolant, le faux plafond est une solution extr\u00eamement sollicit\u00e9e dans les projets d\u2019am\u00e9nagement int\u00e9rieur.\",\"breadcrumb\":{\"@id\":\"https:\/\/comarbois.com\/en\/produit\/faux-plafonds-accessoires\/#breadcrumb\"},\"inLanguage\":\"en-US\",\"potentialAction\":[{\"@type\":\"ReadAction\",\"target\":[[\"https:\/\/comarbois.com\/en\/produit\/faux-plafonds-accessoires\/\"]]}]},{\"@type\":\"ImageObject\",\"inLanguage\":\"en-US\",\"@id\":\"https:\/\/comarbois.com\/en\/produit\/faux-plafonds-accessoires\/#primaryimage\",\"url\":\"https:\/\/comarbois.com\/wp-content\/uploads\/2025\/05\/dalle-en-fibre-minerale.png\",\"contentUrl\":\"https:\/\/comarbois.com\/wp-content\/uploads\/2025\/05\/dalle-en-fibre-minerale.png\",\"width\":600,\"height\":600},{\"@type\":\"BreadcrumbList\",\"@id\":\"https:\/\/comarbois.com\/en\/produit\/faux-plafonds-accessoires\/#breadcrumb\",\"itemListElement\":[{\"@type\":\"ListItem\",\"position\":1,\"name\":\"Accueil\",\"item\":\"https:\/\/comarbois.com\/en\/\"},{\"@type\":\"ListItem\",\"position\":2,\"name\":\"Produits\",\"item\":\"https:\/\/comarbois.com\/en\/boutique\/\"},{\"@type\":\"ListItem\",\"position\":3,\"name\":\"FAUX PLAFONDS MODULAIRES &#038; ACCESSOIRES\"}]},{\"@type\":\"WebSite\",\"@id\":\"https:\/\/comarbois.com\/en\/#website\",\"url\":\"https:\/\/comarbois.com\/en\/\",\"name\":\"Comarbois\",\"description\":\"\",\"publisher\":{\"@id\":\"https:\/\/comarbois.com\/en\/#organization\"},\"potentialAction\":[{\"@type\":\"SearchAction\",\"target\":{\"@type\":\"EntryPoint\",\"urlTemplate\":\"https:\/\/comarbois.com\/en\/?s={search_term_string}\"},\"query-input\":{\"@type\":\"PropertyValueSpecification\",\"valueRequired\":true,\"valueName\":\"search_term_string\"}}],\"inLanguage\":\"en-US\"},{\"@type\":\"Organization\",\"@id\":\"https:\/\/comarbois.com\/en\/#organization\",\"name\":\"Comarbois\",\"url\":\"https:\/\/comarbois.com\/en\/\",\"logo\":{\"@type\":\"ImageObject\",\"inLanguage\":\"en-US\",\"@id\":\"https:\/\/comarbois.com\/en\/#\/schema\/logo\/image\/\",\"url\":\"https:\/\/comarbois.com\/wp-content\/uploads\/2021\/03\/LOGO-COMARBOIS-H-RVB.png\",\"contentUrl\":\"https:\/\/comarbois.com\/wp-content\/uploads\/2021\/03\/LOGO-COMARBOIS-H-RVB.png\",\"width\":3543,\"height\":1210,\"caption\":\"Comarbois\"},\"image\":{\"@id\":\"https:\/\/comarbois.com\/en\/#\/schema\/logo\/image\/\"},\"sameAs\":[\"https:\/\/www.facebook.com\/comarbois\/\",\"https:\/\/www.linkedin.com\/company\/3057658\/\",\"https:\/\/www.instagram.com\/comarbois\/\"]}]}<\/script>\n<!-- \/ Yoast SEO plugin. -->","yoast_head_json":{"title":"MODULAR SUSPENDED CEILINGS AND ACCESSORIES &#8211; Comarbois","description":"Tr\u00e8s esth\u00e9tique et isolant, le faux plafond est une solution extr\u00eamement sollicit\u00e9e dans les projets d\u2019am\u00e9nagement int\u00e9rieur.","robots":{"index":"index","follow":"follow","max-snippet":"max-snippet:-1","max-image-preview":"max-image-preview:large","max-video-preview":"max-video-preview:-1"},"canonical":"https:\/\/comarbois.com\/en\/produit\/faux-plafonds-accessoires\/","og_locale":"en_US","og_type":"article","og_title":"MODULAR SUSPENDED CEILINGS AND ACCESSORIES &#8211; Comarbois","og_description":"Tr\u00e8s esth\u00e9tique et isolant, le faux plafond est une solution extr\u00eamement sollicit\u00e9e dans les projets d\u2019am\u00e9nagement int\u00e9rieur.","og_url":"https:\/\/comarbois.com\/en\/produit\/faux-plafonds-accessoires\/","og_site_name":"Comarbois","article_publisher":"https:\/\/www.facebook.com\/comarbois\/","article_modified_time":"2025-07-01T16:08:55+00:00","og_image":[{"width":600,"height":600,"url":"https:\/\/comarbois.com\/wp-content\/uploads\/2025\/05\/dalle-en-fibre-minerale.png","type":"image\/png"}],"twitter_card":"summary_large_image","twitter_misc":{"Est. reading time":"5 minutes"},"schema":{"@context":"https:\/\/schema.org","@graph":[{"@type":"WebPage","@id":"https:\/\/comarbois.com\/en\/produit\/faux-plafonds-accessoires\/","url":"https:\/\/comarbois.com\/en\/produit\/faux-plafonds-accessoires\/","name":"MODULAR SUSPENDED CEILINGS AND ACCESSORIES &#8211; Comarbois","isPartOf":{"@id":"https:\/\/comarbois.com\/en\/#website"},"primaryImageOfPage":{"@id":"https:\/\/comarbois.com\/en\/produit\/faux-plafonds-accessoires\/#primaryimage"},"image":{"@id":"https:\/\/comarbois.com\/produit\/faux-plafonds-accessoires\/#primaryimage"},"thumbnailUrl":"https:\/\/comarbois.com\/wp-content\/uploads\/2025\/05\/dalle-en-fibre-minerale.png","datePublished":"2022-03-23T11:46:03+00:00","dateModified":"2025-07-01T16:08:55+00:00","description":"Tr\u00e8s esth\u00e9tique et isolant, le faux plafond est une solution extr\u00eamement sollicit\u00e9e dans les projets d\u2019am\u00e9nagement int\u00e9rieur.","breadcrumb":{"@id":"https:\/\/comarbois.com\/en\/produit\/faux-plafonds-accessoires\/#breadcrumb"},"inLanguage":"en-US","potentialAction":[{"@type":"ReadAction","target":[["https:\/\/comarbois.com\/en\/produit\/faux-plafonds-accessoires\/"]]}]},{"@type":"ImageObject","inLanguage":"en-US","@id":"https:\/\/comarbois.com\/en\/produit\/faux-plafonds-accessoires\/#primaryimage","url":"https:\/\/comarbois.com\/wp-content\/uploads\/2025\/05\/dalle-en-fibre-minerale.png","contentUrl":"https:\/\/comarbois.com\/wp-content\/uploads\/2025\/05\/dalle-en-fibre-minerale.png","width":600,"height":600},{"@type":"BreadcrumbList","@id":"https:\/\/comarbois.com\/en\/produit\/faux-plafonds-accessoires\/#breadcrumb","itemListElement":[{"@type":"ListItem","position":1,"name":"Accueil","item":"https:\/\/comarbois.com\/en\/"},{"@type":"ListItem","position":2,"name":"Produits","item":"https:\/\/comarbois.com\/en\/boutique\/"},{"@type":"ListItem","position":3,"name":"FAUX PLAFONDS MODULAIRES &#038; ACCESSOIRES"}]},{"@type":"WebSite","@id":"https:\/\/comarbois.com\/en\/#website","url":"https:\/\/comarbois.com\/en\/","name":"Comarbois","description":"","publisher":{"@id":"https:\/\/comarbois.com\/en\/#organization"},"potentialAction":[{"@type":"SearchAction","target":{"@type":"EntryPoint","urlTemplate":"https:\/\/comarbois.com\/en\/?s={search_term_string}"},"query-input":{"@type":"PropertyValueSpecification","valueRequired":true,"valueName":"search_term_string"}}],"inLanguage":"en-US"},{"@type":"Organization","@id":"https:\/\/comarbois.com\/en\/#organization","name":"Comarbois","url":"https:\/\/comarbois.com\/en\/","logo":{"@type":"ImageObject","inLanguage":"en-US","@id":"https:\/\/comarbois.com\/en\/#\/schema\/logo\/image\/","url":"https:\/\/comarbois.com\/wp-content\/uploads\/2021\/03\/LOGO-COMARBOIS-H-RVB.png","contentUrl":"https:\/\/comarbois.com\/wp-content\/uploads\/2021\/03\/LOGO-COMARBOIS-H-RVB.png","width":3543,"height":1210,"caption":"Comarbois"},"image":{"@id":"https:\/\/comarbois.com\/en\/#\/schema\/logo\/image\/"},"sameAs":["https:\/\/www.facebook.com\/comarbois\/","https:\/\/www.linkedin.com\/company\/3057658\/","https:\/\/www.instagram.com\/comarbois\/"]}]}},"_links":{"self":[{"href":"https:\/\/comarbois.com\/en\/wp-json\/wp\/v2\/product\/20003","targetHints":{"allow":["GET"]}}],"collection":[{"href":"https:\/\/comarbois.com\/en\/wp-json\/wp\/v2\/product"}],"about":[{"href":"https:\/\/comarbois.com\/en\/wp-json\/wp\/v2\/types\/product"}],"wp:featuredmedia":[{"embeddable":true,"href":"https:\/\/comarbois.com\/en\/wp-json\/wp\/v2\/media\/36325"}],"wp:attachment":[{"href":"https:\/\/comarbois.com\/en\/wp-json\/wp\/v2\/media?parent=20003"}],"wp:term":[{"taxonomy":"product_cat","embeddable":true,"href":"https:\/\/comarbois.com\/en\/wp-json\/wp\/v2\/product_cat?post=20003"},{"taxonomy":"product_tag","embeddable":true,"href":"https:\/\/comarbois.com\/en\/wp-json\/wp\/v2\/product_tag?post=20003"}],"curies":[{"name":"wp","href":"https:\/\/api.w.org\/{rel}","templated":true}]}}