{"id":20002,"date":"2022-03-23T12:41:53","date_gmt":"2022-03-23T11:41:53","guid":{"rendered":"https:\/\/comarbois.com\/?post_type=product&#038;p=20002"},"modified":"2025-05-13T14:08:57","modified_gmt":"2025-05-13T13:08:57","slug":"faux-planchers-techniques","status":"publish","type":"product","link":"https:\/\/comarbois.com\/en\/produit\/faux-planchers-techniques\/","title":{"rendered":"RAISED FLOORS"},"content":{"rendered":"<p>[vc_row gap=&#8221;35&#8243; woodmart_css_id=&#8221;62879d3f75fc8&#8243; responsive_spacing=&#8221;eyJwYXJhbV90eXBlIjoid29vZG1hcnRfcmVzcG9uc2l2ZV9zcGFjaW5nIiwic2VsZWN0b3JfaWQiOiI2Mjg3OWQzZjc1ZmM4Iiwic2hvcnRjb2RlIjoidmNfcm93IiwiZGF0YSI6eyJ0YWJsZXQiOnt9LCJtb2JpbGUiOnt9fX0=&#8221; mobile_bg_img_hidden=&#8221;no&#8221; tablet_bg_img_hidden=&#8221;no&#8221; woodmart_parallax=&#8221;0&#8243; woodmart_gradient_switch=&#8221;no&#8221; woodmart_box_shadow=&#8221;no&#8221; wd_z_index=&#8221;no&#8221; woodmart_disable_overflow=&#8221;0&#8243; row_reverse_mobile=&#8221;0&#8243; row_reverse_tablet=&#8221;0&#8243;][vc_column width=&#8221;1\/3&#8243;][vc_column_text woodmart_inline=&#8221;no&#8221; text_larger=&#8221;no&#8221;]<strong>DESCRIPTION<\/strong><br \/>\n<span class=\"VIiyi\" lang=\"en\"><span class=\"JLqJ4b ChMk0b\" data-language-for-alternatives=\"en\" data-language-to-translate-into=\"fr\" data-phrase-index=\"0\" data-number-of-phrases=\"2\"><span class=\"Q4iAWc\">The raised technical floor consists of removable plates placed on a structure of adjustable pivots, allowing the easy installation of electrical networks, and their modification according to needs and rearrangements.<\/span><\/span> <span class=\"JLqJ4b ChMk0b\" data-language-for-alternatives=\"en\" data-language-to-translate-into=\"fr\" data-phrase-index=\"1\" data-number-of-phrases=\"2\"><span class=\"Q4iAWc\">Two ranges are available: the raised floor in calcium sulphate (treated for fire) or in steel (industrial use).<\/span><\/span><\/span>[\/vc_column_text][\/vc_column][vc_column width=&#8221;1\/3&#8243;][vc_column_text woodmart_inline=&#8221;no&#8221; text_larger=&#8221;no&#8221;]<strong>USES<\/strong><br \/>\n<span class=\"VIiyi\" lang=\"en\"><span class=\"JLqJ4b ChMk0b\" data-language-for-alternatives=\"en\" data-language-to-translate-into=\"fr\" data-phrase-index=\"0\" data-number-of-phrases=\"1\"><span class=\"Q4iAWc\">It is a technique of choice used in particular for office floors, computer server rooms and hospitals, etc.<\/span><\/span><\/span>[\/vc_column_text][vc_column_text woodmart_inline=&#8221;no&#8221; text_larger=&#8221;no&#8221;]<span class=\"VIiyi\" lang=\"en\"><strong><span class=\"JLqJ4b ChMk0b\" data-language-for-alternatives=\"en\" data-language-to-translate-into=\"fr\" data-phrase-index=\"0\" data-number-of-phrases=\"5\"><span class=\"Q4iAWc\">FEATURES<\/span><\/span> <\/strong><br \/>\n<span class=\"JLqJ4b ChMk0b\" data-language-for-alternatives=\"en\" data-language-to-translate-into=\"fr\" data-phrase-index=\"2\" data-number-of-phrases=\"5\"><span class=\"Q4iAWc\">\u2192 Mechanical resistance ensuring stability and preventing deformation or breakage<\/span><\/span><br \/>\n<span class=\"JLqJ4b ChMk0b\" data-language-for-alternatives=\"en\" data-language-to-translate-into=\"fr\" data-phrase-index=\"4\" data-number-of-phrases=\"5\"><span class=\"Q4iAWc\">\u2192 Soundproofing<\/span><\/span><\/span>[\/vc_column_text][vc_btn title=&#8221;DOWNLOAD FACT SHEET&#8221; shape=&#8221;square&#8221; i_icon_fontawesome=&#8221;fas fa-paperclip&#8221; css_animation=&#8221;bounceIn&#8221; add_icon=&#8221;true&#8221; link=&#8221;url:http%3A%2F%2Fcomarbois.com%2Fwp-content%2Fuploads%2F2022%2F05%2FFICHE_FAUX-PLANCHERS-TECHNIQUES.pdf|target:_blank&#8221;][\/vc_column][vc_column width=&#8221;1\/3&#8243;][vc_column_text woodmart_inline=&#8221;no&#8221; text_larger=&#8221;no&#8221;]<strong>SIZES<\/strong><br \/>\n600x600x38 mm + <span class=\"VIiyi\" lang=\"en\"><span class=\"JLqJ4b ChMk0b\" data-language-for-alternatives=\"en\" data-language-to-translate-into=\"fr\" data-phrase-index=\"0\" data-number-of-phrases=\"1\"><span class=\"Q4iAWc\">top coating thickness<\/span><\/span><\/span><\/p>\n<p><strong>DENSITY<\/strong><br \/>\n\u2265 700 Kg\/m3<\/p>\n<p><strong>ACCESSOIRES<\/strong><br \/>\nGlues and pivots[\/vc_column_text]<div id=\"wd-628b7b9bb04b3\" class=\" wd-rs-628b7b9bb04b3  wd-button-wrapper text-left\"><a href=\"https:\/\/comarbois.com\/wp-content\/uploads\/2021\/12\/Comarbois_XTR40-alumAcier.pdf\" title=\"\" target=\"_blank\" class=\"btn btn-color-primary btn-style-link btn-style-rectangle btn-size-default\">TECHNICAL DATA<\/a><\/div>[\/vc_column][\/vc_row]<\/p>","protected":false},"excerpt":{"rendered":"<p>Le faux plancher technique est constitu\u00e9 de plaques amovibles pos\u00e9es sur une structure de pivots r\u00e9glables,&#8230;<\/p>\n","protected":false},"featured_media":19377,"template":"","meta":[],"product_cat":[410,309,310,312],"product_tag":[],"class_list":{"0":"post-20002","1":"product","2":"type-product","3":"status-publish","4":"has-post-thumbnail","6":"product_cat-amenagement-interieur","7":"product_cat-isolation-etancheite","8":"product_cat-panneaux-decoratifs-industriels","9":"product_cat-tout-afficher","11":"first","12":"instock","13":"shipping-taxable","14":"purchasable","15":"product-type-simple"},"yoast_head":"<!-- This site is optimized with the Yoast SEO plugin v23.5 - https:\/\/yoast.com\/wordpress\/plugins\/seo\/ -->\n<title>RAISED FLOORS &#8211; Comarbois<\/title>\n<meta name=\"description\" content=\"Constitu\u00e9s de plaques amovibles sur une structure de pivots r\u00e9glables, ils permettent l&#039;installation et l&#039;acc\u00e8s faciles des r\u00e9seaux \u00e9lectriques.\" \/>\n<meta name=\"robots\" content=\"index, follow, max-snippet:-1, max-image-preview:large, max-video-preview:-1\" \/>\n<link rel=\"canonical\" href=\"https:\/\/comarbois.com\/en\/produit\/faux-planchers-techniques\/\" \/>\n<meta property=\"og:locale\" content=\"en_US\" \/>\n<meta property=\"og:type\" content=\"article\" \/>\n<meta property=\"og:title\" content=\"RAISED FLOORS &#8211; Comarbois\" \/>\n<meta property=\"og:description\" content=\"Constitu\u00e9s de plaques amovibles sur une structure de pivots r\u00e9glables, ils permettent l&#039;installation et l&#039;acc\u00e8s faciles des r\u00e9seaux \u00e9lectriques.\" \/>\n<meta property=\"og:url\" content=\"https:\/\/comarbois.com\/en\/produit\/faux-planchers-techniques\/\" \/>\n<meta property=\"og:site_name\" content=\"Comarbois\" \/>\n<meta property=\"article:publisher\" content=\"https:\/\/www.facebook.com\/comarbois\/\" \/>\n<meta property=\"article:modified_time\" content=\"2025-05-13T13:08:57+00:00\" \/>\n<meta property=\"og:image\" content=\"https:\/\/comarbois.com\/wp-content\/uploads\/2021\/12\/internal_structures_header-2.jpg\" \/>\n\t<meta property=\"og:image:width\" content=\"871\" \/>\n\t<meta property=\"og:image:height\" content=\"848\" \/>\n\t<meta property=\"og:image:type\" content=\"image\/jpeg\" \/>\n<meta name=\"twitter:card\" content=\"summary_large_image\" \/>\n<meta name=\"twitter:label1\" content=\"Est. reading time\" \/>\n\t<meta name=\"twitter:data1\" content=\"4 minutes\" \/>\n<script type=\"application\/ld+json\" class=\"yoast-schema-graph\">{\"@context\":\"https:\/\/schema.org\",\"@graph\":[{\"@type\":\"WebPage\",\"@id\":\"https:\/\/comarbois.com\/en\/produit\/faux-planchers-techniques\/\",\"url\":\"https:\/\/comarbois.com\/en\/produit\/faux-planchers-techniques\/\",\"name\":\"RAISED FLOORS &#8211; Comarbois\",\"isPartOf\":{\"@id\":\"https:\/\/comarbois.com\/en\/#website\"},\"primaryImageOfPage\":{\"@id\":\"https:\/\/comarbois.com\/en\/produit\/faux-planchers-techniques\/#primaryimage\"},\"image\":{\"@id\":\"https:\/\/comarbois.com\/produit\/faux-planchers-techniques\/#primaryimage\"},\"thumbnailUrl\":\"https:\/\/comarbois.com\/wp-content\/uploads\/2021\/12\/internal_structures_header-2.jpg\",\"datePublished\":\"2022-03-23T11:41:53+00:00\",\"dateModified\":\"2025-05-13T13:08:57+00:00\",\"description\":\"Constitu\u00e9s de plaques amovibles sur une structure de pivots r\u00e9glables, ils permettent l'installation et l'acc\u00e8s faciles des r\u00e9seaux \u00e9lectriques.\",\"breadcrumb\":{\"@id\":\"https:\/\/comarbois.com\/en\/produit\/faux-planchers-techniques\/#breadcrumb\"},\"inLanguage\":\"en-US\",\"potentialAction\":[{\"@type\":\"ReadAction\",\"target\":[[\"https:\/\/comarbois.com\/en\/produit\/faux-planchers-techniques\/\"]]}]},{\"@type\":\"ImageObject\",\"inLanguage\":\"en-US\",\"@id\":\"https:\/\/comarbois.com\/en\/produit\/faux-planchers-techniques\/#primaryimage\",\"url\":\"https:\/\/comarbois.com\/wp-content\/uploads\/2021\/12\/internal_structures_header-2.jpg\",\"contentUrl\":\"https:\/\/comarbois.com\/wp-content\/uploads\/2021\/12\/internal_structures_header-2.jpg\",\"width\":871,\"height\":848,\"caption\":\"(Fran\u00e7ais) Le faux plancher disponible en 2 gammes: le faux plancher en sulfate de calcium et en acier, pour un large choix d\u2019utilisation : les sols de bureaux, les salles de serveurs informatiques et h\u00f4pitaux\"},{\"@type\":\"BreadcrumbList\",\"@id\":\"https:\/\/comarbois.com\/en\/produit\/faux-planchers-techniques\/#breadcrumb\",\"itemListElement\":[{\"@type\":\"ListItem\",\"position\":1,\"name\":\"Accueil\",\"item\":\"https:\/\/comarbois.com\/en\/\"},{\"@type\":\"ListItem\",\"position\":2,\"name\":\"Produits\",\"item\":\"https:\/\/comarbois.com\/en\/boutique\/\"},{\"@type\":\"ListItem\",\"position\":3,\"name\":\"FAUX PLANCHERS TECHNIQUES\"}]},{\"@type\":\"WebSite\",\"@id\":\"https:\/\/comarbois.com\/en\/#website\",\"url\":\"https:\/\/comarbois.com\/en\/\",\"name\":\"Comarbois\",\"description\":\"\",\"publisher\":{\"@id\":\"https:\/\/comarbois.com\/en\/#organization\"},\"potentialAction\":[{\"@type\":\"SearchAction\",\"target\":{\"@type\":\"EntryPoint\",\"urlTemplate\":\"https:\/\/comarbois.com\/en\/?s={search_term_string}\"},\"query-input\":{\"@type\":\"PropertyValueSpecification\",\"valueRequired\":true,\"valueName\":\"search_term_string\"}}],\"inLanguage\":\"en-US\"},{\"@type\":\"Organization\",\"@id\":\"https:\/\/comarbois.com\/en\/#organization\",\"name\":\"Comarbois\",\"url\":\"https:\/\/comarbois.com\/en\/\",\"logo\":{\"@type\":\"ImageObject\",\"inLanguage\":\"en-US\",\"@id\":\"https:\/\/comarbois.com\/en\/#\/schema\/logo\/image\/\",\"url\":\"https:\/\/comarbois.com\/wp-content\/uploads\/2021\/03\/LOGO-COMARBOIS-H-RVB.png\",\"contentUrl\":\"https:\/\/comarbois.com\/wp-content\/uploads\/2021\/03\/LOGO-COMARBOIS-H-RVB.png\",\"width\":3543,\"height\":1210,\"caption\":\"Comarbois\"},\"image\":{\"@id\":\"https:\/\/comarbois.com\/en\/#\/schema\/logo\/image\/\"},\"sameAs\":[\"https:\/\/www.facebook.com\/comarbois\/\",\"https:\/\/www.linkedin.com\/company\/3057658\/\",\"https:\/\/www.instagram.com\/comarbois\/\"]}]}<\/script>\n<!-- \/ Yoast SEO plugin. -->","yoast_head_json":{"title":"RAISED FLOORS &#8211; Comarbois","description":"Constitu\u00e9s de plaques amovibles sur une structure de pivots r\u00e9glables, ils permettent l'installation et l'acc\u00e8s faciles des r\u00e9seaux \u00e9lectriques.","robots":{"index":"index","follow":"follow","max-snippet":"max-snippet:-1","max-image-preview":"max-image-preview:large","max-video-preview":"max-video-preview:-1"},"canonical":"https:\/\/comarbois.com\/en\/produit\/faux-planchers-techniques\/","og_locale":"en_US","og_type":"article","og_title":"RAISED FLOORS &#8211; Comarbois","og_description":"Constitu\u00e9s de plaques amovibles sur une structure de pivots r\u00e9glables, ils permettent l'installation et l'acc\u00e8s faciles des r\u00e9seaux \u00e9lectriques.","og_url":"https:\/\/comarbois.com\/en\/produit\/faux-planchers-techniques\/","og_site_name":"Comarbois","article_publisher":"https:\/\/www.facebook.com\/comarbois\/","article_modified_time":"2025-05-13T13:08:57+00:00","og_image":[{"width":871,"height":848,"url":"https:\/\/comarbois.com\/wp-content\/uploads\/2021\/12\/internal_structures_header-2.jpg","type":"image\/jpeg"}],"twitter_card":"summary_large_image","twitter_misc":{"Est. reading time":"4 minutes"},"schema":{"@context":"https:\/\/schema.org","@graph":[{"@type":"WebPage","@id":"https:\/\/comarbois.com\/en\/produit\/faux-planchers-techniques\/","url":"https:\/\/comarbois.com\/en\/produit\/faux-planchers-techniques\/","name":"RAISED FLOORS &#8211; Comarbois","isPartOf":{"@id":"https:\/\/comarbois.com\/en\/#website"},"primaryImageOfPage":{"@id":"https:\/\/comarbois.com\/en\/produit\/faux-planchers-techniques\/#primaryimage"},"image":{"@id":"https:\/\/comarbois.com\/produit\/faux-planchers-techniques\/#primaryimage"},"thumbnailUrl":"https:\/\/comarbois.com\/wp-content\/uploads\/2021\/12\/internal_structures_header-2.jpg","datePublished":"2022-03-23T11:41:53+00:00","dateModified":"2025-05-13T13:08:57+00:00","description":"Constitu\u00e9s de plaques amovibles sur une structure de pivots r\u00e9glables, ils permettent l'installation et l'acc\u00e8s faciles des r\u00e9seaux \u00e9lectriques.","breadcrumb":{"@id":"https:\/\/comarbois.com\/en\/produit\/faux-planchers-techniques\/#breadcrumb"},"inLanguage":"en-US","potentialAction":[{"@type":"ReadAction","target":[["https:\/\/comarbois.com\/en\/produit\/faux-planchers-techniques\/"]]}]},{"@type":"ImageObject","inLanguage":"en-US","@id":"https:\/\/comarbois.com\/en\/produit\/faux-planchers-techniques\/#primaryimage","url":"https:\/\/comarbois.com\/wp-content\/uploads\/2021\/12\/internal_structures_header-2.jpg","contentUrl":"https:\/\/comarbois.com\/wp-content\/uploads\/2021\/12\/internal_structures_header-2.jpg","width":871,"height":848,"caption":"(Fran\u00e7ais) Le faux plancher disponible en 2 gammes: le faux plancher en sulfate de calcium et en acier, pour un large choix d\u2019utilisation : les sols de bureaux, les salles de serveurs informatiques et h\u00f4pitaux"},{"@type":"BreadcrumbList","@id":"https:\/\/comarbois.com\/en\/produit\/faux-planchers-techniques\/#breadcrumb","itemListElement":[{"@type":"ListItem","position":1,"name":"Accueil","item":"https:\/\/comarbois.com\/en\/"},{"@type":"ListItem","position":2,"name":"Produits","item":"https:\/\/comarbois.com\/en\/boutique\/"},{"@type":"ListItem","position":3,"name":"FAUX PLANCHERS TECHNIQUES"}]},{"@type":"WebSite","@id":"https:\/\/comarbois.com\/en\/#website","url":"https:\/\/comarbois.com\/en\/","name":"Comarbois","description":"","publisher":{"@id":"https:\/\/comarbois.com\/en\/#organization"},"potentialAction":[{"@type":"SearchAction","target":{"@type":"EntryPoint","urlTemplate":"https:\/\/comarbois.com\/en\/?s={search_term_string}"},"query-input":{"@type":"PropertyValueSpecification","valueRequired":true,"valueName":"search_term_string"}}],"inLanguage":"en-US"},{"@type":"Organization","@id":"https:\/\/comarbois.com\/en\/#organization","name":"Comarbois","url":"https:\/\/comarbois.com\/en\/","logo":{"@type":"ImageObject","inLanguage":"en-US","@id":"https:\/\/comarbois.com\/en\/#\/schema\/logo\/image\/","url":"https:\/\/comarbois.com\/wp-content\/uploads\/2021\/03\/LOGO-COMARBOIS-H-RVB.png","contentUrl":"https:\/\/comarbois.com\/wp-content\/uploads\/2021\/03\/LOGO-COMARBOIS-H-RVB.png","width":3543,"height":1210,"caption":"Comarbois"},"image":{"@id":"https:\/\/comarbois.com\/en\/#\/schema\/logo\/image\/"},"sameAs":["https:\/\/www.facebook.com\/comarbois\/","https:\/\/www.linkedin.com\/company\/3057658\/","https:\/\/www.instagram.com\/comarbois\/"]}]}},"_links":{"self":[{"href":"https:\/\/comarbois.com\/en\/wp-json\/wp\/v2\/product\/20002","targetHints":{"allow":["GET"]}}],"collection":[{"href":"https:\/\/comarbois.com\/en\/wp-json\/wp\/v2\/product"}],"about":[{"href":"https:\/\/comarbois.com\/en\/wp-json\/wp\/v2\/types\/product"}],"wp:featuredmedia":[{"embeddable":true,"href":"https:\/\/comarbois.com\/en\/wp-json\/wp\/v2\/media\/19377"}],"wp:attachment":[{"href":"https:\/\/comarbois.com\/en\/wp-json\/wp\/v2\/media?parent=20002"}],"wp:term":[{"taxonomy":"product_cat","embeddable":true,"href":"https:\/\/comarbois.com\/en\/wp-json\/wp\/v2\/product_cat?post=20002"},{"taxonomy":"product_tag","embeddable":true,"href":"https:\/\/comarbois.com\/en\/wp-json\/wp\/v2\/product_tag?post=20002"}],"curies":[{"name":"wp","href":"https:\/\/api.w.org\/{rel}","templated":true}]}}