{"id":20001,"date":"2022-03-23T12:37:02","date_gmt":"2022-03-23T11:37:02","guid":{"rendered":"https:\/\/comarbois.com\/?post_type=product&#038;p=20001"},"modified":"2022-09-14T14:01:22","modified_gmt":"2022-09-14T13:01:22","slug":"feuilles-detancheite-bitumineuses","status":"publish","type":"product","link":"https:\/\/comarbois.com\/en\/produit\/feuilles-detancheite-bitumineuses\/","title":{"rendered":"BITUMINOUS WATERPROOFING MEMBRANES"},"content":{"rendered":"<p>[vc_row gap=&#8221;35&#8243; woodmart_css_id=&#8221;628b85d9824e2&#8243; responsive_spacing=&#8221;eyJwYXJhbV90eXBlIjoid29vZG1hcnRfcmVzcG9uc2l2ZV9zcGFjaW5nIiwic2VsZWN0b3JfaWQiOiI2MjhiODVkOTgyNGUyIiwic2hvcnRjb2RlIjoidmNfcm93IiwiZGF0YSI6eyJ0YWJsZXQiOnt9LCJtb2JpbGUiOnt9fX0=&#8221; mobile_bg_img_hidden=&#8221;no&#8221; tablet_bg_img_hidden=&#8221;no&#8221; woodmart_parallax=&#8221;0&#8243; woodmart_gradient_switch=&#8221;no&#8221; woodmart_box_shadow=&#8221;no&#8221; wd_z_index=&#8221;no&#8221; woodmart_disable_overflow=&#8221;0&#8243; row_reverse_mobile=&#8221;0&#8243; row_reverse_tablet=&#8221;0&#8243;][vc_column width=&#8221;1\/3&#8243;][vc_column_text woodmart_inline=&#8221;no&#8221; text_larger=&#8221;no&#8221;]<strong>DESCRIPTION<\/strong><br \/>\nWhen it comes to construction, waterproofing makes it possible to avoid any degradation caused by undesirable external elements such as wind, rain, etc. which can endanger the construction of a building. Our waterproofing membranes comply with the Moroccan standard requirements &#8220;NM 10.8.913&#8221;, and are &#8220;NM&#8221; certified, it is our pledge of quality and professionalism.[\/vc_column_text][vc_column_text woodmart_inline=&#8221;no&#8221; text_larger=&#8221;no&#8221;]<strong><span class=\"VIiyi\" lang=\"en\"><span class=\"JLqJ4b ChMk0b\" data-language-for-alternatives=\"en\" data-language-to-translate-into=\"fr\" data-phrase-index=\"0\" data-number-of-phrases=\"1\"><span class=\"Q4iAWc\">WATERPROOFING STANDARDS<\/span><\/span><\/span><\/strong>[\/vc_column_text][vc_single_image image=&#8221;21092&#8243; img_size=&#8221;full&#8221; css_animation=&#8221;bounceIn&#8221; parallax_scroll=&#8221;no&#8221; woodmart_inline=&#8221;no&#8221;][\/vc_column][vc_column width=&#8221;1\/3&#8243;][vc_column_text woodmart_inline=&#8221;no&#8221; text_larger=&#8221;no&#8221;]<strong>WATERPROOFING PRODUCTS<\/strong><\/p>\n<table style=\"height: 262px;\" width=\"401\">\n<tbody>\n<tr>\n<td width=\"120\">20 VV 60 F\/F<\/td>\n<td width=\"115\">35 PY 120 F\/F<\/td>\n<\/tr>\n<tr>\n<td>25 VV 60 F\/F<\/td>\n<td>35 PY 120 ARD<\/td>\n<\/tr>\n<tr>\n<td>25 PY 120 F\/F<\/td>\n<td>40 PY 150 F\/F<\/td>\n<\/tr>\n<tr>\n<td>25 PY 120 ARD<\/td>\n<td>40PY 150 ARD<\/td>\n<\/tr>\n<tr>\n<td>30 PY 120 F\/F<\/td>\n<td>40 VV F\/F<\/td>\n<\/tr>\n<tr>\n<td>30 PY 120 ARD<\/td>\n<td>40 VV ARD<\/td>\n<\/tr>\n<tr>\n<td>30 VV F\/F<\/td>\n<td><\/td>\n<\/tr>\n<tr>\n<td>30 VV ARD<\/td>\n<td><\/td>\n<\/tr>\n<\/tbody>\n<\/table>\n<p>[\/vc_column_text][\/vc_column][vc_column width=&#8221;1\/3&#8243;][vc_column_text woodmart_inline=&#8221;no&#8221; text_larger=&#8221;no&#8221;]<strong>THICKNESSES AVAILABLE<\/strong><br \/>\n\u2192 2 mm<br \/>\n\u2192 2,5 mm<br \/>\n\u2192 3 mm<br \/>\n\u2192 4 mm<\/p>\n<p><strong>USES<\/strong><br \/>\nFlat or pitched roofs, Public and civil engineering works[\/vc_column_text][vc_btn title=&#8221;DOWNLOAD FACT SHEET&#8221; shape=&#8221;square&#8221; i_icon_fontawesome=&#8221;fas fa-paperclip&#8221; css_animation=&#8221;bounceIn&#8221; add_icon=&#8221;true&#8221; link=&#8221;url:http%3A%2F%2Fcomarbois.com%2Fwp-content%2Fuploads%2F2022%2F05%2FFICHE_ETANCHEITE-BITUMINEUSE.pdf|target:_blank&#8221;][\/vc_column][\/vc_row]<\/p>","protected":false},"excerpt":{"rendered":"<p>When it comes to construction, waterproofing makes it possible to avoid any degradation caused by undesirable&#8230;<\/p>\n","protected":false},"featured_media":17806,"template":"","meta":[],"product_cat":[311,309,312],"product_tag":[],"class_list":{"0":"post-20001","1":"product","2":"type-product","3":"status-publish","4":"has-post-thumbnail","6":"product_cat-amenagement-exterieur","7":"product_cat-isolation-etancheite","8":"product_cat-tout-afficher","10":"first","11":"instock","12":"shipping-taxable","13":"purchasable","14":"product-type-simple"},"yoast_head":"<!-- This site is optimized with the Yoast SEO plugin v23.5 - https:\/\/yoast.com\/wordpress\/plugins\/seo\/ -->\n<title>BITUMINOUS WATERPROOFING MEMBRANES &#8211; Comarbois<\/title>\n<meta name=\"description\" content=\"Nos feuilles d\u2019\u00e9tanch\u00e9it\u00e9 respectent les exigences de la norme marocaine NM 10.8.913, un gage de qualit\u00e9 que nous apportons \u00e0 nos clients.\" \/>\n<meta name=\"robots\" content=\"index, follow, max-snippet:-1, max-image-preview:large, max-video-preview:-1\" \/>\n<link rel=\"canonical\" href=\"https:\/\/comarbois.com\/en\/produit\/feuilles-detancheite-bitumineuses\/\" \/>\n<meta property=\"og:locale\" content=\"en_US\" \/>\n<meta property=\"og:type\" content=\"article\" \/>\n<meta property=\"og:title\" content=\"BITUMINOUS WATERPROOFING MEMBRANES &#8211; Comarbois\" \/>\n<meta property=\"og:description\" content=\"Nos feuilles d\u2019\u00e9tanch\u00e9it\u00e9 respectent les exigences de la norme marocaine NM 10.8.913, un gage de qualit\u00e9 que nous apportons \u00e0 nos clients.\" \/>\n<meta property=\"og:url\" content=\"https:\/\/comarbois.com\/en\/produit\/feuilles-detancheite-bitumineuses\/\" \/>\n<meta property=\"og:site_name\" content=\"Comarbois\" \/>\n<meta property=\"article:publisher\" content=\"https:\/\/www.facebook.com\/comarbois\/\" \/>\n<meta property=\"article:modified_time\" content=\"2022-09-14T13:01:22+00:00\" \/>\n<meta property=\"og:image\" content=\"https:\/\/comarbois.com\/wp-content\/uploads\/2020\/09\/etancheite-bitumineuse.jpg\" \/>\n\t<meta property=\"og:image:width\" content=\"500\" \/>\n\t<meta property=\"og:image:height\" content=\"500\" \/>\n\t<meta property=\"og:image:type\" content=\"image\/jpeg\" \/>\n<meta name=\"twitter:card\" content=\"summary_large_image\" \/>\n<meta name=\"twitter:label1\" content=\"Est. reading time\" \/>\n\t<meta name=\"twitter:data1\" content=\"3 minutes\" \/>\n<script type=\"application\/ld+json\" class=\"yoast-schema-graph\">{\"@context\":\"https:\/\/schema.org\",\"@graph\":[{\"@type\":\"WebPage\",\"@id\":\"https:\/\/comarbois.com\/en\/produit\/feuilles-detancheite-bitumineuses\/\",\"url\":\"https:\/\/comarbois.com\/en\/produit\/feuilles-detancheite-bitumineuses\/\",\"name\":\"BITUMINOUS WATERPROOFING MEMBRANES &#8211; Comarbois\",\"isPartOf\":{\"@id\":\"https:\/\/comarbois.com\/en\/#website\"},\"primaryImageOfPage\":{\"@id\":\"https:\/\/comarbois.com\/en\/produit\/feuilles-detancheite-bitumineuses\/#primaryimage\"},\"image\":{\"@id\":\"https:\/\/comarbois.com\/produit\/feuilles-detancheite-bitumineuses\/#primaryimage\"},\"thumbnailUrl\":\"https:\/\/comarbois.com\/wp-content\/uploads\/2020\/09\/etancheite-bitumineuse.jpg\",\"datePublished\":\"2022-03-23T11:37:02+00:00\",\"dateModified\":\"2022-09-14T13:01:22+00:00\",\"description\":\"Nos feuilles d\u2019\u00e9tanch\u00e9it\u00e9 respectent les exigences de la norme marocaine NM 10.8.913, un gage de qualit\u00e9 que nous apportons \u00e0 nos clients.\",\"breadcrumb\":{\"@id\":\"https:\/\/comarbois.com\/en\/produit\/feuilles-detancheite-bitumineuses\/#breadcrumb\"},\"inLanguage\":\"en-US\",\"potentialAction\":[{\"@type\":\"ReadAction\",\"target\":[[\"https:\/\/comarbois.com\/en\/produit\/feuilles-detancheite-bitumineuses\/\"]]}]},{\"@type\":\"ImageObject\",\"inLanguage\":\"en-US\",\"@id\":\"https:\/\/comarbois.com\/en\/produit\/feuilles-detancheite-bitumineuses\/#primaryimage\",\"url\":\"https:\/\/comarbois.com\/wp-content\/uploads\/2020\/09\/etancheite-bitumineuse.jpg\",\"contentUrl\":\"https:\/\/comarbois.com\/wp-content\/uploads\/2020\/09\/etancheite-bitumineuse.jpg\",\"width\":500,\"height\":500,\"caption\":\"(Fran\u00e7ais) Comarbois vous propose plusieurs types de feuilles d\u2019\u00e9tanch\u00e9it\u00e9 (20 VV 60 F\/F, 25 VV 60 F\/F, 25 PY 180 F\/F, 25 PY 180 ARD, 30 PY 180 F\/F, 30 PY 180 ARD, 35 PY 180 F\/F, 35 PY 180 ARD, 40 PY 180 F\/F, 40PY 180 ARD)\"},{\"@type\":\"BreadcrumbList\",\"@id\":\"https:\/\/comarbois.com\/en\/produit\/feuilles-detancheite-bitumineuses\/#breadcrumb\",\"itemListElement\":[{\"@type\":\"ListItem\",\"position\":1,\"name\":\"Accueil\",\"item\":\"https:\/\/comarbois.com\/en\/\"},{\"@type\":\"ListItem\",\"position\":2,\"name\":\"Produits\",\"item\":\"https:\/\/comarbois.com\/en\/boutique\/\"},{\"@type\":\"ListItem\",\"position\":3,\"name\":\"FEUILLES D\u2019\u00c9TANCH\u00c9IT\u00c9 BITUMINEUSES\"}]},{\"@type\":\"WebSite\",\"@id\":\"https:\/\/comarbois.com\/en\/#website\",\"url\":\"https:\/\/comarbois.com\/en\/\",\"name\":\"Comarbois\",\"description\":\"\",\"publisher\":{\"@id\":\"https:\/\/comarbois.com\/en\/#organization\"},\"potentialAction\":[{\"@type\":\"SearchAction\",\"target\":{\"@type\":\"EntryPoint\",\"urlTemplate\":\"https:\/\/comarbois.com\/en\/?s={search_term_string}\"},\"query-input\":{\"@type\":\"PropertyValueSpecification\",\"valueRequired\":true,\"valueName\":\"search_term_string\"}}],\"inLanguage\":\"en-US\"},{\"@type\":\"Organization\",\"@id\":\"https:\/\/comarbois.com\/en\/#organization\",\"name\":\"Comarbois\",\"url\":\"https:\/\/comarbois.com\/en\/\",\"logo\":{\"@type\":\"ImageObject\",\"inLanguage\":\"en-US\",\"@id\":\"https:\/\/comarbois.com\/en\/#\/schema\/logo\/image\/\",\"url\":\"https:\/\/comarbois.com\/wp-content\/uploads\/2021\/03\/LOGO-COMARBOIS-H-RVB.png\",\"contentUrl\":\"https:\/\/comarbois.com\/wp-content\/uploads\/2021\/03\/LOGO-COMARBOIS-H-RVB.png\",\"width\":3543,\"height\":1210,\"caption\":\"Comarbois\"},\"image\":{\"@id\":\"https:\/\/comarbois.com\/en\/#\/schema\/logo\/image\/\"},\"sameAs\":[\"https:\/\/www.facebook.com\/comarbois\/\",\"https:\/\/www.linkedin.com\/company\/3057658\/\",\"https:\/\/www.instagram.com\/comarbois\/\"]}]}<\/script>\n<!-- \/ Yoast SEO plugin. -->","yoast_head_json":{"title":"BITUMINOUS WATERPROOFING MEMBRANES &#8211; Comarbois","description":"Nos feuilles d\u2019\u00e9tanch\u00e9it\u00e9 respectent les exigences de la norme marocaine NM 10.8.913, un gage de qualit\u00e9 que nous apportons \u00e0 nos clients.","robots":{"index":"index","follow":"follow","max-snippet":"max-snippet:-1","max-image-preview":"max-image-preview:large","max-video-preview":"max-video-preview:-1"},"canonical":"https:\/\/comarbois.com\/en\/produit\/feuilles-detancheite-bitumineuses\/","og_locale":"en_US","og_type":"article","og_title":"BITUMINOUS WATERPROOFING MEMBRANES &#8211; Comarbois","og_description":"Nos feuilles d\u2019\u00e9tanch\u00e9it\u00e9 respectent les exigences de la norme marocaine NM 10.8.913, un gage de qualit\u00e9 que nous apportons \u00e0 nos clients.","og_url":"https:\/\/comarbois.com\/en\/produit\/feuilles-detancheite-bitumineuses\/","og_site_name":"Comarbois","article_publisher":"https:\/\/www.facebook.com\/comarbois\/","article_modified_time":"2022-09-14T13:01:22+00:00","og_image":[{"width":500,"height":500,"url":"https:\/\/comarbois.com\/wp-content\/uploads\/2020\/09\/etancheite-bitumineuse.jpg","type":"image\/jpeg"}],"twitter_card":"summary_large_image","twitter_misc":{"Est. reading time":"3 minutes"},"schema":{"@context":"https:\/\/schema.org","@graph":[{"@type":"WebPage","@id":"https:\/\/comarbois.com\/en\/produit\/feuilles-detancheite-bitumineuses\/","url":"https:\/\/comarbois.com\/en\/produit\/feuilles-detancheite-bitumineuses\/","name":"BITUMINOUS WATERPROOFING MEMBRANES &#8211; Comarbois","isPartOf":{"@id":"https:\/\/comarbois.com\/en\/#website"},"primaryImageOfPage":{"@id":"https:\/\/comarbois.com\/en\/produit\/feuilles-detancheite-bitumineuses\/#primaryimage"},"image":{"@id":"https:\/\/comarbois.com\/produit\/feuilles-detancheite-bitumineuses\/#primaryimage"},"thumbnailUrl":"https:\/\/comarbois.com\/wp-content\/uploads\/2020\/09\/etancheite-bitumineuse.jpg","datePublished":"2022-03-23T11:37:02+00:00","dateModified":"2022-09-14T13:01:22+00:00","description":"Nos feuilles d\u2019\u00e9tanch\u00e9it\u00e9 respectent les exigences de la norme marocaine NM 10.8.913, un gage de qualit\u00e9 que nous apportons \u00e0 nos clients.","breadcrumb":{"@id":"https:\/\/comarbois.com\/en\/produit\/feuilles-detancheite-bitumineuses\/#breadcrumb"},"inLanguage":"en-US","potentialAction":[{"@type":"ReadAction","target":[["https:\/\/comarbois.com\/en\/produit\/feuilles-detancheite-bitumineuses\/"]]}]},{"@type":"ImageObject","inLanguage":"en-US","@id":"https:\/\/comarbois.com\/en\/produit\/feuilles-detancheite-bitumineuses\/#primaryimage","url":"https:\/\/comarbois.com\/wp-content\/uploads\/2020\/09\/etancheite-bitumineuse.jpg","contentUrl":"https:\/\/comarbois.com\/wp-content\/uploads\/2020\/09\/etancheite-bitumineuse.jpg","width":500,"height":500,"caption":"(Fran\u00e7ais) Comarbois vous propose plusieurs types de feuilles d\u2019\u00e9tanch\u00e9it\u00e9 (20 VV 60 F\/F, 25 VV 60 F\/F, 25 PY 180 F\/F, 25 PY 180 ARD, 30 PY 180 F\/F, 30 PY 180 ARD, 35 PY 180 F\/F, 35 PY 180 ARD, 40 PY 180 F\/F, 40PY 180 ARD)"},{"@type":"BreadcrumbList","@id":"https:\/\/comarbois.com\/en\/produit\/feuilles-detancheite-bitumineuses\/#breadcrumb","itemListElement":[{"@type":"ListItem","position":1,"name":"Accueil","item":"https:\/\/comarbois.com\/en\/"},{"@type":"ListItem","position":2,"name":"Produits","item":"https:\/\/comarbois.com\/en\/boutique\/"},{"@type":"ListItem","position":3,"name":"FEUILLES D\u2019\u00c9TANCH\u00c9IT\u00c9 BITUMINEUSES"}]},{"@type":"WebSite","@id":"https:\/\/comarbois.com\/en\/#website","url":"https:\/\/comarbois.com\/en\/","name":"Comarbois","description":"","publisher":{"@id":"https:\/\/comarbois.com\/en\/#organization"},"potentialAction":[{"@type":"SearchAction","target":{"@type":"EntryPoint","urlTemplate":"https:\/\/comarbois.com\/en\/?s={search_term_string}"},"query-input":{"@type":"PropertyValueSpecification","valueRequired":true,"valueName":"search_term_string"}}],"inLanguage":"en-US"},{"@type":"Organization","@id":"https:\/\/comarbois.com\/en\/#organization","name":"Comarbois","url":"https:\/\/comarbois.com\/en\/","logo":{"@type":"ImageObject","inLanguage":"en-US","@id":"https:\/\/comarbois.com\/en\/#\/schema\/logo\/image\/","url":"https:\/\/comarbois.com\/wp-content\/uploads\/2021\/03\/LOGO-COMARBOIS-H-RVB.png","contentUrl":"https:\/\/comarbois.com\/wp-content\/uploads\/2021\/03\/LOGO-COMARBOIS-H-RVB.png","width":3543,"height":1210,"caption":"Comarbois"},"image":{"@id":"https:\/\/comarbois.com\/en\/#\/schema\/logo\/image\/"},"sameAs":["https:\/\/www.facebook.com\/comarbois\/","https:\/\/www.linkedin.com\/company\/3057658\/","https:\/\/www.instagram.com\/comarbois\/"]}]}},"_links":{"self":[{"href":"https:\/\/comarbois.com\/en\/wp-json\/wp\/v2\/product\/20001","targetHints":{"allow":["GET"]}}],"collection":[{"href":"https:\/\/comarbois.com\/en\/wp-json\/wp\/v2\/product"}],"about":[{"href":"https:\/\/comarbois.com\/en\/wp-json\/wp\/v2\/types\/product"}],"wp:featuredmedia":[{"embeddable":true,"href":"https:\/\/comarbois.com\/en\/wp-json\/wp\/v2\/media\/17806"}],"wp:attachment":[{"href":"https:\/\/comarbois.com\/en\/wp-json\/wp\/v2\/media?parent=20001"}],"wp:term":[{"taxonomy":"product_cat","embeddable":true,"href":"https:\/\/comarbois.com\/en\/wp-json\/wp\/v2\/product_cat?post=20001"},{"taxonomy":"product_tag","embeddable":true,"href":"https:\/\/comarbois.com\/en\/wp-json\/wp\/v2\/product_tag?post=20001"}],"curies":[{"name":"wp","href":"https:\/\/api.w.org\/{rel}","templated":true}]}}