{"id":19998,"date":"2022-03-23T12:21:29","date_gmt":"2022-03-23T11:21:29","guid":{"rendered":"https:\/\/comarbois.com\/?post_type=product&#038;p=19998"},"modified":"2022-09-14T14:01:23","modified_gmt":"2022-09-14T13:01:23","slug":"painted-hardboard","status":"publish","type":"product","link":"https:\/\/comarbois.com\/en\/produit\/painted-hardboard\/","title":{"rendered":"PAINTED HARDBOARD"},"content":{"rendered":"<p>[vc_row gap=&#8221;35&#8243; woodmart_css_id=&#8221;628cd7cd6740f&#8221; responsive_spacing=&#8221;eyJwYXJhbV90eXBlIjoid29vZG1hcnRfcmVzcG9uc2l2ZV9zcGFjaW5nIiwic2VsZWN0b3JfaWQiOiI2MjhjZDdjZDY3NDBmIiwic2hvcnRjb2RlIjoidmNfcm93IiwiZGF0YSI6eyJ0YWJsZXQiOnt9LCJtb2JpbGUiOnt9fX0=&#8221; mobile_bg_img_hidden=&#8221;no&#8221; tablet_bg_img_hidden=&#8221;no&#8221; woodmart_parallax=&#8221;0&#8243; woodmart_gradient_switch=&#8221;no&#8221; woodmart_box_shadow=&#8221;no&#8221; wd_z_index=&#8221;no&#8221; woodmart_disable_overflow=&#8221;0&#8243; row_reverse_mobile=&#8221;0&#8243; row_reverse_tablet=&#8221;0&#8243;][vc_column width=&#8221;1\/3&#8243;][vc_column_text woodmart_inline=&#8221;no&#8221; text_larger=&#8221;no&#8221;]<strong>DESCRIPTION<br \/>\n<\/strong><span class=\"VIiyi\" lang=\"en\"><span class=\"JLqJ4b ChMk0b\" data-language-for-alternatives=\"en\" data-language-to-translate-into=\"fr\" data-phrase-index=\"0\" data-number-of-phrases=\"3\"><span class=\"Q4iAWc\">The lacquered HDF (High Density Fiber) panel is obtained from a raw HDF panel covered with a plain lacquer or a wood decor.<\/span><\/span> <span class=\"JLqJ4b ChMk0b\" data-language-for-alternatives=\"en\" data-language-to-translate-into=\"fr\" data-phrase-index=\"1\" data-number-of-phrases=\"3\"><span class=\"Q4iAWc\">It stands out for its high resistance to UV, chemical substances and mechanical shocks.<\/span><\/span> <span class=\"JLqJ4b ChMk0b\" data-language-for-alternatives=\"en\" data-language-to-translate-into=\"fr\" data-phrase-index=\"2\" data-number-of-phrases=\"3\"><span class=\"Q4iAWc\">Lacquered HDF is very popular with carpenters, furniture makers and fitters.<\/span><\/span><\/span><br \/>\n<strong><br \/>\nFIBER SPECIES<\/strong><br \/>\nPine<\/p>\n<p><strong>ORIGIN<br \/>\n<\/strong>Spain[\/vc_column_text][\/vc_column][vc_column width=&#8221;1\/3&#8243;][vc_column_text woodmart_inline=&#8221;no&#8221; text_larger=&#8221;no&#8221;]<strong>THICKNESS (mm)*<\/strong><br \/>\n3<\/p>\n<p><strong>SIZES (mm)*<br \/>\n<\/strong><\/p>\n<table style=\"border-collapse: collapse; width: 198px; height: 102px;\" border=\"0\" width=\"87\" cellspacing=\"0\" cellpadding=\"0\">\n<tbody>\n<tr style=\"height: 16.0pt;\">\n<td class=\"xl63\" style=\"height: 16pt; width: 65pt; text-align: center;\" width=\"87\" height=\"21\">3050 X 1220<\/td>\n<\/tr>\n<tr style=\"height: 16.0pt;\">\n<td class=\"xl63\" style=\"height: 16pt; border-top: medium none; text-align: center;\" height=\"21\">2150 X 750<\/td>\n<\/tr>\n<tr style=\"height: 16.0pt;\">\n<td class=\"xl63\" style=\"height: 16pt; border-top: medium none; text-align: center;\" height=\"21\">2150 X 850<\/td>\n<\/tr>\n<tr style=\"height: 16.0pt;\">\n<td class=\"xl63\" style=\"height: 16pt; border-top: medium none; text-align: center;\" height=\"21\">2150 X 1000<\/td>\n<\/tr>\n<\/tbody>\n<\/table>\n<p>[\/vc_column_text][\/vc_column][vc_column width=&#8221;1\/3&#8243;][vc_column_text woodmart_inline=&#8221;no&#8221; text_larger=&#8221;no&#8221;]<strong>USES<\/strong><br \/>\nCarpentry, framing<\/p>\n<p><strong>LACQUERS*<br \/>\n\u2192 <\/strong>Wood lacquer: beech, oak, wenge, mahogany, pine, walnut etc. . . .<br \/>\n<strong>\u2192 <\/strong>Solid colors: white, black, red etc&#8230;<\/p>\n<p><em>*More lacquers and sizes available on demand.<\/em>[\/vc_column_text][vc_btn title=&#8221;DOWNLOAD FACT SHEET&#8221; shape=&#8221;square&#8221; i_icon_fontawesome=&#8221;fas fa-paperclip&#8221; css_animation=&#8221;bounceIn&#8221; add_icon=&#8221;true&#8221; link=&#8221;url:http%3A%2F%2Fcomarbois.com%2Fwp-content%2Fuploads%2F2022%2F05%2FFICHE_HDF-LAQUE.pdf|target:_blank&#8221;][\/vc_column][\/vc_row]<\/p>","protected":false},"excerpt":{"rendered":"<p>[vc_row gap=&#8221;35&#8243; woodmart_css_id=&#8221;628cd7cd6740f&#8221; responsive_spacing=&#8221;eyJwYXJhbV90eXBlIjoid29vZG1hcnRfcmVzcG9uc2l2ZV9zcGFjaW5nIiwic2VsZWN0b3JfaWQiOiI2MjhjZDdjZDY3NDBmIiwic2hvcnRjb2RlIjoidmNfcm93IiwiZGF0YSI6eyJ0YWJsZXQiOnt9LCJtb2JpbGUiOnt9fX0=&#8221; mobile_bg_img_hidden=&#8221;no&#8221; tablet_bg_img_hidden=&#8221;no&#8221; woodmart_parallax=&#8221;0&#8243; woodmart_gradient_switch=&#8221;no&#8221; woodmart_box_shadow=&#8221;no&#8221; wd_z_index=&#8221;no&#8221; woodmart_disable_overflow=&#8221;0&#8243; row_reverse_mobile=&#8221;0&#8243; row_reverse_tablet=&#8221;0&#8243;][vc_column width=&#8221;1\/3&#8243;][vc_column_text woodmart_inline=&#8221;no&#8221; text_larger=&#8221;no&#8221;]DESCRIPTION The lacquered HDF (High<\/p>\n","protected":false},"featured_media":21133,"template":"","meta":[],"product_cat":[310,312],"product_tag":[],"class_list":{"0":"post-19998","1":"product","2":"type-product","3":"status-publish","4":"has-post-thumbnail","6":"product_cat-panneaux-decoratifs-industriels","7":"product_cat-tout-afficher","9":"first","10":"instock","11":"shipping-taxable","12":"purchasable","13":"product-type-simple"},"yoast_head":"<!-- This site is optimized with the Yoast SEO plugin v23.5 - https:\/\/yoast.com\/wordpress\/plugins\/seo\/ -->\n<title>PAINTED HARDBOARD &#8211; Comarbois<\/title>\n<meta name=\"description\" content=\"Le panneau HDF (High Density Fiber) laque\u0301 est obtenu a\u0300 partir d\u2019un panneau HDF brut recouvert d\u2019une laque unie ou d\u2019un de\u0301cor bois.\" \/>\n<meta name=\"robots\" content=\"index, follow, max-snippet:-1, max-image-preview:large, max-video-preview:-1\" \/>\n<link rel=\"canonical\" href=\"https:\/\/comarbois.com\/en\/produit\/painted-hardboard\/\" \/>\n<meta property=\"og:locale\" content=\"en_US\" \/>\n<meta property=\"og:type\" content=\"article\" \/>\n<meta property=\"og:title\" content=\"PAINTED HARDBOARD &#8211; Comarbois\" \/>\n<meta property=\"og:description\" content=\"Le panneau HDF (High Density Fiber) laque\u0301 est obtenu a\u0300 partir d\u2019un panneau HDF brut recouvert d\u2019une laque unie ou d\u2019un de\u0301cor bois.\" \/>\n<meta property=\"og:url\" content=\"https:\/\/comarbois.com\/en\/produit\/painted-hardboard\/\" \/>\n<meta property=\"og:site_name\" content=\"Comarbois\" \/>\n<meta property=\"article:publisher\" content=\"https:\/\/www.facebook.com\/comarbois\/\" \/>\n<meta property=\"article:modified_time\" content=\"2022-09-14T13:01:23+00:00\" \/>\n<meta property=\"og:image\" content=\"https:\/\/comarbois.com\/wp-content\/uploads\/2022\/03\/HDF-LAQUE-COMARBOIS.jpg\" \/>\n\t<meta property=\"og:image:width\" content=\"800\" \/>\n\t<meta property=\"og:image:height\" content=\"800\" \/>\n\t<meta property=\"og:image:type\" content=\"image\/jpeg\" \/>\n<meta name=\"twitter:card\" content=\"summary_large_image\" \/>\n<meta name=\"twitter:label1\" content=\"Est. reading time\" \/>\n\t<meta name=\"twitter:data1\" content=\"3 minutes\" \/>\n<script type=\"application\/ld+json\" class=\"yoast-schema-graph\">{\"@context\":\"https:\/\/schema.org\",\"@graph\":[{\"@type\":\"WebPage\",\"@id\":\"https:\/\/comarbois.com\/en\/produit\/painted-hardboard\/\",\"url\":\"https:\/\/comarbois.com\/en\/produit\/painted-hardboard\/\",\"name\":\"PAINTED HARDBOARD &#8211; Comarbois\",\"isPartOf\":{\"@id\":\"https:\/\/comarbois.com\/en\/#website\"},\"primaryImageOfPage\":{\"@id\":\"https:\/\/comarbois.com\/en\/produit\/painted-hardboard\/#primaryimage\"},\"image\":{\"@id\":\"https:\/\/comarbois.com\/produit\/painted-hardboard\/#primaryimage\"},\"thumbnailUrl\":\"https:\/\/comarbois.com\/wp-content\/uploads\/2022\/03\/HDF-LAQUE-COMARBOIS.jpg\",\"datePublished\":\"2022-03-23T11:21:29+00:00\",\"dateModified\":\"2022-09-14T13:01:23+00:00\",\"description\":\"Le panneau HDF (High Density Fiber) laque\u0301 est obtenu a\u0300 partir d\u2019un panneau HDF brut recouvert d\u2019une laque unie ou d\u2019un de\u0301cor bois.\",\"breadcrumb\":{\"@id\":\"https:\/\/comarbois.com\/en\/produit\/painted-hardboard\/#breadcrumb\"},\"inLanguage\":\"en-US\",\"potentialAction\":[{\"@type\":\"ReadAction\",\"target\":[[\"https:\/\/comarbois.com\/en\/produit\/painted-hardboard\/\"]]}]},{\"@type\":\"ImageObject\",\"inLanguage\":\"en-US\",\"@id\":\"https:\/\/comarbois.com\/en\/produit\/painted-hardboard\/#primaryimage\",\"url\":\"https:\/\/comarbois.com\/wp-content\/uploads\/2022\/03\/HDF-LAQUE-COMARBOIS.jpg\",\"contentUrl\":\"https:\/\/comarbois.com\/wp-content\/uploads\/2022\/03\/HDF-LAQUE-COMARBOIS.jpg\",\"width\":800,\"height\":800,\"caption\":\"(Fran\u00e7ais) Vous retrouvez chez Comarbois les panneaux HDF en plusieurs d\u00e9cors bois : h\u00eatre, ch\u00eane, wenge, acajou, sapin, noyer, et en couleurs unies blanc, noir, rouge\"},{\"@type\":\"BreadcrumbList\",\"@id\":\"https:\/\/comarbois.com\/en\/produit\/painted-hardboard\/#breadcrumb\",\"itemListElement\":[{\"@type\":\"ListItem\",\"position\":1,\"name\":\"Accueil\",\"item\":\"https:\/\/comarbois.com\/en\/\"},{\"@type\":\"ListItem\",\"position\":2,\"name\":\"Produits\",\"item\":\"https:\/\/comarbois.com\/en\/boutique\/\"},{\"@type\":\"ListItem\",\"position\":3,\"name\":\"HDF LAQU\u00c9\"}]},{\"@type\":\"WebSite\",\"@id\":\"https:\/\/comarbois.com\/en\/#website\",\"url\":\"https:\/\/comarbois.com\/en\/\",\"name\":\"Comarbois\",\"description\":\"\",\"publisher\":{\"@id\":\"https:\/\/comarbois.com\/en\/#organization\"},\"potentialAction\":[{\"@type\":\"SearchAction\",\"target\":{\"@type\":\"EntryPoint\",\"urlTemplate\":\"https:\/\/comarbois.com\/en\/?s={search_term_string}\"},\"query-input\":{\"@type\":\"PropertyValueSpecification\",\"valueRequired\":true,\"valueName\":\"search_term_string\"}}],\"inLanguage\":\"en-US\"},{\"@type\":\"Organization\",\"@id\":\"https:\/\/comarbois.com\/en\/#organization\",\"name\":\"Comarbois\",\"url\":\"https:\/\/comarbois.com\/en\/\",\"logo\":{\"@type\":\"ImageObject\",\"inLanguage\":\"en-US\",\"@id\":\"https:\/\/comarbois.com\/en\/#\/schema\/logo\/image\/\",\"url\":\"https:\/\/comarbois.com\/wp-content\/uploads\/2021\/03\/LOGO-COMARBOIS-H-RVB.png\",\"contentUrl\":\"https:\/\/comarbois.com\/wp-content\/uploads\/2021\/03\/LOGO-COMARBOIS-H-RVB.png\",\"width\":3543,\"height\":1210,\"caption\":\"Comarbois\"},\"image\":{\"@id\":\"https:\/\/comarbois.com\/en\/#\/schema\/logo\/image\/\"},\"sameAs\":[\"https:\/\/www.facebook.com\/comarbois\/\",\"https:\/\/www.linkedin.com\/company\/3057658\/\",\"https:\/\/www.instagram.com\/comarbois\/\"]}]}<\/script>\n<!-- \/ Yoast SEO plugin. -->","yoast_head_json":{"title":"PAINTED HARDBOARD &#8211; Comarbois","description":"Le panneau HDF (High Density Fiber) laque\u0301 est obtenu a\u0300 partir d\u2019un panneau HDF brut recouvert d\u2019une laque unie ou d\u2019un de\u0301cor bois.","robots":{"index":"index","follow":"follow","max-snippet":"max-snippet:-1","max-image-preview":"max-image-preview:large","max-video-preview":"max-video-preview:-1"},"canonical":"https:\/\/comarbois.com\/en\/produit\/painted-hardboard\/","og_locale":"en_US","og_type":"article","og_title":"PAINTED HARDBOARD &#8211; Comarbois","og_description":"Le panneau HDF (High Density Fiber) laque\u0301 est obtenu a\u0300 partir d\u2019un panneau HDF brut recouvert d\u2019une laque unie ou d\u2019un de\u0301cor bois.","og_url":"https:\/\/comarbois.com\/en\/produit\/painted-hardboard\/","og_site_name":"Comarbois","article_publisher":"https:\/\/www.facebook.com\/comarbois\/","article_modified_time":"2022-09-14T13:01:23+00:00","og_image":[{"width":800,"height":800,"url":"https:\/\/comarbois.com\/wp-content\/uploads\/2022\/03\/HDF-LAQUE-COMARBOIS.jpg","type":"image\/jpeg"}],"twitter_card":"summary_large_image","twitter_misc":{"Est. reading time":"3 minutes"},"schema":{"@context":"https:\/\/schema.org","@graph":[{"@type":"WebPage","@id":"https:\/\/comarbois.com\/en\/produit\/painted-hardboard\/","url":"https:\/\/comarbois.com\/en\/produit\/painted-hardboard\/","name":"PAINTED HARDBOARD &#8211; Comarbois","isPartOf":{"@id":"https:\/\/comarbois.com\/en\/#website"},"primaryImageOfPage":{"@id":"https:\/\/comarbois.com\/en\/produit\/painted-hardboard\/#primaryimage"},"image":{"@id":"https:\/\/comarbois.com\/produit\/painted-hardboard\/#primaryimage"},"thumbnailUrl":"https:\/\/comarbois.com\/wp-content\/uploads\/2022\/03\/HDF-LAQUE-COMARBOIS.jpg","datePublished":"2022-03-23T11:21:29+00:00","dateModified":"2022-09-14T13:01:23+00:00","description":"Le panneau HDF (High Density Fiber) laque\u0301 est obtenu a\u0300 partir d\u2019un panneau HDF brut recouvert d\u2019une laque unie ou d\u2019un de\u0301cor bois.","breadcrumb":{"@id":"https:\/\/comarbois.com\/en\/produit\/painted-hardboard\/#breadcrumb"},"inLanguage":"en-US","potentialAction":[{"@type":"ReadAction","target":[["https:\/\/comarbois.com\/en\/produit\/painted-hardboard\/"]]}]},{"@type":"ImageObject","inLanguage":"en-US","@id":"https:\/\/comarbois.com\/en\/produit\/painted-hardboard\/#primaryimage","url":"https:\/\/comarbois.com\/wp-content\/uploads\/2022\/03\/HDF-LAQUE-COMARBOIS.jpg","contentUrl":"https:\/\/comarbois.com\/wp-content\/uploads\/2022\/03\/HDF-LAQUE-COMARBOIS.jpg","width":800,"height":800,"caption":"(Fran\u00e7ais) Vous retrouvez chez Comarbois les panneaux HDF en plusieurs d\u00e9cors bois : h\u00eatre, ch\u00eane, wenge, acajou, sapin, noyer, et en couleurs unies blanc, noir, rouge"},{"@type":"BreadcrumbList","@id":"https:\/\/comarbois.com\/en\/produit\/painted-hardboard\/#breadcrumb","itemListElement":[{"@type":"ListItem","position":1,"name":"Accueil","item":"https:\/\/comarbois.com\/en\/"},{"@type":"ListItem","position":2,"name":"Produits","item":"https:\/\/comarbois.com\/en\/boutique\/"},{"@type":"ListItem","position":3,"name":"HDF LAQU\u00c9"}]},{"@type":"WebSite","@id":"https:\/\/comarbois.com\/en\/#website","url":"https:\/\/comarbois.com\/en\/","name":"Comarbois","description":"","publisher":{"@id":"https:\/\/comarbois.com\/en\/#organization"},"potentialAction":[{"@type":"SearchAction","target":{"@type":"EntryPoint","urlTemplate":"https:\/\/comarbois.com\/en\/?s={search_term_string}"},"query-input":{"@type":"PropertyValueSpecification","valueRequired":true,"valueName":"search_term_string"}}],"inLanguage":"en-US"},{"@type":"Organization","@id":"https:\/\/comarbois.com\/en\/#organization","name":"Comarbois","url":"https:\/\/comarbois.com\/en\/","logo":{"@type":"ImageObject","inLanguage":"en-US","@id":"https:\/\/comarbois.com\/en\/#\/schema\/logo\/image\/","url":"https:\/\/comarbois.com\/wp-content\/uploads\/2021\/03\/LOGO-COMARBOIS-H-RVB.png","contentUrl":"https:\/\/comarbois.com\/wp-content\/uploads\/2021\/03\/LOGO-COMARBOIS-H-RVB.png","width":3543,"height":1210,"caption":"Comarbois"},"image":{"@id":"https:\/\/comarbois.com\/en\/#\/schema\/logo\/image\/"},"sameAs":["https:\/\/www.facebook.com\/comarbois\/","https:\/\/www.linkedin.com\/company\/3057658\/","https:\/\/www.instagram.com\/comarbois\/"]}]}},"_links":{"self":[{"href":"https:\/\/comarbois.com\/en\/wp-json\/wp\/v2\/product\/19998","targetHints":{"allow":["GET"]}}],"collection":[{"href":"https:\/\/comarbois.com\/en\/wp-json\/wp\/v2\/product"}],"about":[{"href":"https:\/\/comarbois.com\/en\/wp-json\/wp\/v2\/types\/product"}],"wp:featuredmedia":[{"embeddable":true,"href":"https:\/\/comarbois.com\/en\/wp-json\/wp\/v2\/media\/21133"}],"wp:attachment":[{"href":"https:\/\/comarbois.com\/en\/wp-json\/wp\/v2\/media?parent=19998"}],"wp:term":[{"taxonomy":"product_cat","embeddable":true,"href":"https:\/\/comarbois.com\/en\/wp-json\/wp\/v2\/product_cat?post=19998"},{"taxonomy":"product_tag","embeddable":true,"href":"https:\/\/comarbois.com\/en\/wp-json\/wp\/v2\/product_tag?post=19998"}],"curies":[{"name":"wp","href":"https:\/\/api.w.org\/{rel}","templated":true}]}}