{"id":19997,"date":"2022-03-23T12:15:04","date_gmt":"2022-03-23T11:15:04","guid":{"rendered":"https:\/\/comarbois.com\/?post_type=product&#038;p=19997"},"modified":"2025-05-15T09:34:25","modified_gmt":"2025-05-15T08:34:25","slug":"laines-isolantes-liege-polystyrene-extrude","status":"publish","type":"product","link":"https:\/\/comarbois.com\/en\/produit\/laines-isolantes-liege-polystyrene-extrude\/","title":{"rendered":"INSULATING WOOL, CORK &#038; EXTRUDED POLYSTYRENE"},"content":{"rendered":"<p>[vc_row gap=&#8221;35&#8243; woodmart_css_id=&#8221;628e1cb1a0cb4&#8243; responsive_spacing=&#8221;eyJwYXJhbV90eXBlIjoid29vZG1hcnRfcmVzcG9uc2l2ZV9zcGFjaW5nIiwic2VsZWN0b3JfaWQiOiI2MjhlMWNiMWEwY2I0Iiwic2hvcnRjb2RlIjoidmNfcm93IiwiZGF0YSI6eyJ0YWJsZXQiOnt9LCJtb2JpbGUiOnt9fX0=&#8221; mobile_bg_img_hidden=&#8221;no&#8221; tablet_bg_img_hidden=&#8221;no&#8221; woodmart_parallax=&#8221;0&#8243; woodmart_gradient_switch=&#8221;no&#8221; woodmart_box_shadow=&#8221;no&#8221; wd_z_index=&#8221;no&#8221; woodmart_disable_overflow=&#8221;0&#8243; row_reverse_mobile=&#8221;0&#8243; row_reverse_tablet=&#8221;0&#8243;][vc_column width=&#8221;1\/3&#8243;][vc_column_text woodmart_inline=&#8221;no&#8221; text_larger=&#8221;no&#8221;]<strong>DESCRIPTION<\/strong><br \/>\nFor all your insulation needs, Comarbois is committed to providing you with several solutions dedicated to outdoor and indoor insulation in order to protect your home both thermally and phonetically.[\/vc_column_text][vc_column_text woodmart_inline=&#8221;no&#8221; text_larger=&#8221;no&#8221;]<span class=\"VIiyi\" lang=\"en\"><span class=\"JLqJ4b ChMk0b\" data-language-for-alternatives=\"en\" data-language-to-translate-into=\"fr\" data-phrase-index=\"0\" data-number-of-phrases=\"15\"><span class=\"Q4iAWc\"><strong>OUR INSULATION SOLUTIONS<\/strong><br \/>\n<\/span><\/span> <span class=\"JLqJ4b ChMk0b\" data-language-for-alternatives=\"en\" data-language-to-translate-into=\"fr\" data-phrase-index=\"2\" data-number-of-phrases=\"15\"><span class=\"Q4iAWc\">\u2192 Glass wool<\/span><\/span><br \/>\n<span class=\"JLqJ4b ChMk0b\" data-language-for-alternatives=\"en\" data-language-to-translate-into=\"fr\" data-phrase-index=\"4\" data-number-of-phrases=\"15\"><span class=\"Q4iAWc\">\u2192 Rock wool<\/span><\/span><br \/>\n<span class=\"JLqJ4b ChMk0b\" data-language-for-alternatives=\"en\" data-language-to-translate-into=\"fr\" data-phrase-index=\"6\" data-number-of-phrases=\"15\"><span class=\"Q4iAWc\">\u2192 Mineral wool<\/span><\/span><br \/>\n<span class=\"JLqJ4b ChMk0b\" data-language-for-alternatives=\"en\" data-language-to-translate-into=\"fr\" data-phrase-index=\"8\" data-number-of-phrases=\"15\"><span class=\"Q4iAWc\">\u2192 Cork<\/span><\/span><br \/>\n<span class=\"JLqJ4b ChMk0b\" data-language-for-alternatives=\"en\" data-language-to-translate-into=\"fr\" data-phrase-index=\"10\" data-number-of-phrases=\"15\"><span class=\"Q4iAWc\">\u2192 Extruded polystyrene<\/span><\/span><br \/>\n<span class=\"JLqJ4b ChMk0b\" data-language-for-alternatives=\"en\" data-language-to-translate-into=\"fr\" data-phrase-index=\"12\" data-number-of-phrases=\"15\"><span class=\"Q4iAWc\">\u2192 Tile glue and grout<\/span><\/span><br \/>\n<span class=\"JLqJ4b ChMk0b\" data-language-for-alternatives=\"en\" data-language-to-translate-into=\"fr\" data-phrase-index=\"14\" data-number-of-phrases=\"15\"><span class=\"Q4iAWc\">\u2192 Facade plaster<\/span><\/span><\/span>[\/vc_column_text][\/vc_column][vc_column width=&#8221;1\/3&#8243;][vc_column_text woodmart_inline=&#8221;no&#8221; text_larger=&#8221;no&#8221;]<strong>USES<\/strong><br \/>\nPartitions, interior and exterior walls, metal cladding, green roofs, crawl spaces, parking ceilings, etc.[\/vc_column_text][vc_empty_space woodmart_hide_large=&#8221;0&#8243; woodmart_hide_medium=&#8221;0&#8243; woodmart_hide_small=&#8221;0&#8243; woodmart_hide_extra_small=&#8221;0&#8243;][vc_btn title=&#8221;DOWNLOAD FACT SHEET&#8221; shape=&#8221;square&#8221; i_icon_fontawesome=&#8221;fas fa-paperclip&#8221; css_animation=&#8221;bounceIn&#8221; add_icon=&#8221;true&#8221; link=&#8221;url:http%3A%2F%2Fcomarbois.com%2Fwp-content%2Fuploads%2F2022%2F05%2FFICHE_SOLUTIONS-ISOLANTES.pdf|target:_blank&#8221;][\/vc_column][vc_column width=&#8221;1\/3&#8243;][vc_column_text woodmart_inline=&#8221;no&#8221; text_larger=&#8221;no&#8221;]<strong>TECHNICAL DATA<br \/>\n<\/strong>[\/vc_column_text]<div id=\"wd-628e272d99ac7\" class=\" wd-rs-628e272d99ac7  wd-button-wrapper text-left\"><a href=\"https:\/\/comarbois.com\/wp-content\/uploads\/2020\/09\/rockmur.pdf\" title=\"\" target=\"_blank\" class=\"btn btn-color-primary btn-style-link btn-style-rectangle btn-size-default\">ROCKMUR KRAFT 50 MM<\/a><\/div><div id=\"wd-628e23e402580\" class=\" wd-rs-628e23e402580  wd-button-wrapper text-left\"><a href=\"https:\/\/comarbois.com\/wp-content\/uploads\/2020\/12\/ROCKPLUS-KRAFT.pdf\" title=\"\" target=\"_blank\" class=\"btn btn-color-primary btn-style-link btn-style-rectangle btn-size-default\">ROCKPLUS KRAFT<\/a><\/div><div id=\"wd-628e274688bd2\" class=\" wd-rs-628e274688bd2  wd-button-wrapper text-left\"><a href=\"https:\/\/comarbois.com\/wp-content\/uploads\/2020\/09\/LAINE-DE-VERRE-ULTRACOUSTIC-P.pdf\" title=\"\" target=\"_blank\" class=\"btn btn-color-primary btn-style-link btn-style-rectangle btn-size-default\">Mineral wool - ULTRACOUSTIC P<\/a><\/div><div id=\"wd-628e27563edf4\" class=\" wd-rs-628e27563edf4  wd-button-wrapper text-left\"><a href=\"https:\/\/comarbois.com\/wp-content\/uploads\/2020\/09\/LAINE-DE-VERRE-TI-212.pdf\" title=\"\" target=\"_blank\" class=\"btn btn-color-primary btn-style-link btn-style-rectangle btn-size-default\">Mineral wool- TI 212<\/a><\/div>[vc_empty_space woodmart_hide_large=&#8221;0&#8243; woodmart_hide_medium=&#8221;0&#8243; woodmart_hide_small=&#8221;0&#8243; woodmart_hide_extra_small=&#8221;0&#8243;][\/vc_column][\/vc_row]<\/p>","protected":false},"excerpt":{"rendered":"<p>[vc_row gap=&#8221;35&#8243; woodmart_css_id=&#8221;628e1cb1a0cb4&#8243; responsive_spacing=&#8221;eyJwYXJhbV90eXBlIjoid29vZG1hcnRfcmVzcG9uc2l2ZV9zcGFjaW5nIiwic2VsZWN0b3JfaWQiOiI2MjhlMWNiMWEwY2I0Iiwic2hvcnRjb2RlIjoidmNfcm93IiwiZGF0YSI6eyJ0YWJsZXQiOnt9LCJtb2JpbGUiOnt9fX0=&#8221; mobile_bg_img_hidden=&#8221;no&#8221; tablet_bg_img_hidden=&#8221;no&#8221; woodmart_parallax=&#8221;0&#8243; woodmart_gradient_switch=&#8221;no&#8221; woodmart_box_shadow=&#8221;no&#8221; wd_z_index=&#8221;no&#8221; woodmart_disable_overflow=&#8221;0&#8243; row_reverse_mobile=&#8221;0&#8243; row_reverse_tablet=&#8221;0&#8243;][vc_column width=&#8221;1\/3&#8243;][vc_column_text woodmart_inline=&#8221;no&#8221; text_larger=&#8221;no&#8221;]DESCRIPTION For all your insulation<\/p>\n","protected":false},"featured_media":19804,"template":"","meta":[],"product_cat":[410,309,312],"product_tag":[],"class_list":{"0":"post-19997","1":"product","2":"type-product","3":"status-publish","4":"has-post-thumbnail","6":"product_cat-amenagement-interieur","7":"product_cat-isolation-etancheite","8":"product_cat-tout-afficher","10":"first","11":"instock","12":"shipping-taxable","13":"purchasable","14":"product-type-simple"},"yoast_head":"<!-- This site is optimized with the Yoast SEO plugin v23.5 - https:\/\/yoast.com\/wordpress\/plugins\/seo\/ -->\n<title>INSULATING WOOL, CORK &amp; EXTRUDED POLYSTYRENE &#8211; Comarbois<\/title>\n<meta name=\"description\" content=\"D\u00e9couvrez nos produits d\u00e9di\u00e9s \u00e0 l&#039;isolation ext\u00e9rieure et int\u00e9rieure afin de prot\u00e9ger votre habitat sur le plan thermique et phonique.\" \/>\n<meta name=\"robots\" content=\"index, follow, max-snippet:-1, max-image-preview:large, max-video-preview:-1\" \/>\n<link rel=\"canonical\" href=\"https:\/\/comarbois.com\/en\/produit\/laines-isolantes-liege-polystyrene-extrude\/\" \/>\n<meta property=\"og:locale\" content=\"en_US\" \/>\n<meta property=\"og:type\" content=\"article\" \/>\n<meta property=\"og:title\" content=\"INSULATING WOOL, CORK &amp; EXTRUDED POLYSTYRENE &#8211; Comarbois\" \/>\n<meta property=\"og:description\" content=\"D\u00e9couvrez nos produits d\u00e9di\u00e9s \u00e0 l&#039;isolation ext\u00e9rieure et int\u00e9rieure afin de prot\u00e9ger votre habitat sur le plan thermique et phonique.\" \/>\n<meta property=\"og:url\" content=\"https:\/\/comarbois.com\/en\/produit\/laines-isolantes-liege-polystyrene-extrude\/\" \/>\n<meta property=\"og:site_name\" content=\"Comarbois\" \/>\n<meta property=\"article:publisher\" content=\"https:\/\/www.facebook.com\/comarbois\/\" \/>\n<meta property=\"article:modified_time\" content=\"2025-05-15T08:34:25+00:00\" \/>\n<meta property=\"og:image\" content=\"https:\/\/comarbois.com\/wp-content\/uploads\/2022\/03\/isolation-combles-perdus-1-570x570-1.jpeg\" \/>\n\t<meta property=\"og:image:width\" content=\"570\" \/>\n\t<meta property=\"og:image:height\" content=\"570\" \/>\n\t<meta property=\"og:image:type\" content=\"image\/jpeg\" \/>\n<meta name=\"twitter:card\" content=\"summary_large_image\" \/>\n<meta name=\"twitter:label1\" content=\"Est. reading time\" \/>\n\t<meta name=\"twitter:data1\" content=\"6 minutes\" \/>\n<script type=\"application\/ld+json\" class=\"yoast-schema-graph\">{\"@context\":\"https:\/\/schema.org\",\"@graph\":[{\"@type\":\"WebPage\",\"@id\":\"https:\/\/comarbois.com\/en\/produit\/laines-isolantes-liege-polystyrene-extrude\/\",\"url\":\"https:\/\/comarbois.com\/en\/produit\/laines-isolantes-liege-polystyrene-extrude\/\",\"name\":\"INSULATING WOOL, CORK & EXTRUDED POLYSTYRENE &#8211; Comarbois\",\"isPartOf\":{\"@id\":\"https:\/\/comarbois.com\/en\/#website\"},\"primaryImageOfPage\":{\"@id\":\"https:\/\/comarbois.com\/en\/produit\/laines-isolantes-liege-polystyrene-extrude\/#primaryimage\"},\"image\":{\"@id\":\"https:\/\/comarbois.com\/produit\/laines-isolantes-liege-polystyrene-extrude\/#primaryimage\"},\"thumbnailUrl\":\"https:\/\/comarbois.com\/wp-content\/uploads\/2022\/03\/isolation-combles-perdus-1-570x570-1.jpeg\",\"datePublished\":\"2022-03-23T11:15:04+00:00\",\"dateModified\":\"2025-05-15T08:34:25+00:00\",\"description\":\"D\u00e9couvrez nos produits d\u00e9di\u00e9s \u00e0 l'isolation ext\u00e9rieure et int\u00e9rieure afin de prot\u00e9ger votre habitat sur le plan thermique et phonique.\",\"breadcrumb\":{\"@id\":\"https:\/\/comarbois.com\/en\/produit\/laines-isolantes-liege-polystyrene-extrude\/#breadcrumb\"},\"inLanguage\":\"en-US\",\"potentialAction\":[{\"@type\":\"ReadAction\",\"target\":[[\"https:\/\/comarbois.com\/en\/produit\/laines-isolantes-liege-polystyrene-extrude\/\"]]}]},{\"@type\":\"ImageObject\",\"inLanguage\":\"en-US\",\"@id\":\"https:\/\/comarbois.com\/en\/produit\/laines-isolantes-liege-polystyrene-extrude\/#primaryimage\",\"url\":\"https:\/\/comarbois.com\/wp-content\/uploads\/2022\/03\/isolation-combles-perdus-1-570x570-1.jpeg\",\"contentUrl\":\"https:\/\/comarbois.com\/wp-content\/uploads\/2022\/03\/isolation-combles-perdus-1-570x570-1.jpeg\",\"width\":570,\"height\":570,\"caption\":\"Man installing thermal insulation layer under the roof - using mineral wool panels\"},{\"@type\":\"BreadcrumbList\",\"@id\":\"https:\/\/comarbois.com\/en\/produit\/laines-isolantes-liege-polystyrene-extrude\/#breadcrumb\",\"itemListElement\":[{\"@type\":\"ListItem\",\"position\":1,\"name\":\"Accueil\",\"item\":\"https:\/\/comarbois.com\/en\/\"},{\"@type\":\"ListItem\",\"position\":2,\"name\":\"Produits\",\"item\":\"https:\/\/comarbois.com\/en\/boutique\/\"},{\"@type\":\"ListItem\",\"position\":3,\"name\":\"LAINES ISOLANTES, LI\u00c8GE &#038; POLYSTYR\u00c8NE EXTRUD\u00c9\"}]},{\"@type\":\"WebSite\",\"@id\":\"https:\/\/comarbois.com\/en\/#website\",\"url\":\"https:\/\/comarbois.com\/en\/\",\"name\":\"Comarbois\",\"description\":\"\",\"publisher\":{\"@id\":\"https:\/\/comarbois.com\/en\/#organization\"},\"potentialAction\":[{\"@type\":\"SearchAction\",\"target\":{\"@type\":\"EntryPoint\",\"urlTemplate\":\"https:\/\/comarbois.com\/en\/?s={search_term_string}\"},\"query-input\":{\"@type\":\"PropertyValueSpecification\",\"valueRequired\":true,\"valueName\":\"search_term_string\"}}],\"inLanguage\":\"en-US\"},{\"@type\":\"Organization\",\"@id\":\"https:\/\/comarbois.com\/en\/#organization\",\"name\":\"Comarbois\",\"url\":\"https:\/\/comarbois.com\/en\/\",\"logo\":{\"@type\":\"ImageObject\",\"inLanguage\":\"en-US\",\"@id\":\"https:\/\/comarbois.com\/en\/#\/schema\/logo\/image\/\",\"url\":\"https:\/\/comarbois.com\/wp-content\/uploads\/2021\/03\/LOGO-COMARBOIS-H-RVB.png\",\"contentUrl\":\"https:\/\/comarbois.com\/wp-content\/uploads\/2021\/03\/LOGO-COMARBOIS-H-RVB.png\",\"width\":3543,\"height\":1210,\"caption\":\"Comarbois\"},\"image\":{\"@id\":\"https:\/\/comarbois.com\/en\/#\/schema\/logo\/image\/\"},\"sameAs\":[\"https:\/\/www.facebook.com\/comarbois\/\",\"https:\/\/www.linkedin.com\/company\/3057658\/\",\"https:\/\/www.instagram.com\/comarbois\/\"]}]}<\/script>\n<!-- \/ Yoast SEO plugin. -->","yoast_head_json":{"title":"INSULATING WOOL, CORK & EXTRUDED POLYSTYRENE &#8211; Comarbois","description":"D\u00e9couvrez nos produits d\u00e9di\u00e9s \u00e0 l'isolation ext\u00e9rieure et int\u00e9rieure afin de prot\u00e9ger votre habitat sur le plan thermique et phonique.","robots":{"index":"index","follow":"follow","max-snippet":"max-snippet:-1","max-image-preview":"max-image-preview:large","max-video-preview":"max-video-preview:-1"},"canonical":"https:\/\/comarbois.com\/en\/produit\/laines-isolantes-liege-polystyrene-extrude\/","og_locale":"en_US","og_type":"article","og_title":"INSULATING WOOL, CORK & EXTRUDED POLYSTYRENE &#8211; Comarbois","og_description":"D\u00e9couvrez nos produits d\u00e9di\u00e9s \u00e0 l'isolation ext\u00e9rieure et int\u00e9rieure afin de prot\u00e9ger votre habitat sur le plan thermique et phonique.","og_url":"https:\/\/comarbois.com\/en\/produit\/laines-isolantes-liege-polystyrene-extrude\/","og_site_name":"Comarbois","article_publisher":"https:\/\/www.facebook.com\/comarbois\/","article_modified_time":"2025-05-15T08:34:25+00:00","og_image":[{"width":570,"height":570,"url":"https:\/\/comarbois.com\/wp-content\/uploads\/2022\/03\/isolation-combles-perdus-1-570x570-1.jpeg","type":"image\/jpeg"}],"twitter_card":"summary_large_image","twitter_misc":{"Est. reading time":"6 minutes"},"schema":{"@context":"https:\/\/schema.org","@graph":[{"@type":"WebPage","@id":"https:\/\/comarbois.com\/en\/produit\/laines-isolantes-liege-polystyrene-extrude\/","url":"https:\/\/comarbois.com\/en\/produit\/laines-isolantes-liege-polystyrene-extrude\/","name":"INSULATING WOOL, CORK & EXTRUDED POLYSTYRENE &#8211; Comarbois","isPartOf":{"@id":"https:\/\/comarbois.com\/en\/#website"},"primaryImageOfPage":{"@id":"https:\/\/comarbois.com\/en\/produit\/laines-isolantes-liege-polystyrene-extrude\/#primaryimage"},"image":{"@id":"https:\/\/comarbois.com\/produit\/laines-isolantes-liege-polystyrene-extrude\/#primaryimage"},"thumbnailUrl":"https:\/\/comarbois.com\/wp-content\/uploads\/2022\/03\/isolation-combles-perdus-1-570x570-1.jpeg","datePublished":"2022-03-23T11:15:04+00:00","dateModified":"2025-05-15T08:34:25+00:00","description":"D\u00e9couvrez nos produits d\u00e9di\u00e9s \u00e0 l'isolation ext\u00e9rieure et int\u00e9rieure afin de prot\u00e9ger votre habitat sur le plan thermique et phonique.","breadcrumb":{"@id":"https:\/\/comarbois.com\/en\/produit\/laines-isolantes-liege-polystyrene-extrude\/#breadcrumb"},"inLanguage":"en-US","potentialAction":[{"@type":"ReadAction","target":[["https:\/\/comarbois.com\/en\/produit\/laines-isolantes-liege-polystyrene-extrude\/"]]}]},{"@type":"ImageObject","inLanguage":"en-US","@id":"https:\/\/comarbois.com\/en\/produit\/laines-isolantes-liege-polystyrene-extrude\/#primaryimage","url":"https:\/\/comarbois.com\/wp-content\/uploads\/2022\/03\/isolation-combles-perdus-1-570x570-1.jpeg","contentUrl":"https:\/\/comarbois.com\/wp-content\/uploads\/2022\/03\/isolation-combles-perdus-1-570x570-1.jpeg","width":570,"height":570,"caption":"Man installing thermal insulation layer under the roof - using mineral wool panels"},{"@type":"BreadcrumbList","@id":"https:\/\/comarbois.com\/en\/produit\/laines-isolantes-liege-polystyrene-extrude\/#breadcrumb","itemListElement":[{"@type":"ListItem","position":1,"name":"Accueil","item":"https:\/\/comarbois.com\/en\/"},{"@type":"ListItem","position":2,"name":"Produits","item":"https:\/\/comarbois.com\/en\/boutique\/"},{"@type":"ListItem","position":3,"name":"LAINES ISOLANTES, LI\u00c8GE &#038; POLYSTYR\u00c8NE EXTRUD\u00c9"}]},{"@type":"WebSite","@id":"https:\/\/comarbois.com\/en\/#website","url":"https:\/\/comarbois.com\/en\/","name":"Comarbois","description":"","publisher":{"@id":"https:\/\/comarbois.com\/en\/#organization"},"potentialAction":[{"@type":"SearchAction","target":{"@type":"EntryPoint","urlTemplate":"https:\/\/comarbois.com\/en\/?s={search_term_string}"},"query-input":{"@type":"PropertyValueSpecification","valueRequired":true,"valueName":"search_term_string"}}],"inLanguage":"en-US"},{"@type":"Organization","@id":"https:\/\/comarbois.com\/en\/#organization","name":"Comarbois","url":"https:\/\/comarbois.com\/en\/","logo":{"@type":"ImageObject","inLanguage":"en-US","@id":"https:\/\/comarbois.com\/en\/#\/schema\/logo\/image\/","url":"https:\/\/comarbois.com\/wp-content\/uploads\/2021\/03\/LOGO-COMARBOIS-H-RVB.png","contentUrl":"https:\/\/comarbois.com\/wp-content\/uploads\/2021\/03\/LOGO-COMARBOIS-H-RVB.png","width":3543,"height":1210,"caption":"Comarbois"},"image":{"@id":"https:\/\/comarbois.com\/en\/#\/schema\/logo\/image\/"},"sameAs":["https:\/\/www.facebook.com\/comarbois\/","https:\/\/www.linkedin.com\/company\/3057658\/","https:\/\/www.instagram.com\/comarbois\/"]}]}},"_links":{"self":[{"href":"https:\/\/comarbois.com\/en\/wp-json\/wp\/v2\/product\/19997","targetHints":{"allow":["GET"]}}],"collection":[{"href":"https:\/\/comarbois.com\/en\/wp-json\/wp\/v2\/product"}],"about":[{"href":"https:\/\/comarbois.com\/en\/wp-json\/wp\/v2\/types\/product"}],"wp:featuredmedia":[{"embeddable":true,"href":"https:\/\/comarbois.com\/en\/wp-json\/wp\/v2\/media\/19804"}],"wp:attachment":[{"href":"https:\/\/comarbois.com\/en\/wp-json\/wp\/v2\/media?parent=19997"}],"wp:term":[{"taxonomy":"product_cat","embeddable":true,"href":"https:\/\/comarbois.com\/en\/wp-json\/wp\/v2\/product_cat?post=19997"},{"taxonomy":"product_tag","embeddable":true,"href":"https:\/\/comarbois.com\/en\/wp-json\/wp\/v2\/product_tag?post=19997"}],"curies":[{"name":"wp","href":"https:\/\/api.w.org\/{rel}","templated":true}]}}