{"id":19995,"date":"2022-03-23T12:10:24","date_gmt":"2022-03-23T11:10:24","guid":{"rendered":"https:\/\/comarbois.com\/?post_type=product&#038;p=19995"},"modified":"2022-09-14T14:01:23","modified_gmt":"2022-09-14T13:01:23","slug":"madriers-bois-de-coffrage","status":"publish","type":"product","link":"https:\/\/comarbois.com\/en\/produit\/madriers-bois-de-coffrage\/","title":{"rendered":"CONSTRUCTION TIMBER"},"content":{"rendered":"<p>[vc_row gap=&#8221;35&#8243; woodmart_css_id=&#8221;628f5332a4077&#8243; responsive_spacing=&#8221;eyJwYXJhbV90eXBlIjoid29vZG1hcnRfcmVzcG9uc2l2ZV9zcGFjaW5nIiwic2VsZWN0b3JfaWQiOiI2MjhmNTMzMmE0MDc3Iiwic2hvcnRjb2RlIjoidmNfcm93IiwiZGF0YSI6eyJ0YWJsZXQiOnt9LCJtb2JpbGUiOnt9fX0=&#8221; mobile_bg_img_hidden=&#8221;no&#8221; tablet_bg_img_hidden=&#8221;no&#8221; woodmart_parallax=&#8221;0&#8243; woodmart_gradient_switch=&#8221;no&#8221; woodmart_box_shadow=&#8221;no&#8221; wd_z_index=&#8221;no&#8221; woodmart_disable_overflow=&#8221;0&#8243; row_reverse_mobile=&#8221;0&#8243; row_reverse_tablet=&#8221;0&#8243;][vc_column width=&#8221;1\/3&#8243;][vc_column_text woodmart_inline=&#8221;no&#8221; text_larger=&#8221;no&#8221;]<strong>DESCRIPTION<\/strong><br \/>\n<span class=\"VIiyi\" lang=\"en\"><span class=\"JLqJ4b ChMk0b\" data-language-for-alternatives=\"en\" data-language-to-translate-into=\"fr\" data-phrase-index=\"0\" data-number-of-phrases=\"2\"><span class=\"Q4iAWc\">Comarbois, leader in the planks and formwork timber market, has a permanent and varied stock.<\/span><\/span> <span class=\"JLqJ4b ChMk0b\" data-language-for-alternatives=\"en\" data-language-to-translate-into=\"fr\" data-phrase-index=\"1\" data-number-of-phrases=\"2\"><span class=\"Q4iAWc\">These products are intended, among other things, for the production of concrete formwork, packaging or for making pallets.<\/span><\/span><\/span><\/p>\n<p><strong>SPECIES<\/strong><br \/>\nSpruce, Maritime Pine, Slash Pine, Monterey Pine, Grandis[\/vc_column_text][\/vc_column][vc_column width=&#8221;1\/3&#8243;][vc_column_text woodmart_inline=&#8221;no&#8221; text_larger=&#8221;no&#8221;]<strong>ORIGINS<\/strong><br \/>\nAustria, France, Romania, Spain, Portugal, Chile<\/p>\n<p><strong>MOISTURE CONTENT &amp; DURABILITY<\/strong><br \/>\nFrom 12% to 22%. Class 1 (natural)<\/p>\n<p><strong>USES<\/strong><br \/>\nFormwork, packaging, pallets, drums, low-cost joinery[\/vc_column_text][\/vc_column][vc_column width=&#8221;1\/3&#8243;][vc_column_text woodmart_inline=&#8221;no&#8221; text_larger=&#8221;no&#8221;]<strong>SIZES &#8211; PDF<\/strong><br \/>\n<a href=\"http:\/\/comarbois.com\/wp-content\/uploads\/2022\/05\/Dimensions-MADRIERS-BOIS-DE-COFFRAGE.pdf\">Click here to learn about the sizes.<\/a>[\/vc_column_text][vc_btn title=&#8221;DOWNLOAD FACT SHEET&#8221; shape=&#8221;square&#8221; i_icon_fontawesome=&#8221;fas fa-paperclip&#8221; css_animation=&#8221;bounceIn&#8221; add_icon=&#8221;true&#8221; link=&#8221;url:http%3A%2F%2Fcomarbois.com%2Fwp-content%2Fuploads%2F2022%2F05%2FFICHE_MADRIERS-BOIS-COFFRAGE.pdf|target:_blank&#8221;][\/vc_column][\/vc_row]<\/p>","protected":false},"excerpt":{"rendered":"<p>[vc_row gap=&#8221;35&#8243; woodmart_css_id=&#8221;628f5332a4077&#8243; responsive_spacing=&#8221;eyJwYXJhbV90eXBlIjoid29vZG1hcnRfcmVzcG9uc2l2ZV9zcGFjaW5nIiwic2VsZWN0b3JfaWQiOiI2MjhmNTMzMmE0MDc3Iiwic2hvcnRjb2RlIjoidmNfcm93IiwiZGF0YSI6eyJ0YWJsZXQiOnt9LCJtb2JpbGUiOnt9fX0=&#8221; mobile_bg_img_hidden=&#8221;no&#8221; tablet_bg_img_hidden=&#8221;no&#8221; woodmart_parallax=&#8221;0&#8243; woodmart_gradient_switch=&#8221;no&#8221; woodmart_box_shadow=&#8221;no&#8221; wd_z_index=&#8221;no&#8221; woodmart_disable_overflow=&#8221;0&#8243; row_reverse_mobile=&#8221;0&#8243; row_reverse_tablet=&#8221;0&#8243;][vc_column width=&#8221;1\/3&#8243;][vc_column_text woodmart_inline=&#8221;no&#8221; text_larger=&#8221;no&#8221;]DESCRIPTION Comarbois, leader in the<\/p>\n","protected":false},"featured_media":21191,"template":"","meta":[],"product_cat":[242,241,312],"product_tag":[],"class_list":{"0":"post-19995","1":"product","2":"type-product","3":"status-publish","4":"has-post-thumbnail","6":"product_cat-bois-de-menuiserie-industriels","7":"product_cat-produits-de-coffrage","8":"product_cat-tout-afficher","10":"first","11":"instock","12":"shipping-taxable","13":"purchasable","14":"product-type-simple"},"yoast_head":"<!-- This site is optimized with the Yoast SEO plugin v23.5 - https:\/\/yoast.com\/wordpress\/plugins\/seo\/ -->\n<title>CONSTRUCTION TIMBER &#8211; Comarbois<\/title>\n<meta name=\"description\" content=\"Comarbois dispose d\u2019un stock permanent et varie\u0301 pour la re\u0301alisation du coffrage be\u0301ton, l\u2019emballage ou les palettes.\" \/>\n<meta name=\"robots\" content=\"index, follow, max-snippet:-1, max-image-preview:large, max-video-preview:-1\" \/>\n<link rel=\"canonical\" href=\"https:\/\/comarbois.com\/en\/produit\/madriers-bois-de-coffrage\/\" \/>\n<meta property=\"og:locale\" content=\"en_US\" \/>\n<meta property=\"og:type\" content=\"article\" \/>\n<meta property=\"og:title\" content=\"CONSTRUCTION TIMBER &#8211; Comarbois\" \/>\n<meta property=\"og:description\" content=\"Comarbois dispose d\u2019un stock permanent et varie\u0301 pour la re\u0301alisation du coffrage be\u0301ton, l\u2019emballage ou les palettes.\" \/>\n<meta property=\"og:url\" content=\"https:\/\/comarbois.com\/en\/produit\/madriers-bois-de-coffrage\/\" \/>\n<meta property=\"og:site_name\" content=\"Comarbois\" \/>\n<meta property=\"article:publisher\" content=\"https:\/\/www.facebook.com\/comarbois\/\" \/>\n<meta property=\"article:modified_time\" content=\"2022-09-14T13:01:23+00:00\" \/>\n<meta property=\"og:image\" content=\"https:\/\/comarbois.com\/wp-content\/uploads\/2022\/03\/COMARBOIS_entrepot-1\u00a9fabricecoiffard_Oct2021-118.jpg\" \/>\n\t<meta property=\"og:image:width\" content=\"1000\" \/>\n\t<meta property=\"og:image:height\" content=\"1000\" \/>\n\t<meta property=\"og:image:type\" content=\"image\/jpeg\" \/>\n<meta name=\"twitter:card\" content=\"summary_large_image\" \/>\n<meta name=\"twitter:label1\" content=\"Est. reading time\" \/>\n\t<meta name=\"twitter:data1\" content=\"2 minutes\" \/>\n<script type=\"application\/ld+json\" class=\"yoast-schema-graph\">{\"@context\":\"https:\/\/schema.org\",\"@graph\":[{\"@type\":\"WebPage\",\"@id\":\"https:\/\/comarbois.com\/en\/produit\/madriers-bois-de-coffrage\/\",\"url\":\"https:\/\/comarbois.com\/en\/produit\/madriers-bois-de-coffrage\/\",\"name\":\"CONSTRUCTION TIMBER &#8211; Comarbois\",\"isPartOf\":{\"@id\":\"https:\/\/comarbois.com\/en\/#website\"},\"primaryImageOfPage\":{\"@id\":\"https:\/\/comarbois.com\/en\/produit\/madriers-bois-de-coffrage\/#primaryimage\"},\"image\":{\"@id\":\"https:\/\/comarbois.com\/produit\/madriers-bois-de-coffrage\/#primaryimage\"},\"thumbnailUrl\":\"https:\/\/comarbois.com\/wp-content\/uploads\/2022\/03\/COMARBOIS_entrepot-1\u00a9fabricecoiffard_Oct2021-118.jpg\",\"datePublished\":\"2022-03-23T11:10:24+00:00\",\"dateModified\":\"2022-09-14T13:01:23+00:00\",\"description\":\"Comarbois dispose d\u2019un stock permanent et varie\u0301 pour la re\u0301alisation du coffrage be\u0301ton, l\u2019emballage ou les palettes.\",\"breadcrumb\":{\"@id\":\"https:\/\/comarbois.com\/en\/produit\/madriers-bois-de-coffrage\/#breadcrumb\"},\"inLanguage\":\"en-US\",\"potentialAction\":[{\"@type\":\"ReadAction\",\"target\":[[\"https:\/\/comarbois.com\/en\/produit\/madriers-bois-de-coffrage\/\"]]}]},{\"@type\":\"ImageObject\",\"inLanguage\":\"en-US\",\"@id\":\"https:\/\/comarbois.com\/en\/produit\/madriers-bois-de-coffrage\/#primaryimage\",\"url\":\"https:\/\/comarbois.com\/wp-content\/uploads\/2022\/03\/COMARBOIS_entrepot-1\u00a9fabricecoiffard_Oct2021-118.jpg\",\"contentUrl\":\"https:\/\/comarbois.com\/wp-content\/uploads\/2022\/03\/COMARBOIS_entrepot-1\u00a9fabricecoiffard_Oct2021-118.jpg\",\"width\":1000,\"height\":1000,\"caption\":\"(Fran\u00e7ais) Comarbois vous offre un large choix de madriers et bois de coffrage disponible en plusieurs essences : \u00e9pic\u00e9a, pin maritime, pin eliotti, pin radiata, grandis et le sapin\"},{\"@type\":\"BreadcrumbList\",\"@id\":\"https:\/\/comarbois.com\/en\/produit\/madriers-bois-de-coffrage\/#breadcrumb\",\"itemListElement\":[{\"@type\":\"ListItem\",\"position\":1,\"name\":\"Accueil\",\"item\":\"https:\/\/comarbois.com\/en\/\"},{\"@type\":\"ListItem\",\"position\":2,\"name\":\"Produits\",\"item\":\"https:\/\/comarbois.com\/en\/boutique\/\"},{\"@type\":\"ListItem\",\"position\":3,\"name\":\"MADRIERS &#038; BOIS DE COFFRAGE\"}]},{\"@type\":\"WebSite\",\"@id\":\"https:\/\/comarbois.com\/en\/#website\",\"url\":\"https:\/\/comarbois.com\/en\/\",\"name\":\"Comarbois\",\"description\":\"\",\"publisher\":{\"@id\":\"https:\/\/comarbois.com\/en\/#organization\"},\"potentialAction\":[{\"@type\":\"SearchAction\",\"target\":{\"@type\":\"EntryPoint\",\"urlTemplate\":\"https:\/\/comarbois.com\/en\/?s={search_term_string}\"},\"query-input\":{\"@type\":\"PropertyValueSpecification\",\"valueRequired\":true,\"valueName\":\"search_term_string\"}}],\"inLanguage\":\"en-US\"},{\"@type\":\"Organization\",\"@id\":\"https:\/\/comarbois.com\/en\/#organization\",\"name\":\"Comarbois\",\"url\":\"https:\/\/comarbois.com\/en\/\",\"logo\":{\"@type\":\"ImageObject\",\"inLanguage\":\"en-US\",\"@id\":\"https:\/\/comarbois.com\/en\/#\/schema\/logo\/image\/\",\"url\":\"https:\/\/comarbois.com\/wp-content\/uploads\/2021\/03\/LOGO-COMARBOIS-H-RVB.png\",\"contentUrl\":\"https:\/\/comarbois.com\/wp-content\/uploads\/2021\/03\/LOGO-COMARBOIS-H-RVB.png\",\"width\":3543,\"height\":1210,\"caption\":\"Comarbois\"},\"image\":{\"@id\":\"https:\/\/comarbois.com\/en\/#\/schema\/logo\/image\/\"},\"sameAs\":[\"https:\/\/www.facebook.com\/comarbois\/\",\"https:\/\/www.linkedin.com\/company\/3057658\/\",\"https:\/\/www.instagram.com\/comarbois\/\"]}]}<\/script>\n<!-- \/ Yoast SEO plugin. -->","yoast_head_json":{"title":"CONSTRUCTION TIMBER &#8211; Comarbois","description":"Comarbois dispose d\u2019un stock permanent et varie\u0301 pour la re\u0301alisation du coffrage be\u0301ton, l\u2019emballage ou les palettes.","robots":{"index":"index","follow":"follow","max-snippet":"max-snippet:-1","max-image-preview":"max-image-preview:large","max-video-preview":"max-video-preview:-1"},"canonical":"https:\/\/comarbois.com\/en\/produit\/madriers-bois-de-coffrage\/","og_locale":"en_US","og_type":"article","og_title":"CONSTRUCTION TIMBER &#8211; Comarbois","og_description":"Comarbois dispose d\u2019un stock permanent et varie\u0301 pour la re\u0301alisation du coffrage be\u0301ton, l\u2019emballage ou les palettes.","og_url":"https:\/\/comarbois.com\/en\/produit\/madriers-bois-de-coffrage\/","og_site_name":"Comarbois","article_publisher":"https:\/\/www.facebook.com\/comarbois\/","article_modified_time":"2022-09-14T13:01:23+00:00","og_image":[{"width":1000,"height":1000,"url":"https:\/\/comarbois.com\/wp-content\/uploads\/2022\/03\/COMARBOIS_entrepot-1\u00a9fabricecoiffard_Oct2021-118.jpg","type":"image\/jpeg"}],"twitter_card":"summary_large_image","twitter_misc":{"Est. reading time":"2 minutes"},"schema":{"@context":"https:\/\/schema.org","@graph":[{"@type":"WebPage","@id":"https:\/\/comarbois.com\/en\/produit\/madriers-bois-de-coffrage\/","url":"https:\/\/comarbois.com\/en\/produit\/madriers-bois-de-coffrage\/","name":"CONSTRUCTION TIMBER &#8211; Comarbois","isPartOf":{"@id":"https:\/\/comarbois.com\/en\/#website"},"primaryImageOfPage":{"@id":"https:\/\/comarbois.com\/en\/produit\/madriers-bois-de-coffrage\/#primaryimage"},"image":{"@id":"https:\/\/comarbois.com\/produit\/madriers-bois-de-coffrage\/#primaryimage"},"thumbnailUrl":"https:\/\/comarbois.com\/wp-content\/uploads\/2022\/03\/COMARBOIS_entrepot-1\u00a9fabricecoiffard_Oct2021-118.jpg","datePublished":"2022-03-23T11:10:24+00:00","dateModified":"2022-09-14T13:01:23+00:00","description":"Comarbois dispose d\u2019un stock permanent et varie\u0301 pour la re\u0301alisation du coffrage be\u0301ton, l\u2019emballage ou les palettes.","breadcrumb":{"@id":"https:\/\/comarbois.com\/en\/produit\/madriers-bois-de-coffrage\/#breadcrumb"},"inLanguage":"en-US","potentialAction":[{"@type":"ReadAction","target":[["https:\/\/comarbois.com\/en\/produit\/madriers-bois-de-coffrage\/"]]}]},{"@type":"ImageObject","inLanguage":"en-US","@id":"https:\/\/comarbois.com\/en\/produit\/madriers-bois-de-coffrage\/#primaryimage","url":"https:\/\/comarbois.com\/wp-content\/uploads\/2022\/03\/COMARBOIS_entrepot-1\u00a9fabricecoiffard_Oct2021-118.jpg","contentUrl":"https:\/\/comarbois.com\/wp-content\/uploads\/2022\/03\/COMARBOIS_entrepot-1\u00a9fabricecoiffard_Oct2021-118.jpg","width":1000,"height":1000,"caption":"(Fran\u00e7ais) Comarbois vous offre un large choix de madriers et bois de coffrage disponible en plusieurs essences : \u00e9pic\u00e9a, pin maritime, pin eliotti, pin radiata, grandis et le sapin"},{"@type":"BreadcrumbList","@id":"https:\/\/comarbois.com\/en\/produit\/madriers-bois-de-coffrage\/#breadcrumb","itemListElement":[{"@type":"ListItem","position":1,"name":"Accueil","item":"https:\/\/comarbois.com\/en\/"},{"@type":"ListItem","position":2,"name":"Produits","item":"https:\/\/comarbois.com\/en\/boutique\/"},{"@type":"ListItem","position":3,"name":"MADRIERS &#038; BOIS DE COFFRAGE"}]},{"@type":"WebSite","@id":"https:\/\/comarbois.com\/en\/#website","url":"https:\/\/comarbois.com\/en\/","name":"Comarbois","description":"","publisher":{"@id":"https:\/\/comarbois.com\/en\/#organization"},"potentialAction":[{"@type":"SearchAction","target":{"@type":"EntryPoint","urlTemplate":"https:\/\/comarbois.com\/en\/?s={search_term_string}"},"query-input":{"@type":"PropertyValueSpecification","valueRequired":true,"valueName":"search_term_string"}}],"inLanguage":"en-US"},{"@type":"Organization","@id":"https:\/\/comarbois.com\/en\/#organization","name":"Comarbois","url":"https:\/\/comarbois.com\/en\/","logo":{"@type":"ImageObject","inLanguage":"en-US","@id":"https:\/\/comarbois.com\/en\/#\/schema\/logo\/image\/","url":"https:\/\/comarbois.com\/wp-content\/uploads\/2021\/03\/LOGO-COMARBOIS-H-RVB.png","contentUrl":"https:\/\/comarbois.com\/wp-content\/uploads\/2021\/03\/LOGO-COMARBOIS-H-RVB.png","width":3543,"height":1210,"caption":"Comarbois"},"image":{"@id":"https:\/\/comarbois.com\/en\/#\/schema\/logo\/image\/"},"sameAs":["https:\/\/www.facebook.com\/comarbois\/","https:\/\/www.linkedin.com\/company\/3057658\/","https:\/\/www.instagram.com\/comarbois\/"]}]}},"_links":{"self":[{"href":"https:\/\/comarbois.com\/en\/wp-json\/wp\/v2\/product\/19995","targetHints":{"allow":["GET"]}}],"collection":[{"href":"https:\/\/comarbois.com\/en\/wp-json\/wp\/v2\/product"}],"about":[{"href":"https:\/\/comarbois.com\/en\/wp-json\/wp\/v2\/types\/product"}],"wp:featuredmedia":[{"embeddable":true,"href":"https:\/\/comarbois.com\/en\/wp-json\/wp\/v2\/media\/21191"}],"wp:attachment":[{"href":"https:\/\/comarbois.com\/en\/wp-json\/wp\/v2\/media?parent=19995"}],"wp:term":[{"taxonomy":"product_cat","embeddable":true,"href":"https:\/\/comarbois.com\/en\/wp-json\/wp\/v2\/product_cat?post=19995"},{"taxonomy":"product_tag","embeddable":true,"href":"https:\/\/comarbois.com\/en\/wp-json\/wp\/v2\/product_tag?post=19995"}],"curies":[{"name":"wp","href":"https:\/\/api.w.org\/{rel}","templated":true}]}}