{"id":19983,"date":"2022-03-23T11:11:08","date_gmt":"2022-03-23T10:11:08","guid":{"rendered":"https:\/\/comarbois.com\/?post_type=product&#038;p=19983"},"modified":"2025-07-28T15:55:17","modified_gmt":"2025-07-28T14:55:17","slug":"panneaux-particules-melamines","status":"publish","type":"product","link":"https:\/\/comarbois.com\/en\/produit\/panneaux-particules-melamines\/","title":{"rendered":"MELAMINE FACED PARTICLE BOARD"},"content":{"rendered":"<p>[vc_row gap=&#8221;35&#8243; woodmart_css_id=&#8221;6290ba425b20f&#8221; responsive_spacing=&#8221;eyJwYXJhbV90eXBlIjoid29vZG1hcnRfcmVzcG9uc2l2ZV9zcGFjaW5nIiwic2VsZWN0b3JfaWQiOiI2MjkwYmE0MjViMjBmIiwic2hvcnRjb2RlIjoidmNfcm93IiwiZGF0YSI6eyJ0YWJsZXQiOnt9LCJtb2JpbGUiOnt9fX0=&#8221; mobile_bg_img_hidden=&#8221;no&#8221; tablet_bg_img_hidden=&#8221;no&#8221; woodmart_parallax=&#8221;0&#8243; woodmart_gradient_switch=&#8221;no&#8221; woodmart_box_shadow=&#8221;no&#8221; wd_z_index=&#8221;no&#8221; woodmart_disable_overflow=&#8221;0&#8243; row_reverse_mobile=&#8221;0&#8243; row_reverse_tablet=&#8221;0&#8243;][vc_column width=&#8221;1\/3&#8243;][vc_column_text woodmart_inline=&#8221;no&#8221; text_larger=&#8221;no&#8221;]<strong>DESCRIPTION<br \/>\n<\/strong><span class=\"VIiyi\" lang=\"en\"><span class=\"JLqJ4b ChMk0b\" data-language-for-alternatives=\"en\" data-language-to-translate-into=\"fr\" data-phrase-index=\"0\" data-number-of-phrases=\"3\"><span class=\"Q4iAWc\">Melamine-faced particleboard, commonly called \u201cstratid\u00e9cors\u201din Morocco, is made from particleboard covered with a sheet of decorative paper impregnated with melamine.<\/span><\/span> <span class=\"JLqJ4b ChMk0b\" data-language-for-alternatives=\"en\" data-language-to-translate-into=\"fr\" data-phrase-index=\"1\" data-number-of-phrases=\"3\"><span class=\"Q4iAWc\">Prized by the furniture and interior design industries, Comarbois also offers melamine-faced particleboard in water-repellent and fire-retardant versions for special applications.<\/span><\/span> <span class=\"JLqJ4b ChMk0b\" data-language-for-alternatives=\"en\" data-language-to-translate-into=\"fr\" data-phrase-index=\"2\" data-number-of-phrases=\"3\"><span class=\"Q4iAWc\">A full range of colours, patterns and textures is available to meet your needs.<\/span><\/span><\/span><\/p>\n<p><strong>ORIGINS<\/strong><br \/>\nPortugal, Spain, Turkey[\/vc_column_text][\/vc_column][vc_column width=&#8221;1\/3&#8243;][vc_column_text woodmart_inline=&#8221;no&#8221; text_larger=&#8221;no&#8221;]<strong>SIZES (mm)*<\/strong><br \/>\n2440 X 1700<br \/>\n2550 X 1830<br \/>\n2850 X 2070<br \/>\n2850 X 2100<\/p>\n<p><strong>THICKNESSES (mm)*<\/strong><br \/>\n8 \/ 10 \/ 12 \/ 15 \/ 16 \/ 18 \/ 19\/ 22 \/ 25 \/ 30<\/p>\n<div class=\"page\" title=\"Page 1\">\n<div class=\"section\">\n<div class=\"layoutArea\">\n<div class=\"column\">\n<p><em>*More sizes available on demand.<\/em><\/p>\n<\/div>\n<\/div>\n<\/div>\n<\/div>\n<p>[\/vc_column_text][\/vc_column][vc_column width=&#8221;1\/3&#8243;][vc_column_text woodmart_inline=&#8221;no&#8221; text_larger=&#8221;no&#8221;]<strong>FEATURES<\/strong><br \/>\n\u2192 Particleboard<br \/>\n\u2192 Fire retardant<br \/>\n\u2192 Moisture resistant<\/p>\n<p><strong>USES<\/strong><br \/>\nFittings, kitchens, carpentry, interior decoration[\/vc_column_text][vc_column_text woodmart_inline=&#8221;no&#8221; text_larger=&#8221;no&#8221;]<strong>MORE INFO &#8211; SONAE<\/strong><br \/>\n<a href=\"https:\/\/comarbois.com\/wp-content\/uploads\/2022\/06\/EN_FR-Innovus-Product-Offer-Brochure-SWE.pdf\">Innovus Everyday<\/a><\/p>\n<p><strong>SIMULATOR &#8211; SONAE<\/strong><br \/>\n<a href=\"https:\/\/comarbois.com\/simulateur-sonae\/\">Access the simulator<\/a><\/p>\n<p><strong>MORE INFO &#8211; FINSA<\/strong><br \/>\n<a href=\"https:\/\/comarbois.com\/wp-content\/uploads\/2017\/02\/FINSA-2017.pdf\">Finsa Collection<\/a>[\/vc_column_text][vc_btn title=&#8221;DOWNLOAD FACT SHEET&#8221; shape=&#8221;square&#8221; i_icon_fontawesome=&#8221;fas fa-paperclip&#8221; css_animation=&#8221;bounceIn&#8221; add_icon=&#8221;true&#8221; link=&#8221;url:http%3A%2F%2Fcomarbois.com%2Fwp-content%2Fuploads%2F2022%2F05%2FFICHE_STRATIDECORS.pdf|target:_blank&#8221;][\/vc_column][\/vc_row]<\/p>","protected":false},"excerpt":{"rendered":"<p>[vc_row gap=&#8221;35&#8243; woodmart_css_id=&#8221;6290ba425b20f&#8221; responsive_spacing=&#8221;eyJwYXJhbV90eXBlIjoid29vZG1hcnRfcmVzcG9uc2l2ZV9zcGFjaW5nIiwic2VsZWN0b3JfaWQiOiI2MjkwYmE0MjViMjBmIiwic2hvcnRjb2RlIjoidmNfcm93IiwiZGF0YSI6eyJ0YWJsZXQiOnt9LCJtb2JpbGUiOnt9fX0=&#8221; mobile_bg_img_hidden=&#8221;no&#8221; tablet_bg_img_hidden=&#8221;no&#8221; woodmart_parallax=&#8221;0&#8243; woodmart_gradient_switch=&#8221;no&#8221; woodmart_box_shadow=&#8221;no&#8221; wd_z_index=&#8221;no&#8221; woodmart_disable_overflow=&#8221;0&#8243; row_reverse_mobile=&#8221;0&#8243; row_reverse_tablet=&#8221;0&#8243;][vc_column width=&#8221;1\/3&#8243;][vc_column_text woodmart_inline=&#8221;no&#8221; text_larger=&#8221;no&#8221;]DESCRIPTION Melamine-faced particleboard, commonly called<\/p>\n","protected":false},"featured_media":21338,"template":"","meta":[],"product_brand":[],"product_cat":[310,312],"product_tag":[],"class_list":{"0":"post-19983","1":"product","2":"type-product","3":"status-publish","4":"has-post-thumbnail","6":"product_cat-panneaux-decoratifs-industriels","7":"product_cat-tout-afficher","9":"first","10":"instock","11":"shipping-taxable","12":"purchasable","13":"product-type-simple"},"yoast_head":"<!-- This site is optimized with the Yoast SEO plugin v27.4 - https:\/\/yoast.com\/product\/yoast-seo-wordpress\/ -->\n<title>MELAMINE FACED PARTICLE BOARD &#8211; Comarbois<\/title>\n<meta name=\"description\" content=\"Commune\u0301ment appel\u00e9s stratide\u0301cors, ils sont fabrique\u0301s a\u0300 partir de panneaux de particules recouverts d\u2019une feuille de papier de\u0301coratif impre\u0301gne\u0301e de me\u0301lamine.\" \/>\n<meta name=\"robots\" content=\"index, follow, max-snippet:-1, max-image-preview:large, max-video-preview:-1\" \/>\n<link rel=\"canonical\" href=\"https:\/\/comarbois.com\/en\/produit\/panneaux-particules-melamines\/\" \/>\n<meta property=\"og:locale\" content=\"en_US\" \/>\n<meta property=\"og:type\" content=\"article\" \/>\n<meta property=\"og:title\" content=\"MELAMINE FACED PARTICLE BOARD &#8211; Comarbois\" \/>\n<meta property=\"og:description\" content=\"Commune\u0301ment appel\u00e9s stratide\u0301cors, ils sont fabrique\u0301s a\u0300 partir de panneaux de particules recouverts d\u2019une feuille de papier de\u0301coratif impre\u0301gne\u0301e de me\u0301lamine.\" \/>\n<meta property=\"og:url\" content=\"https:\/\/comarbois.com\/en\/produit\/panneaux-particules-melamines\/\" \/>\n<meta property=\"og:site_name\" content=\"Comarbois\" \/>\n<meta property=\"article:publisher\" content=\"https:\/\/www.facebook.com\/comarbois\/\" \/>\n<meta property=\"article:modified_time\" content=\"2025-07-28T14:55:17+00:00\" \/>\n<meta property=\"og:image\" content=\"https:\/\/comarbois.com\/wp-content\/uploads\/2022\/05\/pp-melamines-comarbois2.jpg\" \/>\n\t<meta property=\"og:image:width\" content=\"562\" \/>\n\t<meta property=\"og:image:height\" content=\"562\" \/>\n\t<meta property=\"og:image:type\" content=\"image\/jpeg\" \/>\n<meta name=\"twitter:card\" content=\"summary_large_image\" \/>\n<meta name=\"twitter:label1\" content=\"Est. reading time\" \/>\n\t<meta name=\"twitter:data1\" content=\"3 minutes\" \/>\n<script type=\"application\/ld+json\" class=\"yoast-schema-graph\">{\"@context\":\"https:\\\/\\\/schema.org\",\"@graph\":[{\"@type\":\"WebPage\",\"@id\":\"https:\\\/\\\/comarbois.com\\\/en\\\/produit\\\/panneaux-particules-melamines\\\/\",\"url\":\"https:\\\/\\\/comarbois.com\\\/en\\\/produit\\\/panneaux-particules-melamines\\\/\",\"name\":\"MELAMINE FACED PARTICLE BOARD &#8211; Comarbois\",\"isPartOf\":{\"@id\":\"https:\\\/\\\/comarbois.com\\\/en\\\/#website\"},\"primaryImageOfPage\":{\"@id\":\"https:\\\/\\\/comarbois.com\\\/en\\\/produit\\\/panneaux-particules-melamines\\\/#primaryimage\"},\"image\":{\"@id\":\"https:\\\/\\\/comarbois.com\\\/produit\\\/panneaux-particules-melamines\\\/#primaryimage\"},\"thumbnailUrl\":\"https:\\\/\\\/comarbois.com\\\/wp-content\\\/uploads\\\/2022\\\/05\\\/pp-melamines-comarbois2.jpg\",\"datePublished\":\"2022-03-23T10:11:08+00:00\",\"dateModified\":\"2025-07-28T14:55:17+00:00\",\"description\":\"Commune\u0301ment appel\u00e9s stratide\u0301cors, ils sont fabrique\u0301s a\u0300 partir de panneaux de particules recouverts d\u2019une feuille de papier de\u0301coratif impre\u0301gne\u0301e de me\u0301lamine.\",\"breadcrumb\":{\"@id\":\"https:\\\/\\\/comarbois.com\\\/en\\\/produit\\\/panneaux-particules-melamines\\\/#breadcrumb\"},\"inLanguage\":\"en-US\",\"potentialAction\":[{\"@type\":\"ReadAction\",\"target\":[[\"https:\\\/\\\/comarbois.com\\\/en\\\/produit\\\/panneaux-particules-melamines\\\/\"]]}]},{\"@type\":\"ImageObject\",\"inLanguage\":\"en-US\",\"@id\":\"https:\\\/\\\/comarbois.com\\\/en\\\/produit\\\/panneaux-particules-melamines\\\/#primaryimage\",\"url\":\"https:\\\/\\\/comarbois.com\\\/wp-content\\\/uploads\\\/2022\\\/05\\\/pp-melamines-comarbois2.jpg\",\"contentUrl\":\"https:\\\/\\\/comarbois.com\\\/wp-content\\\/uploads\\\/2022\\\/05\\\/pp-melamines-comarbois2.jpg\",\"width\":562,\"height\":562,\"caption\":\"(Fran\u00e7ais) Chez Comarbois vous retrouvez les panneaux particules m\u00e9lamin\u00e9s, ou \u00ab stratide\u0301cors \u00bb disponibles en 3 types : brut, hydrofuge et ignifuge et en diff\u00e9rents formats et \u00e9paisseurs\"},{\"@type\":\"BreadcrumbList\",\"@id\":\"https:\\\/\\\/comarbois.com\\\/en\\\/produit\\\/panneaux-particules-melamines\\\/#breadcrumb\",\"itemListElement\":[{\"@type\":\"ListItem\",\"position\":1,\"name\":\"Accueil\",\"item\":\"https:\\\/\\\/comarbois.com\\\/en\\\/\"},{\"@type\":\"ListItem\",\"position\":2,\"name\":\"Produits\",\"item\":\"https:\\\/\\\/comarbois.com\\\/en\\\/boutique\\\/\"},{\"@type\":\"ListItem\",\"position\":3,\"name\":\"PANNEAUX PARTICULES M\u00c9LAMIN\u00c9S\"}]},{\"@type\":\"WebSite\",\"@id\":\"https:\\\/\\\/comarbois.com\\\/en\\\/#website\",\"url\":\"https:\\\/\\\/comarbois.com\\\/en\\\/\",\"name\":\"Comarbois\",\"description\":\"\",\"publisher\":{\"@id\":\"https:\\\/\\\/comarbois.com\\\/en\\\/#organization\"},\"potentialAction\":[{\"@type\":\"SearchAction\",\"target\":{\"@type\":\"EntryPoint\",\"urlTemplate\":\"https:\\\/\\\/comarbois.com\\\/en\\\/?s={search_term_string}\"},\"query-input\":{\"@type\":\"PropertyValueSpecification\",\"valueRequired\":true,\"valueName\":\"search_term_string\"}}],\"inLanguage\":\"en-US\"},{\"@type\":\"Organization\",\"@id\":\"https:\\\/\\\/comarbois.com\\\/en\\\/#organization\",\"name\":\"Comarbois\",\"url\":\"https:\\\/\\\/comarbois.com\\\/en\\\/\",\"logo\":{\"@type\":\"ImageObject\",\"inLanguage\":\"en-US\",\"@id\":\"https:\\\/\\\/comarbois.com\\\/en\\\/#\\\/schema\\\/logo\\\/image\\\/\",\"url\":\"https:\\\/\\\/comarbois.com\\\/wp-content\\\/uploads\\\/2021\\\/03\\\/LOGO-COMARBOIS-H-RVB.png\",\"contentUrl\":\"https:\\\/\\\/comarbois.com\\\/wp-content\\\/uploads\\\/2021\\\/03\\\/LOGO-COMARBOIS-H-RVB.png\",\"width\":3543,\"height\":1210,\"caption\":\"Comarbois\"},\"image\":{\"@id\":\"https:\\\/\\\/comarbois.com\\\/en\\\/#\\\/schema\\\/logo\\\/image\\\/\"},\"sameAs\":[\"https:\\\/\\\/www.facebook.com\\\/comarbois\\\/\",\"https:\\\/\\\/www.linkedin.com\\\/company\\\/3057658\\\/\",\"https:\\\/\\\/www.instagram.com\\\/comarbois\\\/\"]}]}<\/script>\n<!-- \/ Yoast SEO plugin. -->","yoast_head_json":{"title":"MELAMINE FACED PARTICLE BOARD &#8211; Comarbois","description":"Commune\u0301ment appel\u00e9s stratide\u0301cors, ils sont fabrique\u0301s a\u0300 partir de panneaux de particules recouverts d\u2019une feuille de papier de\u0301coratif impre\u0301gne\u0301e de me\u0301lamine.","robots":{"index":"index","follow":"follow","max-snippet":"max-snippet:-1","max-image-preview":"max-image-preview:large","max-video-preview":"max-video-preview:-1"},"canonical":"https:\/\/comarbois.com\/en\/produit\/panneaux-particules-melamines\/","og_locale":"en_US","og_type":"article","og_title":"MELAMINE FACED PARTICLE BOARD &#8211; Comarbois","og_description":"Commune\u0301ment appel\u00e9s stratide\u0301cors, ils sont fabrique\u0301s a\u0300 partir de panneaux de particules recouverts d\u2019une feuille de papier de\u0301coratif impre\u0301gne\u0301e de me\u0301lamine.","og_url":"https:\/\/comarbois.com\/en\/produit\/panneaux-particules-melamines\/","og_site_name":"Comarbois","article_publisher":"https:\/\/www.facebook.com\/comarbois\/","article_modified_time":"2025-07-28T14:55:17+00:00","og_image":[{"width":562,"height":562,"url":"https:\/\/comarbois.com\/wp-content\/uploads\/2022\/05\/pp-melamines-comarbois2.jpg","type":"image\/jpeg"}],"twitter_card":"summary_large_image","twitter_misc":{"Est. reading time":"3 minutes"},"schema":{"@context":"https:\/\/schema.org","@graph":[{"@type":"WebPage","@id":"https:\/\/comarbois.com\/en\/produit\/panneaux-particules-melamines\/","url":"https:\/\/comarbois.com\/en\/produit\/panneaux-particules-melamines\/","name":"MELAMINE FACED PARTICLE BOARD &#8211; Comarbois","isPartOf":{"@id":"https:\/\/comarbois.com\/en\/#website"},"primaryImageOfPage":{"@id":"https:\/\/comarbois.com\/en\/produit\/panneaux-particules-melamines\/#primaryimage"},"image":{"@id":"https:\/\/comarbois.com\/produit\/panneaux-particules-melamines\/#primaryimage"},"thumbnailUrl":"https:\/\/comarbois.com\/wp-content\/uploads\/2022\/05\/pp-melamines-comarbois2.jpg","datePublished":"2022-03-23T10:11:08+00:00","dateModified":"2025-07-28T14:55:17+00:00","description":"Commune\u0301ment appel\u00e9s stratide\u0301cors, ils sont fabrique\u0301s a\u0300 partir de panneaux de particules recouverts d\u2019une feuille de papier de\u0301coratif impre\u0301gne\u0301e de me\u0301lamine.","breadcrumb":{"@id":"https:\/\/comarbois.com\/en\/produit\/panneaux-particules-melamines\/#breadcrumb"},"inLanguage":"en-US","potentialAction":[{"@type":"ReadAction","target":[["https:\/\/comarbois.com\/en\/produit\/panneaux-particules-melamines\/"]]}]},{"@type":"ImageObject","inLanguage":"en-US","@id":"https:\/\/comarbois.com\/en\/produit\/panneaux-particules-melamines\/#primaryimage","url":"https:\/\/comarbois.com\/wp-content\/uploads\/2022\/05\/pp-melamines-comarbois2.jpg","contentUrl":"https:\/\/comarbois.com\/wp-content\/uploads\/2022\/05\/pp-melamines-comarbois2.jpg","width":562,"height":562,"caption":"(Fran\u00e7ais) Chez Comarbois vous retrouvez les panneaux particules m\u00e9lamin\u00e9s, ou \u00ab stratide\u0301cors \u00bb disponibles en 3 types : brut, hydrofuge et ignifuge et en diff\u00e9rents formats et \u00e9paisseurs"},{"@type":"BreadcrumbList","@id":"https:\/\/comarbois.com\/en\/produit\/panneaux-particules-melamines\/#breadcrumb","itemListElement":[{"@type":"ListItem","position":1,"name":"Accueil","item":"https:\/\/comarbois.com\/en\/"},{"@type":"ListItem","position":2,"name":"Produits","item":"https:\/\/comarbois.com\/en\/boutique\/"},{"@type":"ListItem","position":3,"name":"PANNEAUX PARTICULES M\u00c9LAMIN\u00c9S"}]},{"@type":"WebSite","@id":"https:\/\/comarbois.com\/en\/#website","url":"https:\/\/comarbois.com\/en\/","name":"Comarbois","description":"","publisher":{"@id":"https:\/\/comarbois.com\/en\/#organization"},"potentialAction":[{"@type":"SearchAction","target":{"@type":"EntryPoint","urlTemplate":"https:\/\/comarbois.com\/en\/?s={search_term_string}"},"query-input":{"@type":"PropertyValueSpecification","valueRequired":true,"valueName":"search_term_string"}}],"inLanguage":"en-US"},{"@type":"Organization","@id":"https:\/\/comarbois.com\/en\/#organization","name":"Comarbois","url":"https:\/\/comarbois.com\/en\/","logo":{"@type":"ImageObject","inLanguage":"en-US","@id":"https:\/\/comarbois.com\/en\/#\/schema\/logo\/image\/","url":"https:\/\/comarbois.com\/wp-content\/uploads\/2021\/03\/LOGO-COMARBOIS-H-RVB.png","contentUrl":"https:\/\/comarbois.com\/wp-content\/uploads\/2021\/03\/LOGO-COMARBOIS-H-RVB.png","width":3543,"height":1210,"caption":"Comarbois"},"image":{"@id":"https:\/\/comarbois.com\/en\/#\/schema\/logo\/image\/"},"sameAs":["https:\/\/www.facebook.com\/comarbois\/","https:\/\/www.linkedin.com\/company\/3057658\/","https:\/\/www.instagram.com\/comarbois\/"]}]}},"_links":{"self":[{"href":"https:\/\/comarbois.com\/en\/wp-json\/wp\/v2\/product\/19983","targetHints":{"allow":["GET"]}}],"collection":[{"href":"https:\/\/comarbois.com\/en\/wp-json\/wp\/v2\/product"}],"about":[{"href":"https:\/\/comarbois.com\/en\/wp-json\/wp\/v2\/types\/product"}],"wp:featuredmedia":[{"embeddable":true,"href":"https:\/\/comarbois.com\/en\/wp-json\/wp\/v2\/media\/21338"}],"wp:attachment":[{"href":"https:\/\/comarbois.com\/en\/wp-json\/wp\/v2\/media?parent=19983"}],"wp:term":[{"taxonomy":"product_brand","embeddable":true,"href":"https:\/\/comarbois.com\/en\/wp-json\/wp\/v2\/product_brand?post=19983"},{"taxonomy":"product_cat","embeddable":true,"href":"https:\/\/comarbois.com\/en\/wp-json\/wp\/v2\/product_cat?post=19983"},{"taxonomy":"product_tag","embeddable":true,"href":"https:\/\/comarbois.com\/en\/wp-json\/wp\/v2\/product_tag?post=19983"}],"curies":[{"name":"wp","href":"https:\/\/api.w.org\/{rel}","templated":true}]}}