{"id":19979,"date":"2022-03-23T10:54:12","date_gmt":"2022-03-23T09:54:12","guid":{"rendered":"https:\/\/comarbois.com\/?post_type=product&#038;p=19979"},"modified":"2025-10-09T10:38:08","modified_gmt":"2025-10-09T09:38:08","slug":"pin-doregon","status":"publish","type":"product","link":"https:\/\/comarbois.com\/en\/produit\/pin-doregon\/","title":{"rendered":"OREGON PINE"},"content":{"rendered":"<p>[vc_row gap=&#8221;35&#8243; woodmart_css_id=&#8221;62913fc02109a&#8221; responsive_spacing=&#8221;eyJwYXJhbV90eXBlIjoid29vZG1hcnRfcmVzcG9uc2l2ZV9zcGFjaW5nIiwic2VsZWN0b3JfaWQiOiI2MjkxM2ZjMDIxMDlhIiwic2hvcnRjb2RlIjoidmNfcm93IiwiZGF0YSI6eyJ0YWJsZXQiOnt9LCJtb2JpbGUiOnt9fX0=&#8221; mobile_bg_img_hidden=&#8221;no&#8221; tablet_bg_img_hidden=&#8221;no&#8221; woodmart_parallax=&#8221;0&#8243; woodmart_gradient_switch=&#8221;no&#8221; woodmart_box_shadow=&#8221;no&#8221; wd_z_index=&#8221;no&#8221; woodmart_disable_overflow=&#8221;0&#8243; row_reverse_mobile=&#8221;0&#8243; row_reverse_tablet=&#8221;0&#8243;][vc_column width=&#8221;1\/3&#8243;][vc_column_text woodmart_inline=&#8221;no&#8221; text_larger=&#8221;no&#8221;]<strong>DESCRIPTION<\/strong><br \/>\n<span dir=\"ltr\" role=\"presentation\"><span class=\"VIiyi\" lang=\"en\"><span class=\"JLqJ4b ChMk0b\" data-language-for-alternatives=\"en\" data-language-to-translate-into=\"fr\" data-phrase-index=\"0\" data-number-of-phrases=\"2\"><span class=\"Q4iAWc\">Oregon pine is a must for landscaping professionals thanks to its almost perfect quality, its great resistance to time and water, and its unique aesthetic assets.<\/span><\/span> <span class=\"JLqJ4b ChMk0b\" data-language-for-alternatives=\"en\" data-language-to-translate-into=\"fr\" data-phrase-index=\"1\" data-number-of-phrases=\"2\"><span class=\"Q4iAWc\">This species is particularly used for interior and exterior carpentry as well as for cladding facades to give them a contemporary look.<\/span><\/span><\/span><\/span><\/p>\n<p><strong>ORIGINS<\/strong><br \/>\nUnited States, Canada<\/p>\n<p><strong>FINISH<\/strong><br \/>\nRough sawn wood[\/vc_column_text][\/vc_column][vc_column width=&#8221;1\/3&#8243;][vc_column_text woodmart_inline=&#8221;no&#8221; text_larger=&#8221;no&#8221;]<strong>COLOR<\/strong><br \/>\nPinkish yellow to pinkish brown, although veined with yellowish sapwood<\/p>\n<p><strong>QUALITY<\/strong><br \/>\n&#8220;Clear &amp; Better n\u00b02 Old Growth&#8221;, nearly perfect lumber<\/p>\n<p><strong>MOISTURE CONTENT\/DURABILITY<\/strong><br \/>\n18% moisture content (Class 3 without sapwood, natural)<\/p>\n<p><strong>DENSITY<\/strong><br \/>\n540 kg\/m3 (at 12% moisture content)<\/p>\n<p><strong>ELASTICITY<\/strong><br \/>\n11 000 Mpa[\/vc_column_text][\/vc_column][vc_column width=&#8221;1\/3&#8243;][vc_column_text woodmart_inline=&#8221;no&#8221; text_larger=&#8221;no&#8221;]<strong>RESISTANCE<\/strong><br \/>\n\u2192 Flexion: 85 Mpa<br \/>\n\u2192 Compression: 50 Mpa<\/p>\n<p><strong>USES<\/strong><br \/>\nInterior and exterior joinery, furniture making, furnishings, flooring, cabinets, siding, paneling[\/vc_column_text][vc_btn title=&#8221;DOWNLOAD FACT SHEET&#8221; shape=&#8221;square&#8221; i_icon_fontawesome=&#8221;fas fa-paperclip&#8221; css_animation=&#8221;bounceIn&#8221; add_icon=&#8221;true&#8221; link=&#8221;url:http%3A%2F%2Fcomarbois.com%2Fwp-content%2Fuploads%2F2022%2F05%2FFICHE_PIN-OREGON.pdf|target:_blank&#8221;][\/vc_column][\/vc_row]<\/p>","protected":false},"excerpt":{"rendered":"<p>[vc_row gap=&#8221;35&#8243; woodmart_css_id=&#8221;62913fc02109a&#8221; responsive_spacing=&#8221;eyJwYXJhbV90eXBlIjoid29vZG1hcnRfcmVzcG9uc2l2ZV9zcGFjaW5nIiwic2VsZWN0b3JfaWQiOiI2MjkxM2ZjMDIxMDlhIiwic2hvcnRjb2RlIjoidmNfcm93IiwiZGF0YSI6eyJ0YWJsZXQiOnt9LCJtb2JpbGUiOnt9fX0=&#8221; mobile_bg_img_hidden=&#8221;no&#8221; tablet_bg_img_hidden=&#8221;no&#8221; woodmart_parallax=&#8221;0&#8243; woodmart_gradient_switch=&#8221;no&#8221; woodmart_box_shadow=&#8221;no&#8221; wd_z_index=&#8221;no&#8221; woodmart_disable_overflow=&#8221;0&#8243; row_reverse_mobile=&#8221;0&#8243; row_reverse_tablet=&#8221;0&#8243;][vc_column width=&#8221;1\/3&#8243;][vc_column_text woodmart_inline=&#8221;no&#8221; text_larger=&#8221;no&#8221;]DESCRIPTION Oregon pine is a<\/p>\n","protected":false},"featured_media":21369,"template":"","meta":[],"product_brand":[],"product_cat":[311,242,312],"product_tag":[],"class_list":{"0":"post-19979","1":"product","2":"type-product","3":"status-publish","4":"has-post-thumbnail","6":"product_cat-amenagement-exterieur","7":"product_cat-bois-de-menuiserie-industriels","8":"product_cat-tout-afficher","10":"first","11":"instock","12":"shipping-taxable","13":"purchasable","14":"product-type-simple"},"yoast_head":"<!-- This site is optimized with the Yoast SEO plugin v27.4 - https:\/\/yoast.com\/product\/yoast-seo-wordpress\/ -->\n<title>OREGON PINE &#8211; Comarbois<\/title>\n<meta name=\"description\" content=\"Un incontournable pour les professionnels de l\u2019am\u00e9nagement ext\u00e9rieur gr\u00e2ce \u00e0 sa qualit\u00e9 quasiment parfaite, sa r\u00e9sistance au temps et \u00e0 l\u2019eau.\" \/>\n<meta name=\"robots\" content=\"index, follow, max-snippet:-1, max-image-preview:large, max-video-preview:-1\" \/>\n<link rel=\"canonical\" href=\"https:\/\/comarbois.com\/en\/produit\/pin-doregon\/\" \/>\n<meta property=\"og:locale\" content=\"en_US\" \/>\n<meta property=\"og:type\" content=\"article\" \/>\n<meta property=\"og:title\" content=\"OREGON PINE &#8211; Comarbois\" \/>\n<meta property=\"og:description\" content=\"Un incontournable pour les professionnels de l\u2019am\u00e9nagement ext\u00e9rieur gr\u00e2ce \u00e0 sa qualit\u00e9 quasiment parfaite, sa r\u00e9sistance au temps et \u00e0 l\u2019eau.\" \/>\n<meta property=\"og:url\" content=\"https:\/\/comarbois.com\/en\/produit\/pin-doregon\/\" \/>\n<meta property=\"og:site_name\" content=\"Comarbois\" \/>\n<meta property=\"article:publisher\" content=\"https:\/\/www.facebook.com\/comarbois\/\" \/>\n<meta property=\"article:modified_time\" content=\"2025-10-09T09:38:08+00:00\" \/>\n<meta property=\"og:image\" content=\"https:\/\/comarbois.com\/wp-content\/uploads\/2022\/05\/Oregon-pine-2.jpg\" \/>\n\t<meta property=\"og:image:width\" content=\"900\" \/>\n\t<meta property=\"og:image:height\" content=\"900\" \/>\n\t<meta property=\"og:image:type\" content=\"image\/jpeg\" \/>\n<meta name=\"twitter:card\" content=\"summary_large_image\" \/>\n<meta name=\"twitter:label1\" content=\"Est. reading time\" \/>\n\t<meta name=\"twitter:data1\" content=\"3 minutes\" \/>\n<script type=\"application\/ld+json\" class=\"yoast-schema-graph\">{\"@context\":\"https:\\\/\\\/schema.org\",\"@graph\":[{\"@type\":\"WebPage\",\"@id\":\"https:\\\/\\\/comarbois.com\\\/en\\\/produit\\\/pin-doregon\\\/\",\"url\":\"https:\\\/\\\/comarbois.com\\\/en\\\/produit\\\/pin-doregon\\\/\",\"name\":\"OREGON PINE &#8211; Comarbois\",\"isPartOf\":{\"@id\":\"https:\\\/\\\/comarbois.com\\\/en\\\/#website\"},\"primaryImageOfPage\":{\"@id\":\"https:\\\/\\\/comarbois.com\\\/en\\\/produit\\\/pin-doregon\\\/#primaryimage\"},\"image\":{\"@id\":\"https:\\\/\\\/comarbois.com\\\/produit\\\/pin-doregon\\\/#primaryimage\"},\"thumbnailUrl\":\"https:\\\/\\\/comarbois.com\\\/wp-content\\\/uploads\\\/2022\\\/05\\\/Oregon-pine-2.jpg\",\"datePublished\":\"2022-03-23T09:54:12+00:00\",\"dateModified\":\"2025-10-09T09:38:08+00:00\",\"description\":\"Un incontournable pour les professionnels de l\u2019am\u00e9nagement ext\u00e9rieur gr\u00e2ce \u00e0 sa qualit\u00e9 quasiment parfaite, sa r\u00e9sistance au temps et \u00e0 l\u2019eau.\",\"breadcrumb\":{\"@id\":\"https:\\\/\\\/comarbois.com\\\/en\\\/produit\\\/pin-doregon\\\/#breadcrumb\"},\"inLanguage\":\"en-US\",\"potentialAction\":[{\"@type\":\"ReadAction\",\"target\":[[\"https:\\\/\\\/comarbois.com\\\/en\\\/produit\\\/pin-doregon\\\/\"]]}]},{\"@type\":\"ImageObject\",\"inLanguage\":\"en-US\",\"@id\":\"https:\\\/\\\/comarbois.com\\\/en\\\/produit\\\/pin-doregon\\\/#primaryimage\",\"url\":\"https:\\\/\\\/comarbois.com\\\/wp-content\\\/uploads\\\/2022\\\/05\\\/Oregon-pine-2.jpg\",\"contentUrl\":\"https:\\\/\\\/comarbois.com\\\/wp-content\\\/uploads\\\/2022\\\/05\\\/Oregon-pine-2.jpg\",\"width\":900,\"height\":900,\"caption\":\"(Fran\u00e7ais) Vous retrouvez chez Comarbois le pin d\u2019oregon pour vos diff\u00e9rentes applications menuiserie int\u00e9rieure & ext\u00e9rieure, fabrication de meubles, mobiliers, parquets, \u00e9b\u00e9nisterie, bardage, lambris\"},{\"@type\":\"BreadcrumbList\",\"@id\":\"https:\\\/\\\/comarbois.com\\\/en\\\/produit\\\/pin-doregon\\\/#breadcrumb\",\"itemListElement\":[{\"@type\":\"ListItem\",\"position\":1,\"name\":\"Accueil\",\"item\":\"https:\\\/\\\/comarbois.com\\\/en\\\/\"},{\"@type\":\"ListItem\",\"position\":2,\"name\":\"Produits\",\"item\":\"https:\\\/\\\/comarbois.com\\\/en\\\/boutique\\\/\"},{\"@type\":\"ListItem\",\"position\":3,\"name\":\"PIN D\u2019OREGON\"}]},{\"@type\":\"WebSite\",\"@id\":\"https:\\\/\\\/comarbois.com\\\/en\\\/#website\",\"url\":\"https:\\\/\\\/comarbois.com\\\/en\\\/\",\"name\":\"Comarbois\",\"description\":\"\",\"publisher\":{\"@id\":\"https:\\\/\\\/comarbois.com\\\/en\\\/#organization\"},\"potentialAction\":[{\"@type\":\"SearchAction\",\"target\":{\"@type\":\"EntryPoint\",\"urlTemplate\":\"https:\\\/\\\/comarbois.com\\\/en\\\/?s={search_term_string}\"},\"query-input\":{\"@type\":\"PropertyValueSpecification\",\"valueRequired\":true,\"valueName\":\"search_term_string\"}}],\"inLanguage\":\"en-US\"},{\"@type\":\"Organization\",\"@id\":\"https:\\\/\\\/comarbois.com\\\/en\\\/#organization\",\"name\":\"Comarbois\",\"url\":\"https:\\\/\\\/comarbois.com\\\/en\\\/\",\"logo\":{\"@type\":\"ImageObject\",\"inLanguage\":\"en-US\",\"@id\":\"https:\\\/\\\/comarbois.com\\\/en\\\/#\\\/schema\\\/logo\\\/image\\\/\",\"url\":\"https:\\\/\\\/comarbois.com\\\/wp-content\\\/uploads\\\/2021\\\/03\\\/LOGO-COMARBOIS-H-RVB.png\",\"contentUrl\":\"https:\\\/\\\/comarbois.com\\\/wp-content\\\/uploads\\\/2021\\\/03\\\/LOGO-COMARBOIS-H-RVB.png\",\"width\":3543,\"height\":1210,\"caption\":\"Comarbois\"},\"image\":{\"@id\":\"https:\\\/\\\/comarbois.com\\\/en\\\/#\\\/schema\\\/logo\\\/image\\\/\"},\"sameAs\":[\"https:\\\/\\\/www.facebook.com\\\/comarbois\\\/\",\"https:\\\/\\\/www.linkedin.com\\\/company\\\/3057658\\\/\",\"https:\\\/\\\/www.instagram.com\\\/comarbois\\\/\"]}]}<\/script>\n<!-- \/ Yoast SEO plugin. -->","yoast_head_json":{"title":"OREGON PINE &#8211; Comarbois","description":"Un incontournable pour les professionnels de l\u2019am\u00e9nagement ext\u00e9rieur gr\u00e2ce \u00e0 sa qualit\u00e9 quasiment parfaite, sa r\u00e9sistance au temps et \u00e0 l\u2019eau.","robots":{"index":"index","follow":"follow","max-snippet":"max-snippet:-1","max-image-preview":"max-image-preview:large","max-video-preview":"max-video-preview:-1"},"canonical":"https:\/\/comarbois.com\/en\/produit\/pin-doregon\/","og_locale":"en_US","og_type":"article","og_title":"OREGON PINE &#8211; Comarbois","og_description":"Un incontournable pour les professionnels de l\u2019am\u00e9nagement ext\u00e9rieur gr\u00e2ce \u00e0 sa qualit\u00e9 quasiment parfaite, sa r\u00e9sistance au temps et \u00e0 l\u2019eau.","og_url":"https:\/\/comarbois.com\/en\/produit\/pin-doregon\/","og_site_name":"Comarbois","article_publisher":"https:\/\/www.facebook.com\/comarbois\/","article_modified_time":"2025-10-09T09:38:08+00:00","og_image":[{"width":900,"height":900,"url":"https:\/\/comarbois.com\/wp-content\/uploads\/2022\/05\/Oregon-pine-2.jpg","type":"image\/jpeg"}],"twitter_card":"summary_large_image","twitter_misc":{"Est. reading time":"3 minutes"},"schema":{"@context":"https:\/\/schema.org","@graph":[{"@type":"WebPage","@id":"https:\/\/comarbois.com\/en\/produit\/pin-doregon\/","url":"https:\/\/comarbois.com\/en\/produit\/pin-doregon\/","name":"OREGON PINE &#8211; Comarbois","isPartOf":{"@id":"https:\/\/comarbois.com\/en\/#website"},"primaryImageOfPage":{"@id":"https:\/\/comarbois.com\/en\/produit\/pin-doregon\/#primaryimage"},"image":{"@id":"https:\/\/comarbois.com\/produit\/pin-doregon\/#primaryimage"},"thumbnailUrl":"https:\/\/comarbois.com\/wp-content\/uploads\/2022\/05\/Oregon-pine-2.jpg","datePublished":"2022-03-23T09:54:12+00:00","dateModified":"2025-10-09T09:38:08+00:00","description":"Un incontournable pour les professionnels de l\u2019am\u00e9nagement ext\u00e9rieur gr\u00e2ce \u00e0 sa qualit\u00e9 quasiment parfaite, sa r\u00e9sistance au temps et \u00e0 l\u2019eau.","breadcrumb":{"@id":"https:\/\/comarbois.com\/en\/produit\/pin-doregon\/#breadcrumb"},"inLanguage":"en-US","potentialAction":[{"@type":"ReadAction","target":[["https:\/\/comarbois.com\/en\/produit\/pin-doregon\/"]]}]},{"@type":"ImageObject","inLanguage":"en-US","@id":"https:\/\/comarbois.com\/en\/produit\/pin-doregon\/#primaryimage","url":"https:\/\/comarbois.com\/wp-content\/uploads\/2022\/05\/Oregon-pine-2.jpg","contentUrl":"https:\/\/comarbois.com\/wp-content\/uploads\/2022\/05\/Oregon-pine-2.jpg","width":900,"height":900,"caption":"(Fran\u00e7ais) Vous retrouvez chez Comarbois le pin d\u2019oregon pour vos diff\u00e9rentes applications menuiserie int\u00e9rieure & ext\u00e9rieure, fabrication de meubles, mobiliers, parquets, \u00e9b\u00e9nisterie, bardage, lambris"},{"@type":"BreadcrumbList","@id":"https:\/\/comarbois.com\/en\/produit\/pin-doregon\/#breadcrumb","itemListElement":[{"@type":"ListItem","position":1,"name":"Accueil","item":"https:\/\/comarbois.com\/en\/"},{"@type":"ListItem","position":2,"name":"Produits","item":"https:\/\/comarbois.com\/en\/boutique\/"},{"@type":"ListItem","position":3,"name":"PIN D\u2019OREGON"}]},{"@type":"WebSite","@id":"https:\/\/comarbois.com\/en\/#website","url":"https:\/\/comarbois.com\/en\/","name":"Comarbois","description":"","publisher":{"@id":"https:\/\/comarbois.com\/en\/#organization"},"potentialAction":[{"@type":"SearchAction","target":{"@type":"EntryPoint","urlTemplate":"https:\/\/comarbois.com\/en\/?s={search_term_string}"},"query-input":{"@type":"PropertyValueSpecification","valueRequired":true,"valueName":"search_term_string"}}],"inLanguage":"en-US"},{"@type":"Organization","@id":"https:\/\/comarbois.com\/en\/#organization","name":"Comarbois","url":"https:\/\/comarbois.com\/en\/","logo":{"@type":"ImageObject","inLanguage":"en-US","@id":"https:\/\/comarbois.com\/en\/#\/schema\/logo\/image\/","url":"https:\/\/comarbois.com\/wp-content\/uploads\/2021\/03\/LOGO-COMARBOIS-H-RVB.png","contentUrl":"https:\/\/comarbois.com\/wp-content\/uploads\/2021\/03\/LOGO-COMARBOIS-H-RVB.png","width":3543,"height":1210,"caption":"Comarbois"},"image":{"@id":"https:\/\/comarbois.com\/en\/#\/schema\/logo\/image\/"},"sameAs":["https:\/\/www.facebook.com\/comarbois\/","https:\/\/www.linkedin.com\/company\/3057658\/","https:\/\/www.instagram.com\/comarbois\/"]}]}},"_links":{"self":[{"href":"https:\/\/comarbois.com\/en\/wp-json\/wp\/v2\/product\/19979","targetHints":{"allow":["GET"]}}],"collection":[{"href":"https:\/\/comarbois.com\/en\/wp-json\/wp\/v2\/product"}],"about":[{"href":"https:\/\/comarbois.com\/en\/wp-json\/wp\/v2\/types\/product"}],"wp:featuredmedia":[{"embeddable":true,"href":"https:\/\/comarbois.com\/en\/wp-json\/wp\/v2\/media\/21369"}],"wp:attachment":[{"href":"https:\/\/comarbois.com\/en\/wp-json\/wp\/v2\/media?parent=19979"}],"wp:term":[{"taxonomy":"product_brand","embeddable":true,"href":"https:\/\/comarbois.com\/en\/wp-json\/wp\/v2\/product_brand?post=19979"},{"taxonomy":"product_cat","embeddable":true,"href":"https:\/\/comarbois.com\/en\/wp-json\/wp\/v2\/product_cat?post=19979"},{"taxonomy":"product_tag","embeddable":true,"href":"https:\/\/comarbois.com\/en\/wp-json\/wp\/v2\/product_tag?post=19979"}],"curies":[{"name":"wp","href":"https:\/\/api.w.org\/{rel}","templated":true}]}}