{"id":19977,"date":"2022-03-23T10:48:41","date_gmt":"2022-03-23T09:48:41","guid":{"rendered":"https:\/\/comarbois.com\/?post_type=product&#038;p=19977"},"modified":"2022-09-14T14:01:27","modified_gmt":"2022-09-14T13:01:27","slug":"poutres-h20-panneaux-triplis","status":"publish","type":"product","link":"https:\/\/comarbois.com\/en\/produit\/poutres-h20-panneaux-triplis\/","title":{"rendered":"H20 BEAMS &#038; SHUTTERING PANELS"},"content":{"rendered":"<p>[vc_row gap=&#8221;35&#8243; woodmart_css_id=&#8221;62914109c4dfa&#8221; responsive_spacing=&#8221;eyJwYXJhbV90eXBlIjoid29vZG1hcnRfcmVzcG9uc2l2ZV9zcGFjaW5nIiwic2VsZWN0b3JfaWQiOiI2MjkxNDEwOWM0ZGZhIiwic2hvcnRjb2RlIjoidmNfcm93IiwiZGF0YSI6eyJ0YWJsZXQiOnt9LCJtb2JpbGUiOnt9fX0=&#8221; mobile_bg_img_hidden=&#8221;no&#8221; tablet_bg_img_hidden=&#8221;no&#8221; woodmart_parallax=&#8221;0&#8243; woodmart_gradient_switch=&#8221;no&#8221; woodmart_box_shadow=&#8221;no&#8221; wd_z_index=&#8221;no&#8221; woodmart_disable_overflow=&#8221;0&#8243; row_reverse_mobile=&#8221;0&#8243; row_reverse_tablet=&#8221;0&#8243;][vc_column width=&#8221;1\/3&#8243;][vc_column_text woodmart_inline=&#8221;no&#8221; text_larger=&#8221;no&#8221;]<strong>DESCRIPTION<\/strong><br \/>\n<span class=\"VIiyi\" lang=\"en\"><span class=\"JLqJ4b ChMk0b\" data-language-for-alternatives=\"en\" data-language-to-translate-into=\"fr\" data-phrase-index=\"0\" data-number-of-phrases=\"3\"><span class=\"Q4iAWc\">Comarbois has introduced revolutionary products in the field of construction: the H20 beam &amp; the formwork panel.<\/span><\/span> <span class=\"JLqJ4b ChMk0b\" data-language-for-alternatives=\"en\" data-language-to-translate-into=\"fr\" data-phrase-index=\"1\" data-number-of-phrases=\"3\"><span class=\"Q4iAWc\">Used massively in several European countries, the United States and the Middle East, they represent the best &#8220;formwork solution&#8221; whose products can be reused several times, thus allowing the optimization of construction costs.<\/span><\/span> <span class=\"JLqJ4b ChMk0b\" data-language-for-alternatives=\"en\" data-language-to-translate-into=\"fr\" data-phrase-index=\"2\" data-number-of-phrases=\"3\"><span class=\"Q4iAWc\">An advantage not to be overlooked.<\/span><\/span><\/span>[\/vc_column_text][vc_btn title=&#8221;DOWNLOAD FACT SHEET&#8221; shape=&#8221;square&#8221; i_icon_fontawesome=&#8221;fas fa-paperclip&#8221; css_animation=&#8221;bounceInDown&#8221; add_icon=&#8221;true&#8221; link=&#8221;url:http%3A%2F%2Fcomarbois.com%2Fwp-content%2Fuploads%2F2022%2F05%2FFICHE_POUTRES-H20-TRIPLIS-.pdf|target:_blank&#8221;][\/vc_column][vc_column width=&#8221;1\/3&#8243;][vc_column_text woodmart_inline=&#8221;no&#8221; text_larger=&#8221;no&#8221;]<strong>SIZES H20 BEAMS<\/strong><br \/>\n\u2192 With Protections<br \/>\n1,95 \/ 2.90 m \/ 3.90 m*<\/p>\n<div class=\"page\" title=\"Page 1\">\n<div class=\"section\">\n<div class=\"layoutArea\">\n<div class=\"column\">\n<p><em>*Other sizes on demand.<br \/>\n<\/em><\/p>\n<\/div>\n<\/div>\n<\/div>\n<\/div>\n<p>[\/vc_column_text][vc_single_image image=&#8221;19720&#8243; img_size=&#8221;medium&#8221; css_animation=&#8221;bounceIn&#8221; parallax_scroll=&#8221;no&#8221; woodmart_inline=&#8221;no&#8221;][\/vc_column][vc_column width=&#8221;1\/3&#8243;][vc_column_text woodmart_inline=&#8221;no&#8221; text_larger=&#8221;no&#8221;]<strong>SHUTTERING PANELS<\/strong><br \/>\n970 mm x 500 mm x 27 mm<br \/>\n1970 mm x 500 mm x 27 mm<br \/>\n1975 mm x 500 mm x 27 mm<br \/>\n2000 mm x 500 mm x 27 mm[\/vc_column_text][vc_single_image image=&#8221;19722&#8243; img_size=&#8221;medium&#8221; css_animation=&#8221;bounceIn&#8221; parallax_scroll=&#8221;no&#8221; woodmart_inline=&#8221;no&#8221;][\/vc_column][\/vc_row]<\/p>","protected":false},"excerpt":{"rendered":"<p>[vc_row gap=&#8221;35&#8243; woodmart_css_id=&#8221;62914109c4dfa&#8221; responsive_spacing=&#8221;eyJwYXJhbV90eXBlIjoid29vZG1hcnRfcmVzcG9uc2l2ZV9zcGFjaW5nIiwic2VsZWN0b3JfaWQiOiI2MjkxNDEwOWM0ZGZhIiwic2hvcnRjb2RlIjoidmNfcm93IiwiZGF0YSI6eyJ0YWJsZXQiOnt9LCJtb2JpbGUiOnt9fX0=&#8221; mobile_bg_img_hidden=&#8221;no&#8221; tablet_bg_img_hidden=&#8221;no&#8221; woodmart_parallax=&#8221;0&#8243; woodmart_gradient_switch=&#8221;no&#8221; woodmart_box_shadow=&#8221;no&#8221; wd_z_index=&#8221;no&#8221; woodmart_disable_overflow=&#8221;0&#8243; row_reverse_mobile=&#8221;0&#8243; row_reverse_tablet=&#8221;0&#8243;][vc_column width=&#8221;1\/3&#8243;][vc_column_text woodmart_inline=&#8221;no&#8221; text_larger=&#8221;no&#8221;]DESCRIPTION Comarbois has introduced revolutionary<\/p>\n","protected":false},"featured_media":21403,"template":"","meta":[],"product_cat":[242,310,241,312],"product_tag":[],"class_list":{"0":"post-19977","1":"product","2":"type-product","3":"status-publish","4":"has-post-thumbnail","6":"product_cat-bois-de-menuiserie-industriels","7":"product_cat-panneaux-decoratifs-industriels","8":"product_cat-produits-de-coffrage","9":"product_cat-tout-afficher","11":"first","12":"instock","13":"shipping-taxable","14":"purchasable","15":"product-type-simple"},"yoast_head":"<!-- This site is optimized with the Yoast SEO plugin v23.5 - https:\/\/yoast.com\/wordpress\/plugins\/seo\/ -->\n<title>H20 BEAMS &amp; SHUTTERING PANELS &#8211; Comarbois<\/title>\n<meta name=\"description\" content=\"La meilleure &quot;solution coffrage&quot; avec des produits pouvant e\u0302tre utilise\u0301s a\u0300 plusieurs reprises et permettant l\u2019optimisation des cou\u0302ts de construction.\" \/>\n<meta name=\"robots\" content=\"index, follow, max-snippet:-1, max-image-preview:large, max-video-preview:-1\" \/>\n<link rel=\"canonical\" href=\"https:\/\/comarbois.com\/en\/produit\/poutres-h20-panneaux-triplis\/\" \/>\n<meta property=\"og:locale\" content=\"en_US\" \/>\n<meta property=\"og:type\" content=\"article\" \/>\n<meta property=\"og:title\" content=\"H20 BEAMS &amp; SHUTTERING PANELS &#8211; Comarbois\" \/>\n<meta property=\"og:description\" content=\"La meilleure &quot;solution coffrage&quot; avec des produits pouvant e\u0302tre utilise\u0301s a\u0300 plusieurs reprises et permettant l\u2019optimisation des cou\u0302ts de construction.\" \/>\n<meta property=\"og:url\" content=\"https:\/\/comarbois.com\/en\/produit\/poutres-h20-panneaux-triplis\/\" \/>\n<meta property=\"og:site_name\" content=\"Comarbois\" \/>\n<meta property=\"article:publisher\" content=\"https:\/\/www.facebook.com\/comarbois\/\" \/>\n<meta property=\"article:modified_time\" content=\"2022-09-14T13:01:27+00:00\" \/>\n<meta property=\"og:image\" content=\"https:\/\/comarbois.com\/wp-content\/uploads\/2022\/05\/H20-1.jpg\" \/>\n\t<meta property=\"og:image:width\" content=\"667\" \/>\n\t<meta property=\"og:image:height\" content=\"667\" \/>\n\t<meta property=\"og:image:type\" content=\"image\/jpeg\" \/>\n<meta name=\"twitter:card\" content=\"summary_large_image\" \/>\n<meta name=\"twitter:label1\" content=\"Est. reading time\" \/>\n\t<meta name=\"twitter:data1\" content=\"3 minutes\" \/>\n<script type=\"application\/ld+json\" class=\"yoast-schema-graph\">{\"@context\":\"https:\/\/schema.org\",\"@graph\":[{\"@type\":\"WebPage\",\"@id\":\"https:\/\/comarbois.com\/en\/produit\/poutres-h20-panneaux-triplis\/\",\"url\":\"https:\/\/comarbois.com\/en\/produit\/poutres-h20-panneaux-triplis\/\",\"name\":\"H20 BEAMS & SHUTTERING PANELS &#8211; Comarbois\",\"isPartOf\":{\"@id\":\"https:\/\/comarbois.com\/en\/#website\"},\"primaryImageOfPage\":{\"@id\":\"https:\/\/comarbois.com\/en\/produit\/poutres-h20-panneaux-triplis\/#primaryimage\"},\"image\":{\"@id\":\"https:\/\/comarbois.com\/produit\/poutres-h20-panneaux-triplis\/#primaryimage\"},\"thumbnailUrl\":\"https:\/\/comarbois.com\/wp-content\/uploads\/2022\/05\/H20-1.jpg\",\"datePublished\":\"2022-03-23T09:48:41+00:00\",\"dateModified\":\"2022-09-14T13:01:27+00:00\",\"description\":\"La meilleure \\\"solution coffrage\\\" avec des produits pouvant e\u0302tre utilise\u0301s a\u0300 plusieurs reprises et permettant l\u2019optimisation des cou\u0302ts de construction.\",\"breadcrumb\":{\"@id\":\"https:\/\/comarbois.com\/en\/produit\/poutres-h20-panneaux-triplis\/#breadcrumb\"},\"inLanguage\":\"en-US\",\"potentialAction\":[{\"@type\":\"ReadAction\",\"target\":[[\"https:\/\/comarbois.com\/en\/produit\/poutres-h20-panneaux-triplis\/\"]]}]},{\"@type\":\"ImageObject\",\"inLanguage\":\"en-US\",\"@id\":\"https:\/\/comarbois.com\/en\/produit\/poutres-h20-panneaux-triplis\/#primaryimage\",\"url\":\"https:\/\/comarbois.com\/wp-content\/uploads\/2022\/05\/H20-1.jpg\",\"contentUrl\":\"https:\/\/comarbois.com\/wp-content\/uploads\/2022\/05\/H20-1.jpg\",\"width\":667,\"height\":667,\"caption\":\"(Fran\u00e7ais) Comarbois vous propose les meilleures solutions de coffrage avec la possibilit\u00e9 de r\u00e9utilisation, pour une meilleure qualit\u00e9 et optimisation des co\u00fbts\"},{\"@type\":\"BreadcrumbList\",\"@id\":\"https:\/\/comarbois.com\/en\/produit\/poutres-h20-panneaux-triplis\/#breadcrumb\",\"itemListElement\":[{\"@type\":\"ListItem\",\"position\":1,\"name\":\"Accueil\",\"item\":\"https:\/\/comarbois.com\/en\/\"},{\"@type\":\"ListItem\",\"position\":2,\"name\":\"Produits\",\"item\":\"https:\/\/comarbois.com\/en\/boutique\/\"},{\"@type\":\"ListItem\",\"position\":3,\"name\":\"POUTRES H20 &#038; PANNEAUX TRIPLIS\"}]},{\"@type\":\"WebSite\",\"@id\":\"https:\/\/comarbois.com\/en\/#website\",\"url\":\"https:\/\/comarbois.com\/en\/\",\"name\":\"Comarbois\",\"description\":\"\",\"publisher\":{\"@id\":\"https:\/\/comarbois.com\/en\/#organization\"},\"potentialAction\":[{\"@type\":\"SearchAction\",\"target\":{\"@type\":\"EntryPoint\",\"urlTemplate\":\"https:\/\/comarbois.com\/en\/?s={search_term_string}\"},\"query-input\":{\"@type\":\"PropertyValueSpecification\",\"valueRequired\":true,\"valueName\":\"search_term_string\"}}],\"inLanguage\":\"en-US\"},{\"@type\":\"Organization\",\"@id\":\"https:\/\/comarbois.com\/en\/#organization\",\"name\":\"Comarbois\",\"url\":\"https:\/\/comarbois.com\/en\/\",\"logo\":{\"@type\":\"ImageObject\",\"inLanguage\":\"en-US\",\"@id\":\"https:\/\/comarbois.com\/en\/#\/schema\/logo\/image\/\",\"url\":\"https:\/\/comarbois.com\/wp-content\/uploads\/2021\/03\/LOGO-COMARBOIS-H-RVB.png\",\"contentUrl\":\"https:\/\/comarbois.com\/wp-content\/uploads\/2021\/03\/LOGO-COMARBOIS-H-RVB.png\",\"width\":3543,\"height\":1210,\"caption\":\"Comarbois\"},\"image\":{\"@id\":\"https:\/\/comarbois.com\/en\/#\/schema\/logo\/image\/\"},\"sameAs\":[\"https:\/\/www.facebook.com\/comarbois\/\",\"https:\/\/www.linkedin.com\/company\/3057658\/\",\"https:\/\/www.instagram.com\/comarbois\/\"]}]}<\/script>\n<!-- \/ Yoast SEO plugin. -->","yoast_head_json":{"title":"H20 BEAMS & SHUTTERING PANELS &#8211; Comarbois","description":"La meilleure \"solution coffrage\" avec des produits pouvant e\u0302tre utilise\u0301s a\u0300 plusieurs reprises et permettant l\u2019optimisation des cou\u0302ts de construction.","robots":{"index":"index","follow":"follow","max-snippet":"max-snippet:-1","max-image-preview":"max-image-preview:large","max-video-preview":"max-video-preview:-1"},"canonical":"https:\/\/comarbois.com\/en\/produit\/poutres-h20-panneaux-triplis\/","og_locale":"en_US","og_type":"article","og_title":"H20 BEAMS & SHUTTERING PANELS &#8211; Comarbois","og_description":"La meilleure \"solution coffrage\" avec des produits pouvant e\u0302tre utilise\u0301s a\u0300 plusieurs reprises et permettant l\u2019optimisation des cou\u0302ts de construction.","og_url":"https:\/\/comarbois.com\/en\/produit\/poutres-h20-panneaux-triplis\/","og_site_name":"Comarbois","article_publisher":"https:\/\/www.facebook.com\/comarbois\/","article_modified_time":"2022-09-14T13:01:27+00:00","og_image":[{"width":667,"height":667,"url":"https:\/\/comarbois.com\/wp-content\/uploads\/2022\/05\/H20-1.jpg","type":"image\/jpeg"}],"twitter_card":"summary_large_image","twitter_misc":{"Est. reading time":"3 minutes"},"schema":{"@context":"https:\/\/schema.org","@graph":[{"@type":"WebPage","@id":"https:\/\/comarbois.com\/en\/produit\/poutres-h20-panneaux-triplis\/","url":"https:\/\/comarbois.com\/en\/produit\/poutres-h20-panneaux-triplis\/","name":"H20 BEAMS & SHUTTERING PANELS &#8211; Comarbois","isPartOf":{"@id":"https:\/\/comarbois.com\/en\/#website"},"primaryImageOfPage":{"@id":"https:\/\/comarbois.com\/en\/produit\/poutres-h20-panneaux-triplis\/#primaryimage"},"image":{"@id":"https:\/\/comarbois.com\/produit\/poutres-h20-panneaux-triplis\/#primaryimage"},"thumbnailUrl":"https:\/\/comarbois.com\/wp-content\/uploads\/2022\/05\/H20-1.jpg","datePublished":"2022-03-23T09:48:41+00:00","dateModified":"2022-09-14T13:01:27+00:00","description":"La meilleure \"solution coffrage\" avec des produits pouvant e\u0302tre utilise\u0301s a\u0300 plusieurs reprises et permettant l\u2019optimisation des cou\u0302ts de construction.","breadcrumb":{"@id":"https:\/\/comarbois.com\/en\/produit\/poutres-h20-panneaux-triplis\/#breadcrumb"},"inLanguage":"en-US","potentialAction":[{"@type":"ReadAction","target":[["https:\/\/comarbois.com\/en\/produit\/poutres-h20-panneaux-triplis\/"]]}]},{"@type":"ImageObject","inLanguage":"en-US","@id":"https:\/\/comarbois.com\/en\/produit\/poutres-h20-panneaux-triplis\/#primaryimage","url":"https:\/\/comarbois.com\/wp-content\/uploads\/2022\/05\/H20-1.jpg","contentUrl":"https:\/\/comarbois.com\/wp-content\/uploads\/2022\/05\/H20-1.jpg","width":667,"height":667,"caption":"(Fran\u00e7ais) Comarbois vous propose les meilleures solutions de coffrage avec la possibilit\u00e9 de r\u00e9utilisation, pour une meilleure qualit\u00e9 et optimisation des co\u00fbts"},{"@type":"BreadcrumbList","@id":"https:\/\/comarbois.com\/en\/produit\/poutres-h20-panneaux-triplis\/#breadcrumb","itemListElement":[{"@type":"ListItem","position":1,"name":"Accueil","item":"https:\/\/comarbois.com\/en\/"},{"@type":"ListItem","position":2,"name":"Produits","item":"https:\/\/comarbois.com\/en\/boutique\/"},{"@type":"ListItem","position":3,"name":"POUTRES H20 &#038; PANNEAUX TRIPLIS"}]},{"@type":"WebSite","@id":"https:\/\/comarbois.com\/en\/#website","url":"https:\/\/comarbois.com\/en\/","name":"Comarbois","description":"","publisher":{"@id":"https:\/\/comarbois.com\/en\/#organization"},"potentialAction":[{"@type":"SearchAction","target":{"@type":"EntryPoint","urlTemplate":"https:\/\/comarbois.com\/en\/?s={search_term_string}"},"query-input":{"@type":"PropertyValueSpecification","valueRequired":true,"valueName":"search_term_string"}}],"inLanguage":"en-US"},{"@type":"Organization","@id":"https:\/\/comarbois.com\/en\/#organization","name":"Comarbois","url":"https:\/\/comarbois.com\/en\/","logo":{"@type":"ImageObject","inLanguage":"en-US","@id":"https:\/\/comarbois.com\/en\/#\/schema\/logo\/image\/","url":"https:\/\/comarbois.com\/wp-content\/uploads\/2021\/03\/LOGO-COMARBOIS-H-RVB.png","contentUrl":"https:\/\/comarbois.com\/wp-content\/uploads\/2021\/03\/LOGO-COMARBOIS-H-RVB.png","width":3543,"height":1210,"caption":"Comarbois"},"image":{"@id":"https:\/\/comarbois.com\/en\/#\/schema\/logo\/image\/"},"sameAs":["https:\/\/www.facebook.com\/comarbois\/","https:\/\/www.linkedin.com\/company\/3057658\/","https:\/\/www.instagram.com\/comarbois\/"]}]}},"_links":{"self":[{"href":"https:\/\/comarbois.com\/en\/wp-json\/wp\/v2\/product\/19977","targetHints":{"allow":["GET"]}}],"collection":[{"href":"https:\/\/comarbois.com\/en\/wp-json\/wp\/v2\/product"}],"about":[{"href":"https:\/\/comarbois.com\/en\/wp-json\/wp\/v2\/types\/product"}],"wp:featuredmedia":[{"embeddable":true,"href":"https:\/\/comarbois.com\/en\/wp-json\/wp\/v2\/media\/21403"}],"wp:attachment":[{"href":"https:\/\/comarbois.com\/en\/wp-json\/wp\/v2\/media?parent=19977"}],"wp:term":[{"taxonomy":"product_cat","embeddable":true,"href":"https:\/\/comarbois.com\/en\/wp-json\/wp\/v2\/product_cat?post=19977"},{"taxonomy":"product_tag","embeddable":true,"href":"https:\/\/comarbois.com\/en\/wp-json\/wp\/v2\/product_tag?post=19977"}],"curies":[{"name":"wp","href":"https:\/\/api.w.org\/{rel}","templated":true}]}}