{"id":19975,"date":"2022-03-23T10:43:57","date_gmt":"2022-03-23T09:43:57","guid":{"rendered":"https:\/\/comarbois.com\/?post_type=product&#038;p=19975"},"modified":"2022-09-14T14:01:27","modified_gmt":"2022-09-14T13:01:27","slug":"corrugated-galvanized-sheets","status":"publish","type":"product","link":"https:\/\/comarbois.com\/en\/produit\/corrugated-galvanized-sheets\/","title":{"rendered":"CORRUGATED GALVANIZED SHEETS"},"content":{"rendered":"<p>[vc_row gap=&#8221;35&#8243; woodmart_css_id=&#8221;62927ef94ed56&#8243; responsive_spacing=&#8221;eyJwYXJhbV90eXBlIjoid29vZG1hcnRfcmVzcG9uc2l2ZV9zcGFjaW5nIiwic2VsZWN0b3JfaWQiOiI2MjkyN2VmOTRlZDU2Iiwic2hvcnRjb2RlIjoidmNfcm93IiwiZGF0YSI6eyJ0YWJsZXQiOnt9LCJtb2JpbGUiOnt9fX0=&#8221; mobile_bg_img_hidden=&#8221;no&#8221; tablet_bg_img_hidden=&#8221;no&#8221; woodmart_parallax=&#8221;0&#8243; woodmart_gradient_switch=&#8221;no&#8221; woodmart_box_shadow=&#8221;no&#8221; wd_z_index=&#8221;no&#8221; woodmart_disable_overflow=&#8221;0&#8243; row_reverse_mobile=&#8221;0&#8243; row_reverse_tablet=&#8221;0&#8243;][vc_column width=&#8221;1\/3&#8243;][vc_column_text woodmart_inline=&#8221;no&#8221; text_larger=&#8221;no&#8221;]<strong>DESCRIPTION<\/strong><br \/>\n<span class=\"VIiyi\" lang=\"en\"><span class=\"JLqJ4b ChMk0b\" data-language-for-alternatives=\"en\" data-language-to-translate-into=\"fr\" data-phrase-index=\"0\" data-number-of-phrases=\"2\"><span class=\"Q4iAWc\">Manufactured from hot-dip galvanized and cold-rolled steel sheets to give them a corrugated profile, the sheets can be used for both new construction and renovation: roofing and cladding (garages, storage sheds),<\/span><\/span> <span class=\"JLqJ4b ChMk0b\" data-language-for-alternatives=\"en\" data-language-to-translate-into=\"fr\" data-phrase-index=\"1\" data-number-of-phrases=\"2\"><span class=\"Q4iAWc\">construction palisades, garden sheds, etc&#8230; Our galvanized sheets, flat or corrugated, are available in several sizes according to your desires and needs.<\/span><\/span><\/span><\/p>\n<p><strong>ORIGINS<\/strong><br \/>\nMorocco, France, India, China<\/p>\n<p><strong>COMPONENT<\/strong><br \/>\nGalvanized steel[\/vc_column_text][\/vc_column][vc_column width=&#8221;1\/3&#8243;][vc_column_text woodmart_inline=&#8221;no&#8221; text_larger=&#8221;no&#8221;]<strong>LENGHTS (mm)*<\/strong><br \/>\n2000 \/ 2500 \/ 3000<\/p>\n<p><strong>WIDTHS (mm)*<\/strong><br \/>\n980 \/ 1000<\/p>\n<p><strong>THICKNESSES (mm)*<\/strong><br \/>\n0,2 \/ 0,3 \/ 0,4 \/ 0,5<\/p>\n<p><em>*More sizes available on demand.<\/em>[\/vc_column_text][vc_btn title=&#8221;DOWNLOAD FACT SHEET&#8221; shape=&#8221;square&#8221; i_icon_fontawesome=&#8221;fas fa-paperclip&#8221; css_animation=&#8221;bounceIn&#8221; add_icon=&#8221;true&#8221; link=&#8221;url:http%3A%2F%2Fcomarbois.com%2Fwp-content%2Fuploads%2F2022%2F05%2FFICHE_TOLE.pdf|target:_blank&#8221;][\/vc_column][vc_column width=&#8221;1\/3&#8243;][vc_column_text woodmart_inline=&#8221;no&#8221; text_larger=&#8221;no&#8221;]<strong>USES<\/strong><br \/>\nAgricultural crop protection, coverings, siding, construction site fences, garden sheds.<\/p>\n<p><strong>MORE DETAILS<\/strong><br \/>\n<a href=\"https:\/\/comarbois.com\/wp-content\/uploads\/2017\/02\/BATIFER.pdf\">BATIFER Brochure<\/a>[\/vc_column_text][vc_single_image image=&#8221;21405&#8243; img_size=&#8221;medium&#8221; css_animation=&#8221;bounceIn&#8221; parallax_scroll=&#8221;no&#8221; woodmart_inline=&#8221;no&#8221;][\/vc_column][\/vc_row]<\/p>","protected":false},"excerpt":{"rendered":"<p>[vc_row gap=&#8221;35&#8243; woodmart_css_id=&#8221;62927ef94ed56&#8243; responsive_spacing=&#8221;eyJwYXJhbV90eXBlIjoid29vZG1hcnRfcmVzcG9uc2l2ZV9zcGFjaW5nIiwic2VsZWN0b3JfaWQiOiI2MjkyN2VmOTRlZDU2Iiwic2hvcnRjb2RlIjoidmNfcm93IiwiZGF0YSI6eyJ0YWJsZXQiOnt9LCJtb2JpbGUiOnt9fX0=&#8221; mobile_bg_img_hidden=&#8221;no&#8221; tablet_bg_img_hidden=&#8221;no&#8221; woodmart_parallax=&#8221;0&#8243; woodmart_gradient_switch=&#8221;no&#8221; woodmart_box_shadow=&#8221;no&#8221; wd_z_index=&#8221;no&#8221; woodmart_disable_overflow=&#8221;0&#8243; row_reverse_mobile=&#8221;0&#8243; row_reverse_tablet=&#8221;0&#8243;][vc_column width=&#8221;1\/3&#8243;][vc_column_text woodmart_inline=&#8221;no&#8221; text_larger=&#8221;no&#8221;]DESCRIPTION Manufactured from hot-dip galvanized<\/p>\n","protected":false},"featured_media":19976,"template":"","meta":[],"product_cat":[305,312],"product_tag":[],"class_list":{"0":"post-19975","1":"product","2":"type-product","3":"status-publish","4":"has-post-thumbnail","6":"product_cat-tole-fer-a-beton","7":"product_cat-tout-afficher","9":"first","10":"instock","11":"shipping-taxable","12":"purchasable","13":"product-type-simple"},"yoast_head":"<!-- This site is optimized with the Yoast SEO plugin v23.5 - https:\/\/yoast.com\/wordpress\/plugins\/seo\/ -->\n<title>CORRUGATED GALVANIZED SHEETS &#8211; Comarbois<\/title>\n<meta name=\"description\" content=\"Nos t\u00f4les galvanis\u00e9es, planes ou ondul\u00e9es, peuvent \u00eatre utilis\u00e9es aussi bien pour la construction neuve que pour la r\u00e9novation.\" \/>\n<meta name=\"robots\" content=\"index, follow, max-snippet:-1, max-image-preview:large, max-video-preview:-1\" \/>\n<link rel=\"canonical\" href=\"https:\/\/comarbois.com\/en\/produit\/corrugated-galvanized-sheets\/\" \/>\n<meta property=\"og:locale\" content=\"en_US\" \/>\n<meta property=\"og:type\" content=\"article\" \/>\n<meta property=\"og:title\" content=\"CORRUGATED GALVANIZED SHEETS &#8211; Comarbois\" \/>\n<meta property=\"og:description\" content=\"Nos t\u00f4les galvanis\u00e9es, planes ou ondul\u00e9es, peuvent \u00eatre utilis\u00e9es aussi bien pour la construction neuve que pour la r\u00e9novation.\" \/>\n<meta property=\"og:url\" content=\"https:\/\/comarbois.com\/en\/produit\/corrugated-galvanized-sheets\/\" \/>\n<meta property=\"og:site_name\" content=\"Comarbois\" \/>\n<meta property=\"article:publisher\" content=\"https:\/\/www.facebook.com\/comarbois\/\" \/>\n<meta property=\"article:modified_time\" content=\"2022-09-14T13:01:27+00:00\" \/>\n<meta property=\"og:image\" content=\"https:\/\/comarbois.com\/wp-content\/uploads\/2022\/03\/DSC0084-570x570-1.jpeg\" \/>\n\t<meta property=\"og:image:width\" content=\"570\" \/>\n\t<meta property=\"og:image:height\" content=\"570\" \/>\n\t<meta property=\"og:image:type\" content=\"image\/jpeg\" \/>\n<meta name=\"twitter:card\" content=\"summary_large_image\" \/>\n<meta name=\"twitter:label1\" content=\"Est. reading time\" \/>\n\t<meta name=\"twitter:data1\" content=\"3 minutes\" \/>\n<script type=\"application\/ld+json\" class=\"yoast-schema-graph\">{\"@context\":\"https:\/\/schema.org\",\"@graph\":[{\"@type\":\"WebPage\",\"@id\":\"https:\/\/comarbois.com\/en\/produit\/corrugated-galvanized-sheets\/\",\"url\":\"https:\/\/comarbois.com\/en\/produit\/corrugated-galvanized-sheets\/\",\"name\":\"CORRUGATED GALVANIZED SHEETS &#8211; Comarbois\",\"isPartOf\":{\"@id\":\"https:\/\/comarbois.com\/en\/#website\"},\"primaryImageOfPage\":{\"@id\":\"https:\/\/comarbois.com\/en\/produit\/corrugated-galvanized-sheets\/#primaryimage\"},\"image\":{\"@id\":\"https:\/\/comarbois.com\/produit\/corrugated-galvanized-sheets\/#primaryimage\"},\"thumbnailUrl\":\"https:\/\/comarbois.com\/wp-content\/uploads\/2022\/03\/DSC0084-570x570-1.jpeg\",\"datePublished\":\"2022-03-23T09:43:57+00:00\",\"dateModified\":\"2022-09-14T13:01:27+00:00\",\"description\":\"Nos t\u00f4les galvanis\u00e9es, planes ou ondul\u00e9es, peuvent \u00eatre utilis\u00e9es aussi bien pour la construction neuve que pour la r\u00e9novation.\",\"breadcrumb\":{\"@id\":\"https:\/\/comarbois.com\/en\/produit\/corrugated-galvanized-sheets\/#breadcrumb\"},\"inLanguage\":\"en-US\",\"potentialAction\":[{\"@type\":\"ReadAction\",\"target\":[[\"https:\/\/comarbois.com\/en\/produit\/corrugated-galvanized-sheets\/\"]]}]},{\"@type\":\"ImageObject\",\"inLanguage\":\"en-US\",\"@id\":\"https:\/\/comarbois.com\/en\/produit\/corrugated-galvanized-sheets\/#primaryimage\",\"url\":\"https:\/\/comarbois.com\/wp-content\/uploads\/2022\/03\/DSC0084-570x570-1.jpeg\",\"contentUrl\":\"https:\/\/comarbois.com\/wp-content\/uploads\/2022\/03\/DSC0084-570x570-1.jpeg\",\"width\":570,\"height\":570,\"caption\":\"(Fran\u00e7ais) Comarbois vous propose une large gamme de t\u00f4les galvanis\u00e9es planes ou ondul\u00e9es pour vos diff\u00e9rentes utilisations : Protection des r\u00e9coltes agricoles, couvertures, bardage, palissades de chantiers, abris de jardin\"},{\"@type\":\"BreadcrumbList\",\"@id\":\"https:\/\/comarbois.com\/en\/produit\/corrugated-galvanized-sheets\/#breadcrumb\",\"itemListElement\":[{\"@type\":\"ListItem\",\"position\":1,\"name\":\"Accueil\",\"item\":\"https:\/\/comarbois.com\/en\/\"},{\"@type\":\"ListItem\",\"position\":2,\"name\":\"Produits\",\"item\":\"https:\/\/comarbois.com\/en\/boutique\/\"},{\"@type\":\"ListItem\",\"position\":3,\"name\":\"T\u00d4LE ONDUL\u00c9E GALVANIS\u00c9E\"}]},{\"@type\":\"WebSite\",\"@id\":\"https:\/\/comarbois.com\/en\/#website\",\"url\":\"https:\/\/comarbois.com\/en\/\",\"name\":\"Comarbois\",\"description\":\"\",\"publisher\":{\"@id\":\"https:\/\/comarbois.com\/en\/#organization\"},\"potentialAction\":[{\"@type\":\"SearchAction\",\"target\":{\"@type\":\"EntryPoint\",\"urlTemplate\":\"https:\/\/comarbois.com\/en\/?s={search_term_string}\"},\"query-input\":{\"@type\":\"PropertyValueSpecification\",\"valueRequired\":true,\"valueName\":\"search_term_string\"}}],\"inLanguage\":\"en-US\"},{\"@type\":\"Organization\",\"@id\":\"https:\/\/comarbois.com\/en\/#organization\",\"name\":\"Comarbois\",\"url\":\"https:\/\/comarbois.com\/en\/\",\"logo\":{\"@type\":\"ImageObject\",\"inLanguage\":\"en-US\",\"@id\":\"https:\/\/comarbois.com\/en\/#\/schema\/logo\/image\/\",\"url\":\"https:\/\/comarbois.com\/wp-content\/uploads\/2021\/03\/LOGO-COMARBOIS-H-RVB.png\",\"contentUrl\":\"https:\/\/comarbois.com\/wp-content\/uploads\/2021\/03\/LOGO-COMARBOIS-H-RVB.png\",\"width\":3543,\"height\":1210,\"caption\":\"Comarbois\"},\"image\":{\"@id\":\"https:\/\/comarbois.com\/en\/#\/schema\/logo\/image\/\"},\"sameAs\":[\"https:\/\/www.facebook.com\/comarbois\/\",\"https:\/\/www.linkedin.com\/company\/3057658\/\",\"https:\/\/www.instagram.com\/comarbois\/\"]}]}<\/script>\n<!-- \/ Yoast SEO plugin. -->","yoast_head_json":{"title":"CORRUGATED GALVANIZED SHEETS &#8211; Comarbois","description":"Nos t\u00f4les galvanis\u00e9es, planes ou ondul\u00e9es, peuvent \u00eatre utilis\u00e9es aussi bien pour la construction neuve que pour la r\u00e9novation.","robots":{"index":"index","follow":"follow","max-snippet":"max-snippet:-1","max-image-preview":"max-image-preview:large","max-video-preview":"max-video-preview:-1"},"canonical":"https:\/\/comarbois.com\/en\/produit\/corrugated-galvanized-sheets\/","og_locale":"en_US","og_type":"article","og_title":"CORRUGATED GALVANIZED SHEETS &#8211; Comarbois","og_description":"Nos t\u00f4les galvanis\u00e9es, planes ou ondul\u00e9es, peuvent \u00eatre utilis\u00e9es aussi bien pour la construction neuve que pour la r\u00e9novation.","og_url":"https:\/\/comarbois.com\/en\/produit\/corrugated-galvanized-sheets\/","og_site_name":"Comarbois","article_publisher":"https:\/\/www.facebook.com\/comarbois\/","article_modified_time":"2022-09-14T13:01:27+00:00","og_image":[{"width":570,"height":570,"url":"https:\/\/comarbois.com\/wp-content\/uploads\/2022\/03\/DSC0084-570x570-1.jpeg","type":"image\/jpeg"}],"twitter_card":"summary_large_image","twitter_misc":{"Est. reading time":"3 minutes"},"schema":{"@context":"https:\/\/schema.org","@graph":[{"@type":"WebPage","@id":"https:\/\/comarbois.com\/en\/produit\/corrugated-galvanized-sheets\/","url":"https:\/\/comarbois.com\/en\/produit\/corrugated-galvanized-sheets\/","name":"CORRUGATED GALVANIZED SHEETS &#8211; Comarbois","isPartOf":{"@id":"https:\/\/comarbois.com\/en\/#website"},"primaryImageOfPage":{"@id":"https:\/\/comarbois.com\/en\/produit\/corrugated-galvanized-sheets\/#primaryimage"},"image":{"@id":"https:\/\/comarbois.com\/produit\/corrugated-galvanized-sheets\/#primaryimage"},"thumbnailUrl":"https:\/\/comarbois.com\/wp-content\/uploads\/2022\/03\/DSC0084-570x570-1.jpeg","datePublished":"2022-03-23T09:43:57+00:00","dateModified":"2022-09-14T13:01:27+00:00","description":"Nos t\u00f4les galvanis\u00e9es, planes ou ondul\u00e9es, peuvent \u00eatre utilis\u00e9es aussi bien pour la construction neuve que pour la r\u00e9novation.","breadcrumb":{"@id":"https:\/\/comarbois.com\/en\/produit\/corrugated-galvanized-sheets\/#breadcrumb"},"inLanguage":"en-US","potentialAction":[{"@type":"ReadAction","target":[["https:\/\/comarbois.com\/en\/produit\/corrugated-galvanized-sheets\/"]]}]},{"@type":"ImageObject","inLanguage":"en-US","@id":"https:\/\/comarbois.com\/en\/produit\/corrugated-galvanized-sheets\/#primaryimage","url":"https:\/\/comarbois.com\/wp-content\/uploads\/2022\/03\/DSC0084-570x570-1.jpeg","contentUrl":"https:\/\/comarbois.com\/wp-content\/uploads\/2022\/03\/DSC0084-570x570-1.jpeg","width":570,"height":570,"caption":"(Fran\u00e7ais) Comarbois vous propose une large gamme de t\u00f4les galvanis\u00e9es planes ou ondul\u00e9es pour vos diff\u00e9rentes utilisations : Protection des r\u00e9coltes agricoles, couvertures, bardage, palissades de chantiers, abris de jardin"},{"@type":"BreadcrumbList","@id":"https:\/\/comarbois.com\/en\/produit\/corrugated-galvanized-sheets\/#breadcrumb","itemListElement":[{"@type":"ListItem","position":1,"name":"Accueil","item":"https:\/\/comarbois.com\/en\/"},{"@type":"ListItem","position":2,"name":"Produits","item":"https:\/\/comarbois.com\/en\/boutique\/"},{"@type":"ListItem","position":3,"name":"T\u00d4LE ONDUL\u00c9E GALVANIS\u00c9E"}]},{"@type":"WebSite","@id":"https:\/\/comarbois.com\/en\/#website","url":"https:\/\/comarbois.com\/en\/","name":"Comarbois","description":"","publisher":{"@id":"https:\/\/comarbois.com\/en\/#organization"},"potentialAction":[{"@type":"SearchAction","target":{"@type":"EntryPoint","urlTemplate":"https:\/\/comarbois.com\/en\/?s={search_term_string}"},"query-input":{"@type":"PropertyValueSpecification","valueRequired":true,"valueName":"search_term_string"}}],"inLanguage":"en-US"},{"@type":"Organization","@id":"https:\/\/comarbois.com\/en\/#organization","name":"Comarbois","url":"https:\/\/comarbois.com\/en\/","logo":{"@type":"ImageObject","inLanguage":"en-US","@id":"https:\/\/comarbois.com\/en\/#\/schema\/logo\/image\/","url":"https:\/\/comarbois.com\/wp-content\/uploads\/2021\/03\/LOGO-COMARBOIS-H-RVB.png","contentUrl":"https:\/\/comarbois.com\/wp-content\/uploads\/2021\/03\/LOGO-COMARBOIS-H-RVB.png","width":3543,"height":1210,"caption":"Comarbois"},"image":{"@id":"https:\/\/comarbois.com\/en\/#\/schema\/logo\/image\/"},"sameAs":["https:\/\/www.facebook.com\/comarbois\/","https:\/\/www.linkedin.com\/company\/3057658\/","https:\/\/www.instagram.com\/comarbois\/"]}]}},"_links":{"self":[{"href":"https:\/\/comarbois.com\/en\/wp-json\/wp\/v2\/product\/19975","targetHints":{"allow":["GET"]}}],"collection":[{"href":"https:\/\/comarbois.com\/en\/wp-json\/wp\/v2\/product"}],"about":[{"href":"https:\/\/comarbois.com\/en\/wp-json\/wp\/v2\/types\/product"}],"wp:featuredmedia":[{"embeddable":true,"href":"https:\/\/comarbois.com\/en\/wp-json\/wp\/v2\/media\/19976"}],"wp:attachment":[{"href":"https:\/\/comarbois.com\/en\/wp-json\/wp\/v2\/media?parent=19975"}],"wp:term":[{"taxonomy":"product_cat","embeddable":true,"href":"https:\/\/comarbois.com\/en\/wp-json\/wp\/v2\/product_cat?post=19975"},{"taxonomy":"product_tag","embeddable":true,"href":"https:\/\/comarbois.com\/en\/wp-json\/wp\/v2\/product_tag?post=19975"}],"curies":[{"name":"wp","href":"https:\/\/api.w.org\/{rel}","templated":true}]}}