{"id":19973,"date":"2022-03-23T10:38:54","date_gmt":"2022-03-23T09:38:54","guid":{"rendered":"https:\/\/comarbois.com\/?post_type=product&#038;p=19973"},"modified":"2025-05-15T09:42:19","modified_gmt":"2025-05-15T08:42:19","slug":"panneaux-stratifies-hpl","status":"publish","type":"product","link":"https:\/\/comarbois.com\/en\/produit\/panneaux-stratifies-hpl\/","title":{"rendered":"LAMINATE PANELS HPL"},"content":{"rendered":"<p>[vc_row gap=&#8221;35&#8243; woodmart_css_id=&#8221;629288c45e703&#8243; responsive_spacing=&#8221;eyJwYXJhbV90eXBlIjoid29vZG1hcnRfcmVzcG9uc2l2ZV9zcGFjaW5nIiwic2VsZWN0b3JfaWQiOiI2MjkyODhjNDVlNzAzIiwic2hvcnRjb2RlIjoidmNfcm93IiwiZGF0YSI6eyJ0YWJsZXQiOnt9LCJtb2JpbGUiOnt9fX0=&#8221; mobile_bg_img_hidden=&#8221;no&#8221; tablet_bg_img_hidden=&#8221;no&#8221; woodmart_parallax=&#8221;0&#8243; woodmart_gradient_switch=&#8221;no&#8221; woodmart_box_shadow=&#8221;no&#8221; wd_z_index=&#8221;no&#8221; woodmart_disable_overflow=&#8221;0&#8243; row_reverse_mobile=&#8221;0&#8243; row_reverse_tablet=&#8221;0&#8243;][vc_column width=&#8221;1\/3&#8243;][vc_column_text woodmart_inline=&#8221;no&#8221; text_larger=&#8221;no&#8221;]<strong>DESCRIPTION<\/strong><br \/>\nThe laminate panel HPL is characterized by its exceptional resistance to abrasions, impacts, scratches, and extreme temperature variations. Thanks to an extremely sophisticated manufacturing process, the laminate panel HPL remains a versatile material that can be used in many different ways, making it possible to satisfy the most demanding and creative customers.[\/vc_column_text][\/vc_column][vc_column width=&#8221;1\/3&#8243;][vc_column_text woodmart_inline=&#8221;no&#8221; text_larger=&#8221;no&#8221;]<strong>CHARACTERISTICS<\/strong><br \/>\nScratch-resistance.<br \/>\nHousehold chemical \/ Solvent resistance<br \/>\nImpact resistance<br \/>\nEasy cleaning<br \/>\nStreamlined implementation[\/vc_column_text][vc_column_text woodmart_inline=&#8221;no&#8221; text_larger=&#8221;no&#8221;]<strong>FORMATS (mm)<\/strong><br \/>\n2140 x 1060<br \/>\n2800 x 1300<br \/>\n4100 x 1300<\/p>\n<p><strong>THICKNESSES (mm)<\/strong><br \/>\n0,8 and 1,0[\/vc_column_text][\/vc_column][vc_column width=&#8221;1\/3&#8243;][vc_column_text woodmart_inline=&#8221;no&#8221; text_larger=&#8221;no&#8221;]<strong>USES<\/strong><br \/>\nManufacture of kitchen and industrial furniture.<\/p>\n<p><strong>BROCHURE<\/strong><br \/>\n<a href=\"https:\/\/comarbois.com\/wp-content\/uploads\/2020\/09\/Interior_Technik_HPL_2019_FR.pdf\">Click to access the technical specifications of HPL laminate panels<\/a>[\/vc_column_text][vc_btn title=&#8221;T\u00c9L\u00c9CHARGER LA FICHE PRODUIT&#8221; shape=&#8221;square&#8221; i_icon_fontawesome=&#8221;fas fa-paperclip&#8221; css_animation=&#8221;bounceIn&#8221; add_icon=&#8221;true&#8221; link=&#8221;url:http%3A%2F%2Fcomarbois.com%2Fwp-content%2Fuploads%2F2022%2F05%2FFICHE_STRATIFIE-HPL.pdf|target:_blank&#8221;][\/vc_column][\/vc_row]<\/p>","protected":false},"excerpt":{"rendered":"<p>[vc_row gap=&#8221;35&#8243; woodmart_css_id=&#8221;629288c45e703&#8243; responsive_spacing=&#8221;eyJwYXJhbV90eXBlIjoid29vZG1hcnRfcmVzcG9uc2l2ZV9zcGFjaW5nIiwic2VsZWN0b3JfaWQiOiI2MjkyODhjNDVlNzAzIiwic2hvcnRjb2RlIjoidmNfcm93IiwiZGF0YSI6eyJ0YWJsZXQiOnt9LCJtb2JpbGUiOnt9fX0=&#8221; mobile_bg_img_hidden=&#8221;no&#8221; tablet_bg_img_hidden=&#8221;no&#8221; woodmart_parallax=&#8221;0&#8243; woodmart_gradient_switch=&#8221;no&#8221; woodmart_box_shadow=&#8221;no&#8221; wd_z_index=&#8221;no&#8221; woodmart_disable_overflow=&#8221;0&#8243; row_reverse_mobile=&#8221;0&#8243; row_reverse_tablet=&#8221;0&#8243;][vc_column width=&#8221;1\/3&#8243;][vc_column_text woodmart_inline=&#8221;no&#8221; text_larger=&#8221;no&#8221;]DESCRIPTION The laminate panel HPL<\/p>\n","protected":false},"featured_media":34207,"template":"","meta":[],"product_cat":[410,310,312],"product_tag":[],"class_list":{"0":"post-19973","1":"product","2":"type-product","3":"status-publish","4":"has-post-thumbnail","6":"product_cat-amenagement-interieur","7":"product_cat-panneaux-decoratifs-industriels","8":"product_cat-tout-afficher","10":"first","11":"instock","12":"shipping-taxable","13":"purchasable","14":"product-type-simple"},"yoast_head":"<!-- This site is optimized with the Yoast SEO plugin v23.5 - https:\/\/yoast.com\/wordpress\/plugins\/seo\/ -->\n<title>LAMINATE PANELS HPL &#8211; Comarbois<\/title>\n<meta name=\"description\" content=\"Le panneau stratifi\u00e9 HPL se caract\u00e9rise par son exceptionnelle r\u00e9sistance aux abrasions, impacts, rayures, et variations extr\u00eames de temp\u00e9rature.\" \/>\n<meta name=\"robots\" content=\"index, follow, max-snippet:-1, max-image-preview:large, max-video-preview:-1\" \/>\n<link rel=\"canonical\" href=\"https:\/\/comarbois.com\/en\/produit\/panneaux-stratifies-hpl\/\" \/>\n<meta property=\"og:locale\" content=\"en_US\" \/>\n<meta property=\"og:type\" content=\"article\" \/>\n<meta property=\"og:title\" content=\"LAMINATE PANELS HPL &#8211; Comarbois\" \/>\n<meta property=\"og:description\" content=\"Le panneau stratifi\u00e9 HPL se caract\u00e9rise par son exceptionnelle r\u00e9sistance aux abrasions, impacts, rayures, et variations extr\u00eames de temp\u00e9rature.\" \/>\n<meta property=\"og:url\" content=\"https:\/\/comarbois.com\/en\/produit\/panneaux-stratifies-hpl\/\" \/>\n<meta property=\"og:site_name\" content=\"Comarbois\" \/>\n<meta property=\"article:publisher\" content=\"https:\/\/www.facebook.com\/comarbois\/\" \/>\n<meta property=\"article:modified_time\" content=\"2025-05-15T08:42:19+00:00\" \/>\n<meta property=\"og:image\" content=\"https:\/\/comarbois.com\/wp-content\/uploads\/2024\/12\/stratifie-hpl-1.png\" \/>\n\t<meta property=\"og:image:width\" content=\"600\" \/>\n\t<meta property=\"og:image:height\" content=\"600\" \/>\n\t<meta property=\"og:image:type\" content=\"image\/png\" \/>\n<meta name=\"twitter:card\" content=\"summary_large_image\" \/>\n<meta name=\"twitter:label1\" content=\"Est. reading time\" \/>\n\t<meta name=\"twitter:data1\" content=\"3 minutes\" \/>\n<script type=\"application\/ld+json\" class=\"yoast-schema-graph\">{\"@context\":\"https:\/\/schema.org\",\"@graph\":[{\"@type\":\"WebPage\",\"@id\":\"https:\/\/comarbois.com\/en\/produit\/panneaux-stratifies-hpl\/\",\"url\":\"https:\/\/comarbois.com\/en\/produit\/panneaux-stratifies-hpl\/\",\"name\":\"LAMINATE PANELS HPL &#8211; Comarbois\",\"isPartOf\":{\"@id\":\"https:\/\/comarbois.com\/en\/#website\"},\"primaryImageOfPage\":{\"@id\":\"https:\/\/comarbois.com\/en\/produit\/panneaux-stratifies-hpl\/#primaryimage\"},\"image\":{\"@id\":\"https:\/\/comarbois.com\/produit\/panneaux-stratifies-hpl\/#primaryimage\"},\"thumbnailUrl\":\"https:\/\/comarbois.com\/wp-content\/uploads\/2024\/12\/stratifie-hpl-1.png\",\"datePublished\":\"2022-03-23T09:38:54+00:00\",\"dateModified\":\"2025-05-15T08:42:19+00:00\",\"description\":\"Le panneau stratifi\u00e9 HPL se caract\u00e9rise par son exceptionnelle r\u00e9sistance aux abrasions, impacts, rayures, et variations extr\u00eames de temp\u00e9rature.\",\"breadcrumb\":{\"@id\":\"https:\/\/comarbois.com\/en\/produit\/panneaux-stratifies-hpl\/#breadcrumb\"},\"inLanguage\":\"en-US\",\"potentialAction\":[{\"@type\":\"ReadAction\",\"target\":[[\"https:\/\/comarbois.com\/en\/produit\/panneaux-stratifies-hpl\/\"]]}]},{\"@type\":\"ImageObject\",\"inLanguage\":\"en-US\",\"@id\":\"https:\/\/comarbois.com\/en\/produit\/panneaux-stratifies-hpl\/#primaryimage\",\"url\":\"https:\/\/comarbois.com\/wp-content\/uploads\/2024\/12\/stratifie-hpl-1.png\",\"contentUrl\":\"https:\/\/comarbois.com\/wp-content\/uploads\/2024\/12\/stratifie-hpl-1.png\",\"width\":600,\"height\":600},{\"@type\":\"BreadcrumbList\",\"@id\":\"https:\/\/comarbois.com\/en\/produit\/panneaux-stratifies-hpl\/#breadcrumb\",\"itemListElement\":[{\"@type\":\"ListItem\",\"position\":1,\"name\":\"Accueil\",\"item\":\"https:\/\/comarbois.com\/en\/\"},{\"@type\":\"ListItem\",\"position\":2,\"name\":\"Produits\",\"item\":\"https:\/\/comarbois.com\/en\/boutique\/\"},{\"@type\":\"ListItem\",\"position\":3,\"name\":\"PANNEAUX STRATIFI\u00c9S HPL\"}]},{\"@type\":\"WebSite\",\"@id\":\"https:\/\/comarbois.com\/en\/#website\",\"url\":\"https:\/\/comarbois.com\/en\/\",\"name\":\"Comarbois\",\"description\":\"\",\"publisher\":{\"@id\":\"https:\/\/comarbois.com\/en\/#organization\"},\"potentialAction\":[{\"@type\":\"SearchAction\",\"target\":{\"@type\":\"EntryPoint\",\"urlTemplate\":\"https:\/\/comarbois.com\/en\/?s={search_term_string}\"},\"query-input\":{\"@type\":\"PropertyValueSpecification\",\"valueRequired\":true,\"valueName\":\"search_term_string\"}}],\"inLanguage\":\"en-US\"},{\"@type\":\"Organization\",\"@id\":\"https:\/\/comarbois.com\/en\/#organization\",\"name\":\"Comarbois\",\"url\":\"https:\/\/comarbois.com\/en\/\",\"logo\":{\"@type\":\"ImageObject\",\"inLanguage\":\"en-US\",\"@id\":\"https:\/\/comarbois.com\/en\/#\/schema\/logo\/image\/\",\"url\":\"https:\/\/comarbois.com\/wp-content\/uploads\/2021\/03\/LOGO-COMARBOIS-H-RVB.png\",\"contentUrl\":\"https:\/\/comarbois.com\/wp-content\/uploads\/2021\/03\/LOGO-COMARBOIS-H-RVB.png\",\"width\":3543,\"height\":1210,\"caption\":\"Comarbois\"},\"image\":{\"@id\":\"https:\/\/comarbois.com\/en\/#\/schema\/logo\/image\/\"},\"sameAs\":[\"https:\/\/www.facebook.com\/comarbois\/\",\"https:\/\/www.linkedin.com\/company\/3057658\/\",\"https:\/\/www.instagram.com\/comarbois\/\"]}]}<\/script>\n<!-- \/ Yoast SEO plugin. -->","yoast_head_json":{"title":"LAMINATE PANELS HPL &#8211; Comarbois","description":"Le panneau stratifi\u00e9 HPL se caract\u00e9rise par son exceptionnelle r\u00e9sistance aux abrasions, impacts, rayures, et variations extr\u00eames de temp\u00e9rature.","robots":{"index":"index","follow":"follow","max-snippet":"max-snippet:-1","max-image-preview":"max-image-preview:large","max-video-preview":"max-video-preview:-1"},"canonical":"https:\/\/comarbois.com\/en\/produit\/panneaux-stratifies-hpl\/","og_locale":"en_US","og_type":"article","og_title":"LAMINATE PANELS HPL &#8211; Comarbois","og_description":"Le panneau stratifi\u00e9 HPL se caract\u00e9rise par son exceptionnelle r\u00e9sistance aux abrasions, impacts, rayures, et variations extr\u00eames de temp\u00e9rature.","og_url":"https:\/\/comarbois.com\/en\/produit\/panneaux-stratifies-hpl\/","og_site_name":"Comarbois","article_publisher":"https:\/\/www.facebook.com\/comarbois\/","article_modified_time":"2025-05-15T08:42:19+00:00","og_image":[{"width":600,"height":600,"url":"https:\/\/comarbois.com\/wp-content\/uploads\/2024\/12\/stratifie-hpl-1.png","type":"image\/png"}],"twitter_card":"summary_large_image","twitter_misc":{"Est. reading time":"3 minutes"},"schema":{"@context":"https:\/\/schema.org","@graph":[{"@type":"WebPage","@id":"https:\/\/comarbois.com\/en\/produit\/panneaux-stratifies-hpl\/","url":"https:\/\/comarbois.com\/en\/produit\/panneaux-stratifies-hpl\/","name":"LAMINATE PANELS HPL &#8211; Comarbois","isPartOf":{"@id":"https:\/\/comarbois.com\/en\/#website"},"primaryImageOfPage":{"@id":"https:\/\/comarbois.com\/en\/produit\/panneaux-stratifies-hpl\/#primaryimage"},"image":{"@id":"https:\/\/comarbois.com\/produit\/panneaux-stratifies-hpl\/#primaryimage"},"thumbnailUrl":"https:\/\/comarbois.com\/wp-content\/uploads\/2024\/12\/stratifie-hpl-1.png","datePublished":"2022-03-23T09:38:54+00:00","dateModified":"2025-05-15T08:42:19+00:00","description":"Le panneau stratifi\u00e9 HPL se caract\u00e9rise par son exceptionnelle r\u00e9sistance aux abrasions, impacts, rayures, et variations extr\u00eames de temp\u00e9rature.","breadcrumb":{"@id":"https:\/\/comarbois.com\/en\/produit\/panneaux-stratifies-hpl\/#breadcrumb"},"inLanguage":"en-US","potentialAction":[{"@type":"ReadAction","target":[["https:\/\/comarbois.com\/en\/produit\/panneaux-stratifies-hpl\/"]]}]},{"@type":"ImageObject","inLanguage":"en-US","@id":"https:\/\/comarbois.com\/en\/produit\/panneaux-stratifies-hpl\/#primaryimage","url":"https:\/\/comarbois.com\/wp-content\/uploads\/2024\/12\/stratifie-hpl-1.png","contentUrl":"https:\/\/comarbois.com\/wp-content\/uploads\/2024\/12\/stratifie-hpl-1.png","width":600,"height":600},{"@type":"BreadcrumbList","@id":"https:\/\/comarbois.com\/en\/produit\/panneaux-stratifies-hpl\/#breadcrumb","itemListElement":[{"@type":"ListItem","position":1,"name":"Accueil","item":"https:\/\/comarbois.com\/en\/"},{"@type":"ListItem","position":2,"name":"Produits","item":"https:\/\/comarbois.com\/en\/boutique\/"},{"@type":"ListItem","position":3,"name":"PANNEAUX STRATIFI\u00c9S HPL"}]},{"@type":"WebSite","@id":"https:\/\/comarbois.com\/en\/#website","url":"https:\/\/comarbois.com\/en\/","name":"Comarbois","description":"","publisher":{"@id":"https:\/\/comarbois.com\/en\/#organization"},"potentialAction":[{"@type":"SearchAction","target":{"@type":"EntryPoint","urlTemplate":"https:\/\/comarbois.com\/en\/?s={search_term_string}"},"query-input":{"@type":"PropertyValueSpecification","valueRequired":true,"valueName":"search_term_string"}}],"inLanguage":"en-US"},{"@type":"Organization","@id":"https:\/\/comarbois.com\/en\/#organization","name":"Comarbois","url":"https:\/\/comarbois.com\/en\/","logo":{"@type":"ImageObject","inLanguage":"en-US","@id":"https:\/\/comarbois.com\/en\/#\/schema\/logo\/image\/","url":"https:\/\/comarbois.com\/wp-content\/uploads\/2021\/03\/LOGO-COMARBOIS-H-RVB.png","contentUrl":"https:\/\/comarbois.com\/wp-content\/uploads\/2021\/03\/LOGO-COMARBOIS-H-RVB.png","width":3543,"height":1210,"caption":"Comarbois"},"image":{"@id":"https:\/\/comarbois.com\/en\/#\/schema\/logo\/image\/"},"sameAs":["https:\/\/www.facebook.com\/comarbois\/","https:\/\/www.linkedin.com\/company\/3057658\/","https:\/\/www.instagram.com\/comarbois\/"]}]}},"_links":{"self":[{"href":"https:\/\/comarbois.com\/en\/wp-json\/wp\/v2\/product\/19973","targetHints":{"allow":["GET"]}}],"collection":[{"href":"https:\/\/comarbois.com\/en\/wp-json\/wp\/v2\/product"}],"about":[{"href":"https:\/\/comarbois.com\/en\/wp-json\/wp\/v2\/types\/product"}],"wp:featuredmedia":[{"embeddable":true,"href":"https:\/\/comarbois.com\/en\/wp-json\/wp\/v2\/media\/34207"}],"wp:attachment":[{"href":"https:\/\/comarbois.com\/en\/wp-json\/wp\/v2\/media?parent=19973"}],"wp:term":[{"taxonomy":"product_cat","embeddable":true,"href":"https:\/\/comarbois.com\/en\/wp-json\/wp\/v2\/product_cat?post=19973"},{"taxonomy":"product_tag","embeddable":true,"href":"https:\/\/comarbois.com\/en\/wp-json\/wp\/v2\/product_tag?post=19973"}],"curies":[{"name":"wp","href":"https:\/\/api.w.org\/{rel}","templated":true}]}}