{"id":19971,"date":"2022-03-23T10:30:37","date_gmt":"2022-03-23T09:30:37","guid":{"rendered":"https:\/\/comarbois.com\/?post_type=product&#038;p=19971"},"modified":"2022-09-14T14:01:28","modified_gmt":"2022-09-14T13:01:28","slug":"ronds-a-beton","status":"publish","type":"product","link":"https:\/\/comarbois.com\/en\/produit\/ronds-a-beton\/","title":{"rendered":"REINFORCING BARS"},"content":{"rendered":"<p>[vc_row gap=&#8221;35&#8243; equal_height=&#8221;yes&#8221; woodmart_css_id=&#8221;6293d9ead23c6&#8243; responsive_spacing=&#8221;eyJwYXJhbV90eXBlIjoid29vZG1hcnRfcmVzcG9uc2l2ZV9zcGFjaW5nIiwic2VsZWN0b3JfaWQiOiI2MjkzZDllYWQyM2M2Iiwic2hvcnRjb2RlIjoidmNfcm93IiwiZGF0YSI6eyJ0YWJsZXQiOnt9LCJtb2JpbGUiOnt9fX0=&#8221; mobile_bg_img_hidden=&#8221;no&#8221; tablet_bg_img_hidden=&#8221;no&#8221; woodmart_parallax=&#8221;0&#8243; woodmart_gradient_switch=&#8221;no&#8221; woodmart_box_shadow=&#8221;no&#8221; wd_z_index=&#8221;no&#8221; woodmart_disable_overflow=&#8221;0&#8243; row_reverse_mobile=&#8221;0&#8243; row_reverse_tablet=&#8221;0&#8243;][vc_column width=&#8221;1\/3&#8243;][vc_column_text woodmart_inline=&#8221;no&#8221; text_larger=&#8221;no&#8221;]<strong>DESCRIPTION<\/strong><br \/>\nComarbois offers a wide range of reinforcing bars to meet the needs of all your construction projects. Reinforcing bars are characterized by their hardness and efficiency as they allow to reinforce the concrete and keep it in tension in order to increase its mechanical strength. Comarbois provides you with steel reinforcing bars for a better steel \u2013 concrete bond.[\/vc_column_text][\/vc_column][vc_column width=&#8221;1\/3&#8243;][vc_column_text woodmart_inline=&#8221;no&#8221; text_larger=&#8221;no&#8221;]<strong>REINFORCING BARS TYPES<\/strong><br \/>\n\u2192 Weldable reinforcing bar FeE500 or FeE500 &#8211; 3<\/p>\n<p>\u2192 Unweldable reinforcing bar FeE400 or FeE400 -1<\/p>\n<p>\u2192 Reinforcing bar FeE215 or FeE235<\/p>\n<p>\u2192 Reinforcing bar FeTE500[\/vc_column_text][vc_btn title=&#8221;DOWNLOAD FACT SHEET&#8221; shape=&#8221;square&#8221; i_icon_fontawesome=&#8221;fas fa-paperclip&#8221; css_animation=&#8221;bounceIn&#8221; add_icon=&#8221;true&#8221; link=&#8221;url:http%3A%2F%2Fcomarbois.com%2Fwp-content%2Fuploads%2F2022%2F05%2FFICHE_FER-A-BETON.pdf|target:_blank&#8221;][\/vc_column][vc_column width=&#8221;1\/3&#8243;][vc_column_text woodmart_inline=&#8221;no&#8221; text_larger=&#8221;no&#8221;]<strong>NOMINAL DIAMETERS OF WELDABLE FEE500<\/strong><br \/>\nBars : 6 &#8211; 8- 10 -12 &#8211; 14 -16 &#8211; 20 &#8211; 25- 32 &#8211; 40 mm<br \/>\nCoiled reinforcing bars : 6 -8- 10-12-14-16 mm<\/p>\n<p><strong>NOMINAL DIAMETERS OF UNWELDABLE FEE400<\/strong><br \/>\nStraight and coiled reinforcing bars : 6 &#8211; 8 &#8211; 10 &#8211; 12 &#8211; 14 &#8211; 16 mm<\/p>\n<p><strong>NOMINAL DIAMETERS OF FEE215<\/strong><br \/>\nStraight and coiled reinforcing bars : 5,5 &#8211; 8 &#8211; 10 -12 &#8211; 14 &#8211; 16 mm<\/p>\n<p><strong>NOMINAL DIAMETERS OF FETE500<\/strong><br \/>\nCoiled reinforcing bars : 4 &#8211; 5 &#8211; 6 &#8211; 7 &#8211; 8 &#8211; 9 &#8211; 10 &#8211; 12 mm<\/p>\n<p><em>Intermediate diameters upon request<\/em>[\/vc_column_text][\/vc_column][\/vc_row]<\/p>","protected":false},"excerpt":{"rendered":"<p>[vc_row gap=&#8221;35&#8243; equal_height=&#8221;yes&#8221; woodmart_css_id=&#8221;6293d9ead23c6&#8243; responsive_spacing=&#8221;eyJwYXJhbV90eXBlIjoid29vZG1hcnRfcmVzcG9uc2l2ZV9zcGFjaW5nIiwic2VsZWN0b3JfaWQiOiI2MjkzZDllYWQyM2M2Iiwic2hvcnRjb2RlIjoidmNfcm93IiwiZGF0YSI6eyJ0YWJsZXQiOnt9LCJtb2JpbGUiOnt9fX0=&#8221; mobile_bg_img_hidden=&#8221;no&#8221; tablet_bg_img_hidden=&#8221;no&#8221; woodmart_parallax=&#8221;0&#8243; woodmart_gradient_switch=&#8221;no&#8221; woodmart_box_shadow=&#8221;no&#8221; wd_z_index=&#8221;no&#8221; woodmart_disable_overflow=&#8221;0&#8243; row_reverse_mobile=&#8221;0&#8243; row_reverse_tablet=&#8221;0&#8243;][vc_column width=&#8221;1\/3&#8243;][vc_column_text woodmart_inline=&#8221;no&#8221; text_larger=&#8221;no&#8221;]DESCRIPTION Comarbois offers a<\/p>\n","protected":false},"featured_media":21386,"template":"","meta":[],"product_cat":[305,312],"product_tag":[],"class_list":{"0":"post-19971","1":"product","2":"type-product","3":"status-publish","4":"has-post-thumbnail","6":"product_cat-tole-fer-a-beton","7":"product_cat-tout-afficher","9":"first","10":"instock","11":"shipping-taxable","12":"purchasable","13":"product-type-simple"},"yoast_head":"<!-- This site is optimized with the Yoast SEO plugin v23.5 - https:\/\/yoast.com\/wordpress\/plugins\/seo\/ -->\n<title>REINFORCING BARS &#8211; Comarbois<\/title>\n<meta name=\"description\" content=\"Comarbois vous propose une gamme diversifi\u00e9e de ronds \u00e0 b\u00e9ton pour r\u00e9pondre aux besoins de tous vos projets de construction.\" \/>\n<meta name=\"robots\" content=\"index, follow, max-snippet:-1, max-image-preview:large, max-video-preview:-1\" \/>\n<link rel=\"canonical\" href=\"https:\/\/comarbois.com\/en\/produit\/ronds-a-beton\/\" \/>\n<meta property=\"og:locale\" content=\"en_US\" \/>\n<meta property=\"og:type\" content=\"article\" \/>\n<meta property=\"og:title\" content=\"REINFORCING BARS &#8211; Comarbois\" \/>\n<meta property=\"og:description\" content=\"Comarbois vous propose une gamme diversifi\u00e9e de ronds \u00e0 b\u00e9ton pour r\u00e9pondre aux besoins de tous vos projets de construction.\" \/>\n<meta property=\"og:url\" content=\"https:\/\/comarbois.com\/en\/produit\/ronds-a-beton\/\" \/>\n<meta property=\"og:site_name\" content=\"Comarbois\" \/>\n<meta property=\"article:publisher\" content=\"https:\/\/www.facebook.com\/comarbois\/\" \/>\n<meta property=\"article:modified_time\" content=\"2022-09-14T13:01:28+00:00\" \/>\n<meta property=\"og:image\" content=\"https:\/\/comarbois.com\/wp-content\/uploads\/2022\/05\/Ronda\u0300be\u0301ton.jpg\" \/>\n\t<meta property=\"og:image:width\" content=\"768\" \/>\n\t<meta property=\"og:image:height\" content=\"768\" \/>\n\t<meta property=\"og:image:type\" content=\"image\/jpeg\" \/>\n<meta name=\"twitter:card\" content=\"summary_large_image\" \/>\n<meta name=\"twitter:label1\" content=\"Est. reading time\" \/>\n\t<meta name=\"twitter:data1\" content=\"3 minutes\" \/>\n<script type=\"application\/ld+json\" class=\"yoast-schema-graph\">{\"@context\":\"https:\/\/schema.org\",\"@graph\":[{\"@type\":\"WebPage\",\"@id\":\"https:\/\/comarbois.com\/en\/produit\/ronds-a-beton\/\",\"url\":\"https:\/\/comarbois.com\/en\/produit\/ronds-a-beton\/\",\"name\":\"REINFORCING BARS &#8211; Comarbois\",\"isPartOf\":{\"@id\":\"https:\/\/comarbois.com\/en\/#website\"},\"primaryImageOfPage\":{\"@id\":\"https:\/\/comarbois.com\/en\/produit\/ronds-a-beton\/#primaryimage\"},\"image\":{\"@id\":\"https:\/\/comarbois.com\/produit\/ronds-a-beton\/#primaryimage\"},\"thumbnailUrl\":\"https:\/\/comarbois.com\/wp-content\/uploads\/2022\/05\/Ronda\u0300be\u0301ton.jpg\",\"datePublished\":\"2022-03-23T09:30:37+00:00\",\"dateModified\":\"2022-09-14T13:01:28+00:00\",\"description\":\"Comarbois vous propose une gamme diversifi\u00e9e de ronds \u00e0 b\u00e9ton pour r\u00e9pondre aux besoins de tous vos projets de construction.\",\"breadcrumb\":{\"@id\":\"https:\/\/comarbois.com\/en\/produit\/ronds-a-beton\/#breadcrumb\"},\"inLanguage\":\"en-US\",\"potentialAction\":[{\"@type\":\"ReadAction\",\"target\":[[\"https:\/\/comarbois.com\/en\/produit\/ronds-a-beton\/\"]]}]},{\"@type\":\"ImageObject\",\"inLanguage\":\"en-US\",\"@id\":\"https:\/\/comarbois.com\/en\/produit\/ronds-a-beton\/#primaryimage\",\"url\":\"https:\/\/comarbois.com\/wp-content\/uploads\/2022\/05\/Ronda\u0300be\u0301ton.jpg\",\"contentUrl\":\"https:\/\/comarbois.com\/wp-content\/uploads\/2022\/05\/Ronda\u0300be\u0301ton.jpg\",\"width\":768,\"height\":768,\"caption\":\"(Fran\u00e7ais) Vous retrouvez chez Comarbois le fer \u00e0 b\u00e9ton en plusieurs diam\u00e8tres - FeE500 soudable ou FeE500 \u2013 3, FeE400 non soudable ou FeE400 -1, FeE215 ou FeE235, FeTE500\"},{\"@type\":\"BreadcrumbList\",\"@id\":\"https:\/\/comarbois.com\/en\/produit\/ronds-a-beton\/#breadcrumb\",\"itemListElement\":[{\"@type\":\"ListItem\",\"position\":1,\"name\":\"Accueil\",\"item\":\"https:\/\/comarbois.com\/en\/\"},{\"@type\":\"ListItem\",\"position\":2,\"name\":\"Produits\",\"item\":\"https:\/\/comarbois.com\/en\/boutique\/\"},{\"@type\":\"ListItem\",\"position\":3,\"name\":\"RONDS \u00c0 B\u00c9TON\"}]},{\"@type\":\"WebSite\",\"@id\":\"https:\/\/comarbois.com\/en\/#website\",\"url\":\"https:\/\/comarbois.com\/en\/\",\"name\":\"Comarbois\",\"description\":\"\",\"publisher\":{\"@id\":\"https:\/\/comarbois.com\/en\/#organization\"},\"potentialAction\":[{\"@type\":\"SearchAction\",\"target\":{\"@type\":\"EntryPoint\",\"urlTemplate\":\"https:\/\/comarbois.com\/en\/?s={search_term_string}\"},\"query-input\":{\"@type\":\"PropertyValueSpecification\",\"valueRequired\":true,\"valueName\":\"search_term_string\"}}],\"inLanguage\":\"en-US\"},{\"@type\":\"Organization\",\"@id\":\"https:\/\/comarbois.com\/en\/#organization\",\"name\":\"Comarbois\",\"url\":\"https:\/\/comarbois.com\/en\/\",\"logo\":{\"@type\":\"ImageObject\",\"inLanguage\":\"en-US\",\"@id\":\"https:\/\/comarbois.com\/en\/#\/schema\/logo\/image\/\",\"url\":\"https:\/\/comarbois.com\/wp-content\/uploads\/2021\/03\/LOGO-COMARBOIS-H-RVB.png\",\"contentUrl\":\"https:\/\/comarbois.com\/wp-content\/uploads\/2021\/03\/LOGO-COMARBOIS-H-RVB.png\",\"width\":3543,\"height\":1210,\"caption\":\"Comarbois\"},\"image\":{\"@id\":\"https:\/\/comarbois.com\/en\/#\/schema\/logo\/image\/\"},\"sameAs\":[\"https:\/\/www.facebook.com\/comarbois\/\",\"https:\/\/www.linkedin.com\/company\/3057658\/\",\"https:\/\/www.instagram.com\/comarbois\/\"]}]}<\/script>\n<!-- \/ Yoast SEO plugin. -->","yoast_head_json":{"title":"REINFORCING BARS &#8211; Comarbois","description":"Comarbois vous propose une gamme diversifi\u00e9e de ronds \u00e0 b\u00e9ton pour r\u00e9pondre aux besoins de tous vos projets de construction.","robots":{"index":"index","follow":"follow","max-snippet":"max-snippet:-1","max-image-preview":"max-image-preview:large","max-video-preview":"max-video-preview:-1"},"canonical":"https:\/\/comarbois.com\/en\/produit\/ronds-a-beton\/","og_locale":"en_US","og_type":"article","og_title":"REINFORCING BARS &#8211; Comarbois","og_description":"Comarbois vous propose une gamme diversifi\u00e9e de ronds \u00e0 b\u00e9ton pour r\u00e9pondre aux besoins de tous vos projets de construction.","og_url":"https:\/\/comarbois.com\/en\/produit\/ronds-a-beton\/","og_site_name":"Comarbois","article_publisher":"https:\/\/www.facebook.com\/comarbois\/","article_modified_time":"2022-09-14T13:01:28+00:00","og_image":[{"width":768,"height":768,"url":"https:\/\/comarbois.com\/wp-content\/uploads\/2022\/05\/Ronda\u0300be\u0301ton.jpg","type":"image\/jpeg"}],"twitter_card":"summary_large_image","twitter_misc":{"Est. reading time":"3 minutes"},"schema":{"@context":"https:\/\/schema.org","@graph":[{"@type":"WebPage","@id":"https:\/\/comarbois.com\/en\/produit\/ronds-a-beton\/","url":"https:\/\/comarbois.com\/en\/produit\/ronds-a-beton\/","name":"REINFORCING BARS &#8211; Comarbois","isPartOf":{"@id":"https:\/\/comarbois.com\/en\/#website"},"primaryImageOfPage":{"@id":"https:\/\/comarbois.com\/en\/produit\/ronds-a-beton\/#primaryimage"},"image":{"@id":"https:\/\/comarbois.com\/produit\/ronds-a-beton\/#primaryimage"},"thumbnailUrl":"https:\/\/comarbois.com\/wp-content\/uploads\/2022\/05\/Ronda\u0300be\u0301ton.jpg","datePublished":"2022-03-23T09:30:37+00:00","dateModified":"2022-09-14T13:01:28+00:00","description":"Comarbois vous propose une gamme diversifi\u00e9e de ronds \u00e0 b\u00e9ton pour r\u00e9pondre aux besoins de tous vos projets de construction.","breadcrumb":{"@id":"https:\/\/comarbois.com\/en\/produit\/ronds-a-beton\/#breadcrumb"},"inLanguage":"en-US","potentialAction":[{"@type":"ReadAction","target":[["https:\/\/comarbois.com\/en\/produit\/ronds-a-beton\/"]]}]},{"@type":"ImageObject","inLanguage":"en-US","@id":"https:\/\/comarbois.com\/en\/produit\/ronds-a-beton\/#primaryimage","url":"https:\/\/comarbois.com\/wp-content\/uploads\/2022\/05\/Ronda\u0300be\u0301ton.jpg","contentUrl":"https:\/\/comarbois.com\/wp-content\/uploads\/2022\/05\/Ronda\u0300be\u0301ton.jpg","width":768,"height":768,"caption":"(Fran\u00e7ais) Vous retrouvez chez Comarbois le fer \u00e0 b\u00e9ton en plusieurs diam\u00e8tres - FeE500 soudable ou FeE500 \u2013 3, FeE400 non soudable ou FeE400 -1, FeE215 ou FeE235, FeTE500"},{"@type":"BreadcrumbList","@id":"https:\/\/comarbois.com\/en\/produit\/ronds-a-beton\/#breadcrumb","itemListElement":[{"@type":"ListItem","position":1,"name":"Accueil","item":"https:\/\/comarbois.com\/en\/"},{"@type":"ListItem","position":2,"name":"Produits","item":"https:\/\/comarbois.com\/en\/boutique\/"},{"@type":"ListItem","position":3,"name":"RONDS \u00c0 B\u00c9TON"}]},{"@type":"WebSite","@id":"https:\/\/comarbois.com\/en\/#website","url":"https:\/\/comarbois.com\/en\/","name":"Comarbois","description":"","publisher":{"@id":"https:\/\/comarbois.com\/en\/#organization"},"potentialAction":[{"@type":"SearchAction","target":{"@type":"EntryPoint","urlTemplate":"https:\/\/comarbois.com\/en\/?s={search_term_string}"},"query-input":{"@type":"PropertyValueSpecification","valueRequired":true,"valueName":"search_term_string"}}],"inLanguage":"en-US"},{"@type":"Organization","@id":"https:\/\/comarbois.com\/en\/#organization","name":"Comarbois","url":"https:\/\/comarbois.com\/en\/","logo":{"@type":"ImageObject","inLanguage":"en-US","@id":"https:\/\/comarbois.com\/en\/#\/schema\/logo\/image\/","url":"https:\/\/comarbois.com\/wp-content\/uploads\/2021\/03\/LOGO-COMARBOIS-H-RVB.png","contentUrl":"https:\/\/comarbois.com\/wp-content\/uploads\/2021\/03\/LOGO-COMARBOIS-H-RVB.png","width":3543,"height":1210,"caption":"Comarbois"},"image":{"@id":"https:\/\/comarbois.com\/en\/#\/schema\/logo\/image\/"},"sameAs":["https:\/\/www.facebook.com\/comarbois\/","https:\/\/www.linkedin.com\/company\/3057658\/","https:\/\/www.instagram.com\/comarbois\/"]}]}},"_links":{"self":[{"href":"https:\/\/comarbois.com\/en\/wp-json\/wp\/v2\/product\/19971","targetHints":{"allow":["GET"]}}],"collection":[{"href":"https:\/\/comarbois.com\/en\/wp-json\/wp\/v2\/product"}],"about":[{"href":"https:\/\/comarbois.com\/en\/wp-json\/wp\/v2\/types\/product"}],"wp:featuredmedia":[{"embeddable":true,"href":"https:\/\/comarbois.com\/en\/wp-json\/wp\/v2\/media\/21386"}],"wp:attachment":[{"href":"https:\/\/comarbois.com\/en\/wp-json\/wp\/v2\/media?parent=19971"}],"wp:term":[{"taxonomy":"product_cat","embeddable":true,"href":"https:\/\/comarbois.com\/en\/wp-json\/wp\/v2\/product_cat?post=19971"},{"taxonomy":"product_tag","embeddable":true,"href":"https:\/\/comarbois.com\/en\/wp-json\/wp\/v2\/product_tag?post=19971"}],"curies":[{"name":"wp","href":"https:\/\/api.w.org\/{rel}","templated":true}]}}