{"id":19968,"date":"2022-03-23T10:16:59","date_gmt":"2022-03-23T09:16:59","guid":{"rendered":"https:\/\/comarbois.com\/?post_type=product&#038;p=19968"},"modified":"2022-09-14T14:01:29","modified_gmt":"2022-09-14T13:01:29","slug":"osb","status":"publish","type":"product","link":"https:\/\/comarbois.com\/en\/produit\/osb\/","title":{"rendered":"OSB"},"content":{"rendered":"<p>[vc_row gap=&#8221;35&#8243; woodmart_css_id=&#8221;6293e6d96ea0c&#8221; responsive_spacing=&#8221;eyJwYXJhbV90eXBlIjoid29vZG1hcnRfcmVzcG9uc2l2ZV9zcGFjaW5nIiwic2VsZWN0b3JfaWQiOiI2MjkzZTZkOTZlYTBjIiwic2hvcnRjb2RlIjoidmNfcm93IiwiZGF0YSI6eyJ0YWJsZXQiOnt9LCJtb2JpbGUiOnt9fX0=&#8221; mobile_bg_img_hidden=&#8221;no&#8221; tablet_bg_img_hidden=&#8221;no&#8221; woodmart_parallax=&#8221;0&#8243; woodmart_gradient_switch=&#8221;no&#8221; woodmart_box_shadow=&#8221;no&#8221; wd_z_index=&#8221;no&#8221; woodmart_disable_overflow=&#8221;0&#8243; row_reverse_mobile=&#8221;0&#8243; row_reverse_tablet=&#8221;0&#8243;][vc_column width=&#8221;1\/3&#8243;][vc_column_text woodmart_inline=&#8221;no&#8221; text_larger=&#8221;no&#8221;]<strong>DESCRIPTION<\/strong><br \/>\n<span dir=\"ltr\" role=\"presentation\"><span class=\"VIiyi\" lang=\"en\"><span class=\"JLqJ4b ChMk0b\" data-language-for-alternatives=\"en\" data-language-to-translate-into=\"fr\" data-phrase-index=\"0\" data-number-of-phrases=\"5\"><span class=\"Q4iAWc\">OSB (Oriented Strand Board) is a material made up of multiple layers of compressed wooden strips then glued with resin and wax.<\/span><\/span> <span class=\"JLqJ4b ChMk0b\" data-language-for-alternatives=\"en\" data-language-to-translate-into=\"fr\" data-phrase-index=\"1\" data-number-of-phrases=\"5\"><span class=\"Q4iAWc\">This large oriented particle board is characterized by its high strength, good insulation, durability, lightness and therefore ease of handling.<\/span><\/span> <span class=\"JLqJ4b ChMk0b\" data-language-for-alternatives=\"en\" data-language-to-translate-into=\"fr\" data-phrase-index=\"2\" data-number-of-phrases=\"5\"><span class=\"Q4iAWc\">OSB is very popular with lovers of atypical decoration wishing to sublimate their interior with raw wood furniture, as well as with<\/span><\/span> <span class=\"JLqJ4b ChMk0b\" data-language-for-alternatives=\"en\" data-language-to-translate-into=\"fr\" data-phrase-index=\"4\" data-number-of-phrases=\"5\"><span class=\"Q4iAWc\">wooden house builders.<\/span><\/span><\/span><\/span>[\/vc_column_text][\/vc_column][vc_column width=&#8221;1\/3&#8243;][vc_column_text woodmart_inline=&#8221;no&#8221; text_larger=&#8221;no&#8221;]<strong>SPECIES<\/strong><br \/>\nFir<\/p>\n<p><strong>ORIGINS<\/strong><br \/>\nRomania, USA<\/p>\n<p><strong>USES<\/strong><br \/>\nFittings, carpentry, construction, timber frame houses[\/vc_column_text][\/vc_column][vc_column width=&#8221;1\/3&#8243;][vc_column_text woodmart_inline=&#8221;no&#8221; text_larger=&#8221;no&#8221;]<strong>DIMENSIONS (mm)*<\/strong><br \/>\n2440 X 1220<br \/>\n2500 X 1250<\/p>\n<p><strong>THICKNESSES (mm)*<\/strong><br \/>\n9 \/ 12 \/ 15 \/ 18<\/p>\n<p><em>*Other sizes available on demand.<\/em>[\/vc_column_text][vc_btn title=&#8221;DOWNLOAD FACT SHEET&#8221; shape=&#8221;square&#8221; i_icon_fontawesome=&#8221;fas fa-paperclip&#8221; css_animation=&#8221;bounceIn&#8221; add_icon=&#8221;true&#8221; link=&#8221;url:http%3A%2F%2Fcomarbois.com%2Fwp-content%2Fuploads%2F2022%2F05%2FFICHE_OSB.pdf|target:_blank&#8221;][\/vc_column][\/vc_row]<\/p>","protected":false},"excerpt":{"rendered":"<p>[vc_row gap=&#8221;35&#8243; woodmart_css_id=&#8221;6293e6d96ea0c&#8221; responsive_spacing=&#8221;eyJwYXJhbV90eXBlIjoid29vZG1hcnRfcmVzcG9uc2l2ZV9zcGFjaW5nIiwic2VsZWN0b3JfaWQiOiI2MjkzZTZkOTZlYTBjIiwic2hvcnRjb2RlIjoidmNfcm93IiwiZGF0YSI6eyJ0YWJsZXQiOnt9LCJtb2JpbGUiOnt9fX0=&#8221; mobile_bg_img_hidden=&#8221;no&#8221; tablet_bg_img_hidden=&#8221;no&#8221; woodmart_parallax=&#8221;0&#8243; woodmart_gradient_switch=&#8221;no&#8221; woodmart_box_shadow=&#8221;no&#8221; wd_z_index=&#8221;no&#8221; woodmart_disable_overflow=&#8221;0&#8243; row_reverse_mobile=&#8221;0&#8243; row_reverse_tablet=&#8221;0&#8243;][vc_column width=&#8221;1\/3&#8243;][vc_column_text woodmart_inline=&#8221;no&#8221; text_larger=&#8221;no&#8221;]DESCRIPTION OSB (Oriented Strand Board)<\/p>\n","protected":false},"featured_media":21394,"template":"","meta":[],"product_brand":[],"product_cat":[310,312],"product_tag":[],"class_list":{"0":"post-19968","1":"product","2":"type-product","3":"status-publish","4":"has-post-thumbnail","6":"product_cat-panneaux-decoratifs-industriels","7":"product_cat-tout-afficher","9":"first","10":"instock","11":"shipping-taxable","12":"purchasable","13":"product-type-simple"},"yoast_head":"<!-- This site is optimized with the Yoast SEO plugin v27.4 - https:\/\/yoast.com\/product\/yoast-seo-wordpress\/ -->\n<title>OSB &#8211; Comarbois<\/title>\n<meta name=\"description\" content=\"L\u2019OSB est un mat\u00e9riau constitu\u00e9 de multiples couches de lamelles de bois compress\u00e9es puis encoll\u00e9es avec de la r\u00e9sine et de la cire.\" \/>\n<meta name=\"robots\" content=\"index, follow, max-snippet:-1, max-image-preview:large, max-video-preview:-1\" \/>\n<link rel=\"canonical\" href=\"https:\/\/comarbois.com\/en\/produit\/osb\/\" \/>\n<meta property=\"og:locale\" content=\"en_US\" \/>\n<meta property=\"og:type\" content=\"article\" \/>\n<meta property=\"og:title\" content=\"OSB &#8211; Comarbois\" \/>\n<meta property=\"og:description\" content=\"L\u2019OSB est un mat\u00e9riau constitu\u00e9 de multiples couches de lamelles de bois compress\u00e9es puis encoll\u00e9es avec de la r\u00e9sine et de la cire.\" \/>\n<meta property=\"og:url\" content=\"https:\/\/comarbois.com\/en\/produit\/osb\/\" \/>\n<meta property=\"og:site_name\" content=\"Comarbois\" \/>\n<meta property=\"article:publisher\" content=\"https:\/\/www.facebook.com\/comarbois\/\" \/>\n<meta property=\"article:modified_time\" content=\"2022-09-14T13:01:29+00:00\" \/>\n<meta property=\"og:image\" content=\"https:\/\/comarbois.com\/wp-content\/uploads\/2022\/05\/COM-OSB1.jpg\" \/>\n\t<meta property=\"og:image:width\" content=\"640\" \/>\n\t<meta property=\"og:image:height\" content=\"640\" \/>\n\t<meta property=\"og:image:type\" content=\"image\/jpeg\" \/>\n<meta name=\"twitter:card\" content=\"summary_large_image\" \/>\n<meta name=\"twitter:label1\" content=\"Est. reading time\" \/>\n\t<meta name=\"twitter:data1\" content=\"3 minutes\" \/>\n<script type=\"application\/ld+json\" class=\"yoast-schema-graph\">{\"@context\":\"https:\\\/\\\/schema.org\",\"@graph\":[{\"@type\":\"WebPage\",\"@id\":\"https:\\\/\\\/comarbois.com\\\/en\\\/produit\\\/osb\\\/\",\"url\":\"https:\\\/\\\/comarbois.com\\\/en\\\/produit\\\/osb\\\/\",\"name\":\"OSB &#8211; Comarbois\",\"isPartOf\":{\"@id\":\"https:\\\/\\\/comarbois.com\\\/en\\\/#website\"},\"primaryImageOfPage\":{\"@id\":\"https:\\\/\\\/comarbois.com\\\/en\\\/produit\\\/osb\\\/#primaryimage\"},\"image\":{\"@id\":\"https:\\\/\\\/comarbois.com\\\/produit\\\/osb\\\/#primaryimage\"},\"thumbnailUrl\":\"https:\\\/\\\/comarbois.com\\\/wp-content\\\/uploads\\\/2022\\\/05\\\/COM-OSB1.jpg\",\"datePublished\":\"2022-03-23T09:16:59+00:00\",\"dateModified\":\"2022-09-14T13:01:29+00:00\",\"description\":\"L\u2019OSB est un mat\u00e9riau constitu\u00e9 de multiples couches de lamelles de bois compress\u00e9es puis encoll\u00e9es avec de la r\u00e9sine et de la cire.\",\"breadcrumb\":{\"@id\":\"https:\\\/\\\/comarbois.com\\\/en\\\/produit\\\/osb\\\/#breadcrumb\"},\"inLanguage\":\"en-US\",\"potentialAction\":[{\"@type\":\"ReadAction\",\"target\":[[\"https:\\\/\\\/comarbois.com\\\/en\\\/produit\\\/osb\\\/\"]]}]},{\"@type\":\"ImageObject\",\"inLanguage\":\"en-US\",\"@id\":\"https:\\\/\\\/comarbois.com\\\/en\\\/produit\\\/osb\\\/#primaryimage\",\"url\":\"https:\\\/\\\/comarbois.com\\\/wp-content\\\/uploads\\\/2022\\\/05\\\/COM-OSB1.jpg\",\"contentUrl\":\"https:\\\/\\\/comarbois.com\\\/wp-content\\\/uploads\\\/2022\\\/05\\\/COM-OSB1.jpg\",\"width\":640,\"height\":640,\"caption\":\"(Fran\u00e7ais) L\u2019osb est disponible chez Comarbois en essence sapin pour vos diff\u00e9rentes utilisations : agencement, menuiserie, construction, maisons ossature bois\"},{\"@type\":\"BreadcrumbList\",\"@id\":\"https:\\\/\\\/comarbois.com\\\/en\\\/produit\\\/osb\\\/#breadcrumb\",\"itemListElement\":[{\"@type\":\"ListItem\",\"position\":1,\"name\":\"Accueil\",\"item\":\"https:\\\/\\\/comarbois.com\\\/en\\\/\"},{\"@type\":\"ListItem\",\"position\":2,\"name\":\"Produits\",\"item\":\"https:\\\/\\\/comarbois.com\\\/en\\\/boutique\\\/\"},{\"@type\":\"ListItem\",\"position\":3,\"name\":\"OSB\"}]},{\"@type\":\"WebSite\",\"@id\":\"https:\\\/\\\/comarbois.com\\\/en\\\/#website\",\"url\":\"https:\\\/\\\/comarbois.com\\\/en\\\/\",\"name\":\"Comarbois\",\"description\":\"\",\"publisher\":{\"@id\":\"https:\\\/\\\/comarbois.com\\\/en\\\/#organization\"},\"potentialAction\":[{\"@type\":\"SearchAction\",\"target\":{\"@type\":\"EntryPoint\",\"urlTemplate\":\"https:\\\/\\\/comarbois.com\\\/en\\\/?s={search_term_string}\"},\"query-input\":{\"@type\":\"PropertyValueSpecification\",\"valueRequired\":true,\"valueName\":\"search_term_string\"}}],\"inLanguage\":\"en-US\"},{\"@type\":\"Organization\",\"@id\":\"https:\\\/\\\/comarbois.com\\\/en\\\/#organization\",\"name\":\"Comarbois\",\"url\":\"https:\\\/\\\/comarbois.com\\\/en\\\/\",\"logo\":{\"@type\":\"ImageObject\",\"inLanguage\":\"en-US\",\"@id\":\"https:\\\/\\\/comarbois.com\\\/en\\\/#\\\/schema\\\/logo\\\/image\\\/\",\"url\":\"https:\\\/\\\/comarbois.com\\\/wp-content\\\/uploads\\\/2021\\\/03\\\/LOGO-COMARBOIS-H-RVB.png\",\"contentUrl\":\"https:\\\/\\\/comarbois.com\\\/wp-content\\\/uploads\\\/2021\\\/03\\\/LOGO-COMARBOIS-H-RVB.png\",\"width\":3543,\"height\":1210,\"caption\":\"Comarbois\"},\"image\":{\"@id\":\"https:\\\/\\\/comarbois.com\\\/en\\\/#\\\/schema\\\/logo\\\/image\\\/\"},\"sameAs\":[\"https:\\\/\\\/www.facebook.com\\\/comarbois\\\/\",\"https:\\\/\\\/www.linkedin.com\\\/company\\\/3057658\\\/\",\"https:\\\/\\\/www.instagram.com\\\/comarbois\\\/\"]}]}<\/script>\n<!-- \/ Yoast SEO plugin. -->","yoast_head_json":{"title":"OSB &#8211; Comarbois","description":"L\u2019OSB est un mat\u00e9riau constitu\u00e9 de multiples couches de lamelles de bois compress\u00e9es puis encoll\u00e9es avec de la r\u00e9sine et de la cire.","robots":{"index":"index","follow":"follow","max-snippet":"max-snippet:-1","max-image-preview":"max-image-preview:large","max-video-preview":"max-video-preview:-1"},"canonical":"https:\/\/comarbois.com\/en\/produit\/osb\/","og_locale":"en_US","og_type":"article","og_title":"OSB &#8211; Comarbois","og_description":"L\u2019OSB est un mat\u00e9riau constitu\u00e9 de multiples couches de lamelles de bois compress\u00e9es puis encoll\u00e9es avec de la r\u00e9sine et de la cire.","og_url":"https:\/\/comarbois.com\/en\/produit\/osb\/","og_site_name":"Comarbois","article_publisher":"https:\/\/www.facebook.com\/comarbois\/","article_modified_time":"2022-09-14T13:01:29+00:00","og_image":[{"width":640,"height":640,"url":"https:\/\/comarbois.com\/wp-content\/uploads\/2022\/05\/COM-OSB1.jpg","type":"image\/jpeg"}],"twitter_card":"summary_large_image","twitter_misc":{"Est. reading time":"3 minutes"},"schema":{"@context":"https:\/\/schema.org","@graph":[{"@type":"WebPage","@id":"https:\/\/comarbois.com\/en\/produit\/osb\/","url":"https:\/\/comarbois.com\/en\/produit\/osb\/","name":"OSB &#8211; Comarbois","isPartOf":{"@id":"https:\/\/comarbois.com\/en\/#website"},"primaryImageOfPage":{"@id":"https:\/\/comarbois.com\/en\/produit\/osb\/#primaryimage"},"image":{"@id":"https:\/\/comarbois.com\/produit\/osb\/#primaryimage"},"thumbnailUrl":"https:\/\/comarbois.com\/wp-content\/uploads\/2022\/05\/COM-OSB1.jpg","datePublished":"2022-03-23T09:16:59+00:00","dateModified":"2022-09-14T13:01:29+00:00","description":"L\u2019OSB est un mat\u00e9riau constitu\u00e9 de multiples couches de lamelles de bois compress\u00e9es puis encoll\u00e9es avec de la r\u00e9sine et de la cire.","breadcrumb":{"@id":"https:\/\/comarbois.com\/en\/produit\/osb\/#breadcrumb"},"inLanguage":"en-US","potentialAction":[{"@type":"ReadAction","target":[["https:\/\/comarbois.com\/en\/produit\/osb\/"]]}]},{"@type":"ImageObject","inLanguage":"en-US","@id":"https:\/\/comarbois.com\/en\/produit\/osb\/#primaryimage","url":"https:\/\/comarbois.com\/wp-content\/uploads\/2022\/05\/COM-OSB1.jpg","contentUrl":"https:\/\/comarbois.com\/wp-content\/uploads\/2022\/05\/COM-OSB1.jpg","width":640,"height":640,"caption":"(Fran\u00e7ais) L\u2019osb est disponible chez Comarbois en essence sapin pour vos diff\u00e9rentes utilisations : agencement, menuiserie, construction, maisons ossature bois"},{"@type":"BreadcrumbList","@id":"https:\/\/comarbois.com\/en\/produit\/osb\/#breadcrumb","itemListElement":[{"@type":"ListItem","position":1,"name":"Accueil","item":"https:\/\/comarbois.com\/en\/"},{"@type":"ListItem","position":2,"name":"Produits","item":"https:\/\/comarbois.com\/en\/boutique\/"},{"@type":"ListItem","position":3,"name":"OSB"}]},{"@type":"WebSite","@id":"https:\/\/comarbois.com\/en\/#website","url":"https:\/\/comarbois.com\/en\/","name":"Comarbois","description":"","publisher":{"@id":"https:\/\/comarbois.com\/en\/#organization"},"potentialAction":[{"@type":"SearchAction","target":{"@type":"EntryPoint","urlTemplate":"https:\/\/comarbois.com\/en\/?s={search_term_string}"},"query-input":{"@type":"PropertyValueSpecification","valueRequired":true,"valueName":"search_term_string"}}],"inLanguage":"en-US"},{"@type":"Organization","@id":"https:\/\/comarbois.com\/en\/#organization","name":"Comarbois","url":"https:\/\/comarbois.com\/en\/","logo":{"@type":"ImageObject","inLanguage":"en-US","@id":"https:\/\/comarbois.com\/en\/#\/schema\/logo\/image\/","url":"https:\/\/comarbois.com\/wp-content\/uploads\/2021\/03\/LOGO-COMARBOIS-H-RVB.png","contentUrl":"https:\/\/comarbois.com\/wp-content\/uploads\/2021\/03\/LOGO-COMARBOIS-H-RVB.png","width":3543,"height":1210,"caption":"Comarbois"},"image":{"@id":"https:\/\/comarbois.com\/en\/#\/schema\/logo\/image\/"},"sameAs":["https:\/\/www.facebook.com\/comarbois\/","https:\/\/www.linkedin.com\/company\/3057658\/","https:\/\/www.instagram.com\/comarbois\/"]}]}},"_links":{"self":[{"href":"https:\/\/comarbois.com\/en\/wp-json\/wp\/v2\/product\/19968","targetHints":{"allow":["GET"]}}],"collection":[{"href":"https:\/\/comarbois.com\/en\/wp-json\/wp\/v2\/product"}],"about":[{"href":"https:\/\/comarbois.com\/en\/wp-json\/wp\/v2\/types\/product"}],"wp:featuredmedia":[{"embeddable":true,"href":"https:\/\/comarbois.com\/en\/wp-json\/wp\/v2\/media\/21394"}],"wp:attachment":[{"href":"https:\/\/comarbois.com\/en\/wp-json\/wp\/v2\/media?parent=19968"}],"wp:term":[{"taxonomy":"product_brand","embeddable":true,"href":"https:\/\/comarbois.com\/en\/wp-json\/wp\/v2\/product_brand?post=19968"},{"taxonomy":"product_cat","embeddable":true,"href":"https:\/\/comarbois.com\/en\/wp-json\/wp\/v2\/product_cat?post=19968"},{"taxonomy":"product_tag","embeddable":true,"href":"https:\/\/comarbois.com\/en\/wp-json\/wp\/v2\/product_tag?post=19968"}],"curies":[{"name":"wp","href":"https:\/\/api.w.org\/{rel}","templated":true}]}}